{"id":6529,"date":"2024-03-22T14:57:58","date_gmt":"2024-03-22T13:57:58","guid":{"rendered":"https:\/\/cyberacademy.altaydagistan.com\/?page_id=6529"},"modified":"2025-11-05T11:18:30","modified_gmt":"2025-11-05T10:18:30","slug":"nos-formations-personalisees","status":"publish","type":"page","link":"http:\/\/acgcyberacademy.fr\/en\/nos-formations-personalisees\/","title":{"rendered":"Our Customised Training Courses"},"content":{"rendered":"\t\t<div data-elementor-type=\"wp-page\" data-elementor-id=\"6529\" class=\"elementor elementor-6529\" data-elementor-post-type=\"page\">\n\t\t\t\t<div class=\"elementor-element elementor-element-940b4d0 e-flex e-con-boxed e-con e-parent\" data-id=\"940b4d0\" data-element_type=\"container\" data-e-type=\"container\">\n\t\t\t\t\t<div class=\"e-con-inner\">\n\t\t\t\t<div class=\"elementor-element elementor-element-99134ac elementor-widget elementor-widget-heading\" data-id=\"99134ac\" data-element_type=\"widget\" data-e-type=\"widget\" data-widget_type=\"heading.default\">\n\t\t\t\t<div class=\"elementor-widget-container\">\n\t\t\t\t\t<h2 class=\"elementor-heading-title elementor-size-default\">Nos Formations Personalis\u00e9es<\/h2>\t\t\t\t<\/div>\n\t\t\t\t<\/div>\n\t\t\t\t<div class=\"elementor-element elementor-element-ca10323 elementor-widget__width-initial elementor-widget elementor-widget-text-editor\" data-id=\"ca10323\" data-element_type=\"widget\" data-e-type=\"widget\" data-widget_type=\"text-editor.default\">\n\t\t\t\t<div class=\"elementor-widget-container\">\n\t\t\t\t\t\t\t\t\tNous vous proposons de r\u00e9aliser des formations selon vos besoins en adaptant des formules sur mesure, que ce soit dans vos locaux ou au sein des locaux de ACG Cybersecurity size le Campus Cyber.\n<br\/><br\/>\nPour toutes les formations personnalis\u00e9es, nous vous fournissons une solution qui correspondra \u00e0 votre cahier des charges dans le respect de votre th\u00e9matique et de votre vision.\n<br\/><br\/>\n\nNous restons disponibles pour un premier contact avec les personnes en charge de votre projet de formation afin d&rsquo;en discuter dans le d\u00e9tail.\t\t\t\t\t\t\t\t<\/div>\n\t\t\t\t<\/div>\n\t\t\t\t<div class=\"elementor-element elementor-element-58107cb elementor-widget__width-initial elementor-widget elementor-widget-eael-adv-tabs\" data-id=\"58107cb\" data-element_type=\"widget\" data-e-type=\"widget\" data-widget_type=\"eael-adv-tabs.default\">\n\t\t\t\t<div class=\"elementor-widget-container\">\n\t\t\t\t\t        <div data-scroll-on-click=\"no\" data-scroll-speed=\"300\" id=\"eael-advance-tabs-58107cb\" class=\"eael-advance-tabs eael-tabs-horizontal eael-tab-auto-active \" data-tabid=\"58107cb\">\n            <div class=\"eael-tabs-nav \">\n                <ul class=\"eael-tab-inline-icon\" role=\"tablist\">\n                                            <li id=\"inter\" class=\"inactive eael-tab-item-trigger eael-tab-nav-item\" aria-selected=\"true\" data-tab=\"1\" role=\"tab\" tabindex=\"0\" aria-controls=\"inter-tab\" aria-expanded=\"false\">\n                            \n                                                                                                                            \n                                                            <span class=\"eael-tab-title title-after-icon\" >Inter<\/span>                            \n                                                    <\/li>\n                                            <li id=\"intra\" class=\"inactive eael-tab-item-trigger eael-tab-nav-item\" aria-selected=\"false\" data-tab=\"2\" role=\"tab\" tabindex=\"-1\" aria-controls=\"intra-tab\" aria-expanded=\"false\">\n                            \n                                                                                                                            \n                                                            <span class=\"eael-tab-title title-after-icon\" >Intra<\/span>                            \n                                                    <\/li>\n                                            <li id=\"sur-mesure\" class=\"inactive eael-tab-item-trigger eael-tab-nav-item\" aria-selected=\"false\" data-tab=\"3\" role=\"tab\" tabindex=\"-1\" aria-controls=\"sur-mesure-tab\" aria-expanded=\"false\">\n                            \n                                                                                                                            \n                                                            <span class=\"eael-tab-title title-after-icon\" >Sur mesure<\/span>                            \n                                                    <\/li>\n                    \n                                  <\/ul>\n            <\/div>\n            \n            <div class=\"eael-tabs-content\">\n\t\t        \n                    <div id=\"inter-tab\" class=\"clearfix eael-tab-content-item inactive\" data-title-link=\"inter-tab\">\n\t\t\t\t        <p>Vous voulez former un ou plusieurs collaborateurs et les faire monter en comp\u00e9tences? Remplissez le formulaire ci-dessous et c&rsquo;est parti !<\/p>                    <\/div>\n\t\t        \n                    <div id=\"intra-tab\" class=\"clearfix eael-tab-content-item inactive\" data-title-link=\"intra-tab\">\n\t\t\t\t        <p>Vous souhaitez former vos collaborateurs lors de sessions d\u00e9di\u00e9es et am\u00e9liorer leurs comp\u00e9tences ?<br \/>(Dans vos locaux ou \u00e0 distance)<br \/>Remplissez le formulaire ci-dessous et c&rsquo;est parti !<\/p>                    <\/div>\n\t\t        \n                    <div id=\"sur-mesure-tab\" class=\"clearfix eael-tab-content-item inactive\" data-title-link=\"sur-mesure-tab\">\n\t\t\t\t        <p>Vous avez besoin de programmes de formation sur mesure, notre \u00e9quipe est \u00e0 votre disposition pour y r\u00e9pondre ? Remplissez le formulaire ci-dessous et c&rsquo;est parti !<\/p>                    <\/div>\n\t\t                    <\/div>\n        <\/div>\n\t\t\t\t<\/div>\n\t\t\t\t<\/div>\n\t\t\t\t<div class=\"elementor-element elementor-element-0a2bb10 elementor-widget__width-initial elementor-button-align-stretch elementor-widget elementor-widget-form\" data-id=\"0a2bb10\" data-element_type=\"widget\" data-e-type=\"widget\" data-settings=\"{&quot;step_next_label&quot;:&quot;Suivant&quot;,&quot;step_previous_label&quot;:&quot;Pr\\u00e9c\\u00e9dent&quot;,&quot;button_width&quot;:&quot;100&quot;,&quot;step_type&quot;:&quot;number_text&quot;,&quot;step_icon_shape&quot;:&quot;circle&quot;}\" data-widget_type=\"form.default\">\n\t\t\t\t<div class=\"elementor-widget-container\">\n\t\t\t\t\t\t\t<form class=\"elementor-form\" method=\"post\" name=\"Formulaire &quot;nos formations personalis\u00e9es&quot;\" aria-label=\"Formulaire &quot;nos formations personalis\u00e9es&quot;\">\n\t\t\t<input type=\"hidden\" name=\"post_id\" value=\"6529\"\/>\n\t\t\t<input type=\"hidden\" name=\"form_id\" value=\"0a2bb10\"\/>\n\t\t\t<input type=\"hidden\" name=\"referer_title\" value=\"ACG CyberAcademy\" \/>\n\n\t\t\t\n\t\t\t<div class=\"elementor-form-fields-wrapper elementor-labels-\">\n\t\t\t\t\t\t\t\t<div class=\"elementor-field-type-text elementor-field-group elementor-column elementor-field-group-name elementor-col-100 elementor-field-required\">\n\t\t\t\t\t\t\t\t\t\t\t\t<label for=\"form-field-name\" class=\"elementor-field-label elementor-screen-only\">\n\t\t\t\t\t\t\t\tNom\t\t\t\t\t\t\t<\/label>\n\t\t\t\t\t\t\t\t\t\t\t\t\t\t<input size=\"1\" type=\"text\" name=\"form_fields[name]\" id=\"form-field-name\" class=\"elementor-field elementor-size-sm  elementor-field-textual\" placeholder=\"Nom\" required=\"required\">\n\t\t\t\t\t\t\t\t\t\t\t<\/div>\n\t\t\t\t\t\t\t\t<div class=\"elementor-field-type-email elementor-field-group elementor-column elementor-field-group-email elementor-col-100 elementor-field-required\">\n\t\t\t\t\t\t\t\t\t\t\t\t<label for=\"form-field-email\" class=\"elementor-field-label elementor-screen-only\">\n\t\t\t\t\t\t\t\tE-mail\t\t\t\t\t\t\t<\/label>\n\t\t\t\t\t\t\t\t\t\t\t\t\t\t<input size=\"1\" type=\"email\" name=\"form_fields[email]\" id=\"form-field-email\" class=\"elementor-field elementor-size-sm  elementor-field-textual\" placeholder=\"E-mail\" required=\"required\">\n\t\t\t\t\t\t\t\t\t\t\t<\/div>\n\t\t\t\t\t\t\t\t<div class=\"elementor-field-type-tel elementor-field-group elementor-column elementor-field-group-field_3f90594 elementor-col-100\">\n\t\t\t\t\t\t\t\t\t\t\t\t<label for=\"form-field-field_3f90594\" class=\"elementor-field-label elementor-screen-only\">\n\t\t\t\t\t\t\t\tT\u00e9l\u00e9phone\t\t\t\t\t\t\t<\/label>\n\t\t\t\t\t\t\t\t<input size=\"1\" type=\"tel\" name=\"form_fields[field_3f90594]\" id=\"form-field-field_3f90594\" class=\"elementor-field elementor-size-sm  elementor-field-textual\" placeholder=\"T\u00e9l\u00e9phone\" pattern=\"[0-9()#&amp;+*-=.]+\" title=\"Only numbers and phone characters (#, -, *, etc) are accepted.\">\n\n\t\t\t\t\t\t<\/div>\n\t\t\t\t\t\t\t\t<div class=\"elementor-field-type-textarea elementor-field-group elementor-column elementor-field-group-message elementor-col-100 elementor-field-required\">\n\t\t\t\t\t\t\t\t\t\t\t\t<label for=\"form-field-message\" class=\"elementor-field-label elementor-screen-only\">\n\t\t\t\t\t\t\t\tMessage\t\t\t\t\t\t\t<\/label>\n\t\t\t\t\t\t<textarea class=\"elementor-field-textual elementor-field  elementor-size-sm\" name=\"form_fields[message]\" id=\"form-field-message\" rows=\"4\" placeholder=\"Message\" required=\"required\"><\/textarea>\t\t\t\t<\/div>\n\t\t\t\t\t\t\t\t<div class=\"elementor-field-group elementor-column elementor-field-type-submit elementor-col-100 e-form__buttons\">\n\t\t\t\t\t<button class=\"elementor-button elementor-size-sm\" type=\"submit\">\n\t\t\t\t\t\t<span class=\"elementor-button-content-wrapper\">\n\t\t\t\t\t\t\t\t\t\t\t\t\t\t\t\t\t\t\t\t\t\t<span class=\"elementor-button-text\">Envoyer<\/span>\n\t\t\t\t\t\t\t\t\t\t\t\t\t<\/span>\n\t\t\t\t\t<\/button>\n\t\t\t\t<\/div>\n\t\t\t<\/div>\n\t\t<\/form>\n\t\t\t\t\t\t<\/div>\n\t\t\t\t<\/div>\n\t\t\t\t\t<\/div>\n\t\t\t\t<\/div>\n\t\t\t\t<\/div>\n\t\t","protected":false},"excerpt":{"rendered":"<p>Nous vous proposons de r\u00e9aliser des formations selon vos besoins en adaptant des formules sur mesure, que ce soit dans vos locaux ou au sein des locaux de ACG Cybersecurity size le Campus Cyber. Pour toutes les formations personnalis\u00e9es, nous vous fournissons une solution qui correspondra \u00e0 votre cahier des charges dans le respect de [&hellip;]<\/p>\n","protected":false},"author":5,"featured_media":6549,"parent":0,"menu_order":0,"comment_status":"closed","ping_status":"closed","template":"","meta":{"_acf_changed":false,"_glsr_average":0,"_glsr_ranking":0,"_glsr_reviews":0,"footnotes":""},"class_list":["post-6529","page","type-page","status-publish","has-post-thumbnail","hentry"],"acf":[],"yoast_head":"<!-- This site is optimized with the Yoast SEO plugin v27.4 - https:\/\/yoast.com\/product\/yoast-seo-wordpress\/ -->\n<title>Nos Formations Personalis\u00e9es<\/title>\n<meta name=\"robots\" content=\"index, follow, max-snippet:-1, max-image-preview:large, max-video-preview:-1\" \/>\n<link rel=\"canonical\" href=\"https:\/\/acgcyberacademy.fr\/en\/nos-formations-personalisees\/\" \/>\n<meta property=\"og:locale\" content=\"en_GB\" \/>\n<meta property=\"og:type\" content=\"article\" \/>\n<meta property=\"og:title\" content=\"Nos Formations Personalis\u00e9es\" \/>\n<meta property=\"og:description\" content=\"Nous vous proposons de r\u00e9aliser des formations selon vos besoins en adaptant des formules sur mesure, que ce soit dans vos locaux ou au sein des locaux de ACG Cybersecurity size le Campus Cyber. Pour toutes les formations personnalis\u00e9es, nous vous fournissons une solution qui correspondra \u00e0 votre cahier des charges dans le respect de [&hellip;]\" \/>\n<meta property=\"og:url\" content=\"https:\/\/acgcyberacademy.fr\/en\/nos-formations-personalisees\/\" \/>\n<meta property=\"og:site_name\" content=\"ACG CyberAcademy\" \/>\n<meta property=\"article:modified_time\" content=\"2025-11-05T10:18:30+00:00\" \/>\n<meta property=\"og:image\" content=\"https:\/\/acgcyberacademy.fr\/wp-content\/uploads\/2024\/03\/cybersecurity-looks-to-the-cloud-to-protect-data-at-sea.tmb-1920x690-1.webp\" \/>\n\t<meta property=\"og:image:width\" content=\"1920\" \/>\n\t<meta property=\"og:image:height\" content=\"690\" \/>\n\t<meta property=\"og:image:type\" content=\"image\/webp\" \/>\n<meta name=\"twitter:card\" content=\"summary_large_image\" \/>\n<meta name=\"twitter:label1\" content=\"Estimated reading time\" \/>\n\t<meta name=\"twitter:data1\" content=\"2 minutes\" \/>\n<script type=\"application\/ld+json\" class=\"yoast-schema-graph\">{\"@context\":\"https:\\\/\\\/schema.org\",\"@graph\":[{\"@type\":\"WebPage\",\"@id\":\"https:\\\/\\\/acgcyberacademy.fr\\\/nos-formations-personalisees\\\/\",\"url\":\"https:\\\/\\\/acgcyberacademy.fr\\\/nos-formations-personalisees\\\/\",\"name\":\"Nos Formations Personalis\u00e9es\",\"isPartOf\":{\"@id\":\"https:\\\/\\\/acgcyberacademy.fr\\\/#website\"},\"primaryImageOfPage\":{\"@id\":\"https:\\\/\\\/acgcyberacademy.fr\\\/nos-formations-personalisees\\\/#primaryimage\"},\"image\":{\"@id\":\"https:\\\/\\\/acgcyberacademy.fr\\\/nos-formations-personalisees\\\/#primaryimage\"},\"thumbnailUrl\":\"https:\\\/\\\/acgcyberacademy.fr\\\/wp-content\\\/uploads\\\/2024\\\/03\\\/cybersecurity-looks-to-the-cloud-to-protect-data-at-sea.tmb-1920x690-1.webp\",\"datePublished\":\"2024-03-22T13:57:58+00:00\",\"dateModified\":\"2025-11-05T10:18:30+00:00\",\"breadcrumb\":{\"@id\":\"https:\\\/\\\/acgcyberacademy.fr\\\/nos-formations-personalisees\\\/#breadcrumb\"},\"inLanguage\":\"en-GB\",\"potentialAction\":[{\"@type\":\"ReadAction\",\"target\":[\"https:\\\/\\\/acgcyberacademy.fr\\\/nos-formations-personalisees\\\/\"]}]},{\"@type\":\"ImageObject\",\"inLanguage\":\"en-GB\",\"@id\":\"https:\\\/\\\/acgcyberacademy.fr\\\/nos-formations-personalisees\\\/#primaryimage\",\"url\":\"https:\\\/\\\/acgcyberacademy.fr\\\/wp-content\\\/uploads\\\/2024\\\/03\\\/cybersecurity-looks-to-the-cloud-to-protect-data-at-sea.tmb-1920x690-1.webp\",\"contentUrl\":\"https:\\\/\\\/acgcyberacademy.fr\\\/wp-content\\\/uploads\\\/2024\\\/03\\\/cybersecurity-looks-to-the-cloud-to-protect-data-at-sea.tmb-1920x690-1.webp\",\"width\":1920,\"height\":690,\"caption\":\"Espace Entreprise\"},{\"@type\":\"BreadcrumbList\",\"@id\":\"https:\\\/\\\/acgcyberacademy.fr\\\/nos-formations-personalisees\\\/#breadcrumb\",\"itemListElement\":[{\"@type\":\"ListItem\",\"position\":1,\"name\":\"Accueil\",\"item\":\"https:\\\/\\\/acgcyberacademy.fr\\\/\"},{\"@type\":\"ListItem\",\"position\":2,\"name\":\"Nos Formations Personalis\u00e9es\"}]},{\"@type\":\"WebSite\",\"@id\":\"https:\\\/\\\/acgcyberacademy.fr\\\/#website\",\"url\":\"https:\\\/\\\/acgcyberacademy.fr\\\/\",\"name\":\"ACG Cyber Academy\",\"description\":\"\",\"publisher\":{\"@id\":\"https:\\\/\\\/acgcyberacademy.fr\\\/#organization\"},\"potentialAction\":[{\"@type\":\"SearchAction\",\"target\":{\"@type\":\"EntryPoint\",\"urlTemplate\":\"https:\\\/\\\/acgcyberacademy.fr\\\/?s={search_term_string}\"},\"query-input\":{\"@type\":\"PropertyValueSpecification\",\"valueRequired\":true,\"valueName\":\"search_term_string\"}}],\"inLanguage\":\"en-GB\"},{\"@type\":\"Organization\",\"@id\":\"https:\\\/\\\/acgcyberacademy.fr\\\/#organization\",\"name\":\"ACG Cyber Academy\",\"url\":\"https:\\\/\\\/acgcyberacademy.fr\\\/\",\"logo\":{\"@type\":\"ImageObject\",\"inLanguage\":\"en-GB\",\"@id\":\"https:\\\/\\\/acgcyberacademy.fr\\\/#\\\/schema\\\/logo\\\/image\\\/\",\"url\":\"https:\\\/\\\/acgcyberacademy.fr\\\/wp-content\\\/uploads\\\/2025\\\/10\\\/Untitled-15-2.png\",\"contentUrl\":\"https:\\\/\\\/acgcyberacademy.fr\\\/wp-content\\\/uploads\\\/2025\\\/10\\\/Untitled-15-2.png\",\"width\":1080,\"height\":1080,\"caption\":\"ACG Cyber Academy\"},\"image\":{\"@id\":\"https:\\\/\\\/acgcyberacademy.fr\\\/#\\\/schema\\\/logo\\\/image\\\/\"},\"sameAs\":[\"https:\\\/\\\/fr.linkedin.com\\\/company\\\/acg-cybersecurity\"]}]}<\/script>\n<!-- \/ Yoast SEO plugin. -->","yoast_head_json":{"title":"Our Customised Training Courses","robots":{"index":"index","follow":"follow","max-snippet":"max-snippet:-1","max-image-preview":"max-image-preview:large","max-video-preview":"max-video-preview:-1"},"canonical":"https:\/\/acgcyberacademy.fr\/en\/nos-formations-personalisees\/","og_locale":"en_GB","og_type":"article","og_title":"Nos Formations Personalis\u00e9es","og_description":"Nous vous proposons de r\u00e9aliser des formations selon vos besoins en adaptant des formules sur mesure, que ce soit dans vos locaux ou au sein des locaux de ACG Cybersecurity size le Campus Cyber. Pour toutes les formations personnalis\u00e9es, nous vous fournissons une solution qui correspondra \u00e0 votre cahier des charges dans le respect de [&hellip;]","og_url":"https:\/\/acgcyberacademy.fr\/en\/nos-formations-personalisees\/","og_site_name":"ACG CyberAcademy","article_modified_time":"2025-11-05T10:18:30+00:00","og_image":[{"width":1920,"height":690,"url":"https:\/\/acgcyberacademy.fr\/wp-content\/uploads\/2024\/03\/cybersecurity-looks-to-the-cloud-to-protect-data-at-sea.tmb-1920x690-1.webp","type":"image\/webp"}],"twitter_card":"summary_large_image","twitter_misc":{"Estimated reading time":"2 minutes"},"schema":{"@context":"https:\/\/schema.org","@graph":[{"@type":"WebPage","@id":"https:\/\/acgcyberacademy.fr\/nos-formations-personalisees\/","url":"https:\/\/acgcyberacademy.fr\/nos-formations-personalisees\/","name":"Our Customised Training Courses","isPartOf":{"@id":"https:\/\/acgcyberacademy.fr\/#website"},"primaryImageOfPage":{"@id":"https:\/\/acgcyberacademy.fr\/nos-formations-personalisees\/#primaryimage"},"image":{"@id":"https:\/\/acgcyberacademy.fr\/nos-formations-personalisees\/#primaryimage"},"thumbnailUrl":"https:\/\/acgcyberacademy.fr\/wp-content\/uploads\/2024\/03\/cybersecurity-looks-to-the-cloud-to-protect-data-at-sea.tmb-1920x690-1.webp","datePublished":"2024-03-22T13:57:58+00:00","dateModified":"2025-11-05T10:18:30+00:00","breadcrumb":{"@id":"https:\/\/acgcyberacademy.fr\/nos-formations-personalisees\/#breadcrumb"},"inLanguage":"en-GB","potentialAction":[{"@type":"ReadAction","target":["https:\/\/acgcyberacademy.fr\/nos-formations-personalisees\/"]}]},{"@type":"ImageObject","inLanguage":"en-GB","@id":"https:\/\/acgcyberacademy.fr\/nos-formations-personalisees\/#primaryimage","url":"https:\/\/acgcyberacademy.fr\/wp-content\/uploads\/2024\/03\/cybersecurity-looks-to-the-cloud-to-protect-data-at-sea.tmb-1920x690-1.webp","contentUrl":"https:\/\/acgcyberacademy.fr\/wp-content\/uploads\/2024\/03\/cybersecurity-looks-to-the-cloud-to-protect-data-at-sea.tmb-1920x690-1.webp","width":1920,"height":690,"caption":"Espace Entreprise"},{"@type":"BreadcrumbList","@id":"https:\/\/acgcyberacademy.fr\/nos-formations-personalisees\/#breadcrumb","itemListElement":[{"@type":"ListItem","position":1,"name":"Accueil","item":"https:\/\/acgcyberacademy.fr\/"},{"@type":"ListItem","position":2,"name":"Nos Formations Personalis\u00e9es"}]},{"@type":"WebSite","@id":"https:\/\/acgcyberacademy.fr\/#website","url":"https:\/\/acgcyberacademy.fr\/","name":"ACG Cyber Academy","description":"","publisher":{"@id":"https:\/\/acgcyberacademy.fr\/#organization"},"potentialAction":[{"@type":"SearchAction","target":{"@type":"EntryPoint","urlTemplate":"https:\/\/acgcyberacademy.fr\/?s={search_term_string}"},"query-input":{"@type":"PropertyValueSpecification","valueRequired":true,"valueName":"search_term_string"}}],"inLanguage":"en-GB"},{"@type":"Organization","@id":"https:\/\/acgcyberacademy.fr\/#organization","name":"ACG Cyber Academy","url":"https:\/\/acgcyberacademy.fr\/","logo":{"@type":"ImageObject","inLanguage":"en-GB","@id":"https:\/\/acgcyberacademy.fr\/#\/schema\/logo\/image\/","url":"https:\/\/acgcyberacademy.fr\/wp-content\/uploads\/2025\/10\/Untitled-15-2.png","contentUrl":"https:\/\/acgcyberacademy.fr\/wp-content\/uploads\/2025\/10\/Untitled-15-2.png","width":1080,"height":1080,"caption":"ACG Cyber Academy"},"image":{"@id":"https:\/\/acgcyberacademy.fr\/#\/schema\/logo\/image\/"},"sameAs":["https:\/\/fr.linkedin.com\/company\/acg-cybersecurity"]}]}},"_links":{"self":[{"href":"http:\/\/acgcyberacademy.fr\/en\/wp-json\/wp\/v2\/pages\/6529","targetHints":{"allow":["GET"]}}],"collection":[{"href":"http:\/\/acgcyberacademy.fr\/en\/wp-json\/wp\/v2\/pages"}],"about":[{"href":"http:\/\/acgcyberacademy.fr\/en\/wp-json\/wp\/v2\/types\/page"}],"author":[{"embeddable":true,"href":"http:\/\/acgcyberacademy.fr\/en\/wp-json\/wp\/v2\/users\/5"}],"replies":[{"embeddable":true,"href":"http:\/\/acgcyberacademy.fr\/en\/wp-json\/wp\/v2\/comments?post=6529"}],"version-history":[{"count":1,"href":"http:\/\/acgcyberacademy.fr\/en\/wp-json\/wp\/v2\/pages\/6529\/revisions"}],"predecessor-version":[{"id":21211,"href":"http:\/\/acgcyberacademy.fr\/en\/wp-json\/wp\/v2\/pages\/6529\/revisions\/21211"}],"wp:featuredmedia":[{"embeddable":true,"href":"http:\/\/acgcyberacademy.fr\/en\/wp-json\/wp\/v2\/media\/6549"}],"wp:attachment":[{"href":"http:\/\/acgcyberacademy.fr\/en\/wp-json\/wp\/v2\/media?parent=6529"}],"curies":[{"name":"wp","href":"https:\/\/api.w.org\/{rel}","templated":true}]}}