{"id":12477,"date":"2024-09-19T11:54:32","date_gmt":"2024-09-19T09:54:32","guid":{"rendered":"https:\/\/acgcyberacademy.fr\/?page_id=12477"},"modified":"2026-02-03T11:02:50","modified_gmt":"2026-02-03T10:02:50","slug":"politique-de-confidentialite","status":"publish","type":"page","link":"https:\/\/acgcyberacademy.fr\/en\/politique-de-confidentialite\/","title":{"rendered":"Politique de confientialit\u00e9"},"content":{"rendered":"\t\t<div data-elementor-type=\"wp-page\" data-elementor-id=\"12477\" class=\"elementor elementor-12477\" data-elementor-post-type=\"page\">\n\t\t\t\t<div class=\"elementor-element elementor-element-2b5faf6 e-flex e-con-boxed e-con e-parent\" data-id=\"2b5faf6\" data-element_type=\"container\" data-e-type=\"container\" data-settings=\"{&quot;background_background&quot;:&quot;classic&quot;}\">\n\t\t\t\t\t<div class=\"e-con-inner\">\n\t\t\t\t<div class=\"elementor-element elementor-element-4860e4e elementor-widget elementor-widget-text-editor\" data-id=\"4860e4e\" data-element_type=\"widget\" data-e-type=\"widget\" data-widget_type=\"text-editor.default\">\n\t\t\t\t<div class=\"elementor-widget-container\">\n\t\t\t\t\t\t\t\t\t<h3 style=\"text-align: center\"><strong>Politique de Confidentialit\u00e9 d&rsquo;ACG CYBERACADEMY<\/strong><\/h3>\t\t\t\t\t\t\t\t<\/div>\n\t\t\t\t<\/div>\n\t\t\t\t\t<\/div>\n\t\t\t\t<\/div>\n\t\t<div class=\"elementor-element elementor-element-09f9ea7 e-flex e-con-boxed e-con e-parent\" data-id=\"09f9ea7\" data-element_type=\"container\" data-e-type=\"container\">\n\t\t\t\t\t<div class=\"e-con-inner\">\n\t\t\t\t<div class=\"elementor-element elementor-element-c8ca2ea elementor-widget elementor-widget-text-editor\" data-id=\"c8ca2ea\" data-element_type=\"widget\" data-e-type=\"widget\" data-widget_type=\"text-editor.default\">\n\t\t\t\t<div class=\"elementor-widget-container\">\n\t\t\t\t\t\t\t\t\t<p><span data-contrast=\"auto\">Derni\u00e8re mise \u00e0 jour : 02\/01\/2026<\/span><\/p><p><b><span data-contrast=\"auto\">Port\u00e9e<\/span><\/b><span data-ccp-props=\"{&quot;201341983&quot;:0,&quot;335559739&quot;:160,&quot;335559740&quot;:259}\">\u00a0<\/span><\/p><p><span data-contrast=\"auto\">Cette politique de confidentialit\u00e9 s\u2019applique \u00e0 tous les sites web, applications, outils et services (collectivement les \u00ab\u202fServices\u202f\u00bb) fournis par\u202f<\/span><b><span data-contrast=\"auto\">ACG CyberAcademy<\/span><\/b><span data-contrast=\"auto\">, quel que soit le moyen par lequel vous y acc\u00e9dez, y compris depuis votre mobile.<\/span><span data-ccp-props=\"{&quot;201341983&quot;:0,&quot;335559739&quot;:160,&quot;335559740&quot;:259}\">\u00a0<\/span><\/p><p><span data-contrast=\"auto\">Elle couvre \u00e9galement toute autre forme de communication que nous \u00e9changeons avec vous.<\/span><span data-ccp-props=\"{&quot;201341983&quot;:0,&quot;335559739&quot;:160,&quot;335559740&quot;:259}\">\u00a0<\/span><\/p><p><span data-contrast=\"auto\">Nous ne sollicitons ni ne recueillons sciemment d\u2019informations provenant de mineurs.<\/span><span data-ccp-props=\"{&quot;201341983&quot;:0,&quot;335559739&quot;:160,&quot;335559740&quot;:259}\">\u00a0<\/span><\/p><p><b><span data-contrast=\"auto\">Contact<\/span><\/b><span data-ccp-props=\"{&quot;201341983&quot;:0,&quot;335559739&quot;:160,&quot;335559740&quot;:259}\">\u00a0<\/span><\/p><p><span data-contrast=\"auto\">Pour toute question ou plainte concernant notre politique de confidentialit\u00e9 ou nos pratiques en mati\u00e8re de traitement des informations, vous pouvez contacter notre service d\u00e9di\u00e9 \u00e0 la protection des donn\u00e9es en \u00e9crivant \u00e0 l\u2019adresse suivante :<\/span><span data-ccp-props=\"{&quot;201341983&quot;:0,&quot;335559739&quot;:160,&quot;335559740&quot;:259}\">\u00a0<\/span><\/p><p><b><span data-contrast=\"auto\">ACG CyberAcademy, Att. D\u00e9partement de la Protection des Donn\u00e9es, 03 Rue Soufflot, 75005\u202fParis, France\u202f<\/span><\/b><span data-contrast=\"auto\">ou par email \u00e0\u202f<\/span><b><span data-contrast=\"auto\">privacy@acgcyberacademy.fr<\/span><\/b><span data-contrast=\"auto\">.<\/span><span data-ccp-props=\"{&quot;201341983&quot;:0,&quot;335559739&quot;:160,&quot;335559740&quot;:259}\">\u00a0<\/span><\/p><p><b><span data-contrast=\"auto\">Informations personnelles collect\u00e9es<\/span><\/b><span data-ccp-props=\"{&quot;201341983&quot;:0,&quot;335559739&quot;:160,&quot;335559740&quot;:259}\">\u00a0<\/span><\/p><p><b><span data-contrast=\"auto\">Quelles informations collectons-nous ?<\/span><\/b><span data-ccp-props=\"{&quot;201341983&quot;:0,&quot;335559739&quot;:160,&quot;335559740&quot;:259}\">\u00a0<\/span><\/p><p><span data-contrast=\"auto\">Si vous participez \u00e0 une formation, votre employeur (ou un tiers payant pour la formation) peut nous fournir vos coordonn\u00e9es professionnelles : nom, adresse email, adresse physique et num\u00e9ro de t\u00e9l\u00e9phone. Nous ne collectons ni ne traitons d\u2019informations personnelles sensibles.<\/span><span data-ccp-props=\"{&quot;201341983&quot;:0,&quot;335559739&quot;:160,&quot;335559740&quot;:259}\">\u00a0<\/span><\/p><p><span data-contrast=\"auto\">Si vous achetez une formation ou interagissez avec nos Services en tant qu\u2019individu, nous collectons seulement les informations que vous fournissez directement.<\/span><span data-ccp-props=\"{&quot;201341983&quot;:0,&quot;335559739&quot;:160,&quot;335559740&quot;:259}\">\u00a0<\/span><\/p><p><b><span data-contrast=\"auto\">Informations que vous nous fournissez :<\/span><\/b><span data-ccp-props=\"{&quot;201341983&quot;:0,&quot;335559739&quot;:160,&quot;335559740&quot;:259}\">\u00a0<\/span><\/p><ul><li data-leveltext=\"\uf0b7\" data-font=\"Symbol\" data-listid=\"1\" data-list-defn-props=\"{&quot;335552541&quot;:1,&quot;335559685&quot;:720,&quot;335559991&quot;:360,&quot;469769226&quot;:&quot;Symbol&quot;,&quot;469769242&quot;:[8226],&quot;469777803&quot;:&quot;left&quot;,&quot;469777804&quot;:&quot;\uf0b7&quot;,&quot;469777815&quot;:&quot;multilevel&quot;}\" data-aria-posinset=\"1\" data-aria-level=\"1\"><span data-contrast=\"auto\">Identifiants tels que nom, adresse, num\u00e9ro de t\u00e9l\u00e9phone, et adresse e-mail lors de l\u2019inscription en ligne.<\/span><span data-ccp-props=\"{&quot;201341983&quot;:0,&quot;335559739&quot;:160,&quot;335559740&quot;:259}\">\u00a0<\/span><\/li><\/ul><ul><li data-leveltext=\"\uf0b7\" data-font=\"Symbol\" data-listid=\"1\" data-list-defn-props=\"{&quot;335552541&quot;:1,&quot;335559685&quot;:720,&quot;335559991&quot;:360,&quot;469769226&quot;:&quot;Symbol&quot;,&quot;469769242&quot;:[8226],&quot;469777803&quot;:&quot;left&quot;,&quot;469777804&quot;:&quot;\uf0b7&quot;,&quot;469777815&quot;:&quot;multilevel&quot;}\" data-aria-posinset=\"2\" data-aria-level=\"1\"><span data-contrast=\"auto\">Historique de formation et pr\u00e9f\u00e9rences utilisateurs.<\/span><span data-ccp-props=\"{&quot;201341983&quot;:0,&quot;335559739&quot;:160,&quot;335559740&quot;:259}\">\u00a0<\/span><\/li><\/ul><ul><li data-leveltext=\"\uf0b7\" data-font=\"Symbol\" data-listid=\"1\" data-list-defn-props=\"{&quot;335552541&quot;:1,&quot;335559685&quot;:720,&quot;335559991&quot;:360,&quot;469769226&quot;:&quot;Symbol&quot;,&quot;469769242&quot;:[8226],&quot;469777803&quot;:&quot;left&quot;,&quot;469777804&quot;:&quot;\uf0b7&quot;,&quot;469777815&quot;:&quot;multilevel&quot;}\" data-aria-posinset=\"3\" data-aria-level=\"1\"><span data-contrast=\"auto\">Informations de facturation et d\u2019exp\u00e9dition pour les mat\u00e9riels de cours.<\/span><span data-ccp-props=\"{&quot;201341983&quot;:0,&quot;335559739&quot;:160,&quot;335559740&quot;:259}\">\u00a0<\/span><\/li><\/ul><ul><li data-leveltext=\"\uf0b7\" data-font=\"Symbol\" data-listid=\"1\" data-list-defn-props=\"{&quot;335552541&quot;:1,&quot;335559685&quot;:720,&quot;335559991&quot;:360,&quot;469769226&quot;:&quot;Symbol&quot;,&quot;469769242&quot;:[8226],&quot;469777803&quot;:&quot;left&quot;,&quot;469777804&quot;:&quot;\uf0b7&quot;,&quot;469777815&quot;:&quot;multilevel&quot;}\" data-aria-posinset=\"4\" data-aria-level=\"1\"><span data-contrast=\"auto\">Autres informations fournies via des formulaires en ligne, lors de salons ou autres \u00e9v\u00e9nements.<\/span><span data-ccp-props=\"{&quot;201341983&quot;:0,&quot;335559739&quot;:160,&quot;335559740&quot;:259}\">\u00a0<\/span><\/li><\/ul><p><span data-ccp-props=\"{&quot;201341983&quot;:0,&quot;335559739&quot;:160,&quot;335559740&quot;:259}\">\u00a0<\/span><\/p><p><b><span data-contrast=\"auto\">Informations collect\u00e9es automatiquement :<\/span><\/b><span data-ccp-props=\"{&quot;201341983&quot;:0,&quot;335559739&quot;:160,&quot;335559740&quot;:259}\">\u00a0<\/span><\/p><p><span data-contrast=\"auto\">Lorsque vous utilisez nos services, nous collectons des informations sur votre interaction avec ceux-ci. Cela inclut :<\/span><span data-ccp-props=\"{&quot;201341983&quot;:0,&quot;335559739&quot;:160,&quot;335559740&quot;:259}\">\u00a0<\/span><\/p><ul><li data-leveltext=\"\uf0b7\" data-font=\"Symbol\" data-listid=\"2\" data-list-defn-props=\"{&quot;335552541&quot;:1,&quot;335559685&quot;:720,&quot;335559991&quot;:360,&quot;469769226&quot;:&quot;Symbol&quot;,&quot;469769242&quot;:[8226],&quot;469777803&quot;:&quot;left&quot;,&quot;469777804&quot;:&quot;\uf0b7&quot;,&quot;469777815&quot;:&quot;multilevel&quot;}\" data-aria-posinset=\"1\" data-aria-level=\"1\"><span data-contrast=\"auto\">Adresse IP, informations de connexion, type d\u2019appareil, ID de p\u00e9riph\u00e9rique.<\/span><span data-ccp-props=\"{&quot;201341983&quot;:0,&quot;335559739&quot;:160,&quot;335559740&quot;:259}\">\u00a0<\/span><\/li><\/ul><ul><li data-leveltext=\"\uf0b7\" data-font=\"Symbol\" data-listid=\"2\" data-list-defn-props=\"{&quot;335552541&quot;:1,&quot;335559685&quot;:720,&quot;335559991&quot;:360,&quot;469769226&quot;:&quot;Symbol&quot;,&quot;469769242&quot;:[8226],&quot;469777803&quot;:&quot;left&quot;,&quot;469777804&quot;:&quot;\uf0b7&quot;,&quot;469777815&quot;:&quot;multilevel&quot;}\" data-aria-posinset=\"2\" data-aria-level=\"1\"><span data-contrast=\"auto\">Statistiques d\u2019utilisation telles que les pages vues, les URLs de r\u00e9f\u00e9rence et les historiques de navigation.<\/span><span data-ccp-props=\"{&quot;201341983&quot;:0,&quot;335559739&quot;:160,&quot;335559740&quot;:259}\">\u00a0<\/span><\/li><\/ul><p><span data-ccp-props=\"{&quot;201341983&quot;:0,&quot;335559739&quot;:160,&quot;335559740&quot;:259}\">\u00a0<\/span><\/p><p><b><span data-contrast=\"auto\">Utilisation des cookies<\/span><\/b><span data-ccp-props=\"{&quot;201341983&quot;:0,&quot;335559739&quot;:160,&quot;335559740&quot;:259}\">\u00a0<\/span><\/p><p><span data-contrast=\"auto\">Nous utilisons des cookies, des balises web et des technologies similaires pour collecter des informations sur votre utilisation des Services et pour am\u00e9liorer votre exp\u00e9rience. Vous pouvez contr\u00f4ler l\u2019utilisation des cookies dans les param\u00e8tres de votre navigateur.<\/span><span data-ccp-props=\"{&quot;201341983&quot;:0,&quot;335559739&quot;:160,&quot;335559740&quot;:259}\">\u00a0<\/span><\/p><p><b><span data-contrast=\"auto\">Utilisation de vos informations personnelles<\/span><\/b><span data-ccp-props=\"{&quot;201341983&quot;:0,&quot;335559739&quot;:160,&quot;335559740&quot;:259}\">\u00a0<\/span><\/p><p><span data-contrast=\"auto\">Vos informations personnelles sont utilis\u00e9es pour :<\/span><span data-ccp-props=\"{&quot;201341983&quot;:0,&quot;335559739&quot;:160,&quot;335559740&quot;:259}\">\u00a0<\/span><\/p><ul><li data-leveltext=\"\uf0b7\" data-font=\"Symbol\" data-listid=\"3\" data-list-defn-props=\"{&quot;335552541&quot;:1,&quot;335559685&quot;:720,&quot;335559991&quot;:360,&quot;469769226&quot;:&quot;Symbol&quot;,&quot;469769242&quot;:[8226],&quot;469777803&quot;:&quot;left&quot;,&quot;469777804&quot;:&quot;\uf0b7&quot;,&quot;469777815&quot;:&quot;multilevel&quot;}\" data-aria-posinset=\"1\" data-aria-level=\"1\"><span data-contrast=\"auto\">Fournir et am\u00e9liorer nos Services.<\/span><span data-ccp-props=\"{&quot;201341983&quot;:0,&quot;335559739&quot;:160,&quot;335559740&quot;:259}\">\u00a0<\/span><\/li><\/ul><ul><li data-leveltext=\"\uf0b7\" data-font=\"Symbol\" data-listid=\"3\" data-list-defn-props=\"{&quot;335552541&quot;:1,&quot;335559685&quot;:720,&quot;335559991&quot;:360,&quot;469769226&quot;:&quot;Symbol&quot;,&quot;469769242&quot;:[8226],&quot;469777803&quot;:&quot;left&quot;,&quot;469777804&quot;:&quot;\uf0b7&quot;,&quot;469777815&quot;:&quot;multilevel&quot;}\" data-aria-posinset=\"2\" data-aria-level=\"1\"><span data-contrast=\"auto\">Vous offrir une exp\u00e9rience personnalis\u00e9e.<\/span><span data-ccp-props=\"{&quot;201341983&quot;:0,&quot;335559739&quot;:160,&quot;335559740&quot;:259}\">\u00a0<\/span><\/li><\/ul><ul><li data-leveltext=\"\uf0b7\" data-font=\"Symbol\" data-listid=\"3\" data-list-defn-props=\"{&quot;335552541&quot;:1,&quot;335559685&quot;:720,&quot;335559991&quot;:360,&quot;469769226&quot;:&quot;Symbol&quot;,&quot;469769242&quot;:[8226],&quot;469777803&quot;:&quot;left&quot;,&quot;469777804&quot;:&quot;\uf0b7&quot;,&quot;469777815&quot;:&quot;multilevel&quot;}\" data-aria-posinset=\"3\" data-aria-level=\"1\"><span data-contrast=\"auto\">Vous contacter concernant votre compte et nos Services.<\/span><span data-ccp-props=\"{&quot;201341983&quot;:0,&quot;335559739&quot;:160,&quot;335559740&quot;:259}\">\u00a0<\/span><\/li><\/ul><ul><li data-leveltext=\"\uf0b7\" data-font=\"Symbol\" data-listid=\"3\" data-list-defn-props=\"{&quot;335552541&quot;:1,&quot;335559685&quot;:720,&quot;335559991&quot;:360,&quot;469769226&quot;:&quot;Symbol&quot;,&quot;469769242&quot;:[8226],&quot;469777803&quot;:&quot;left&quot;,&quot;469777804&quot;:&quot;\uf0b7&quot;,&quot;469777815&quot;:&quot;multilevel&quot;}\" data-aria-posinset=\"4\" data-aria-level=\"1\"><span data-contrast=\"auto\">Enqu\u00eater sur des activit\u00e9s frauduleuses.<\/span><span data-ccp-props=\"{&quot;201341983&quot;:0,&quot;335559739&quot;:160,&quot;335559740&quot;:259}\">\u00a0<\/span><\/li><\/ul><p><b><span data-contrast=\"auto\">Partage de vos informations personnelles<\/span><\/b><span data-ccp-props=\"{&quot;201341983&quot;:0,&quot;335559739&quot;:160,&quot;335559740&quot;:259}\">\u00a0<\/span><\/p><p><span data-contrast=\"auto\">Vos informations peuvent \u00eatre partag\u00e9es avec :<\/span><span data-ccp-props=\"{&quot;201341983&quot;:0,&quot;335559739&quot;:160,&quot;335559740&quot;:259}\">\u00a0<\/span><\/p><ul><li data-leveltext=\"\uf0b7\" data-font=\"Symbol\" data-listid=\"4\" data-list-defn-props=\"{&quot;335552541&quot;:1,&quot;335559685&quot;:720,&quot;335559991&quot;:360,&quot;469769226&quot;:&quot;Symbol&quot;,&quot;469769242&quot;:[8226],&quot;469777803&quot;:&quot;left&quot;,&quot;469777804&quot;:&quot;\uf0b7&quot;,&quot;469777815&quot;:&quot;multilevel&quot;}\" data-aria-posinset=\"1\" data-aria-level=\"1\"><span data-contrast=\"auto\">Nos partenaires impliqu\u00e9s dans la prestation de Services.<\/span><span data-ccp-props=\"{&quot;201341983&quot;:0,&quot;335559739&quot;:160,&quot;335559740&quot;:259}\">\u00a0<\/span><\/li><\/ul><p><span data-contrast=\"auto\">Nous ne vendons ni ne louons vos informations personnelles \u00e0 des tiers.<\/span><span data-ccp-props=\"{&quot;201341983&quot;:0,&quot;335559739&quot;:160,&quot;335559740&quot;:259}\">\u00a0<\/span><\/p><p><b><span data-contrast=\"auto\">Dur\u00e9e de conservation<\/span><\/b><span data-ccp-props=\"{&quot;201341983&quot;:0,&quot;335559739&quot;:160,&quot;335559740&quot;:259}\">\u00a0<\/span><\/p><p><span data-contrast=\"auto\">Nous conservons vos informations personnelles aussi longtemps que n\u00e9cessaire pour fournir les Services et respecter nos obligations l\u00e9gales.<\/span><span data-ccp-props=\"{&quot;201341983&quot;:0,&quot;335559739&quot;:160,&quot;335559740&quot;:259}\">\u00a0<\/span><\/p><p><b><span data-contrast=\"auto\">S\u00e9curit\u00e9 de vos informations<\/span><\/b><span data-ccp-props=\"{&quot;201341983&quot;:0,&quot;335559739&quot;:160,&quot;335559740&quot;:259}\">\u00a0<\/span><\/p><p><span data-contrast=\"auto\">Nous mettons en \u0153uvre des mesures de s\u00e9curit\u00e9 techniques et organisationnelles pour prot\u00e9ger vos donn\u00e9es personnelles contre toute utilisation non autoris\u00e9e ou ill\u00e9gale.<\/span><span data-ccp-props=\"{&quot;201341983&quot;:0,&quot;335559739&quot;:160,&quot;335559740&quot;:259}\">\u00a0<\/span><\/p><p><span data-ccp-props=\"{&quot;201341983&quot;:0,&quot;335559739&quot;:160,&quot;335559740&quot;:259}\">\u00a0<\/span><\/p>\t\t\t\t\t\t\t\t<\/div>\n\t\t\t\t<\/div>\n\t\t\t\t\t<\/div>\n\t\t\t\t<\/div>\n\t\t\t\t<\/div>\n\t\t","protected":false},"excerpt":{"rendered":"<p>Politique de Confidentialit\u00e9 d&rsquo;ACG CYBERACADEMY Derni\u00e8re mise \u00e0 jour : 02\/01\/2026 Port\u00e9e\u00a0 Cette politique de confidentialit\u00e9 s\u2019applique \u00e0 tous les sites web, applications, outils et services (collectivement les \u00ab\u202fServices\u202f\u00bb) fournis par\u202fACG CyberAcademy, quel que soit le moyen par lequel vous y acc\u00e9dez, y compris depuis votre mobile.\u00a0 Elle couvre \u00e9galement toute autre forme de communication [&hellip;]<\/p>\n","protected":false},"author":5,"featured_media":0,"parent":0,"menu_order":0,"comment_status":"closed","ping_status":"closed","template":"","meta":{"_acf_changed":false,"_glsr_average":0,"_glsr_ranking":0,"_glsr_reviews":0,"footnotes":""},"class_list":["post-12477","page","type-page","status-publish","hentry"],"acf":[],"yoast_head":"<!-- This site is optimized with the Yoast SEO plugin v27.4 - https:\/\/yoast.com\/product\/yoast-seo-wordpress\/ -->\n<title>Politique de Confidentialit\u00e9 d\u2019ACG CYBERACADEMY<\/title>\n<meta name=\"description\" content=\"D\u00e9couvrez la politique de confidentialit\u00e9 d\u2019ACG CyberAcademy : collecte, utilisation et protection de vos donn\u00e9es personnelles pour une exp\u00e9rience s\u00e9curis\u00e9e.\" \/>\n<meta name=\"robots\" content=\"index, follow, max-snippet:-1, max-image-preview:large, max-video-preview:-1\" \/>\n<link rel=\"canonical\" href=\"https:\/\/acgcyberacademy.fr\/en\/politique-de-confidentialite\/\" \/>\n<meta property=\"og:locale\" content=\"en_GB\" \/>\n<meta property=\"og:type\" content=\"article\" \/>\n<meta property=\"og:title\" content=\"Politique de Confidentialit\u00e9 d\u2019ACG CYBERACADEMY\" \/>\n<meta property=\"og:description\" content=\"D\u00e9couvrez la politique de confidentialit\u00e9 d\u2019ACG CyberAcademy : collecte, utilisation et protection de vos donn\u00e9es personnelles pour une exp\u00e9rience s\u00e9curis\u00e9e.\" \/>\n<meta property=\"og:url\" content=\"https:\/\/acgcyberacademy.fr\/en\/politique-de-confidentialite\/\" \/>\n<meta property=\"og:site_name\" content=\"ACG CyberAcademy\" \/>\n<meta property=\"article:modified_time\" content=\"2026-02-03T10:02:50+00:00\" \/>\n<meta property=\"og:image\" content=\"https:\/\/acgcyberacademy.fr\/wp-content\/uploads\/2026\/03\/cropped-cropped-acg-cyber-academy-logo.png\" \/>\n\t<meta property=\"og:image:width\" content=\"200\" \/>\n\t<meta property=\"og:image:height\" content=\"100\" \/>\n\t<meta property=\"og:image:type\" content=\"image\/png\" \/>\n<meta name=\"twitter:card\" content=\"summary_large_image\" \/>\n<meta name=\"twitter:label1\" content=\"Estimated reading time\" \/>\n\t<meta name=\"twitter:data1\" content=\"3 minutes\" \/>\n<script type=\"application\/ld+json\" class=\"yoast-schema-graph\">{\"@context\":\"https:\\\/\\\/schema.org\",\"@graph\":[{\"@type\":\"WebPage\",\"@id\":\"https:\\\/\\\/acgcyberacademy.fr\\\/politique-de-confidentialite\\\/\",\"url\":\"https:\\\/\\\/acgcyberacademy.fr\\\/politique-de-confidentialite\\\/\",\"name\":\"Politique de Confidentialit\u00e9 d\u2019ACG CYBERACADEMY\",\"isPartOf\":{\"@id\":\"https:\\\/\\\/acgcyberacademy.fr\\\/#website\"},\"datePublished\":\"2024-09-19T09:54:32+00:00\",\"dateModified\":\"2026-02-03T10:02:50+00:00\",\"description\":\"D\u00e9couvrez la politique de confidentialit\u00e9 d\u2019ACG CyberAcademy : collecte, utilisation et protection de vos donn\u00e9es personnelles pour une exp\u00e9rience s\u00e9curis\u00e9e.\",\"breadcrumb\":{\"@id\":\"https:\\\/\\\/acgcyberacademy.fr\\\/politique-de-confidentialite\\\/#breadcrumb\"},\"inLanguage\":\"en-GB\",\"potentialAction\":[{\"@type\":\"ReadAction\",\"target\":[\"https:\\\/\\\/acgcyberacademy.fr\\\/politique-de-confidentialite\\\/\"]}]},{\"@type\":\"BreadcrumbList\",\"@id\":\"https:\\\/\\\/acgcyberacademy.fr\\\/politique-de-confidentialite\\\/#breadcrumb\",\"itemListElement\":[{\"@type\":\"ListItem\",\"position\":1,\"name\":\"Accueil\",\"item\":\"https:\\\/\\\/acgcyberacademy.fr\\\/\"},{\"@type\":\"ListItem\",\"position\":2,\"name\":\"Politique de confientialit\u00e9\"}]},{\"@type\":\"WebSite\",\"@id\":\"https:\\\/\\\/acgcyberacademy.fr\\\/#website\",\"url\":\"https:\\\/\\\/acgcyberacademy.fr\\\/\",\"name\":\"ACG Cyber Academy\",\"description\":\"\",\"publisher\":{\"@id\":\"https:\\\/\\\/acgcyberacademy.fr\\\/#organization\"},\"potentialAction\":[{\"@type\":\"SearchAction\",\"target\":{\"@type\":\"EntryPoint\",\"urlTemplate\":\"https:\\\/\\\/acgcyberacademy.fr\\\/?s={search_term_string}\"},\"query-input\":{\"@type\":\"PropertyValueSpecification\",\"valueRequired\":true,\"valueName\":\"search_term_string\"}}],\"inLanguage\":\"en-GB\"},{\"@type\":\"Organization\",\"@id\":\"https:\\\/\\\/acgcyberacademy.fr\\\/#organization\",\"name\":\"ACG Cyber Academy\",\"url\":\"https:\\\/\\\/acgcyberacademy.fr\\\/\",\"logo\":{\"@type\":\"ImageObject\",\"inLanguage\":\"en-GB\",\"@id\":\"https:\\\/\\\/acgcyberacademy.fr\\\/#\\\/schema\\\/logo\\\/image\\\/\",\"url\":\"https:\\\/\\\/acgcyberacademy.fr\\\/wp-content\\\/uploads\\\/2025\\\/10\\\/Untitled-15-2.png\",\"contentUrl\":\"https:\\\/\\\/acgcyberacademy.fr\\\/wp-content\\\/uploads\\\/2025\\\/10\\\/Untitled-15-2.png\",\"width\":1080,\"height\":1080,\"caption\":\"ACG Cyber Academy\"},\"image\":{\"@id\":\"https:\\\/\\\/acgcyberacademy.fr\\\/#\\\/schema\\\/logo\\\/image\\\/\"},\"sameAs\":[\"https:\\\/\\\/fr.linkedin.com\\\/company\\\/acg-cybersecurity\"]}]}<\/script>\n<!-- \/ Yoast SEO plugin. -->","yoast_head_json":{"title":"Politique de Confidentialit\u00e9 d\u2019ACG CYBERACADEMY","description":"D\u00e9couvrez la politique de confidentialit\u00e9 d\u2019ACG CyberAcademy : collecte, utilisation et protection de vos donn\u00e9es personnelles pour une exp\u00e9rience s\u00e9curis\u00e9e.","robots":{"index":"index","follow":"follow","max-snippet":"max-snippet:-1","max-image-preview":"max-image-preview:large","max-video-preview":"max-video-preview:-1"},"canonical":"https:\/\/acgcyberacademy.fr\/en\/politique-de-confidentialite\/","og_locale":"en_GB","og_type":"article","og_title":"Politique de Confidentialit\u00e9 d\u2019ACG CYBERACADEMY","og_description":"D\u00e9couvrez la politique de confidentialit\u00e9 d\u2019ACG CyberAcademy : collecte, utilisation et protection de vos donn\u00e9es personnelles pour une exp\u00e9rience s\u00e9curis\u00e9e.","og_url":"https:\/\/acgcyberacademy.fr\/en\/politique-de-confidentialite\/","og_site_name":"ACG CyberAcademy","article_modified_time":"2026-02-03T10:02:50+00:00","og_image":[{"width":200,"height":100,"url":"https:\/\/acgcyberacademy.fr\/wp-content\/uploads\/2026\/03\/cropped-cropped-acg-cyber-academy-logo.png","type":"image\/png"}],"twitter_card":"summary_large_image","twitter_misc":{"Estimated reading time":"3 minutes"},"schema":{"@context":"https:\/\/schema.org","@graph":[{"@type":"WebPage","@id":"https:\/\/acgcyberacademy.fr\/politique-de-confidentialite\/","url":"https:\/\/acgcyberacademy.fr\/politique-de-confidentialite\/","name":"Politique de Confidentialit\u00e9 d\u2019ACG CYBERACADEMY","isPartOf":{"@id":"https:\/\/acgcyberacademy.fr\/#website"},"datePublished":"2024-09-19T09:54:32+00:00","dateModified":"2026-02-03T10:02:50+00:00","description":"D\u00e9couvrez la politique de confidentialit\u00e9 d\u2019ACG CyberAcademy : collecte, utilisation et protection de vos donn\u00e9es personnelles pour une exp\u00e9rience s\u00e9curis\u00e9e.","breadcrumb":{"@id":"https:\/\/acgcyberacademy.fr\/politique-de-confidentialite\/#breadcrumb"},"inLanguage":"en-GB","potentialAction":[{"@type":"ReadAction","target":["https:\/\/acgcyberacademy.fr\/politique-de-confidentialite\/"]}]},{"@type":"BreadcrumbList","@id":"https:\/\/acgcyberacademy.fr\/politique-de-confidentialite\/#breadcrumb","itemListElement":[{"@type":"ListItem","position":1,"name":"Accueil","item":"https:\/\/acgcyberacademy.fr\/"},{"@type":"ListItem","position":2,"name":"Politique de confientialit\u00e9"}]},{"@type":"WebSite","@id":"https:\/\/acgcyberacademy.fr\/#website","url":"https:\/\/acgcyberacademy.fr\/","name":"ACG Cyber Academy","description":"","publisher":{"@id":"https:\/\/acgcyberacademy.fr\/#organization"},"potentialAction":[{"@type":"SearchAction","target":{"@type":"EntryPoint","urlTemplate":"https:\/\/acgcyberacademy.fr\/?s={search_term_string}"},"query-input":{"@type":"PropertyValueSpecification","valueRequired":true,"valueName":"search_term_string"}}],"inLanguage":"en-GB"},{"@type":"Organization","@id":"https:\/\/acgcyberacademy.fr\/#organization","name":"ACG Cyber Academy","url":"https:\/\/acgcyberacademy.fr\/","logo":{"@type":"ImageObject","inLanguage":"en-GB","@id":"https:\/\/acgcyberacademy.fr\/#\/schema\/logo\/image\/","url":"https:\/\/acgcyberacademy.fr\/wp-content\/uploads\/2025\/10\/Untitled-15-2.png","contentUrl":"https:\/\/acgcyberacademy.fr\/wp-content\/uploads\/2025\/10\/Untitled-15-2.png","width":1080,"height":1080,"caption":"ACG Cyber Academy"},"image":{"@id":"https:\/\/acgcyberacademy.fr\/#\/schema\/logo\/image\/"},"sameAs":["https:\/\/fr.linkedin.com\/company\/acg-cybersecurity"]}]}},"_links":{"self":[{"href":"https:\/\/acgcyberacademy.fr\/en\/wp-json\/wp\/v2\/pages\/12477","targetHints":{"allow":["GET"]}}],"collection":[{"href":"https:\/\/acgcyberacademy.fr\/en\/wp-json\/wp\/v2\/pages"}],"about":[{"href":"https:\/\/acgcyberacademy.fr\/en\/wp-json\/wp\/v2\/types\/page"}],"author":[{"embeddable":true,"href":"https:\/\/acgcyberacademy.fr\/en\/wp-json\/wp\/v2\/users\/5"}],"replies":[{"embeddable":true,"href":"https:\/\/acgcyberacademy.fr\/en\/wp-json\/wp\/v2\/comments?post=12477"}],"version-history":[{"count":21,"href":"https:\/\/acgcyberacademy.fr\/en\/wp-json\/wp\/v2\/pages\/12477\/revisions"}],"predecessor-version":[{"id":22364,"href":"https:\/\/acgcyberacademy.fr\/en\/wp-json\/wp\/v2\/pages\/12477\/revisions\/22364"}],"wp:attachment":[{"href":"https:\/\/acgcyberacademy.fr\/en\/wp-json\/wp\/v2\/media?parent=12477"}],"curies":[{"name":"wp","href":"https:\/\/api.w.org\/{rel}","templated":true}]}}