{"id":13100,"date":"2024-09-27T11:41:51","date_gmt":"2024-09-27T09:41:51","guid":{"rendered":"https:\/\/acgcyberacademy.fr\/?page_id=13100"},"modified":"2026-02-04T17:18:49","modified_gmt":"2026-02-04T16:18:49","slug":"nous-recrutons","status":"publish","type":"page","link":"https:\/\/acgcyberacademy.fr\/en\/nous-recrutons\/","title":{"rendered":"Nous recrutons"},"content":{"rendered":"\t\t<div data-elementor-type=\"wp-page\" data-elementor-id=\"13100\" class=\"elementor elementor-13100\" data-elementor-post-type=\"page\">\n\t\t\t\t<div class=\"elementor-element elementor-element-1580dda e-con-full e-flex e-con e-parent\" data-id=\"1580dda\" data-element_type=\"container\" data-e-type=\"container\">\n\t\t\t\t<div class=\"elementor-element elementor-element-f09ef07 elementor-widget elementor-widget-text-editor\" data-id=\"f09ef07\" data-element_type=\"widget\" data-e-type=\"widget\" data-widget_type=\"text-editor.default\">\n\t\t\t\t<div class=\"elementor-widget-container\">\n\t\t\t\t\t\t\t\t\t<h4 style=\"font-family: Poppins, sans-serif;font-weight: var( --e-global-typography-392b9e0-font-weight );line-height: var( --e-global-typography-392b9e0-line-height );font-size: var( --e-global-typography-392b9e0-font-size );text-transform: none;font-style: normal;letter-spacing: normal;text-align: center\"><span style=\"font-weight: bolder\">Devenir Formateur en Cybers\u00e9curit\u00e9 avec ACG CyberAcademy\u00a0<\/span><\/h4><p style=\"font-size: 15px;letter-spacing: normal;color: #000000;font-family: Poppins, sans-serif;text-transform: none;font-weight: 400;text-align: center\"><strong>Transmettez Votre Expertise<\/strong><\/p>\t\t\t\t\t\t\t\t<\/div>\n\t\t\t\t<\/div>\n\t\t\t\t<\/div>\n\t\t<div class=\"elementor-element elementor-element-ff84dcf e-flex e-con-boxed e-con e-parent\" data-id=\"ff84dcf\" data-element_type=\"container\" data-e-type=\"container\">\n\t\t\t\t\t<div class=\"e-con-inner\">\n\t\t<div class=\"elementor-element elementor-element-f384284 e-con-full e-flex e-con e-child\" data-id=\"f384284\" data-element_type=\"container\" data-e-type=\"container\">\n\t\t\t\t<div class=\"elementor-element elementor-element-fb4c053 elementor-widget elementor-widget-text-editor\" data-id=\"fb4c053\" data-element_type=\"widget\" data-e-type=\"widget\" data-widget_type=\"text-editor.default\">\n\t\t\t\t<div class=\"elementor-widget-container\">\n\t\t\t\t\t\t\t\t\t<p><span class=\"TextRun SCXW113629555 BCX8\" lang=\"FR-FR\" style=\"margin: 0px;padding: 0px;font-size: 11pt;line-height: 19.425px;font-family: Aptos, Aptos_EmbeddedFont, Aptos_MSFontService, sans-serif;font-weight: bold\" xml:lang=\"FR-FR\" data-contrast=\"auto\"><span class=\"NormalTextRun SCXW113629555 BCX8\" style=\"margin: 0px;padding: 0px\">ACG <\/span><span class=\"NormalTextRun SpellingErrorV2Themed SCXW113629555 BCX8\" style=\"margin: 0px;padding: 0px;background-position: 0px 100%;background-repeat: repeat-x;background-image: var(--urlSpellingErrorV2,);border-bottom: 1px solid transparent\">CyberAcademy<\/span><\/span><span class=\"TextRun SCXW113629555 BCX8\" lang=\"FR-FR\" style=\"margin: 0px;padding: 0px;font-size: 11pt;line-height: 19.425px;font-family: Aptos, Aptos_EmbeddedFont, Aptos_MSFontService, sans-serif\" xml:lang=\"FR-FR\" data-contrast=\"auto\">, c\u2019est une \u00e9quipe engag\u00e9e dans l\u2019excellence, l\u2019innovation p\u00e9dagogique, et le d\u00e9veloppement de comp\u00e9tences cl\u00e9s. Nous recherchons des formateurs experts pour des partenariats durables, combinant expertise technique et p\u00e9dagogique. Notre approche innovante inclut des outils immersifs.\u202f<\/span><\/p><p><span class=\"TextRun SCXW113629555 BCX8\" lang=\"FR-FR\" style=\"margin: 0px;padding: 0px;font-size: 11pt;line-height: 19.425px;font-family: Aptos, Aptos_EmbeddedFont, Aptos_MSFontService, sans-serif\" xml:lang=\"FR-FR\" data-contrast=\"auto\"><span class=\"NormalTextRun SCXW113629555 BCX8\" style=\"margin: 0px;padding: 0px\">Rejoignez-nous et contribuez \u00e0 former les professionnels de demain, avec un accompagnement continu et des opportunit\u00e9s de mont\u00e9e en comp\u00e9tences. Ensemble, <\/span><span class=\"NormalTextRun SCXW113629555 BCX8\" style=\"margin: 0px;padding: 0px\">nous <\/span><span class=\"NormalTextRun SCXW113629555 BCX8\" style=\"margin: 0px;padding: 0px\">pourrons <\/span><span class=\"NormalTextRun SCXW113629555 BCX8\" style=\"margin: 0px;padding: 0px\">fa\u00e7onn<\/span><span class=\"NormalTextRun SCXW113629555 BCX8\" style=\"margin: 0px;padding: 0px\">er<\/span><span class=\"NormalTextRun SCXW113629555 BCX8\" style=\"margin: 0px;padding: 0px\"> l\u2019avenir de la cybers\u00e9curit\u00e9 !<\/span><\/span><span class=\"EOP SCXW113629555 BCX8\" style=\"margin: 0px;padding: 0px;font-size: 11pt;line-height: 19.425px;font-family: Aptos, Aptos_EmbeddedFont, Aptos_MSFontService, sans-serif\" data-ccp-props=\"{&quot;201341983&quot;:0,&quot;335559739&quot;:160,&quot;335559740&quot;:259}\">\u00a0<\/span><\/p>\t\t\t\t\t\t\t\t<\/div>\n\t\t\t\t<\/div>\n\t\t\t\t<\/div>\n\t\t<div class=\"elementor-element elementor-element-133fd83 e-con-full e-flex e-con e-child\" data-id=\"133fd83\" data-element_type=\"container\" data-e-type=\"container\" data-settings=\"{&quot;background_background&quot;:&quot;classic&quot;}\">\n\t\t\t\t<div class=\"elementor-element elementor-element-2df47fd elementor-widget elementor-widget-text-editor\" data-id=\"2df47fd\" data-element_type=\"widget\" data-e-type=\"widget\" data-widget_type=\"text-editor.default\">\n\t\t\t\t<div class=\"elementor-widget-container\">\n\t\t\t\t\t\t\t\t\t<div class=\"flex max-w-full flex-col flex-grow\"><div class=\"min-h-8 text-message flex w-full flex-col items-end gap-2 whitespace-normal break-words [.text-message+&amp;]:mt-5\" dir=\"auto\" data-message-author-role=\"assistant\" data-message-id=\"4e2c6970-82ab-4f8e-bc44-5f8aae1a162b\"><div class=\"flex w-full flex-col gap-1 empty:hidden first:pt-[3px]\"><div class=\"markdown prose w-full break-words dark:prose-invert light\"><p style=\"text-align: center\"><strong><span class=\"TextRun SCXW156287812 BCX8\" lang=\"FR-FR\" xml:lang=\"FR-FR\" data-contrast=\"auto\"><span class=\"NormalTextRun SCXW156287812 BCX8\">Devenez un acteur cl\u00e9 de la formation en cybers\u00e9curit\u00e9 avec ACG <\/span><span class=\"NormalTextRun SpellingErrorV2Themed SCXW156287812 BCX8\">CyberAcademy<\/span><span class=\"NormalTextRun SCXW156287812 BCX8\"> !<\/span><\/span><span class=\"EOP SCXW156287812 BCX8\" data-ccp-props=\"{&quot;201341983&quot;:0,&quot;335559739&quot;:160,&quot;335559740&quot;:259}\">\u00a0<\/span><\/strong><\/p><\/div><\/div><\/div><\/div>\t\t\t\t\t\t\t\t<\/div>\n\t\t\t\t<\/div>\n\t\t\t\t<div class=\"elementor-element elementor-element-dcfb17f elementor-align-center elementor-widget-mobile__width-inherit elementor-widget__width-initial elementor-widget elementor-widget-button\" data-id=\"dcfb17f\" data-element_type=\"widget\" data-e-type=\"widget\" data-widget_type=\"button.default\">\n\t\t\t\t<div class=\"elementor-widget-container\">\n\t\t\t\t\t\t\t\t\t<div class=\"elementor-button-wrapper\">\n\t\t\t\t\t<a class=\"elementor-button elementor-button-link elementor-size-sm\" href=\"#elementor-action%3Aaction%3Dpopup%3Aopen%26settings%3DeyJpZCI6IjYxNTkiLCJ0b2dnbGUiOmZhbHNlfQ%3D%3D\">\n\t\t\t\t\t\t<span class=\"elementor-button-content-wrapper\">\n\t\t\t\t\t\t\t\t\t<span class=\"elementor-button-text\">Rejoignez nous<\/span>\n\t\t\t\t\t<\/span>\n\t\t\t\t\t<\/a>\n\t\t\t\t<\/div>\n\t\t\t\t\t\t\t\t<\/div>\n\t\t\t\t<\/div>\n\t\t\t\t<\/div>\n\t\t\t\t\t<\/div>\n\t\t\t\t<\/div>\n\t\t<div class=\"elementor-element elementor-element-922c2e2 e-flex e-con-boxed e-con e-parent\" data-id=\"922c2e2\" data-element_type=\"container\" data-e-type=\"container\">\n\t\t\t\t\t<div class=\"e-con-inner\">\n\t\t<div class=\"elementor-element elementor-element-44cc5c8 e-con-full e-flex e-con e-child\" data-id=\"44cc5c8\" data-element_type=\"container\" data-e-type=\"container\">\n\t\t\t\t<div class=\"elementor-element elementor-element-960891d elementor-widget__width-inherit elementor-widget elementor-widget-image\" data-id=\"960891d\" data-element_type=\"widget\" data-e-type=\"widget\" data-widget_type=\"image.default\">\n\t\t\t\t<div class=\"elementor-widget-container\">\n\t\t\t\t\t\t\t\t\t\t\t\t\t\t\t<img decoding=\"async\" src=\"https:\/\/acgcyberacademy.fr\/wp-content\/uploads\/elementor\/thumbs\/Catalogue-de-Formations-2024-V33-1-91-qzp67n3z1hnmm90ijollbl825a9264x6428sq4sivc.jpg\" title=\"Opportunit\u00e9s formateurs\" alt=\"formateur cybers\u00e9curit\u00e9, ACG CyberAcademy, formation immersive\" loading=\"lazy\" \/>\t\t\t\t\t\t\t\t\t\t\t\t\t\t\t<\/div>\n\t\t\t\t<\/div>\n\t\t\t\t<\/div>\n\t\t<div class=\"elementor-element elementor-element-1908599 e-con-full e-flex e-con e-child\" data-id=\"1908599\" data-element_type=\"container\" data-e-type=\"container\">\n\t\t\t\t<div class=\"elementor-element elementor-element-bb4dfaf elementor-widget elementor-widget-text-editor\" data-id=\"bb4dfaf\" data-element_type=\"widget\" data-e-type=\"widget\" data-widget_type=\"text-editor.default\">\n\t\t\t\t<div class=\"elementor-widget-container\">\n\t\t\t\t\t\t\t\t\t<p><strong><span class=\"TextRun SCXW255739805 BCX8\" lang=\"FR-FR\" xml:lang=\"FR-FR\" data-contrast=\"auto\"><span class=\"NormalTextRun SCXW255739805 BCX8\">ACG <\/span><span class=\"NormalTextRun SpellingErrorV2Themed SCXW255739805 BCX8\">CyberAcademy<\/span><span class=\"NormalTextRun SCXW255739805 BCX8\">, leader dans le secteur des formations en cybers\u00e9curit\u00e9, offre des parcours p\u00e9dagogiques innovants pour former les experts de demain, avec des programmes adapt\u00e9s aux \u00e9volutions <\/span><span class=\"NormalTextRun SCXW255739805 BCX8\">continuelles<\/span><span class=\"NormalTextRun SCXW255739805 BCX8\"> de la cybers\u00e9curit\u00e9.<\/span><\/span><span class=\"EOP SCXW255739805 BCX8\" data-ccp-props=\"{&quot;201341983&quot;:0,&quot;335559739&quot;:160,&quot;335559740&quot;:259}\">\u00a0<\/span><\/strong><\/p>\t\t\t\t\t\t\t\t<\/div>\n\t\t\t\t<\/div>\n\t\t<div class=\"elementor-element elementor-element-a767c3d e-con-full e-flex e-con e-child\" data-id=\"a767c3d\" data-element_type=\"container\" data-e-type=\"container\">\n\t\t\t\t<div class=\"elementor-element elementor-element-f02f4b3 elementor-widget elementor-widget-button\" data-id=\"f02f4b3\" data-element_type=\"widget\" data-e-type=\"widget\" data-widget_type=\"button.default\">\n\t\t\t\t<div class=\"elementor-widget-container\">\n\t\t\t\t\t\t\t\t\t<div class=\"elementor-button-wrapper\">\n\t\t\t\t\t<a class=\"elementor-button elementor-button-link elementor-size-sm\" href=\"https:\/\/acgcyberacademy.fr\/a-propos\/\">\n\t\t\t\t\t\t<span class=\"elementor-button-content-wrapper\">\n\t\t\t\t\t\t\t\t\t<span class=\"elementor-button-text\">En savoir plus<\/span>\n\t\t\t\t\t<\/span>\n\t\t\t\t\t<\/a>\n\t\t\t\t<\/div>\n\t\t\t\t\t\t\t\t<\/div>\n\t\t\t\t<\/div>\n\t\t\t\t<\/div>\n\t\t\t\t<\/div>\n\t\t\t\t\t<\/div>\n\t\t\t\t<\/div>\n\t\t\t\t<\/div>\n\t\t","protected":false},"excerpt":{"rendered":"<p>Devenir Formateur en Cybers\u00e9curit\u00e9 avec ACG CyberAcademy\u00a0 Transmettez Votre Expertise ACG CyberAcademy, c\u2019est une \u00e9quipe engag\u00e9e dans l\u2019excellence, l\u2019innovation p\u00e9dagogique, et le d\u00e9veloppement de comp\u00e9tences cl\u00e9s. Nous recherchons des formateurs experts pour des partenariats durables, combinant expertise technique et p\u00e9dagogique. Notre approche innovante inclut des outils immersifs.\u202f Rejoignez-nous et contribuez \u00e0 former les professionnels de [&hellip;]<\/p>\n","protected":false},"author":8,"featured_media":0,"parent":0,"menu_order":0,"comment_status":"closed","ping_status":"closed","template":"","meta":{"_acf_changed":false,"_glsr_average":0,"_glsr_ranking":0,"_glsr_reviews":0,"footnotes":""},"class_list":["post-13100","page","type-page","status-publish","hentry"],"acf":[],"yoast_head":"<!-- This site is optimized with the Yoast SEO plugin v27.4 - https:\/\/yoast.com\/product\/yoast-seo-wordpress\/ -->\n<title>Devenir Formateur en Cybers\u00e9curit\u00e9 \u2013 ACG CyberAcademy<\/title>\n<meta name=\"description\" content=\"Rejoignez ACG CyberAcademy comme formateur et formez les experts de demain en cybers\u00e9curit\u00e9 avec des outils immersifs.\" \/>\n<meta name=\"robots\" content=\"index, follow, max-snippet:-1, max-image-preview:large, max-video-preview:-1\" \/>\n<link rel=\"canonical\" href=\"https:\/\/acgcyberacademy.fr\/en\/nous-recrutons\/\" \/>\n<meta property=\"og:locale\" content=\"en_GB\" \/>\n<meta property=\"og:type\" content=\"article\" \/>\n<meta property=\"og:title\" content=\"Devenir Formateur en Cybers\u00e9curit\u00e9 \u2013 ACG CyberAcademy\" \/>\n<meta property=\"og:description\" content=\"Rejoignez ACG CyberAcademy comme formateur et formez les experts de demain en cybers\u00e9curit\u00e9 avec des outils immersifs.\" \/>\n<meta property=\"og:url\" content=\"https:\/\/acgcyberacademy.fr\/en\/nous-recrutons\/\" \/>\n<meta property=\"og:site_name\" content=\"ACG CyberAcademy\" \/>\n<meta property=\"article:modified_time\" content=\"2026-02-04T16:18:49+00:00\" \/>\n<meta property=\"og:image\" content=\"https:\/\/acgcyberacademy.fr\/wp-content\/uploads\/elementor\/thumbs\/Catalogue-de-Formations-2024-V33-1-91-qzp67n3z1hnmm90ijollbl825a9264x6428sq4sivc.jpg\" \/>\n<meta name=\"twitter:card\" content=\"summary_large_image\" \/>\n<meta name=\"twitter:label1\" content=\"Estimated reading time\" \/>\n\t<meta name=\"twitter:data1\" content=\"1 minute\" \/>\n<script type=\"application\/ld+json\" class=\"yoast-schema-graph\">{\"@context\":\"https:\\\/\\\/schema.org\",\"@graph\":[{\"@type\":\"WebPage\",\"@id\":\"https:\\\/\\\/acgcyberacademy.fr\\\/nous-recrutons\\\/\",\"url\":\"https:\\\/\\\/acgcyberacademy.fr\\\/nous-recrutons\\\/\",\"name\":\"Devenir Formateur en Cybers\u00e9curit\u00e9 \u2013 ACG CyberAcademy\",\"isPartOf\":{\"@id\":\"https:\\\/\\\/acgcyberacademy.fr\\\/#website\"},\"primaryImageOfPage\":{\"@id\":\"https:\\\/\\\/acgcyberacademy.fr\\\/nous-recrutons\\\/#primaryimage\"},\"image\":{\"@id\":\"https:\\\/\\\/acgcyberacademy.fr\\\/nous-recrutons\\\/#primaryimage\"},\"thumbnailUrl\":\"https:\\\/\\\/acgcyberacademy.fr\\\/wp-content\\\/uploads\\\/elementor\\\/thumbs\\\/Catalogue-de-Formations-2024-V33-1-91-qzp67n3z1hnmm90ijollbl825a9264x6428sq4sivc.jpg\",\"datePublished\":\"2024-09-27T09:41:51+00:00\",\"dateModified\":\"2026-02-04T16:18:49+00:00\",\"description\":\"Rejoignez ACG CyberAcademy comme formateur et formez les experts de demain en cybers\u00e9curit\u00e9 avec des outils immersifs.\",\"breadcrumb\":{\"@id\":\"https:\\\/\\\/acgcyberacademy.fr\\\/nous-recrutons\\\/#breadcrumb\"},\"inLanguage\":\"en-GB\",\"potentialAction\":[{\"@type\":\"ReadAction\",\"target\":[\"https:\\\/\\\/acgcyberacademy.fr\\\/nous-recrutons\\\/\"]}]},{\"@type\":\"ImageObject\",\"inLanguage\":\"en-GB\",\"@id\":\"https:\\\/\\\/acgcyberacademy.fr\\\/nous-recrutons\\\/#primaryimage\",\"url\":\"https:\\\/\\\/acgcyberacademy.fr\\\/wp-content\\\/uploads\\\/elementor\\\/thumbs\\\/Catalogue-de-Formations-2024-V33-1-91-qzp67n3z1hnmm90ijollbl825a9264x6428sq4sivc.jpg\",\"contentUrl\":\"https:\\\/\\\/acgcyberacademy.fr\\\/wp-content\\\/uploads\\\/elementor\\\/thumbs\\\/Catalogue-de-Formations-2024-V33-1-91-qzp67n3z1hnmm90ijollbl825a9264x6428sq4sivc.jpg\"},{\"@type\":\"BreadcrumbList\",\"@id\":\"https:\\\/\\\/acgcyberacademy.fr\\\/nous-recrutons\\\/#breadcrumb\",\"itemListElement\":[{\"@type\":\"ListItem\",\"position\":1,\"name\":\"Accueil\",\"item\":\"https:\\\/\\\/acgcyberacademy.fr\\\/\"},{\"@type\":\"ListItem\",\"position\":2,\"name\":\"Nous recrutons\"}]},{\"@type\":\"WebSite\",\"@id\":\"https:\\\/\\\/acgcyberacademy.fr\\\/#website\",\"url\":\"https:\\\/\\\/acgcyberacademy.fr\\\/\",\"name\":\"ACG Cyber Academy\",\"description\":\"\",\"publisher\":{\"@id\":\"https:\\\/\\\/acgcyberacademy.fr\\\/#organization\"},\"potentialAction\":[{\"@type\":\"SearchAction\",\"target\":{\"@type\":\"EntryPoint\",\"urlTemplate\":\"https:\\\/\\\/acgcyberacademy.fr\\\/?s={search_term_string}\"},\"query-input\":{\"@type\":\"PropertyValueSpecification\",\"valueRequired\":true,\"valueName\":\"search_term_string\"}}],\"inLanguage\":\"en-GB\"},{\"@type\":\"Organization\",\"@id\":\"https:\\\/\\\/acgcyberacademy.fr\\\/#organization\",\"name\":\"ACG Cyber Academy\",\"url\":\"https:\\\/\\\/acgcyberacademy.fr\\\/\",\"logo\":{\"@type\":\"ImageObject\",\"inLanguage\":\"en-GB\",\"@id\":\"https:\\\/\\\/acgcyberacademy.fr\\\/#\\\/schema\\\/logo\\\/image\\\/\",\"url\":\"https:\\\/\\\/acgcyberacademy.fr\\\/wp-content\\\/uploads\\\/2025\\\/10\\\/Untitled-15-2.png\",\"contentUrl\":\"https:\\\/\\\/acgcyberacademy.fr\\\/wp-content\\\/uploads\\\/2025\\\/10\\\/Untitled-15-2.png\",\"width\":1080,\"height\":1080,\"caption\":\"ACG Cyber Academy\"},\"image\":{\"@id\":\"https:\\\/\\\/acgcyberacademy.fr\\\/#\\\/schema\\\/logo\\\/image\\\/\"},\"sameAs\":[\"https:\\\/\\\/fr.linkedin.com\\\/company\\\/acg-cybersecurity\"]}]}<\/script>\n<!-- \/ Yoast SEO plugin. -->","yoast_head_json":{"title":"Devenir Formateur en Cybers\u00e9curit\u00e9 \u2013 ACG CyberAcademy","description":"Rejoignez ACG CyberAcademy comme formateur et formez les experts de demain en cybers\u00e9curit\u00e9 avec des outils immersifs.","robots":{"index":"index","follow":"follow","max-snippet":"max-snippet:-1","max-image-preview":"max-image-preview:large","max-video-preview":"max-video-preview:-1"},"canonical":"https:\/\/acgcyberacademy.fr\/en\/nous-recrutons\/","og_locale":"en_GB","og_type":"article","og_title":"Devenir Formateur en Cybers\u00e9curit\u00e9 \u2013 ACG CyberAcademy","og_description":"Rejoignez ACG CyberAcademy comme formateur et formez les experts de demain en cybers\u00e9curit\u00e9 avec des outils immersifs.","og_url":"https:\/\/acgcyberacademy.fr\/en\/nous-recrutons\/","og_site_name":"ACG CyberAcademy","article_modified_time":"2026-02-04T16:18:49+00:00","og_image":[{"url":"https:\/\/acgcyberacademy.fr\/wp-content\/uploads\/elementor\/thumbs\/Catalogue-de-Formations-2024-V33-1-91-qzp67n3z1hnmm90ijollbl825a9264x6428sq4sivc.jpg","type":"","width":"","height":""}],"twitter_card":"summary_large_image","twitter_misc":{"Estimated reading time":"1 minute"},"schema":{"@context":"https:\/\/schema.org","@graph":[{"@type":"WebPage","@id":"https:\/\/acgcyberacademy.fr\/nous-recrutons\/","url":"https:\/\/acgcyberacademy.fr\/nous-recrutons\/","name":"Devenir Formateur en Cybers\u00e9curit\u00e9 \u2013 ACG CyberAcademy","isPartOf":{"@id":"https:\/\/acgcyberacademy.fr\/#website"},"primaryImageOfPage":{"@id":"https:\/\/acgcyberacademy.fr\/nous-recrutons\/#primaryimage"},"image":{"@id":"https:\/\/acgcyberacademy.fr\/nous-recrutons\/#primaryimage"},"thumbnailUrl":"https:\/\/acgcyberacademy.fr\/wp-content\/uploads\/elementor\/thumbs\/Catalogue-de-Formations-2024-V33-1-91-qzp67n3z1hnmm90ijollbl825a9264x6428sq4sivc.jpg","datePublished":"2024-09-27T09:41:51+00:00","dateModified":"2026-02-04T16:18:49+00:00","description":"Rejoignez ACG CyberAcademy comme formateur et formez les experts de demain en cybers\u00e9curit\u00e9 avec des outils immersifs.","breadcrumb":{"@id":"https:\/\/acgcyberacademy.fr\/nous-recrutons\/#breadcrumb"},"inLanguage":"en-GB","potentialAction":[{"@type":"ReadAction","target":["https:\/\/acgcyberacademy.fr\/nous-recrutons\/"]}]},{"@type":"ImageObject","inLanguage":"en-GB","@id":"https:\/\/acgcyberacademy.fr\/nous-recrutons\/#primaryimage","url":"https:\/\/acgcyberacademy.fr\/wp-content\/uploads\/elementor\/thumbs\/Catalogue-de-Formations-2024-V33-1-91-qzp67n3z1hnmm90ijollbl825a9264x6428sq4sivc.jpg","contentUrl":"https:\/\/acgcyberacademy.fr\/wp-content\/uploads\/elementor\/thumbs\/Catalogue-de-Formations-2024-V33-1-91-qzp67n3z1hnmm90ijollbl825a9264x6428sq4sivc.jpg"},{"@type":"BreadcrumbList","@id":"https:\/\/acgcyberacademy.fr\/nous-recrutons\/#breadcrumb","itemListElement":[{"@type":"ListItem","position":1,"name":"Accueil","item":"https:\/\/acgcyberacademy.fr\/"},{"@type":"ListItem","position":2,"name":"Nous recrutons"}]},{"@type":"WebSite","@id":"https:\/\/acgcyberacademy.fr\/#website","url":"https:\/\/acgcyberacademy.fr\/","name":"ACG Cyber Academy","description":"","publisher":{"@id":"https:\/\/acgcyberacademy.fr\/#organization"},"potentialAction":[{"@type":"SearchAction","target":{"@type":"EntryPoint","urlTemplate":"https:\/\/acgcyberacademy.fr\/?s={search_term_string}"},"query-input":{"@type":"PropertyValueSpecification","valueRequired":true,"valueName":"search_term_string"}}],"inLanguage":"en-GB"},{"@type":"Organization","@id":"https:\/\/acgcyberacademy.fr\/#organization","name":"ACG Cyber Academy","url":"https:\/\/acgcyberacademy.fr\/","logo":{"@type":"ImageObject","inLanguage":"en-GB","@id":"https:\/\/acgcyberacademy.fr\/#\/schema\/logo\/image\/","url":"https:\/\/acgcyberacademy.fr\/wp-content\/uploads\/2025\/10\/Untitled-15-2.png","contentUrl":"https:\/\/acgcyberacademy.fr\/wp-content\/uploads\/2025\/10\/Untitled-15-2.png","width":1080,"height":1080,"caption":"ACG Cyber Academy"},"image":{"@id":"https:\/\/acgcyberacademy.fr\/#\/schema\/logo\/image\/"},"sameAs":["https:\/\/fr.linkedin.com\/company\/acg-cybersecurity"]}]}},"_links":{"self":[{"href":"https:\/\/acgcyberacademy.fr\/en\/wp-json\/wp\/v2\/pages\/13100","targetHints":{"allow":["GET"]}}],"collection":[{"href":"https:\/\/acgcyberacademy.fr\/en\/wp-json\/wp\/v2\/pages"}],"about":[{"href":"https:\/\/acgcyberacademy.fr\/en\/wp-json\/wp\/v2\/types\/page"}],"author":[{"embeddable":true,"href":"https:\/\/acgcyberacademy.fr\/en\/wp-json\/wp\/v2\/users\/8"}],"replies":[{"embeddable":true,"href":"https:\/\/acgcyberacademy.fr\/en\/wp-json\/wp\/v2\/comments?post=13100"}],"version-history":[{"count":16,"href":"https:\/\/acgcyberacademy.fr\/en\/wp-json\/wp\/v2\/pages\/13100\/revisions"}],"predecessor-version":[{"id":22399,"href":"https:\/\/acgcyberacademy.fr\/en\/wp-json\/wp\/v2\/pages\/13100\/revisions\/22399"}],"wp:attachment":[{"href":"https:\/\/acgcyberacademy.fr\/en\/wp-json\/wp\/v2\/media?parent=13100"}],"curies":[{"name":"wp","href":"https:\/\/api.w.org\/{rel}","templated":true}]}}