{"id":13107,"date":"2024-09-27T11:48:28","date_gmt":"2024-09-27T09:48:28","guid":{"rendered":"https:\/\/acgcyberacademy.fr\/?page_id=13107"},"modified":"2026-03-02T14:31:03","modified_gmt":"2026-03-02T13:31:03","slug":"nos-catalogues","status":"publish","type":"page","link":"https:\/\/acgcyberacademy.fr\/en\/nos-catalogues\/","title":{"rendered":"Course Catalog"},"content":{"rendered":"\t\t<div data-elementor-type=\"wp-page\" data-elementor-id=\"13107\" class=\"elementor elementor-13107\" data-elementor-post-type=\"page\">\n\t\t\t\t<div class=\"elementor-element elementor-element-026268c e-flex e-con-boxed e-con e-parent\" data-id=\"026268c\" data-element_type=\"container\" data-e-type=\"container\">\n\t\t\t\t\t<div class=\"e-con-inner\">\n\t\t<div class=\"elementor-element elementor-element-dd1fa88 e-con-full e-flex e-con e-child\" data-id=\"dd1fa88\" data-element_type=\"container\" data-e-type=\"container\">\n\t\t\t\t<div class=\"elementor-element elementor-element-9a2739b elementor-widget elementor-widget-text-editor\" data-id=\"9a2739b\" data-element_type=\"widget\" data-e-type=\"widget\" data-widget_type=\"text-editor.default\">\n\t\t\t\t<div class=\"elementor-widget-container\">\n\t\t\t\t\t\t\t\t\t<h4><strong>Catalogues et Ressources<\/strong><\/h4>\n<p><b>D\u00e9couvrez toutes nos publications !<\/b><\/p>\t\t\t\t\t\t\t\t<\/div>\n\t\t\t\t<\/div>\n\t\t\t\t<\/div>\n\t\t<div class=\"elementor-element elementor-element-b513ced e-con-full e-flex e-con e-child\" data-id=\"b513ced\" data-element_type=\"container\" data-e-type=\"container\">\n\t\t\t\t<div class=\"elementor-element elementor-element-1cf3ad6 elementor-widget__width-initial elementor-widget elementor-widget-text-editor\" data-id=\"1cf3ad6\" data-element_type=\"widget\" data-e-type=\"widget\" data-widget_type=\"text-editor.default\">\n\t\t\t\t<div class=\"elementor-widget-container\">\n\t\t\t\t\t\t\t\t\t<p><span class=\"TextRun SCXW94956645 BCX8\" lang=\"FR-FR\" xml:lang=\"FR-FR\" data-contrast=\"auto\"><span class=\"NormalTextRun SCXW94956645 BCX8\">A travers nos<\/span><span class=\"NormalTextRun SCXW94956645 BCX8\"> brochures et catalogues <\/span><span class=\"NormalTextRun SCXW94956645 BCX8\">vous pourrez<\/span><span class=\"NormalTextRun SCXW94956645 BCX8\"> explorer l\u2019ensemble de nos formations en cybers\u00e9curit\u00e9. Que vous soyez novice ou professionnel, vous y trouverez des ressources <\/span><span class=\"NormalTextRun SCXW94956645 BCX8\">utiles<\/span><span class=\"NormalTextRun SCXW94956645 BCX8\"> pour vous guider dans votre apprentissage et votre d\u00e9veloppement professionnel.<\/span><\/span><span class=\"EOP SCXW94956645 BCX8\" data-ccp-props=\"{&quot;201341983&quot;:0,&quot;335559739&quot;:160,&quot;335559740&quot;:259}\">\u00a0<\/span><\/p>\t\t\t\t\t\t\t\t<\/div>\n\t\t\t\t<\/div>\n\t\t\t\t<\/div>\n\t\t\t\t\t<\/div>\n\t\t\t\t<\/div>\n\t\t<div class=\"elementor-element elementor-element-bf75329 e-grid e-con-boxed e-con e-parent\" data-id=\"bf75329\" data-element_type=\"container\" data-e-type=\"container\" data-settings=\"{&quot;background_background&quot;:&quot;classic&quot;,&quot;background_motion_fx_motion_fx_scrolling&quot;:&quot;yes&quot;,&quot;background_motion_fx_devices&quot;:[&quot;desktop&quot;,&quot;tablet&quot;,&quot;mobile&quot;]}\">\n\t\t\t\t\t<div class=\"e-con-inner\">\n\t\t\t\t<div class=\"elementor-element elementor-element-7ff6e33 elementor-widget elementor-widget-text-editor\" data-id=\"7ff6e33\" data-element_type=\"widget\" data-e-type=\"widget\" data-widget_type=\"text-editor.default\">\n\t\t\t\t<div class=\"elementor-widget-container\">\n\t\t\t\t\t\t\t\t\t<h5><strong><span style=\"color: #353535; font-family: Poppins, sans-serif; font-size: 15px; letter-spacing: normal; text-align: justify;\">Catalogue ACG CyberAcademy<\/span><\/strong><\/h5><div class=\"flex max-w-full flex-col flex-grow\"><div class=\"min-h-8 text-message relative flex w-full flex-col items-end gap-2 whitespace-normal break-words text-start [.text-message+&amp;]:mt-5\" dir=\"auto\" data-message-author-role=\"assistant\" data-message-id=\"ef2d31e1-e2c6-4389-afe9-ae6ff6f9f5ee\" data-message-model-slug=\"gpt-4o-mini\"><div class=\"flex w-full flex-col gap-1 empty:hidden first:pt-[3px]\"><div class=\"markdown prose w-full break-words dark:prose-invert light\"><p class=\"\" data-start=\"0\" data-end=\"175\">\u00a0<\/p><\/div><\/div><\/div><\/div>\t\t\t\t\t\t\t\t<\/div>\n\t\t\t\t<\/div>\n\t\t\t\t<div class=\"elementor-element elementor-element-f65091a elementor-widget elementor-widget-image\" data-id=\"f65091a\" data-element_type=\"widget\" data-e-type=\"widget\" data-widget_type=\"image.default\">\n\t\t\t\t<div class=\"elementor-widget-container\">\n\t\t\t\t\t\t\t\t\t\t\t\t\t\t\t\t<a href=\"https:\/\/acgcyberacademy.fr\/wp-content\/uploads\/2026\/01\/Catalogue-des-formations-\u2013-Tarifs-sur-demande.pdf\" target=\"_blank\">\n\t\t\t\t\t\t\t<img fetchpriority=\"high\" decoding=\"async\" width=\"214\" height=\"300\" src=\"https:\/\/acgcyberacademy.fr\/wp-content\/uploads\/2025\/12\/Capture-decran-2025-12-11-092432-214x300.jpg\" class=\"attachment-medium size-medium wp-image-22048\" alt=\"\" srcset=\"https:\/\/acgcyberacademy.fr\/wp-content\/uploads\/2025\/12\/Capture-decran-2025-12-11-092432-214x300.jpg 214w, https:\/\/acgcyberacademy.fr\/wp-content\/uploads\/2025\/12\/Capture-decran-2025-12-11-092432-9x12.jpg 9w, https:\/\/acgcyberacademy.fr\/wp-content\/uploads\/2025\/12\/Capture-decran-2025-12-11-092432.jpg 494w\" sizes=\"(max-width: 214px) 100vw, 214px\" \/>\t\t\t\t\t\t\t\t<\/a>\n\t\t\t\t\t\t\t\t\t\t\t\t\t\t\t<\/div>\n\t\t\t\t<\/div>\n\t\t\t\t<div class=\"elementor-element elementor-element-67fe6cf elementor-widget elementor-widget-text-editor\" data-id=\"67fe6cf\" data-element_type=\"widget\" data-e-type=\"widget\" data-widget_type=\"text-editor.default\">\n\t\t\t\t<div class=\"elementor-widget-container\">\n\t\t\t\t\t\t\t\t\t<h5><strong><span style=\"color: #353535; font-family: Poppins, sans-serif; font-size: 15px; letter-spacing: normal; text-align: justify;\">Catalogue ACG Cybersecurity<\/span><\/strong><\/h5><div class=\"flex max-w-full flex-col flex-grow\"><div class=\"min-h-8 text-message relative flex w-full flex-col items-end gap-2 whitespace-normal break-words text-start [.text-message+&amp;]:mt-5\" dir=\"auto\" data-message-author-role=\"assistant\" data-message-id=\"5ed40c52-327c-4f8f-9477-9bc56e0c9d53\" data-message-model-slug=\"gpt-4o-mini\"><div class=\"flex w-full flex-col gap-1 empty:hidden first:pt-[3px]\"><div class=\"markdown prose w-full break-words dark:prose-invert light\"><p class=\"\" data-start=\"0\" data-end=\"138\">\u00a0<\/p><\/div><\/div><\/div><\/div>\t\t\t\t\t\t\t\t<\/div>\n\t\t\t\t<\/div>\n\t\t\t\t<div class=\"elementor-element elementor-element-e3d04b3 elementor-widget elementor-widget-image\" data-id=\"e3d04b3\" data-element_type=\"widget\" data-e-type=\"widget\" data-widget_type=\"image.default\">\n\t\t\t\t<div class=\"elementor-widget-container\">\n\t\t\t\t\t\t\t\t\t\t\t\t\t\t\t\t<a href=\"https:\/\/acgcyberacademy.fr\/wp-content\/uploads\/2025\/01\/Catalogue-ACG-Cybersecurity-2024-ppt.pdf\" target=\"_blank\">\n\t\t\t\t\t\t\t<img decoding=\"async\" width=\"300\" height=\"218\" src=\"https:\/\/acgcyberacademy.fr\/wp-content\/uploads\/2024\/09\/Catalogue-2024-v06-01zzz-300x218.jpg\" class=\"attachment-medium size-medium wp-image-13209\" alt=\"\" srcset=\"https:\/\/acgcyberacademy.fr\/wp-content\/uploads\/2024\/09\/Catalogue-2024-v06-01zzz-300x218.jpg 300w, https:\/\/acgcyberacademy.fr\/wp-content\/uploads\/2024\/09\/Catalogue-2024-v06-01zzz-1024x743.jpg 1024w, https:\/\/acgcyberacademy.fr\/wp-content\/uploads\/2024\/09\/Catalogue-2024-v06-01zzz-768x557.jpg 768w, https:\/\/acgcyberacademy.fr\/wp-content\/uploads\/2024\/09\/Catalogue-2024-v06-01zzz.jpg 1505w\" sizes=\"(max-width: 300px) 100vw, 300px\" \/>\t\t\t\t\t\t\t\t<\/a>\n\t\t\t\t\t\t\t\t\t\t\t\t\t\t\t<\/div>\n\t\t\t\t<\/div>\n\t\t\t\t\t<\/div>\n\t\t\t\t<\/div>\n\t\t<div class=\"elementor-element elementor-element-edafd6d e-flex e-con-boxed e-con e-parent\" data-id=\"edafd6d\" data-element_type=\"container\" data-e-type=\"container\">\n\t\t\t\t\t<div class=\"e-con-inner\">\n\t\t\t\t<div class=\"elementor-element elementor-element-ed0b934 elementor-widget elementor-widget-spacer\" data-id=\"ed0b934\" data-element_type=\"widget\" data-e-type=\"widget\" data-widget_type=\"spacer.default\">\n\t\t\t\t<div class=\"elementor-widget-container\">\n\t\t\t\t\t\t\t<div class=\"elementor-spacer\">\n\t\t\t<div class=\"elementor-spacer-inner\"><\/div>\n\t\t<\/div>\n\t\t\t\t\t\t<\/div>\n\t\t\t\t<\/div>\n\t\t\t\t\t<\/div>\n\t\t\t\t<\/div>\n\t\t<div class=\"elementor-element elementor-element-1b1f018 e-grid e-con-boxed e-con e-parent\" data-id=\"1b1f018\" data-element_type=\"container\" data-e-type=\"container\" data-settings=\"{&quot;background_background&quot;:&quot;classic&quot;,&quot;background_motion_fx_motion_fx_scrolling&quot;:&quot;yes&quot;,&quot;background_motion_fx_devices&quot;:[&quot;desktop&quot;,&quot;tablet&quot;,&quot;mobile&quot;]}\">\n\t\t\t\t\t<div class=\"e-con-inner\">\n\t\t\t\t<div class=\"elementor-element elementor-element-50e868d elementor-widget elementor-widget-text-editor\" data-id=\"50e868d\" data-element_type=\"widget\" data-e-type=\"widget\" data-widget_type=\"text-editor.default\">\n\t\t\t\t<div class=\"elementor-widget-container\">\n\t\t\t\t\t\t\t\t\t<h5><strong><span style=\"color: #353535; font-family: Poppins, sans-serif; font-size: 15px; letter-spacing: normal; text-align: justify;\">Livret d&rsquo;accueil ACG Cybersecurity<\/span><\/strong><\/h5>\t\t\t\t\t\t\t\t<\/div>\n\t\t\t\t<\/div>\n\t\t\t\t<div class=\"elementor-element elementor-element-6a9a244 elementor-widget elementor-widget-image\" data-id=\"6a9a244\" data-element_type=\"widget\" data-e-type=\"widget\" data-widget_type=\"image.default\">\n\t\t\t\t<div class=\"elementor-widget-container\">\n\t\t\t\t\t\t\t\t\t\t\t\t\t\t\t\t<a href=\"https:\/\/acgcyberacademy.fr\/wp-content\/uploads\/2024\/10\/ACG-CYBERSECURITY-Livret-daccueil-VP.pdf\" target=\"_blank\">\n\t\t\t\t\t\t\t<img decoding=\"async\" width=\"800\" height=\"447\" src=\"https:\/\/acgcyberacademy.fr\/wp-content\/uploads\/2024\/10\/Capture-decran-2024-10-15-162241-1024x572.png\" class=\"attachment-large size-large wp-image-14370\" alt=\"\" srcset=\"https:\/\/acgcyberacademy.fr\/wp-content\/uploads\/2024\/10\/Capture-decran-2024-10-15-162241-1024x572.png 1024w, https:\/\/acgcyberacademy.fr\/wp-content\/uploads\/2024\/10\/Capture-decran-2024-10-15-162241-300x168.png 300w, https:\/\/acgcyberacademy.fr\/wp-content\/uploads\/2024\/10\/Capture-decran-2024-10-15-162241-768x429.png 768w, https:\/\/acgcyberacademy.fr\/wp-content\/uploads\/2024\/10\/Capture-decran-2024-10-15-162241.png 1311w\" sizes=\"(max-width: 800px) 100vw, 800px\" \/>\t\t\t\t\t\t\t\t<\/a>\n\t\t\t\t\t\t\t\t\t\t\t\t\t\t\t<\/div>\n\t\t\t\t<\/div>\n\t\t\t\t\t<\/div>\n\t\t\t\t<\/div>\n\t\t<div class=\"elementor-element elementor-element-0ee2e2b e-flex e-con-boxed e-con e-parent\" data-id=\"0ee2e2b\" data-element_type=\"container\" data-e-type=\"container\" data-settings=\"{&quot;background_background&quot;:&quot;classic&quot;,&quot;background_motion_fx_motion_fx_scrolling&quot;:&quot;yes&quot;,&quot;background_motion_fx_translateY_effect&quot;:&quot;yes&quot;,&quot;background_motion_fx_translateY_direction&quot;:&quot;negative&quot;,&quot;background_motion_fx_translateY_speed&quot;:{&quot;unit&quot;:&quot;px&quot;,&quot;size&quot;:&quot;3.1&quot;,&quot;sizes&quot;:[]},&quot;background_motion_fx_translateY_affectedRange&quot;:{&quot;unit&quot;:&quot;%&quot;,&quot;size&quot;:&quot;&quot;,&quot;sizes&quot;:{&quot;start&quot;:0,&quot;end&quot;:100}},&quot;background_motion_fx_devices&quot;:[&quot;desktop&quot;,&quot;tablet&quot;,&quot;mobile&quot;]}\">\n\t\t\t\t\t<div class=\"e-con-inner\">\n\t\t<div class=\"elementor-element elementor-element-ec92bbe e-con-full e-flex e-con e-child\" data-id=\"ec92bbe\" data-element_type=\"container\" data-e-type=\"container\">\n\t\t\t\t<div class=\"elementor-element elementor-element-cf0969a elementor-widget__width-inherit elementor-widget elementor-widget-text-editor\" data-id=\"cf0969a\" data-element_type=\"widget\" data-e-type=\"widget\" data-widget_type=\"text-editor.default\">\n\t\t\t\t<div class=\"elementor-widget-container\">\n\t\t\t\t\t\t\t\t\t<h6><strong><span class=\"TextRun SCXW224643205 BCX8\" lang=\"FR-FR\" xml:lang=\"FR-FR\" data-contrast=\"auto\"><span class=\"NormalTextRun SCXW224643205 BCX8\">Besoin de conseils ?\u202f<\/span><\/span><span class=\"EOP SCXW224643205 BCX8\" data-ccp-props=\"{&quot;201341983&quot;:0,&quot;335559739&quot;:160,&quot;335559740&quot;:259}\">\u00a0<\/span><\/strong><\/h6><p>Vous avez un projet de formation en cybers\u00e9curit\u00e9 ? Nous sommes l\u00e0 pour vous guider \u00e0 chaque \u00e9tape. Que vous souhaitez d\u00e9velopper de nouvelles comp\u00e9tences ou am\u00e9liorer celles que vous avez d\u00e9j\u00e0, notre \u00e9quipe d\u2019experts est pr\u00eate \u00e0 vous accompagner.\u00a0<\/p><h6><b><span data-contrast=\"auto\">Contactez-nous d\u00e8s maintenant et discutons de votre projet !<\/span><\/b><span data-ccp-props=\"{&quot;201341983&quot;:0,&quot;335559739&quot;:160,&quot;335559740&quot;:259}\">\u00a0<\/span><\/h6>\t\t\t\t\t\t\t\t<\/div>\n\t\t\t\t<\/div>\n\t\t\t\t<\/div>\n\t\t<div class=\"elementor-element elementor-element-f985803 e-con-full e-flex e-con e-child\" data-id=\"f985803\" data-element_type=\"container\" data-e-type=\"container\">\n\t\t\t\t<div class=\"elementor-element elementor-element-d14a6ef elementor-align-left elementor-widget-mobile__width-inherit elementor-widget__width-initial elementor-widget elementor-widget-button\" data-id=\"d14a6ef\" data-element_type=\"widget\" data-e-type=\"widget\" data-widget_type=\"button.default\">\n\t\t\t\t<div class=\"elementor-widget-container\">\n\t\t\t\t\t\t\t\t\t<div class=\"elementor-button-wrapper\">\n\t\t\t\t\t<a class=\"elementor-button elementor-button-link elementor-size-sm\" href=\"#elementor-action%3Aaction%3Dpopup%3Aopen%26settings%3DeyJpZCI6IjYxNTkiLCJ0b2dnbGUiOmZhbHNlfQ%3D%3D\">\n\t\t\t\t\t\t<span class=\"elementor-button-content-wrapper\">\n\t\t\t\t\t\t<span class=\"elementor-button-icon\">\n\t\t\t\t<i aria-hidden=\"true\" class=\"far fa-envelope\"><\/i>\t\t\t<\/span>\n\t\t\t\t\t\t\t\t\t<span class=\"elementor-button-text\">Contactez nous<\/span>\n\t\t\t\t\t<\/span>\n\t\t\t\t\t<\/a>\n\t\t\t\t<\/div>\n\t\t\t\t\t\t\t\t<\/div>\n\t\t\t\t<\/div>\n\t\t\t\t<\/div>\n\t\t\t\t\t<\/div>\n\t\t\t\t<\/div>\n\t\t\t\t<\/div>\n\t\t","protected":false},"excerpt":{"rendered":"<p>Catalogues et Ressources D\u00e9couvrez toutes nos publications ! A travers nos brochures et catalogues vous pourrez explorer l\u2019ensemble de nos formations en cybers\u00e9curit\u00e9. Que vous soyez novice ou professionnel, vous y trouverez des ressources utiles pour vous guider dans votre apprentissage et votre d\u00e9veloppement professionnel.\u00a0 Catalogue ACG CyberAcademy \u00a0 Catalogue ACG Cybersecurity \u00a0 Livret d&rsquo;accueil [&hellip;]<\/p>\n","protected":false},"author":8,"featured_media":0,"parent":0,"menu_order":0,"comment_status":"closed","ping_status":"closed","template":"","meta":{"_acf_changed":false,"_glsr_average":0,"_glsr_ranking":0,"_glsr_reviews":0,"footnotes":""},"class_list":["post-13107","page","type-page","status-publish","hentry"],"acf":[],"yoast_head":"<!-- This site is optimized with the Yoast SEO plugin v27.4 - https:\/\/yoast.com\/product\/yoast-seo-wordpress\/ -->\n<title>Catalogues ACG CyberAcademy | Formations Cybers\u00e9curit\u00e9<\/title>\n<meta name=\"description\" content=\"T\u00e9l\u00e9chargez les catalogues ACG CyberAcademy. Formations cybers\u00e9curit\u00e9 certifiantes avec programmes d\u00e9taill\u00e9s, calendrier et tarifs. PDF gratuit.\" \/>\n<meta name=\"robots\" content=\"index, follow, max-snippet:-1, max-image-preview:large, max-video-preview:-1\" \/>\n<link rel=\"canonical\" href=\"https:\/\/acgcyberacademy.fr\/en\/nos-catalogues\/\" \/>\n<meta property=\"og:locale\" content=\"en_GB\" \/>\n<meta property=\"og:type\" content=\"article\" \/>\n<meta property=\"og:title\" content=\"Catalogues ACG CyberAcademy | Formations Cybers\u00e9curit\u00e9\" \/>\n<meta property=\"og:description\" content=\"T\u00e9l\u00e9chargez les catalogues ACG CyberAcademy. Formations cybers\u00e9curit\u00e9 certifiantes avec programmes d\u00e9taill\u00e9s, calendrier et tarifs. PDF gratuit.\" \/>\n<meta property=\"og:url\" content=\"https:\/\/acgcyberacademy.fr\/en\/nos-catalogues\/\" \/>\n<meta property=\"og:site_name\" content=\"ACG CyberAcademy\" \/>\n<meta property=\"article:modified_time\" content=\"2026-03-02T13:31:03+00:00\" \/>\n<meta property=\"og:image\" content=\"https:\/\/acgcyberacademy.fr\/wp-content\/uploads\/2025\/12\/Capture-decran-2025-12-11-092432.jpg\" \/>\n\t<meta property=\"og:image:width\" content=\"494\" \/>\n\t<meta property=\"og:image:height\" content=\"693\" \/>\n\t<meta property=\"og:image:type\" content=\"image\/jpeg\" \/>\n<meta name=\"twitter:card\" content=\"summary_large_image\" \/>\n<meta name=\"twitter:label1\" content=\"Estimated reading time\" \/>\n\t<meta name=\"twitter:data1\" content=\"2 minutes\" \/>\n<script type=\"application\/ld+json\" class=\"yoast-schema-graph\">{\"@context\":\"https:\\\/\\\/schema.org\",\"@graph\":[{\"@type\":\"WebPage\",\"@id\":\"https:\\\/\\\/acgcyberacademy.fr\\\/nos-catalogues\\\/\",\"url\":\"https:\\\/\\\/acgcyberacademy.fr\\\/nos-catalogues\\\/\",\"name\":\"Catalogues ACG CyberAcademy | Formations Cybers\u00e9curit\u00e9\",\"isPartOf\":{\"@id\":\"https:\\\/\\\/acgcyberacademy.fr\\\/#website\"},\"primaryImageOfPage\":{\"@id\":\"https:\\\/\\\/acgcyberacademy.fr\\\/nos-catalogues\\\/#primaryimage\"},\"image\":{\"@id\":\"https:\\\/\\\/acgcyberacademy.fr\\\/nos-catalogues\\\/#primaryimage\"},\"thumbnailUrl\":\"https:\\\/\\\/acgcyberacademy.fr\\\/wp-content\\\/uploads\\\/2025\\\/12\\\/Capture-decran-2025-12-11-092432-214x300.jpg\",\"datePublished\":\"2024-09-27T09:48:28+00:00\",\"dateModified\":\"2026-03-02T13:31:03+00:00\",\"description\":\"T\u00e9l\u00e9chargez les catalogues ACG CyberAcademy. Formations cybers\u00e9curit\u00e9 certifiantes avec programmes d\u00e9taill\u00e9s, calendrier et tarifs. PDF gratuit.\",\"breadcrumb\":{\"@id\":\"https:\\\/\\\/acgcyberacademy.fr\\\/nos-catalogues\\\/#breadcrumb\"},\"inLanguage\":\"en-GB\",\"potentialAction\":[{\"@type\":\"ReadAction\",\"target\":[\"https:\\\/\\\/acgcyberacademy.fr\\\/nos-catalogues\\\/\"]}]},{\"@type\":\"ImageObject\",\"inLanguage\":\"en-GB\",\"@id\":\"https:\\\/\\\/acgcyberacademy.fr\\\/nos-catalogues\\\/#primaryimage\",\"url\":\"https:\\\/\\\/acgcyberacademy.fr\\\/wp-content\\\/uploads\\\/2025\\\/12\\\/Capture-decran-2025-12-11-092432-214x300.jpg\",\"contentUrl\":\"https:\\\/\\\/acgcyberacademy.fr\\\/wp-content\\\/uploads\\\/2025\\\/12\\\/Capture-decran-2025-12-11-092432-214x300.jpg\"},{\"@type\":\"BreadcrumbList\",\"@id\":\"https:\\\/\\\/acgcyberacademy.fr\\\/nos-catalogues\\\/#breadcrumb\",\"itemListElement\":[{\"@type\":\"ListItem\",\"position\":1,\"name\":\"Accueil\",\"item\":\"https:\\\/\\\/acgcyberacademy.fr\\\/\"},{\"@type\":\"ListItem\",\"position\":2,\"name\":\"Nos Catalogues\"}]},{\"@type\":\"WebSite\",\"@id\":\"https:\\\/\\\/acgcyberacademy.fr\\\/#website\",\"url\":\"https:\\\/\\\/acgcyberacademy.fr\\\/\",\"name\":\"ACG Cyber Academy\",\"description\":\"\",\"publisher\":{\"@id\":\"https:\\\/\\\/acgcyberacademy.fr\\\/#organization\"},\"potentialAction\":[{\"@type\":\"SearchAction\",\"target\":{\"@type\":\"EntryPoint\",\"urlTemplate\":\"https:\\\/\\\/acgcyberacademy.fr\\\/?s={search_term_string}\"},\"query-input\":{\"@type\":\"PropertyValueSpecification\",\"valueRequired\":true,\"valueName\":\"search_term_string\"}}],\"inLanguage\":\"en-GB\"},{\"@type\":\"Organization\",\"@id\":\"https:\\\/\\\/acgcyberacademy.fr\\\/#organization\",\"name\":\"ACG Cyber Academy\",\"url\":\"https:\\\/\\\/acgcyberacademy.fr\\\/\",\"logo\":{\"@type\":\"ImageObject\",\"inLanguage\":\"en-GB\",\"@id\":\"https:\\\/\\\/acgcyberacademy.fr\\\/#\\\/schema\\\/logo\\\/image\\\/\",\"url\":\"https:\\\/\\\/acgcyberacademy.fr\\\/wp-content\\\/uploads\\\/2025\\\/10\\\/Untitled-15-2.png\",\"contentUrl\":\"https:\\\/\\\/acgcyberacademy.fr\\\/wp-content\\\/uploads\\\/2025\\\/10\\\/Untitled-15-2.png\",\"width\":1080,\"height\":1080,\"caption\":\"ACG Cyber Academy\"},\"image\":{\"@id\":\"https:\\\/\\\/acgcyberacademy.fr\\\/#\\\/schema\\\/logo\\\/image\\\/\"},\"sameAs\":[\"https:\\\/\\\/fr.linkedin.com\\\/company\\\/acg-cybersecurity\"]}]}<\/script>\n<!-- \/ Yoast SEO plugin. -->","yoast_head_json":{"title":"Catalogues ACG CyberAcademy | Formations Cybers\u00e9curit\u00e9","description":"T\u00e9l\u00e9chargez les catalogues ACG CyberAcademy. Formations cybers\u00e9curit\u00e9 certifiantes avec programmes d\u00e9taill\u00e9s, calendrier et tarifs. PDF gratuit.","robots":{"index":"index","follow":"follow","max-snippet":"max-snippet:-1","max-image-preview":"max-image-preview:large","max-video-preview":"max-video-preview:-1"},"canonical":"https:\/\/acgcyberacademy.fr\/en\/nos-catalogues\/","og_locale":"en_GB","og_type":"article","og_title":"Catalogues ACG CyberAcademy | Formations Cybers\u00e9curit\u00e9","og_description":"T\u00e9l\u00e9chargez les catalogues ACG CyberAcademy. Formations cybers\u00e9curit\u00e9 certifiantes avec programmes d\u00e9taill\u00e9s, calendrier et tarifs. PDF gratuit.","og_url":"https:\/\/acgcyberacademy.fr\/en\/nos-catalogues\/","og_site_name":"ACG CyberAcademy","article_modified_time":"2026-03-02T13:31:03+00:00","og_image":[{"width":494,"height":693,"url":"https:\/\/acgcyberacademy.fr\/wp-content\/uploads\/2025\/12\/Capture-decran-2025-12-11-092432.jpg","type":"image\/jpeg"}],"twitter_card":"summary_large_image","twitter_misc":{"Estimated reading time":"2 minutes"},"schema":{"@context":"https:\/\/schema.org","@graph":[{"@type":"WebPage","@id":"https:\/\/acgcyberacademy.fr\/nos-catalogues\/","url":"https:\/\/acgcyberacademy.fr\/nos-catalogues\/","name":"Catalogues ACG CyberAcademy | Formations Cybers\u00e9curit\u00e9","isPartOf":{"@id":"https:\/\/acgcyberacademy.fr\/#website"},"primaryImageOfPage":{"@id":"https:\/\/acgcyberacademy.fr\/nos-catalogues\/#primaryimage"},"image":{"@id":"https:\/\/acgcyberacademy.fr\/nos-catalogues\/#primaryimage"},"thumbnailUrl":"https:\/\/acgcyberacademy.fr\/wp-content\/uploads\/2025\/12\/Capture-decran-2025-12-11-092432-214x300.jpg","datePublished":"2024-09-27T09:48:28+00:00","dateModified":"2026-03-02T13:31:03+00:00","description":"T\u00e9l\u00e9chargez les catalogues ACG CyberAcademy. Formations cybers\u00e9curit\u00e9 certifiantes avec programmes d\u00e9taill\u00e9s, calendrier et tarifs. PDF gratuit.","breadcrumb":{"@id":"https:\/\/acgcyberacademy.fr\/nos-catalogues\/#breadcrumb"},"inLanguage":"en-GB","potentialAction":[{"@type":"ReadAction","target":["https:\/\/acgcyberacademy.fr\/nos-catalogues\/"]}]},{"@type":"ImageObject","inLanguage":"en-GB","@id":"https:\/\/acgcyberacademy.fr\/nos-catalogues\/#primaryimage","url":"https:\/\/acgcyberacademy.fr\/wp-content\/uploads\/2025\/12\/Capture-decran-2025-12-11-092432-214x300.jpg","contentUrl":"https:\/\/acgcyberacademy.fr\/wp-content\/uploads\/2025\/12\/Capture-decran-2025-12-11-092432-214x300.jpg"},{"@type":"BreadcrumbList","@id":"https:\/\/acgcyberacademy.fr\/nos-catalogues\/#breadcrumb","itemListElement":[{"@type":"ListItem","position":1,"name":"Accueil","item":"https:\/\/acgcyberacademy.fr\/"},{"@type":"ListItem","position":2,"name":"Nos Catalogues"}]},{"@type":"WebSite","@id":"https:\/\/acgcyberacademy.fr\/#website","url":"https:\/\/acgcyberacademy.fr\/","name":"ACG Cyber Academy","description":"","publisher":{"@id":"https:\/\/acgcyberacademy.fr\/#organization"},"potentialAction":[{"@type":"SearchAction","target":{"@type":"EntryPoint","urlTemplate":"https:\/\/acgcyberacademy.fr\/?s={search_term_string}"},"query-input":{"@type":"PropertyValueSpecification","valueRequired":true,"valueName":"search_term_string"}}],"inLanguage":"en-GB"},{"@type":"Organization","@id":"https:\/\/acgcyberacademy.fr\/#organization","name":"ACG Cyber Academy","url":"https:\/\/acgcyberacademy.fr\/","logo":{"@type":"ImageObject","inLanguage":"en-GB","@id":"https:\/\/acgcyberacademy.fr\/#\/schema\/logo\/image\/","url":"https:\/\/acgcyberacademy.fr\/wp-content\/uploads\/2025\/10\/Untitled-15-2.png","contentUrl":"https:\/\/acgcyberacademy.fr\/wp-content\/uploads\/2025\/10\/Untitled-15-2.png","width":1080,"height":1080,"caption":"ACG Cyber Academy"},"image":{"@id":"https:\/\/acgcyberacademy.fr\/#\/schema\/logo\/image\/"},"sameAs":["https:\/\/fr.linkedin.com\/company\/acg-cybersecurity"]}]}},"_links":{"self":[{"href":"https:\/\/acgcyberacademy.fr\/en\/wp-json\/wp\/v2\/pages\/13107","targetHints":{"allow":["GET"]}}],"collection":[{"href":"https:\/\/acgcyberacademy.fr\/en\/wp-json\/wp\/v2\/pages"}],"about":[{"href":"https:\/\/acgcyberacademy.fr\/en\/wp-json\/wp\/v2\/types\/page"}],"author":[{"embeddable":true,"href":"https:\/\/acgcyberacademy.fr\/en\/wp-json\/wp\/v2\/users\/8"}],"replies":[{"embeddable":true,"href":"https:\/\/acgcyberacademy.fr\/en\/wp-json\/wp\/v2\/comments?post=13107"}],"version-history":[{"count":0,"href":"https:\/\/acgcyberacademy.fr\/en\/wp-json\/wp\/v2\/pages\/13107\/revisions"}],"wp:attachment":[{"href":"https:\/\/acgcyberacademy.fr\/en\/wp-json\/wp\/v2\/media?parent=13107"}],"curies":[{"name":"wp","href":"https:\/\/api.w.org\/{rel}","templated":true}]}}