{"id":13614,"date":"2024-09-30T14:41:04","date_gmt":"2024-09-30T12:41:04","guid":{"rendered":"https:\/\/acgcyberacademy.fr\/?page_id=13614"},"modified":"2025-11-06T16:20:10","modified_gmt":"2025-11-06T15:20:10","slug":"bechir-sebai-a-staunch-leader-reflecting-an-epitome-of-brillance-ciolook","status":"publish","type":"page","link":"https:\/\/acgcyberacademy.fr\/en\/bechir-sebai-a-staunch-leader-reflecting-an-epitome-of-brillance-ciolook\/","title":{"rendered":"Bechir SEBAI: A Staunch Leader Reflecting an Epitome of Brilliance - CIOLOOK"},"content":{"rendered":"<div data-elementor-type=\"wp-page\" data-elementor-id=\"13614\" class=\"elementor elementor-13614\" data-elementor-post-type=\"page\">\n\t\t\t\t<div class=\"elementor-element elementor-element-7ed3871 e-flex e-con-boxed e-con e-parent\" data-id=\"7ed3871\" data-element_type=\"container\" data-e-type=\"container\">\n\t\t\t\t\t<div class=\"e-con-inner\">\n\t\t\t\t<div class=\"elementor-element elementor-element-72ae8c9 elementor-widget elementor-widget-text-editor\" data-id=\"72ae8c9\" data-element_type=\"widget\" data-e-type=\"widget\" data-widget_type=\"text-editor.default\">\n\t\t\t\t<div class=\"elementor-widget-container\">\n\t\t\t\t\t\t\t\t\t<h4><strong>Bechir SEBAI: A Staunch Leader Reflecting an Epitome of Brilliance\u00a0<\/strong><\/h4><p>By\u00a0<span class=\"signature\"><b>CIOLOOK.<\/b><\/span> Source : <a href=\"https:\/\/ciolook.com\/bechir-sebai-a-staunch-leader-reflecting-an-epitome-of-brilliance\/\" target=\"_blank\" rel=\"noopener\">ciolook.com\u00a0<\/a><\/p>\t\t\t\t\t\t\t\t<\/div>\n\t\t\t\t<\/div>\n\t\t\t\t\t<\/div>\n\t\t\t\t<\/div>\n\t\t<div class=\"elementor-element elementor-element-836d256 e-flex e-con-boxed e-con e-parent\" data-id=\"836d256\" data-element_type=\"container\" data-e-type=\"container\">\n\t\t\t\t\t<div class=\"e-con-inner\">\n\t\t<div class=\"elementor-element elementor-element-540e5f4 e-con-full e-flex e-con e-child\" data-id=\"540e5f4\" data-element_type=\"container\" data-e-type=\"container\">\n\t\t\t\t<div class=\"elementor-element elementor-element-b088b36 elementor-widget__width-initial elementor-widget elementor-widget-image\" data-id=\"b088b36\" data-element_type=\"widget\" data-e-type=\"widget\" data-widget_type=\"image.default\">\n\t\t\t\t<div class=\"elementor-widget-container\">\n\t\t\t\t\t\t\t\t\t\t\t\t\t\t\t<img fetchpriority=\"high\" decoding=\"async\" width=\"300\" height=\"169\" src=\"https:\/\/acgcyberacademy.fr\/wp-content\/uploads\/2024\/09\/01-ach-01.webp\" class=\"attachment-large size-large wp-image-13526\" alt=\"Bechir SEBAI CEO fondateur ACG Cybersecurity expert cybers\u00e9curit\u00e9 PECB Trainer of the Year\" \/>\t\t\t\t\t\t\t\t\t\t\t\t\t\t\t<\/div>\n\t\t\t\t<\/div>\n\t\t\t\t<\/div>\n\t\t<div class=\"elementor-element elementor-element-a3480ce e-con-full e-flex e-con e-child\" data-id=\"a3480ce\" data-element_type=\"container\" data-e-type=\"container\">\n\t\t\t\t<div class=\"elementor-element elementor-element-2a3c334 elementor-widget__width-initial elementor-widget elementor-widget-text-editor\" data-id=\"2a3c334\" data-element_type=\"widget\" data-e-type=\"widget\" data-widget_type=\"text-editor.default\">\n\t\t\t\t<div class=\"elementor-widget-container\">\n\t\t\t\t\t\t\t\t\t<p>Cybersecurity has become an integral component of every organisation working in today's digital age. Unfortunately, many people still think that technical skills and expertise are enough for cybersecurity professionals to take managerial roles. However, this is inaccurate.<\/p><p>For instance, cybersecurity professionals should have solid soft skills and personality traits to help them succeed in this complex profession. Working under pressure, being a good communicator, and having integrity and ethical behaviors are essential characteristics for cybersecurity professionals that help them solve complex problems and protect their organization's sensitive data from growing cyber threats.<\/p>\t\t\t\t\t\t\t\t<\/div>\n\t\t\t\t<\/div>\n\t\t\t\t<\/div>\n\t\t\t\t\t<\/div>\n\t\t\t\t<\/div>\n\t\t<div class=\"elementor-element elementor-element-34ed36f e-flex e-con-boxed e-con e-parent\" data-id=\"34ed36f\" data-element_type=\"container\" data-e-type=\"container\">\n\t\t\t\t\t<div class=\"e-con-inner\">\n\t\t\t\t<div class=\"elementor-element elementor-element-40243d8 elementor-widget elementor-widget-text-editor\" data-id=\"40243d8\" data-element_type=\"widget\" data-e-type=\"widget\" data-widget_type=\"text-editor.default\">\n\t\t\t\t<div class=\"elementor-widget-container\">\n\t\t\t\t\t\t\t\t\t<p>Cybersecurity has become a big concern for organizations worldwide. The accelerated shift to cloud solutions, the increased number of IoT devices, and the expansion of supply chain networks have increased organisations cyberattack surface and made them vulnerable to different cyber threats.<\/p><p>Nowadays, most organizations have their security teams to respond to their needs, while the small ones outsource their IT security needs to a third-party provider. Cybersecurity managers typically manage teams and create a cyber defence strategy. The role became critical over time.<\/p><p>Becoming a leader in technology job roles does not only require having technical competencies. For instance, soft skills are essential to manage and inspire other employees. Cybersecurity experts have comprehensive knowledge about the various data protection laws implemented worldwide. These professionals remain up to date with the latest technological trends, cyber threats, attack vectors, and the best countermeasures to prevent and defeat cyberattacks.<\/p><p>With such a significant skillset and a resolute leadership acumen,\u00a0<strong>Bechir SEBAI<\/strong>,\u00a0<strong>CEO\u00a0<\/strong>of<strong>\u00a0ACG Cybersecurity<\/strong>, has built over twenty years of know-how and experience in the Information Systems Security and Cybersecurity field in France and abroad, mainly for major banking and telecommunications accounts. He has led several structuring projects, including:<\/p><ul><li>Information Security Management System (ISMS) - ISO\/IEC 27001, Privacy Management System (PIMS)- ISO\/IEC 27701, and Business Continuity Management System (BCMS)- ISO 22301, IT Risk Management, Information Security Audit and Assessment, IT Master Plan Development, Business and Service Continuity, Information Security, Cybersecurity Program Implementation, and IT Technical Audit in various sectors.<\/li><li>PECB-certified trainer and teacher at the Ecole Sup\u00e9rieure de G\u00e9nie Informatique ESGI, holder of several certifications in the field of cybersecurity, information security, risk management, EBIOS-RM, business continuity and resilience.<\/li><\/ul><p><em>Bechir has also been awarded the title of \"PECB Cybersecurity Trainer\" four times in a row (2019 to 2022), for his teaching with feedback and pedagogy, reflecting his field experience.<\/em><\/p><p>\u00a0<\/p><p><strong>The Bequest of Excellence<\/strong><\/p><p>With his experience and know-how, Bechir set up his own business by founding ACG Cybersecurity in 2019. He is an expert manager who leads a multidisciplinary team of over thirty consultants.<\/p><p>With the human being at the centre of its preoccupations, ACG Cybersecurity does not cease to progress thanks to the permanent contribution of senior consultants and experts in the field of Cybersecurity, who continuously wish to join the firm in view of the good reputation and the favourable climate which reigns there.<\/p><p>Bechir can now take pride in having ACG Cybersecurity recognized in a very demanding market; by the way, ACG Cybersecurity:<\/p><ul><li>ISO 27001 certified for its cybersecurity activities and services,<\/li><li>Is an associate member and resident of the Cyber Campus, the totem of cybersecurity in France,<\/li><li>Obtained the \"ExpertCyber\" label from Cybermalveillance.gouv.fr, designed to recognize security professionals who have demonstrated a level of technical expertise in the areas of assistance and support,<\/li><li>Obtained the \"France Cybersecurity\" label for the promotion and awareness of its solutions,<\/li><li>Is an official partner of SWIFT for the implementation and evaluation of its solutions,<\/li><li>Is a training partner with Microsoft, especially on Cloud solutions,<\/li><li>Is a member of Club Ebios-RM for the development and improvement of its risk management method,<\/li><li>Is a member of ACN, the Association for Digital Confidence. Is Qualiopi certified, for its training centre ACG Cyberacademy?<\/li><\/ul><p><strong>An Odyssey of Prominence<\/strong><\/p><p>ACG Cybersecurity has created its own training academy, ACG Cyberacademy, to respond to the growing needs and shortage of cybersecurity expertise in the market.<\/p><p>It offers a complete catalogue of certification and diploma training courses, notably thanks to a strategic and privileged partnership with PECB and its University for the marketing of its services; as a certification body, its trainers are all certified field specialists, and they animate and promote its contents and modules, as well as its approach to the development of cybersecurity skills.<\/p><p>This partnership was enriched in 2023 by an agreement with PECB University, which aims to achieve a high potential in advanced skills acquisition and the delivery of quality degrees recognized by an accredited university of higher learning.<\/p><p>\u00a0<\/p><p><strong>Symbolizing Distinction<\/strong><\/p><p>Its consultants are highly qualified specialists. ACG Cybersecurity has developed skills in information system security assessment and auditing, IT risk analysis, GDPR compliance, PCI-DSS compliance, and development of corporate security policies: information and business continuity plans, and the implementation of ISMS ISO 27001 &amp; SMCA ISO 22301.<\/p><p>ACG Cybersecurity offers three Executive MBA courses at the Cyber La D\u00e9fense Campus, which certified cybersecurity specialists will lead to obtaining degrees in:<\/p><ul><li>Executive MBA Cybersecurity<\/li><li>Executive MBA Business Continuity Management<\/li><li>Executive MBA Governance Risk and Compliance<\/li><\/ul><p>\u00a0<\/p><p>Relying on highly qualified engineers, ACG Cybersecurity has gained the satisfaction and trust of its customers and partners and continues to develop its recognised skills in the assessment, audit, consulting, support and expertise, and training in information systems security for a sustainable implementation of the French, European and international market.<\/p><p>The development of its international activities is the new battle horse of ACG Cybersecurity since the firm accelerate its progression on the European and African market but also take advantage of opportunities in the Middle East and North America.<\/p><p>ACG Cybersecurity is also involved in R&amp;D Research, Development, and Innovation; its work contributes to improving cybersecurity risk management based on the principle of \"Zero Trust\" and Artificial Intelligence\".<\/p><p>The R&amp;D work concerns a better approach based on threat intelligence to develop tools that make up an intelligent and innovative platform for detecting, anticipating and neutralization of cyberattack threats in order to assist companies in better managing cybersecurity risk.<\/p><p>\u00a0<\/p><p><strong>An Epitome of Leading Expertise<\/strong><\/p><p>ACG consultants develop and strengthen their skills through our Academy - ACG Cybersecurity. Its consultants are also certified in the functional and technical fields: Lead Implementer ISO27001, Lead Auditor ISO 27001, Lead Risk Manager ISO 27005, Lead Implementer ISO 22301, GDPR, CISSP, CISA, CISM, Cobit 5, ITIL 4, Prince 2, CEH10, OSCP, etc.<\/p>\t\t\t\t\t\t\t\t<\/div>\n\t\t\t\t<\/div>\n\t\t\t\t\t<\/div>\n\t\t\t\t<\/div>\n\t\t<div class=\"elementor-element elementor-element-690033b e-flex e-con-boxed e-con e-parent\" data-id=\"690033b\" data-element_type=\"container\" data-e-type=\"container\">\n\t\t\t\t\t<div class=\"e-con-inner\">\n\t\t<div class=\"elementor-element elementor-element-617750c e-con-full e-flex e-con e-child\" data-id=\"617750c\" data-element_type=\"container\" data-e-type=\"container\">\n\t\t<div class=\"elementor-element elementor-element-1ee1b94 e-con-full e-flex e-con e-child\" data-id=\"1ee1b94\" data-element_type=\"container\" data-e-type=\"container\">\n\t\t\t\t<div class=\"elementor-element elementor-element-7bace80 elementor-align-left elementor-widget__width-initial elementor-widget elementor-widget-button\" data-id=\"7bace80\" data-element_type=\"widget\" data-e-type=\"widget\" data-widget_type=\"button.default\">\n\t\t\t\t<div class=\"elementor-widget-container\">\n\t\t\t\t\t\t\t\t\t<div class=\"elementor-button-wrapper\">\n\t\t\t\t\t<a class=\"elementor-button elementor-button-link elementor-size-sm\" href=\"https:\/\/ciolook.com\/bechir-sebai-a-staunch-leader-reflecting-an-epitome-of-brilliance\/\" target=\"_blank\">\n\t\t\t\t\t\t<span class=\"elementor-button-content-wrapper\">\n\t\t\t\t\t\t\t\t\t<span class=\"elementor-button-text\">Find us in CIOLOOK<\/span>\n\t\t\t\t\t<\/span>\n\t\t\t\t\t<\/a>\n\t\t\t\t<\/div>\n\t\t\t\t\t\t\t\t<\/div>\n\t\t\t\t<\/div>\n\t\t\t\t<\/div>\n\t\t<div class=\"elementor-element elementor-element-5d062e7 e-con-full e-flex e-con e-child\" data-id=\"5d062e7\" data-element_type=\"container\" data-e-type=\"container\">\n\t\t\t\t<div class=\"elementor-element elementor-element-e748ed8 elementor-align-right elementor-widget elementor-widget-button\" data-id=\"e748ed8\" data-element_type=\"widget\" data-e-type=\"widget\" data-widget_type=\"button.default\">\n\t\t\t\t<div class=\"elementor-widget-container\">\n\t\t\t\t\t\t\t\t\t<div class=\"elementor-button-wrapper\">\n\t\t\t\t\t<a class=\"elementor-button elementor-button-link elementor-size-sm\" href=\"https:\/\/acgcyberacademy.fr\/en\/nos-actualites-cybersecurite\/\">\n\t\t\t\t\t\t<span class=\"elementor-button-content-wrapper\">\n\t\t\t\t\t\t\t\t\t<span class=\"elementor-button-text\">Back to <\/span>\n\t\t\t\t\t<\/span>\n\t\t\t\t\t<\/a>\n\t\t\t\t<\/div>\n\t\t\t\t\t\t\t\t<\/div>\n\t\t\t\t<\/div>\n\t\t\t\t<\/div>\n\t\t\t\t<\/div>\n\t\t\t\t\t<\/div>\n\t\t\t\t<\/div>\n\t\t\t\t<\/div>","protected":false},"excerpt":{"rendered":"<p>Bechir SEBAI: A Staunch Leader Reflecting an Epitome of Brillance\u00a0 Par\u00a0CIOLOOK. Source : ciolook.com\u00a0 Cybersecurity has become an integral component of every organization working in today\u2019s digital age. Unfortunately, many people still think that technical skills and expertise are enough for cybersecurity professionals to take managerial roles. However, this is inaccurate. For instance, cybersecurity professionals [&hellip;]<\/p>\n","protected":false},"author":5,"featured_media":13526,"parent":0,"menu_order":0,"comment_status":"closed","ping_status":"closed","template":"","meta":{"_acf_changed":false,"_glsr_average":0,"_glsr_ranking":0,"_glsr_reviews":0,"footnotes":""},"class_list":["post-13614","page","type-page","status-publish","has-post-thumbnail","hentry"],"acf":[],"yoast_head":"<!-- This site is optimized with the Yoast SEO plugin v27.3 - https:\/\/yoast.com\/product\/yoast-seo-wordpress\/ -->\n<title>Bechir SEBAI CEO ACG Cybersecurity | Leader Expert<\/title>\n<meta name=\"description\" content=\"Bechir SEBAI, CEO ACG Cybersecurity, expert en s\u00e9curit\u00e9 des SI avec 20+ ans d&#039;exp\u00e9rience. PECB Trainer of the Year 2019-2022. Leader ISO 27001, GDPR.\" \/>\n<meta name=\"robots\" content=\"index, follow, max-snippet:-1, max-image-preview:large, max-video-preview:-1\" \/>\n<link rel=\"canonical\" href=\"https:\/\/acgcyberacademy.fr\/en\/bechir-sebai-a-staunch-leader-reflecting-an-epitome-of-brillance-ciolook\/\" \/>\n<meta property=\"og:locale\" content=\"en_GB\" \/>\n<meta property=\"og:type\" content=\"article\" \/>\n<meta property=\"og:title\" content=\"Bechir SEBAI CEO ACG Cybersecurity | Leader Expert\" \/>\n<meta property=\"og:description\" content=\"Bechir SEBAI, CEO ACG Cybersecurity, expert en s\u00e9curit\u00e9 des SI avec 20+ ans d&#039;exp\u00e9rience. PECB Trainer of the Year 2019-2022. Leader ISO 27001, GDPR.\" \/>\n<meta property=\"og:url\" content=\"https:\/\/acgcyberacademy.fr\/en\/bechir-sebai-a-staunch-leader-reflecting-an-epitome-of-brillance-ciolook\/\" \/>\n<meta property=\"og:site_name\" content=\"ACG CyberAcademy\" \/>\n<meta property=\"article:modified_time\" content=\"2025-11-06T15:20:10+00:00\" \/>\n<meta property=\"og:image\" content=\"https:\/\/acgcyberacademy.fr\/wp-content\/uploads\/2024\/09\/01-ach-01.webp\" \/>\n\t<meta property=\"og:image:width\" content=\"300\" \/>\n\t<meta property=\"og:image:height\" content=\"169\" \/>\n\t<meta property=\"og:image:type\" content=\"image\/webp\" \/>\n<meta name=\"twitter:card\" content=\"summary_large_image\" \/>\n<meta name=\"twitter:label1\" content=\"Estimated reading time\" \/>\n\t<meta name=\"twitter:data1\" content=\"6 minutes\" \/>\n<script type=\"application\/ld+json\" class=\"yoast-schema-graph\">{\"@context\":\"https:\\\/\\\/schema.org\",\"@graph\":[{\"@type\":\"WebPage\",\"@id\":\"https:\\\/\\\/acgcyberacademy.fr\\\/bechir-sebai-a-staunch-leader-reflecting-an-epitome-of-brillance-ciolook\\\/\",\"url\":\"https:\\\/\\\/acgcyberacademy.fr\\\/bechir-sebai-a-staunch-leader-reflecting-an-epitome-of-brillance-ciolook\\\/\",\"name\":\"Bechir SEBAI CEO ACG Cybersecurity | Leader Expert\",\"isPartOf\":{\"@id\":\"https:\\\/\\\/acgcyberacademy.fr\\\/#website\"},\"primaryImageOfPage\":{\"@id\":\"https:\\\/\\\/acgcyberacademy.fr\\\/bechir-sebai-a-staunch-leader-reflecting-an-epitome-of-brillance-ciolook\\\/#primaryimage\"},\"image\":{\"@id\":\"https:\\\/\\\/acgcyberacademy.fr\\\/bechir-sebai-a-staunch-leader-reflecting-an-epitome-of-brillance-ciolook\\\/#primaryimage\"},\"thumbnailUrl\":\"https:\\\/\\\/acgcyberacademy.fr\\\/wp-content\\\/uploads\\\/2024\\\/09\\\/01-ach-01.webp\",\"datePublished\":\"2024-09-30T12:41:04+00:00\",\"dateModified\":\"2025-11-06T15:20:10+00:00\",\"description\":\"Bechir SEBAI, CEO ACG Cybersecurity, expert en s\u00e9curit\u00e9 des SI avec 20+ ans d'exp\u00e9rience. PECB Trainer of the Year 2019-2022. Leader ISO 27001, GDPR.\",\"breadcrumb\":{\"@id\":\"https:\\\/\\\/acgcyberacademy.fr\\\/bechir-sebai-a-staunch-leader-reflecting-an-epitome-of-brillance-ciolook\\\/#breadcrumb\"},\"inLanguage\":\"en-GB\",\"potentialAction\":[{\"@type\":\"ReadAction\",\"target\":[\"https:\\\/\\\/acgcyberacademy.fr\\\/bechir-sebai-a-staunch-leader-reflecting-an-epitome-of-brillance-ciolook\\\/\"]}]},{\"@type\":\"ImageObject\",\"inLanguage\":\"en-GB\",\"@id\":\"https:\\\/\\\/acgcyberacademy.fr\\\/bechir-sebai-a-staunch-leader-reflecting-an-epitome-of-brillance-ciolook\\\/#primaryimage\",\"url\":\"https:\\\/\\\/acgcyberacademy.fr\\\/wp-content\\\/uploads\\\/2024\\\/09\\\/01-ach-01.webp\",\"contentUrl\":\"https:\\\/\\\/acgcyberacademy.fr\\\/wp-content\\\/uploads\\\/2024\\\/09\\\/01-ach-01.webp\",\"width\":300,\"height\":169,\"caption\":\"Bechir SEBAI CEO fondateur ACG Cybersecurity expert cybers\u00e9curit\u00e9 PECB Trainer of the Year\"},{\"@type\":\"BreadcrumbList\",\"@id\":\"https:\\\/\\\/acgcyberacademy.fr\\\/bechir-sebai-a-staunch-leader-reflecting-an-epitome-of-brillance-ciolook\\\/#breadcrumb\",\"itemListElement\":[{\"@type\":\"ListItem\",\"position\":1,\"name\":\"Accueil\",\"item\":\"https:\\\/\\\/acgcyberacademy.fr\\\/\"},{\"@type\":\"ListItem\",\"position\":2,\"name\":\"Bechir SEBAI: A Staunch Leader Reflecting an Epitome of Brillance &#8211; CIOLOOK\"}]},{\"@type\":\"WebSite\",\"@id\":\"https:\\\/\\\/acgcyberacademy.fr\\\/#website\",\"url\":\"https:\\\/\\\/acgcyberacademy.fr\\\/\",\"name\":\"ACG Cyber Academy\",\"description\":\"\",\"publisher\":{\"@id\":\"https:\\\/\\\/acgcyberacademy.fr\\\/#organization\"},\"potentialAction\":[{\"@type\":\"SearchAction\",\"target\":{\"@type\":\"EntryPoint\",\"urlTemplate\":\"https:\\\/\\\/acgcyberacademy.fr\\\/?s={search_term_string}\"},\"query-input\":{\"@type\":\"PropertyValueSpecification\",\"valueRequired\":true,\"valueName\":\"search_term_string\"}}],\"inLanguage\":\"en-GB\"},{\"@type\":\"Organization\",\"@id\":\"https:\\\/\\\/acgcyberacademy.fr\\\/#organization\",\"name\":\"ACG Cyber Academy\",\"url\":\"https:\\\/\\\/acgcyberacademy.fr\\\/\",\"logo\":{\"@type\":\"ImageObject\",\"inLanguage\":\"en-GB\",\"@id\":\"https:\\\/\\\/acgcyberacademy.fr\\\/#\\\/schema\\\/logo\\\/image\\\/\",\"url\":\"https:\\\/\\\/acgcyberacademy.fr\\\/wp-content\\\/uploads\\\/2025\\\/10\\\/Untitled-15-2.png\",\"contentUrl\":\"https:\\\/\\\/acgcyberacademy.fr\\\/wp-content\\\/uploads\\\/2025\\\/10\\\/Untitled-15-2.png\",\"width\":1080,\"height\":1080,\"caption\":\"ACG Cyber Academy\"},\"image\":{\"@id\":\"https:\\\/\\\/acgcyberacademy.fr\\\/#\\\/schema\\\/logo\\\/image\\\/\"},\"sameAs\":[\"https:\\\/\\\/fr.linkedin.com\\\/company\\\/acg-cybersecurity\"]}]}<\/script>\n<!-- \/ Yoast SEO plugin. -->","yoast_head_json":{"title":"Bechir SEBAI CEO ACG Cybersecurity | Leader Expert","description":"Bechir SEBAI, CEO ACG Cybersecurity, expert en s\u00e9curit\u00e9 des SI avec 20+ ans d'exp\u00e9rience. PECB Trainer of the Year 2019-2022. Leader ISO 27001, GDPR.","robots":{"index":"index","follow":"follow","max-snippet":"max-snippet:-1","max-image-preview":"max-image-preview:large","max-video-preview":"max-video-preview:-1"},"canonical":"https:\/\/acgcyberacademy.fr\/en\/bechir-sebai-a-staunch-leader-reflecting-an-epitome-of-brillance-ciolook\/","og_locale":"en_GB","og_type":"article","og_title":"Bechir SEBAI CEO ACG Cybersecurity | Leader Expert","og_description":"Bechir SEBAI, CEO ACG Cybersecurity, expert en s\u00e9curit\u00e9 des SI avec 20+ ans d'exp\u00e9rience. PECB Trainer of the Year 2019-2022. Leader ISO 27001, GDPR.","og_url":"https:\/\/acgcyberacademy.fr\/en\/bechir-sebai-a-staunch-leader-reflecting-an-epitome-of-brillance-ciolook\/","og_site_name":"ACG CyberAcademy","article_modified_time":"2025-11-06T15:20:10+00:00","og_image":[{"width":300,"height":169,"url":"https:\/\/acgcyberacademy.fr\/wp-content\/uploads\/2024\/09\/01-ach-01.webp","type":"image\/webp"}],"twitter_card":"summary_large_image","twitter_misc":{"Estimated reading time":"6 minutes"},"schema":{"@context":"https:\/\/schema.org","@graph":[{"@type":"WebPage","@id":"https:\/\/acgcyberacademy.fr\/bechir-sebai-a-staunch-leader-reflecting-an-epitome-of-brillance-ciolook\/","url":"https:\/\/acgcyberacademy.fr\/bechir-sebai-a-staunch-leader-reflecting-an-epitome-of-brillance-ciolook\/","name":"Bechir SEBAI CEO ACG Cybersecurity | Leader Expert","isPartOf":{"@id":"https:\/\/acgcyberacademy.fr\/#website"},"primaryImageOfPage":{"@id":"https:\/\/acgcyberacademy.fr\/bechir-sebai-a-staunch-leader-reflecting-an-epitome-of-brillance-ciolook\/#primaryimage"},"image":{"@id":"https:\/\/acgcyberacademy.fr\/bechir-sebai-a-staunch-leader-reflecting-an-epitome-of-brillance-ciolook\/#primaryimage"},"thumbnailUrl":"https:\/\/acgcyberacademy.fr\/wp-content\/uploads\/2024\/09\/01-ach-01.webp","datePublished":"2024-09-30T12:41:04+00:00","dateModified":"2025-11-06T15:20:10+00:00","description":"Bechir SEBAI, CEO ACG Cybersecurity, expert en s\u00e9curit\u00e9 des SI avec 20+ ans d'exp\u00e9rience. PECB Trainer of the Year 2019-2022. Leader ISO 27001, GDPR.","breadcrumb":{"@id":"https:\/\/acgcyberacademy.fr\/bechir-sebai-a-staunch-leader-reflecting-an-epitome-of-brillance-ciolook\/#breadcrumb"},"inLanguage":"en-GB","potentialAction":[{"@type":"ReadAction","target":["https:\/\/acgcyberacademy.fr\/bechir-sebai-a-staunch-leader-reflecting-an-epitome-of-brillance-ciolook\/"]}]},{"@type":"ImageObject","inLanguage":"en-GB","@id":"https:\/\/acgcyberacademy.fr\/bechir-sebai-a-staunch-leader-reflecting-an-epitome-of-brillance-ciolook\/#primaryimage","url":"https:\/\/acgcyberacademy.fr\/wp-content\/uploads\/2024\/09\/01-ach-01.webp","contentUrl":"https:\/\/acgcyberacademy.fr\/wp-content\/uploads\/2024\/09\/01-ach-01.webp","width":300,"height":169,"caption":"Bechir SEBAI CEO fondateur ACG Cybersecurity expert cybers\u00e9curit\u00e9 PECB Trainer of the Year"},{"@type":"BreadcrumbList","@id":"https:\/\/acgcyberacademy.fr\/bechir-sebai-a-staunch-leader-reflecting-an-epitome-of-brillance-ciolook\/#breadcrumb","itemListElement":[{"@type":"ListItem","position":1,"name":"Accueil","item":"https:\/\/acgcyberacademy.fr\/"},{"@type":"ListItem","position":2,"name":"Bechir SEBAI: A Staunch Leader Reflecting an Epitome of Brillance &#8211; CIOLOOK"}]},{"@type":"WebSite","@id":"https:\/\/acgcyberacademy.fr\/#website","url":"https:\/\/acgcyberacademy.fr\/","name":"ACG Cyber Academy","description":"","publisher":{"@id":"https:\/\/acgcyberacademy.fr\/#organization"},"potentialAction":[{"@type":"SearchAction","target":{"@type":"EntryPoint","urlTemplate":"https:\/\/acgcyberacademy.fr\/?s={search_term_string}"},"query-input":{"@type":"PropertyValueSpecification","valueRequired":true,"valueName":"search_term_string"}}],"inLanguage":"en-GB"},{"@type":"Organization","@id":"https:\/\/acgcyberacademy.fr\/#organization","name":"ACG Cyber Academy","url":"https:\/\/acgcyberacademy.fr\/","logo":{"@type":"ImageObject","inLanguage":"en-GB","@id":"https:\/\/acgcyberacademy.fr\/#\/schema\/logo\/image\/","url":"https:\/\/acgcyberacademy.fr\/wp-content\/uploads\/2025\/10\/Untitled-15-2.png","contentUrl":"https:\/\/acgcyberacademy.fr\/wp-content\/uploads\/2025\/10\/Untitled-15-2.png","width":1080,"height":1080,"caption":"ACG Cyber Academy"},"image":{"@id":"https:\/\/acgcyberacademy.fr\/#\/schema\/logo\/image\/"},"sameAs":["https:\/\/fr.linkedin.com\/company\/acg-cybersecurity"]}]}},"_links":{"self":[{"href":"https:\/\/acgcyberacademy.fr\/en\/wp-json\/wp\/v2\/pages\/13614","targetHints":{"allow":["GET"]}}],"collection":[{"href":"https:\/\/acgcyberacademy.fr\/en\/wp-json\/wp\/v2\/pages"}],"about":[{"href":"https:\/\/acgcyberacademy.fr\/en\/wp-json\/wp\/v2\/types\/page"}],"author":[{"embeddable":true,"href":"https:\/\/acgcyberacademy.fr\/en\/wp-json\/wp\/v2\/users\/5"}],"replies":[{"embeddable":true,"href":"https:\/\/acgcyberacademy.fr\/en\/wp-json\/wp\/v2\/comments?post=13614"}],"version-history":[{"count":12,"href":"https:\/\/acgcyberacademy.fr\/en\/wp-json\/wp\/v2\/pages\/13614\/revisions"}],"predecessor-version":[{"id":21516,"href":"https:\/\/acgcyberacademy.fr\/en\/wp-json\/wp\/v2\/pages\/13614\/revisions\/21516"}],"wp:featuredmedia":[{"embeddable":true,"href":"https:\/\/acgcyberacademy.fr\/en\/wp-json\/wp\/v2\/media\/13526"}],"wp:attachment":[{"href":"https:\/\/acgcyberacademy.fr\/en\/wp-json\/wp\/v2\/media?parent=13614"}],"curies":[{"name":"wp","href":"https:\/\/api.w.org\/{rel}","templated":true}]}}