{"id":13639,"date":"2024-09-30T15:00:58","date_gmt":"2024-09-30T13:00:58","guid":{"rendered":"https:\/\/acgcyberacademy.fr\/?page_id=13639"},"modified":"2025-10-30T15:39:07","modified_gmt":"2025-10-30T14:39:07","slug":"bechir-sebai-chief-executive-officer-of-acg-cybersecurity-most-promising-ceos-of-2021-industry-era","status":"publish","type":"page","link":"https:\/\/acgcyberacademy.fr\/en\/bechir-sebai-chief-executive-officer-of-acg-cybersecurity-most-promising-ceos-of-2021-industry-era\/","title":{"rendered":"Bechir SEBAI: Chief Executive Officer of ACG Cybersecurity, Most Promising CEOs of 2021 - Industry Era"},"content":{"rendered":"<div data-elementor-type=\"wp-page\" data-elementor-id=\"13639\" class=\"elementor elementor-13639\" data-elementor-post-type=\"page\">\n\t\t\t\t<div class=\"elementor-element elementor-element-61f1e3d e-flex e-con-boxed e-con e-parent\" data-id=\"61f1e3d\" data-element_type=\"container\" data-e-type=\"container\">\n\t\t\t\t\t<div class=\"e-con-inner\">\n\t\t\t\t<div class=\"elementor-element elementor-element-ced5afd elementor-widget elementor-widget-text-editor\" data-id=\"ced5afd\" data-element_type=\"widget\" data-e-type=\"widget\" data-widget_type=\"text-editor.default\">\n\t\t\t\t<div class=\"elementor-widget-container\">\n\t\t\t\t\t\t\t\t\t<h5><strong>\"Leader in Cybersecurity<\/strong><\/h5><div><strong>\u00a0<\/strong><span style=\"text-align: var(--text-align);background-color: var( --e-global-color-c696dce )\">By\u00a0<\/span><span style=\"text-align: var(--text-align);background-color: var( --e-global-color-c696dce )\">Industry Era.<\/span>\u00a0Source :\u00a0<a href=\"https:\/\/www.industry-era.com\/Bechir-SEBAI-Chief-Executive-Officer-of-ACG-Cybersecurity-awarded-as-Most-Promising-CEOs-of-2021-by-IndustryEra.php\" target=\"_blank\" rel=\"noopener\">industry-era.com\u00a0<\/a><\/div>\t\t\t\t\t\t\t\t<\/div>\n\t\t\t\t<\/div>\n\t\t\t\t\t<\/div>\n\t\t\t\t<\/div>\n\t\t<div class=\"elementor-element elementor-element-2750fd9 e-flex e-con-boxed e-con e-parent\" data-id=\"2750fd9\" data-element_type=\"container\" data-e-type=\"container\">\n\t\t\t\t\t<div class=\"e-con-inner\">\n\t\t<div class=\"elementor-element elementor-element-4d6cbb1 e-con-full e-flex e-con e-child\" data-id=\"4d6cbb1\" data-element_type=\"container\" data-e-type=\"container\">\n\t\t\t\t<div class=\"elementor-element elementor-element-b6a183b elementor-widget__width-initial elementor-widget elementor-widget-image\" data-id=\"b6a183b\" data-element_type=\"widget\" data-e-type=\"widget\" data-widget_type=\"image.default\">\n\t\t\t\t<div class=\"elementor-widget-container\">\n\t\t\t\t\t\t\t\t\t\t\t\t\t\t\t<img fetchpriority=\"high\" decoding=\"async\" width=\"300\" height=\"169\" src=\"https:\/\/acgcyberacademy.fr\/wp-content\/uploads\/2024\/09\/01-ach-01.webp\" class=\"attachment-large size-large wp-image-13526\" alt=\"Bechir SEBAI CEO fondateur ACG Cybersecurity expert cybers\u00e9curit\u00e9 PECB Trainer of the Year\" \/>\t\t\t\t\t\t\t\t\t\t\t\t\t\t\t<\/div>\n\t\t\t\t<\/div>\n\t\t\t\t<\/div>\n\t\t<div class=\"elementor-element elementor-element-ea86742 e-con-full e-flex e-con e-child\" data-id=\"ea86742\" data-element_type=\"container\" data-e-type=\"container\">\n\t\t\t\t<div class=\"elementor-element elementor-element-26cffaf elementor-widget__width-initial elementor-widget elementor-widget-text-editor\" data-id=\"26cffaf\" data-element_type=\"widget\" data-e-type=\"widget\" data-widget_type=\"text-editor.default\">\n\t\t\t\t<div class=\"elementor-widget-container\">\n\t\t\t\t\t\t\t\t\t<p>ACG Cybersecurity was conceived as a consulting, auditing, and training firm, a pure player of cybersecurity, which makes it independent from manufacturers and brands; the company is composed of consultants all certified and experts on various sectors of cybersecurity. The company is an expert in risk and crisis management, who can anticipate risk and crises by implementing processes and teleworking tools, reinforcing information security mechanisms with the introduction of new management methods based on agile and collaborative work, more formal than in person, as well as on trust and efficiency.&nbsp;<\/p>\t\t\t\t\t\t\t\t<\/div>\n\t\t\t\t<\/div>\n\t\t\t\t<\/div>\n\t\t\t\t\t<\/div>\n\t\t\t\t<\/div>\n\t\t<div class=\"elementor-element elementor-element-d1188dc e-flex e-con-boxed e-con e-parent\" data-id=\"d1188dc\" data-element_type=\"container\" data-e-type=\"container\">\n\t\t\t\t\t<div class=\"e-con-inner\">\n\t\t\t\t<div class=\"elementor-element elementor-element-d4eda21 elementor-widget elementor-widget-text-editor\" data-id=\"d4eda21\" data-element_type=\"widget\" data-e-type=\"widget\" data-widget_type=\"text-editor.default\">\n\t\t\t\t<div class=\"elementor-widget-container\">\n\t\t\t\t\t\t\t\t\t<p>\"We are part of an interdependent ecosystem, we collaborate with our colleagues to build quality offers, ensuring a differentiation of services based on our skills, services rendered and the creation of added value to ensure customer satisfaction,\" says Bechir SEBAI, CEO, ACG Cybersecurity. \"If we had to choose only one of our qualities, it would be to have been able to constitute a uniform group that wants to succeed. Our team is rich in its commitment to satisfy our clients and partners through a strong team spirit based on our individual qualities and skills.\"<\/p>\n<p>ACG Cybersecurity has adopted a strategy of continuous improvement, and their experts were, for example, among the first to be certified ISO 27701 for the implementation and auditing of the information privacy management system; on the other hand, their approach of skills transfer has also paid off since they had two years in a row best French-speaking trainer of PECB. \"Our expertise has enabled us to offer a wide range of services in the field of cybersecurity, risk management, data protection, business continuity and crisis management,\" says Bechir. \"All our experts and consultants have certified skills from renowned organizations, in addition to the experience that each of us capitalizes, field consultants with more than 15 years of experience.\"<\/p>\n<blockquote><p><b>\"Implementing innovative tools of self-assessment of maturity integrating a better consideration of digital risks allowing companies to anticipate them and react adequately.\"<\/b><\/p><\/blockquote>\n<p>The company also develops maturity assessment and coaching services in cybersecurity based on various benchmarks according to the standards adopted by the customers. In addition, they focus on development strategy on monitoring, innovation, and research, including the development of systems and tools for assessment, diagnosis, and remediation of cybersecurity, based on innovative techniques and approaches.<\/p>\n<p>\"The diversity of skills of our expert consultants allows us to adapt to the needs of our customers and partners with whom we make sure to build relationships of trust, we make them partners with whom we improve by guaranteeing an added value in terms of services rendered and transfer of skills,\" adds Bechir. \"This relationship of trust and partnership with our customers commits us to accompany them and to remain always available for them.\" ACG walks hand-in-hand with their clients during consulting, audits, and training in various activities, often structuring projects requiring the group's know-how.<\/p>\n<p>\"Our company is now an essential reference in the field of training in France and in French-speaking regions of the world. I have been personally designated \"Best French trainer\" for PECB on two occasions,\" explains Bechir. \"We are also committed to innovation and research to develop new tools and services, we also implement our own method of risk assessment adapted from the ISO 27005 standard, this method adapts to the specific context of each company and takes into account in these threat scenarios several repositories and immersive areas such as the Cloud and IOT and ICS-SCADA.\"<\/p>\n<p>In addition to the innovative project mentioned above, ACG tries to differentiate itself from the market by developing new products and services by putting their skills base. Thus, implementing innovative tools of self-assessment of maturity integrating a better consideration of digital risks allowing companies to anticipate them and react adequately. These tools will accompany the new services they are putting in place, shared CISO, support for certifications and upgrades: SMSI, SMCA, PCI-DSS SWIFT. \"We therefore remain true to our principles in establishing our business strategy, we will remain a pure-player in cybersecurity, always independent of brands,\" adds the steadfast leader. \"Customer and partner satisfaction is our main performance indicator. Our group is based on individuals, the human being is our main capital, so we will continue to develop the cybersecurity skills of our employees.\" For More Information Visit https:\/\/acgcybersecurity.fr\/ IE<\/p>\t\t\t\t\t\t\t\t<\/div>\n\t\t\t\t<\/div>\n\t\t\t\t\t<\/div>\n\t\t\t\t<\/div>\n\t\t<div class=\"elementor-element elementor-element-f067e11 e-flex e-con-boxed e-con e-parent\" data-id=\"f067e11\" data-element_type=\"container\" data-e-type=\"container\">\n\t\t\t\t\t<div class=\"e-con-inner\">\n\t\t<div class=\"elementor-element elementor-element-4a828bc e-con-full e-flex e-con e-child\" data-id=\"4a828bc\" data-element_type=\"container\" data-e-type=\"container\">\n\t\t<div class=\"elementor-element elementor-element-ec0452a e-con-full e-flex e-con e-child\" data-id=\"ec0452a\" data-element_type=\"container\" data-e-type=\"container\">\n\t\t\t\t<div class=\"elementor-element elementor-element-f8bda4b elementor-align-left elementor-widget__width-initial elementor-widget elementor-widget-button\" data-id=\"f8bda4b\" data-element_type=\"widget\" data-e-type=\"widget\" data-widget_type=\"button.default\">\n\t\t\t\t<div class=\"elementor-widget-container\">\n\t\t\t\t\t\t\t\t\t<div class=\"elementor-button-wrapper\">\n\t\t\t\t\t<a class=\"elementor-button elementor-button-link elementor-size-sm\" href=\"https:\/\/www.industry-era.com\/Bechir-SEBAI-Chief-Executive-Officer-of-ACG-Cybersecurity-awarded-as-Most-Promising-CEOs-of-2021-by-IndustryEra.php\" target=\"_blank\">\n\t\t\t\t\t\t<span class=\"elementor-button-content-wrapper\">\n\t\t\t\t\t\t\t\t\t<span class=\"elementor-button-text\">Find us in Industry Era<\/span>\n\t\t\t\t\t<\/span>\n\t\t\t\t\t<\/a>\n\t\t\t\t<\/div>\n\t\t\t\t\t\t\t\t<\/div>\n\t\t\t\t<\/div>\n\t\t\t\t<\/div>\n\t\t<div class=\"elementor-element elementor-element-d301df8 e-con-full e-flex e-con e-child\" data-id=\"d301df8\" data-element_type=\"container\" data-e-type=\"container\">\n\t\t\t\t<div class=\"elementor-element elementor-element-2c5dae0 elementor-align-right elementor-widget elementor-widget-button\" data-id=\"2c5dae0\" data-element_type=\"widget\" data-e-type=\"widget\" data-widget_type=\"button.default\">\n\t\t\t\t<div class=\"elementor-widget-container\">\n\t\t\t\t\t\t\t\t\t<div class=\"elementor-button-wrapper\">\n\t\t\t\t\t<a class=\"elementor-button elementor-button-link elementor-size-sm\" href=\"https:\/\/acgcyberacademy.fr\/en\/nos-actualites-cybersecurite\/\">\n\t\t\t\t\t\t<span class=\"elementor-button-content-wrapper\">\n\t\t\t\t\t\t\t\t\t<span class=\"elementor-button-text\">Back to <\/span>\n\t\t\t\t\t<\/span>\n\t\t\t\t\t<\/a>\n\t\t\t\t<\/div>\n\t\t\t\t\t\t\t\t<\/div>\n\t\t\t\t<\/div>\n\t\t\t\t<\/div>\n\t\t\t\t<\/div>\n\t\t\t\t\t<\/div>\n\t\t\t\t<\/div>\n\t\t\t\t<\/div>","protected":false},"excerpt":{"rendered":"<p>\u00ab\u00a0Leader in Cybersecurity\u00a0\u00bb \u00a0Par\u00a0Industry Era.\u00a0Source :\u00a0industry-era.com\u00a0 ACG Cybersecurity was conceived as a consulting, auditing, and training firm, a pure player of cybersecurity, which makes it independent from manufacturers and brands; the company is composed of consultants all certified and experts on various sectors of cybersecurity. The company is an expert in risk and crisis management, [&hellip;]<\/p>\n","protected":false},"author":8,"featured_media":13526,"parent":0,"menu_order":0,"comment_status":"closed","ping_status":"closed","template":"","meta":{"_acf_changed":false,"_glsr_average":0,"_glsr_ranking":0,"_glsr_reviews":0,"footnotes":""},"class_list":["post-13639","page","type-page","status-publish","has-post-thumbnail","hentry"],"acf":[],"yoast_head":"<!-- This site is optimized with the Yoast SEO plugin v27.3 - https:\/\/yoast.com\/product\/yoast-seo-wordpress\/ -->\n<title>ACG Cybersecurity : Leader Cybers\u00e9curit\u00e9 France &amp; Europe<\/title>\n<meta name=\"description\" content=\"ACG Cybersecurity, leader cybers\u00e9curit\u00e9 France. Pure player ind\u00e9pendant. Experts ISO 27001, 27701, risk management, SMSI. Consulting, audit, formation.\" \/>\n<meta name=\"robots\" content=\"index, follow, max-snippet:-1, max-image-preview:large, max-video-preview:-1\" \/>\n<link rel=\"canonical\" href=\"https:\/\/acgcyberacademy.fr\/en\/bechir-sebai-chief-executive-officer-of-acg-cybersecurity-most-promising-ceos-of-2021-industry-era\/\" \/>\n<meta property=\"og:locale\" content=\"en_GB\" \/>\n<meta property=\"og:type\" content=\"article\" \/>\n<meta property=\"og:title\" content=\"ACG Cybersecurity : Leader Cybers\u00e9curit\u00e9 France &amp; Europe\" \/>\n<meta property=\"og:description\" content=\"ACG Cybersecurity, leader cybers\u00e9curit\u00e9 France. Pure player ind\u00e9pendant. Experts ISO 27001, 27701, risk management, SMSI. Consulting, audit, formation.\" \/>\n<meta property=\"og:url\" content=\"https:\/\/acgcyberacademy.fr\/en\/bechir-sebai-chief-executive-officer-of-acg-cybersecurity-most-promising-ceos-of-2021-industry-era\/\" \/>\n<meta property=\"og:site_name\" content=\"ACG CyberAcademy\" \/>\n<meta property=\"article:modified_time\" content=\"2025-10-30T14:39:07+00:00\" \/>\n<meta property=\"og:image\" content=\"https:\/\/acgcyberacademy.fr\/wp-content\/uploads\/2024\/09\/01-ach-01.webp\" \/>\n\t<meta property=\"og:image:width\" content=\"300\" \/>\n\t<meta property=\"og:image:height\" content=\"169\" \/>\n\t<meta property=\"og:image:type\" content=\"image\/webp\" \/>\n<meta name=\"twitter:card\" content=\"summary_large_image\" \/>\n<meta name=\"twitter:label1\" content=\"Estimated reading time\" \/>\n\t<meta name=\"twitter:data1\" content=\"4 minutes\" \/>\n<script type=\"application\/ld+json\" class=\"yoast-schema-graph\">{\"@context\":\"https:\\\/\\\/schema.org\",\"@graph\":[{\"@type\":\"WebPage\",\"@id\":\"https:\\\/\\\/acgcyberacademy.fr\\\/bechir-sebai-chief-executive-officer-of-acg-cybersecurity-most-promising-ceos-of-2021-industry-era\\\/\",\"url\":\"https:\\\/\\\/acgcyberacademy.fr\\\/bechir-sebai-chief-executive-officer-of-acg-cybersecurity-most-promising-ceos-of-2021-industry-era\\\/\",\"name\":\"ACG Cybersecurity : Leader Cybers\u00e9curit\u00e9 France & Europe\",\"isPartOf\":{\"@id\":\"https:\\\/\\\/acgcyberacademy.fr\\\/#website\"},\"primaryImageOfPage\":{\"@id\":\"https:\\\/\\\/acgcyberacademy.fr\\\/bechir-sebai-chief-executive-officer-of-acg-cybersecurity-most-promising-ceos-of-2021-industry-era\\\/#primaryimage\"},\"image\":{\"@id\":\"https:\\\/\\\/acgcyberacademy.fr\\\/bechir-sebai-chief-executive-officer-of-acg-cybersecurity-most-promising-ceos-of-2021-industry-era\\\/#primaryimage\"},\"thumbnailUrl\":\"https:\\\/\\\/acgcyberacademy.fr\\\/wp-content\\\/uploads\\\/2024\\\/09\\\/01-ach-01.webp\",\"datePublished\":\"2024-09-30T13:00:58+00:00\",\"dateModified\":\"2025-10-30T14:39:07+00:00\",\"description\":\"ACG Cybersecurity, leader cybers\u00e9curit\u00e9 France. Pure player ind\u00e9pendant. Experts ISO 27001, 27701, risk management, SMSI. Consulting, audit, formation.\",\"breadcrumb\":{\"@id\":\"https:\\\/\\\/acgcyberacademy.fr\\\/bechir-sebai-chief-executive-officer-of-acg-cybersecurity-most-promising-ceos-of-2021-industry-era\\\/#breadcrumb\"},\"inLanguage\":\"en-GB\",\"potentialAction\":[{\"@type\":\"ReadAction\",\"target\":[\"https:\\\/\\\/acgcyberacademy.fr\\\/bechir-sebai-chief-executive-officer-of-acg-cybersecurity-most-promising-ceos-of-2021-industry-era\\\/\"]}]},{\"@type\":\"ImageObject\",\"inLanguage\":\"en-GB\",\"@id\":\"https:\\\/\\\/acgcyberacademy.fr\\\/bechir-sebai-chief-executive-officer-of-acg-cybersecurity-most-promising-ceos-of-2021-industry-era\\\/#primaryimage\",\"url\":\"https:\\\/\\\/acgcyberacademy.fr\\\/wp-content\\\/uploads\\\/2024\\\/09\\\/01-ach-01.webp\",\"contentUrl\":\"https:\\\/\\\/acgcyberacademy.fr\\\/wp-content\\\/uploads\\\/2024\\\/09\\\/01-ach-01.webp\",\"width\":300,\"height\":169,\"caption\":\"Bechir SEBAI CEO fondateur ACG Cybersecurity expert cybers\u00e9curit\u00e9 PECB Trainer of the Year\"},{\"@type\":\"BreadcrumbList\",\"@id\":\"https:\\\/\\\/acgcyberacademy.fr\\\/bechir-sebai-chief-executive-officer-of-acg-cybersecurity-most-promising-ceos-of-2021-industry-era\\\/#breadcrumb\",\"itemListElement\":[{\"@type\":\"ListItem\",\"position\":1,\"name\":\"Accueil\",\"item\":\"https:\\\/\\\/acgcyberacademy.fr\\\/\"},{\"@type\":\"ListItem\",\"position\":2,\"name\":\"Bechir SEBAI: Chief Executive Officer of ACG Cybersecurity, Most Promising CEOs of 2021 &#8211; Industry Era\"}]},{\"@type\":\"WebSite\",\"@id\":\"https:\\\/\\\/acgcyberacademy.fr\\\/#website\",\"url\":\"https:\\\/\\\/acgcyberacademy.fr\\\/\",\"name\":\"ACG Cyber Academy\",\"description\":\"\",\"publisher\":{\"@id\":\"https:\\\/\\\/acgcyberacademy.fr\\\/#organization\"},\"potentialAction\":[{\"@type\":\"SearchAction\",\"target\":{\"@type\":\"EntryPoint\",\"urlTemplate\":\"https:\\\/\\\/acgcyberacademy.fr\\\/?s={search_term_string}\"},\"query-input\":{\"@type\":\"PropertyValueSpecification\",\"valueRequired\":true,\"valueName\":\"search_term_string\"}}],\"inLanguage\":\"en-GB\"},{\"@type\":\"Organization\",\"@id\":\"https:\\\/\\\/acgcyberacademy.fr\\\/#organization\",\"name\":\"ACG Cyber Academy\",\"url\":\"https:\\\/\\\/acgcyberacademy.fr\\\/\",\"logo\":{\"@type\":\"ImageObject\",\"inLanguage\":\"en-GB\",\"@id\":\"https:\\\/\\\/acgcyberacademy.fr\\\/#\\\/schema\\\/logo\\\/image\\\/\",\"url\":\"https:\\\/\\\/acgcyberacademy.fr\\\/wp-content\\\/uploads\\\/2025\\\/10\\\/Untitled-15-2.png\",\"contentUrl\":\"https:\\\/\\\/acgcyberacademy.fr\\\/wp-content\\\/uploads\\\/2025\\\/10\\\/Untitled-15-2.png\",\"width\":1080,\"height\":1080,\"caption\":\"ACG Cyber Academy\"},\"image\":{\"@id\":\"https:\\\/\\\/acgcyberacademy.fr\\\/#\\\/schema\\\/logo\\\/image\\\/\"},\"sameAs\":[\"https:\\\/\\\/fr.linkedin.com\\\/company\\\/acg-cybersecurity\"]}]}<\/script>\n<!-- \/ Yoast SEO plugin. -->","yoast_head_json":{"title":"ACG Cybersecurity : Leader Cybers\u00e9curit\u00e9 France & Europe","description":"ACG Cybersecurity, leader cybers\u00e9curit\u00e9 France. Pure player ind\u00e9pendant. Experts ISO 27001, 27701, risk management, SMSI. Consulting, audit, formation.","robots":{"index":"index","follow":"follow","max-snippet":"max-snippet:-1","max-image-preview":"max-image-preview:large","max-video-preview":"max-video-preview:-1"},"canonical":"https:\/\/acgcyberacademy.fr\/en\/bechir-sebai-chief-executive-officer-of-acg-cybersecurity-most-promising-ceos-of-2021-industry-era\/","og_locale":"en_GB","og_type":"article","og_title":"ACG Cybersecurity : Leader Cybers\u00e9curit\u00e9 France & Europe","og_description":"ACG Cybersecurity, leader cybers\u00e9curit\u00e9 France. Pure player ind\u00e9pendant. Experts ISO 27001, 27701, risk management, SMSI. Consulting, audit, formation.","og_url":"https:\/\/acgcyberacademy.fr\/en\/bechir-sebai-chief-executive-officer-of-acg-cybersecurity-most-promising-ceos-of-2021-industry-era\/","og_site_name":"ACG CyberAcademy","article_modified_time":"2025-10-30T14:39:07+00:00","og_image":[{"width":300,"height":169,"url":"https:\/\/acgcyberacademy.fr\/wp-content\/uploads\/2024\/09\/01-ach-01.webp","type":"image\/webp"}],"twitter_card":"summary_large_image","twitter_misc":{"Estimated reading time":"4 minutes"},"schema":{"@context":"https:\/\/schema.org","@graph":[{"@type":"WebPage","@id":"https:\/\/acgcyberacademy.fr\/bechir-sebai-chief-executive-officer-of-acg-cybersecurity-most-promising-ceos-of-2021-industry-era\/","url":"https:\/\/acgcyberacademy.fr\/bechir-sebai-chief-executive-officer-of-acg-cybersecurity-most-promising-ceos-of-2021-industry-era\/","name":"ACG Cybersecurity : Leader Cybers\u00e9curit\u00e9 France & Europe","isPartOf":{"@id":"https:\/\/acgcyberacademy.fr\/#website"},"primaryImageOfPage":{"@id":"https:\/\/acgcyberacademy.fr\/bechir-sebai-chief-executive-officer-of-acg-cybersecurity-most-promising-ceos-of-2021-industry-era\/#primaryimage"},"image":{"@id":"https:\/\/acgcyberacademy.fr\/bechir-sebai-chief-executive-officer-of-acg-cybersecurity-most-promising-ceos-of-2021-industry-era\/#primaryimage"},"thumbnailUrl":"https:\/\/acgcyberacademy.fr\/wp-content\/uploads\/2024\/09\/01-ach-01.webp","datePublished":"2024-09-30T13:00:58+00:00","dateModified":"2025-10-30T14:39:07+00:00","description":"ACG Cybersecurity, leader cybers\u00e9curit\u00e9 France. Pure player ind\u00e9pendant. Experts ISO 27001, 27701, risk management, SMSI. Consulting, audit, formation.","breadcrumb":{"@id":"https:\/\/acgcyberacademy.fr\/bechir-sebai-chief-executive-officer-of-acg-cybersecurity-most-promising-ceos-of-2021-industry-era\/#breadcrumb"},"inLanguage":"en-GB","potentialAction":[{"@type":"ReadAction","target":["https:\/\/acgcyberacademy.fr\/bechir-sebai-chief-executive-officer-of-acg-cybersecurity-most-promising-ceos-of-2021-industry-era\/"]}]},{"@type":"ImageObject","inLanguage":"en-GB","@id":"https:\/\/acgcyberacademy.fr\/bechir-sebai-chief-executive-officer-of-acg-cybersecurity-most-promising-ceos-of-2021-industry-era\/#primaryimage","url":"https:\/\/acgcyberacademy.fr\/wp-content\/uploads\/2024\/09\/01-ach-01.webp","contentUrl":"https:\/\/acgcyberacademy.fr\/wp-content\/uploads\/2024\/09\/01-ach-01.webp","width":300,"height":169,"caption":"Bechir SEBAI CEO fondateur ACG Cybersecurity expert cybers\u00e9curit\u00e9 PECB Trainer of the Year"},{"@type":"BreadcrumbList","@id":"https:\/\/acgcyberacademy.fr\/bechir-sebai-chief-executive-officer-of-acg-cybersecurity-most-promising-ceos-of-2021-industry-era\/#breadcrumb","itemListElement":[{"@type":"ListItem","position":1,"name":"Accueil","item":"https:\/\/acgcyberacademy.fr\/"},{"@type":"ListItem","position":2,"name":"Bechir SEBAI: Chief Executive Officer of ACG Cybersecurity, Most Promising CEOs of 2021 &#8211; Industry Era"}]},{"@type":"WebSite","@id":"https:\/\/acgcyberacademy.fr\/#website","url":"https:\/\/acgcyberacademy.fr\/","name":"ACG Cyber Academy","description":"","publisher":{"@id":"https:\/\/acgcyberacademy.fr\/#organization"},"potentialAction":[{"@type":"SearchAction","target":{"@type":"EntryPoint","urlTemplate":"https:\/\/acgcyberacademy.fr\/?s={search_term_string}"},"query-input":{"@type":"PropertyValueSpecification","valueRequired":true,"valueName":"search_term_string"}}],"inLanguage":"en-GB"},{"@type":"Organization","@id":"https:\/\/acgcyberacademy.fr\/#organization","name":"ACG Cyber Academy","url":"https:\/\/acgcyberacademy.fr\/","logo":{"@type":"ImageObject","inLanguage":"en-GB","@id":"https:\/\/acgcyberacademy.fr\/#\/schema\/logo\/image\/","url":"https:\/\/acgcyberacademy.fr\/wp-content\/uploads\/2025\/10\/Untitled-15-2.png","contentUrl":"https:\/\/acgcyberacademy.fr\/wp-content\/uploads\/2025\/10\/Untitled-15-2.png","width":1080,"height":1080,"caption":"ACG Cyber Academy"},"image":{"@id":"https:\/\/acgcyberacademy.fr\/#\/schema\/logo\/image\/"},"sameAs":["https:\/\/fr.linkedin.com\/company\/acg-cybersecurity"]}]}},"_links":{"self":[{"href":"https:\/\/acgcyberacademy.fr\/en\/wp-json\/wp\/v2\/pages\/13639","targetHints":{"allow":["GET"]}}],"collection":[{"href":"https:\/\/acgcyberacademy.fr\/en\/wp-json\/wp\/v2\/pages"}],"about":[{"href":"https:\/\/acgcyberacademy.fr\/en\/wp-json\/wp\/v2\/types\/page"}],"author":[{"embeddable":true,"href":"https:\/\/acgcyberacademy.fr\/en\/wp-json\/wp\/v2\/users\/8"}],"replies":[{"embeddable":true,"href":"https:\/\/acgcyberacademy.fr\/en\/wp-json\/wp\/v2\/comments?post=13639"}],"version-history":[{"count":3,"href":"https:\/\/acgcyberacademy.fr\/en\/wp-json\/wp\/v2\/pages\/13639\/revisions"}],"predecessor-version":[{"id":16276,"href":"https:\/\/acgcyberacademy.fr\/en\/wp-json\/wp\/v2\/pages\/13639\/revisions\/16276"}],"wp:featuredmedia":[{"embeddable":true,"href":"https:\/\/acgcyberacademy.fr\/en\/wp-json\/wp\/v2\/media\/13526"}],"wp:attachment":[{"href":"https:\/\/acgcyberacademy.fr\/en\/wp-json\/wp\/v2\/media?parent=13639"}],"curies":[{"name":"wp","href":"https:\/\/api.w.org\/{rel}","templated":true}]}}