{"id":13686,"date":"2024-09-30T15:42:47","date_gmt":"2024-09-30T13:42:47","guid":{"rendered":"https:\/\/acgcyberacademy.fr\/?page_id=13686"},"modified":"2025-11-03T18:10:50","modified_gmt":"2025-11-03T17:10:50","slug":"pecb-university-signs-a-partnership-agreement-with-acg-cybersecurity","status":"publish","type":"page","link":"https:\/\/acgcyberacademy.fr\/en\/pecb-university-signs-a-partnership-agreement-with-acg-cybersecurity\/","title":{"rendered":"PECB University signs a partnership agreement with ACG Cybersecurity"},"content":{"rendered":"<div data-elementor-type=\"wp-page\" data-elementor-id=\"13686\" class=\"elementor elementor-13686\" wpc-filter-elementor-widget=\"1\" data-elementor-post-type=\"page\">\n\t\t\t\t<div class=\"elementor-element elementor-element-043ef49 e-flex e-con-boxed e-con e-parent\" data-id=\"043ef49\" data-element_type=\"container\" data-e-type=\"container\">\n\t\t\t\t\t<div class=\"e-con-inner\">\n\t\t\t\t<div class=\"elementor-element elementor-element-ca8d7e3 elementor-widget elementor-widget-text-editor\" data-id=\"ca8d7e3\" data-element_type=\"widget\" data-e-type=\"widget\" data-widget_type=\"text-editor.default\">\n\t\t\t\t<div class=\"elementor-widget-container\">\n\t\t\t\t\t\t\t\t\t<h5><strong>PECB University signs a partnership agreement with ACG Cybersecurity<\/strong><\/h5><p>By\u00a0<span class=\"signature\"><b>PECB University. <\/b><\/span><time datetime=\"2020-02-25T15:01:44+01:00\">Source<\/time><strong><time datetime=\"2020-02-25T15:01:44+01:00\"> : <\/time><\/strong><time datetime=\"2020-02-25T15:01:44+01:00\"><a href=\"https:\/\/pecb.university\/news-events\/partnership-agreement-with-acg-cybersecurity\" target=\"_blank\" rel=\"noopener\">pecb.university<\/a><\/time><\/p>\t\t\t\t\t\t\t\t<\/div>\n\t\t\t\t<\/div>\n\t\t\t\t\t<\/div>\n\t\t\t\t<\/div>\n\t\t<div class=\"elementor-element elementor-element-4ca258a e-flex e-con-boxed e-con e-parent\" data-id=\"4ca258a\" data-element_type=\"container\" data-e-type=\"container\">\n\t\t\t\t\t<div class=\"e-con-inner\">\n\t\t\t\t<div class=\"elementor-element elementor-element-19776d2 elementor-widget elementor-widget-text-editor\" data-id=\"19776d2\" data-element_type=\"widget\" data-e-type=\"widget\" data-widget_type=\"text-editor.default\">\n\t\t\t\t<div class=\"elementor-widget-container\">\n\t\t\t\t\t\t\t\t\t<p><strong>(September 1, 2022)<\/strong>\u00a0- PECB University is privileged to announce that it has signed a new Academic partnership agreement with ACG Cybersecurity to expand its services in France and upon this established expertise, provide future-proof academic specialisations, aimed at using the coherent and updated curriculum to add value to the professional development of its students, so that students, in turn, will have the skills and knowledge to make an impact on their workplace, innovate and become pioneers of change. This partnership will ensure that the respective companies will give their contribution in a hybrid mode by offering Executive MBA degrees in Cybersecurity, Business Continuity Management, and Governance Compliance and Risk Management.\u00a0<\/p><p>\"This partnership agreement between our companies will transform the delivery of academic degrees and business services in general, by bringing together professionalism, integrity and excellence, and will allow students the opportunity to explore some of the most compelling topics of the present day by offering prosperous specializations that help them amp up their career,\" says Eric Lachapelle, Dean of PECB University. \"We believe that our Executive MBA Programs in Cybersecurity, Business Continuity Management, and Governance Compliance and Risk Management perfectly fit with ACG Cybersecurity specialization and given the international backgrounds, students will gain a broader outlook on present matters and adopt a mindset that allows them to approach situations from different angles\" concluded Lachapelle.<\/p><p>\"ACG Cybersecurity strengthens its training catalogue with the \"Executive MBA\" offering, a high-quality graduate degree delivered by PECB University. By becoming an Academic Partner, ACG Cybersecurity seals a strategic partnership with PECB University in France. As a committed associate member of Campus Cyber - La D\u00e9fense in Paris, the training courses will take place in an appropriate environment within the French cybersecurity ecosystem\" says Bechir Sebai CEO of ACG Cybersecurity.<\/p><p><strong>About PECB University<\/strong><\/p><p>PECB University is an independent institution of higher education focused on business education, which is inspired by the tenets of professionalism of its parent company, PECB Inc - a world-class certification body for persons on international standards. Based on this premise, PECB University seeks to build upon this established expertise and provide future-proof academic specializations, aimed at using the coherent and updated curriculum to add value to the professional development of its students, so that students in turn, will have the skills and knowledge to make an impact on their workplace, innovate and become pioneers of change.\u00a0<\/p><p>PECB University's mission is to provide top quality graduate level education, unique professional development opportunities and comprehensive learning management services that inspire continuous improvement, bridge the gap between academia and the labor market, and provide knowledge that benefit individuals, change organizations, and impact the society. For further information about PECB University Executive MBA Programs, visit\u00a0<a href=\"https:\/\/pecb.university\/home\">pecb.university<\/a><\/p><p><strong>About ACG Cybersecurity<\/strong><\/p><p>ACG Cybersecurity is a consulting, auditing, and training firm, composed of a team of Senior and Expert consultants in charge of implementing, operating, and securing the information systems of customers and partners<\/p><p>Relying on a team of certified and highly qualified field specialists, ACG Cybersecurity, an approved training center and certified Qualiopi, develops its own training center hosted at Campus Cyber - La D\u00e9fense in Paris.<\/p><p>Through the strategic partnership signed with PECB in France, ACG Cybersecurity is an \"Academic Partner\". We reinforce our training catalogue with the \"Executive MBA\" offer, a high quality post-graduate degree delivered by PECB University.<\/p>\t\t\t\t\t\t\t\t<\/div>\n\t\t\t\t<\/div>\n\t\t\t\t\t<\/div>\n\t\t\t\t<\/div>\n\t\t<div class=\"elementor-element elementor-element-bce0d8e e-flex e-con-boxed e-con e-parent\" data-id=\"bce0d8e\" data-element_type=\"container\" data-e-type=\"container\">\n\t\t\t\t\t<div class=\"e-con-inner\">\n\t\t<div class=\"elementor-element elementor-element-1e9f775 e-con-full e-flex e-con e-child\" data-id=\"1e9f775\" data-element_type=\"container\" data-e-type=\"container\">\n\t\t<div class=\"elementor-element elementor-element-327ea32 e-con-full e-flex e-con e-child\" data-id=\"327ea32\" data-element_type=\"container\" data-e-type=\"container\">\n\t\t<div class=\"elementor-element elementor-element-e602bd9 e-con-full e-flex e-con e-child\" data-id=\"e602bd9\" data-element_type=\"container\" data-e-type=\"container\">\n\t\t\t\t<div class=\"elementor-element elementor-element-04d02da elementor-align-left elementor-widget__width-initial elementor-widget elementor-widget-button\" data-id=\"04d02da\" data-element_type=\"widget\" data-e-type=\"widget\" data-widget_type=\"button.default\">\n\t\t\t\t<div class=\"elementor-widget-container\">\n\t\t\t\t\t\t\t\t\t<div class=\"elementor-button-wrapper\">\n\t\t\t\t\t<a class=\"elementor-button elementor-button-link elementor-size-sm\" href=\"https:\/\/pecb.university\/news-events\/partnership-agreement-with-acg-cybersecurity\" target=\"_blank\">\n\t\t\t\t\t\t<span class=\"elementor-button-content-wrapper\">\n\t\t\t\t\t\t\t\t\t<span class=\"elementor-button-text\">Join us at PECB University<\/span>\n\t\t\t\t\t<\/span>\n\t\t\t\t\t<\/a>\n\t\t\t\t<\/div>\n\t\t\t\t\t\t\t\t<\/div>\n\t\t\t\t<\/div>\n\t\t\t\t<\/div>\n\t\t<div class=\"elementor-element elementor-element-4e27d55 e-con-full e-flex e-con e-child\" data-id=\"4e27d55\" data-element_type=\"container\" data-e-type=\"container\">\n\t\t\t\t<div class=\"elementor-element elementor-element-46b42e1 elementor-align-right elementor-widget elementor-widget-button\" data-id=\"46b42e1\" data-element_type=\"widget\" data-e-type=\"widget\" data-widget_type=\"button.default\">\n\t\t\t\t<div class=\"elementor-widget-container\">\n\t\t\t\t\t\t\t\t\t<div class=\"elementor-button-wrapper\">\n\t\t\t\t\t<a class=\"elementor-button elementor-button-link elementor-size-sm\" href=\"https:\/\/acgcyberacademy.fr\/en\/nos-actualites-cybersecurite\/\">\n\t\t\t\t\t\t<span class=\"elementor-button-content-wrapper\">\n\t\t\t\t\t\t\t\t\t<span class=\"elementor-button-text\">Back to <\/span>\n\t\t\t\t\t<\/span>\n\t\t\t\t\t<\/a>\n\t\t\t\t<\/div>\n\t\t\t\t\t\t\t\t<\/div>\n\t\t\t\t<\/div>\n\t\t\t\t<\/div>\n\t\t\t\t<\/div>\n\t\t\t\t<\/div>\n\t\t\t\t\t<\/div>\n\t\t\t\t<\/div>\n\t\t\t\t<\/div>","protected":false},"excerpt":{"rendered":"<p>PECB University signs a partnership agreement with ACG Cybersecurity Par\u00a0PECB University. Source : pecb.university (September 1, 2022)\u00a0\u2013 PECB University is privileged to announce that it has signed a new Academic partnership agreement with ACG Cybersecurity to expand its services in France and upon this established expertise, provide future-proof academic specializations, aimed at using the coherent [&hellip;]<\/p>\n","protected":false},"author":8,"featured_media":0,"parent":0,"menu_order":0,"comment_status":"closed","ping_status":"closed","template":"","meta":{"_acf_changed":false,"_glsr_average":0,"_glsr_ranking":0,"_glsr_reviews":0,"footnotes":""},"class_list":["post-13686","page","type-page","status-publish","hentry"],"acf":[],"yoast_head":"<!-- This site is optimized with the Yoast SEO plugin v27.3 - https:\/\/yoast.com\/product\/yoast-seo-wordpress\/ -->\n<title>MBA Cybers\u00e9curit\u00e9 \u2013 PECB University &amp; ACG Cybersecurity<\/title>\n<meta name=\"description\" content=\"PECB University s\u2019associe \u00e0 ACG Cybersecurity pour des Executive MBA en cybers\u00e9curit\u00e9, continuit\u00e9 des activit\u00e9s et GRC en France.\" \/>\n<meta name=\"robots\" content=\"index, follow, max-snippet:-1, max-image-preview:large, max-video-preview:-1\" \/>\n<link rel=\"canonical\" href=\"https:\/\/acgcyberacademy.fr\/en\/pecb-university-signs-a-partnership-agreement-with-acg-cybersecurity\/\" \/>\n<meta property=\"og:locale\" content=\"en_GB\" \/>\n<meta property=\"og:type\" content=\"article\" \/>\n<meta property=\"og:title\" content=\"MBA Cybers\u00e9curit\u00e9 \u2013 PECB University &amp; ACG Cybersecurity\" \/>\n<meta property=\"og:description\" content=\"PECB University s\u2019associe \u00e0 ACG Cybersecurity pour des Executive MBA en cybers\u00e9curit\u00e9, continuit\u00e9 des activit\u00e9s et GRC en France.\" \/>\n<meta property=\"og:url\" content=\"https:\/\/acgcyberacademy.fr\/en\/pecb-university-signs-a-partnership-agreement-with-acg-cybersecurity\/\" \/>\n<meta property=\"og:site_name\" content=\"ACG CyberAcademy\" \/>\n<meta property=\"article:modified_time\" content=\"2025-11-03T17:10:50+00:00\" \/>\n<meta property=\"og:image\" content=\"https:\/\/acgcyberacademy.fr\/wp-content\/uploads\/2026\/03\/cropped-cropped-acg-cyber-academy-logo.png\" \/>\n\t<meta property=\"og:image:width\" content=\"200\" \/>\n\t<meta property=\"og:image:height\" content=\"100\" \/>\n\t<meta property=\"og:image:type\" content=\"image\/png\" \/>\n<meta name=\"twitter:card\" content=\"summary_large_image\" \/>\n<meta name=\"twitter:label1\" content=\"Estimated reading time\" \/>\n\t<meta name=\"twitter:data1\" content=\"3 minutes\" \/>\n<script type=\"application\/ld+json\" class=\"yoast-schema-graph\">{\"@context\":\"https:\\\/\\\/schema.org\",\"@graph\":[{\"@type\":\"WebPage\",\"@id\":\"https:\\\/\\\/acgcyberacademy.fr\\\/pecb-university-signs-a-partnership-agreement-with-acg-cybersecurity\\\/\",\"url\":\"https:\\\/\\\/acgcyberacademy.fr\\\/pecb-university-signs-a-partnership-agreement-with-acg-cybersecurity\\\/\",\"name\":\"MBA Cybers\u00e9curit\u00e9 \u2013 PECB University & ACG Cybersecurity\",\"isPartOf\":{\"@id\":\"https:\\\/\\\/acgcyberacademy.fr\\\/#website\"},\"datePublished\":\"2024-09-30T13:42:47+00:00\",\"dateModified\":\"2025-11-03T17:10:50+00:00\",\"description\":\"PECB University s\u2019associe \u00e0 ACG Cybersecurity pour des Executive MBA en cybers\u00e9curit\u00e9, continuit\u00e9 des activit\u00e9s et GRC en France.\",\"breadcrumb\":{\"@id\":\"https:\\\/\\\/acgcyberacademy.fr\\\/pecb-university-signs-a-partnership-agreement-with-acg-cybersecurity\\\/#breadcrumb\"},\"inLanguage\":\"en-GB\",\"potentialAction\":[{\"@type\":\"ReadAction\",\"target\":[\"https:\\\/\\\/acgcyberacademy.fr\\\/pecb-university-signs-a-partnership-agreement-with-acg-cybersecurity\\\/\"]}]},{\"@type\":\"BreadcrumbList\",\"@id\":\"https:\\\/\\\/acgcyberacademy.fr\\\/pecb-university-signs-a-partnership-agreement-with-acg-cybersecurity\\\/#breadcrumb\",\"itemListElement\":[{\"@type\":\"ListItem\",\"position\":1,\"name\":\"Accueil\",\"item\":\"https:\\\/\\\/acgcyberacademy.fr\\\/\"},{\"@type\":\"ListItem\",\"position\":2,\"name\":\"PECB University signs a partnership agreement with ACG Cybersecurity\"}]},{\"@type\":\"WebSite\",\"@id\":\"https:\\\/\\\/acgcyberacademy.fr\\\/#website\",\"url\":\"https:\\\/\\\/acgcyberacademy.fr\\\/\",\"name\":\"ACG Cyber Academy\",\"description\":\"\",\"publisher\":{\"@id\":\"https:\\\/\\\/acgcyberacademy.fr\\\/#organization\"},\"potentialAction\":[{\"@type\":\"SearchAction\",\"target\":{\"@type\":\"EntryPoint\",\"urlTemplate\":\"https:\\\/\\\/acgcyberacademy.fr\\\/?s={search_term_string}\"},\"query-input\":{\"@type\":\"PropertyValueSpecification\",\"valueRequired\":true,\"valueName\":\"search_term_string\"}}],\"inLanguage\":\"en-GB\"},{\"@type\":\"Organization\",\"@id\":\"https:\\\/\\\/acgcyberacademy.fr\\\/#organization\",\"name\":\"ACG Cyber Academy\",\"url\":\"https:\\\/\\\/acgcyberacademy.fr\\\/\",\"logo\":{\"@type\":\"ImageObject\",\"inLanguage\":\"en-GB\",\"@id\":\"https:\\\/\\\/acgcyberacademy.fr\\\/#\\\/schema\\\/logo\\\/image\\\/\",\"url\":\"https:\\\/\\\/acgcyberacademy.fr\\\/wp-content\\\/uploads\\\/2025\\\/10\\\/Untitled-15-2.png\",\"contentUrl\":\"https:\\\/\\\/acgcyberacademy.fr\\\/wp-content\\\/uploads\\\/2025\\\/10\\\/Untitled-15-2.png\",\"width\":1080,\"height\":1080,\"caption\":\"ACG Cyber Academy\"},\"image\":{\"@id\":\"https:\\\/\\\/acgcyberacademy.fr\\\/#\\\/schema\\\/logo\\\/image\\\/\"},\"sameAs\":[\"https:\\\/\\\/fr.linkedin.com\\\/company\\\/acg-cybersecurity\"]}]}<\/script>\n<!-- \/ Yoast SEO plugin. -->","yoast_head_json":{"title":"MBA Cybers\u00e9curit\u00e9 \u2013 PECB University & ACG Cybersecurity","description":"PECB University s\u2019associe \u00e0 ACG Cybersecurity pour des Executive MBA en cybers\u00e9curit\u00e9, continuit\u00e9 des activit\u00e9s et GRC en France.","robots":{"index":"index","follow":"follow","max-snippet":"max-snippet:-1","max-image-preview":"max-image-preview:large","max-video-preview":"max-video-preview:-1"},"canonical":"https:\/\/acgcyberacademy.fr\/en\/pecb-university-signs-a-partnership-agreement-with-acg-cybersecurity\/","og_locale":"en_GB","og_type":"article","og_title":"MBA Cybers\u00e9curit\u00e9 \u2013 PECB University & ACG Cybersecurity","og_description":"PECB University s\u2019associe \u00e0 ACG Cybersecurity pour des Executive MBA en cybers\u00e9curit\u00e9, continuit\u00e9 des activit\u00e9s et GRC en France.","og_url":"https:\/\/acgcyberacademy.fr\/en\/pecb-university-signs-a-partnership-agreement-with-acg-cybersecurity\/","og_site_name":"ACG CyberAcademy","article_modified_time":"2025-11-03T17:10:50+00:00","og_image":[{"width":200,"height":100,"url":"https:\/\/acgcyberacademy.fr\/wp-content\/uploads\/2026\/03\/cropped-cropped-acg-cyber-academy-logo.png","type":"image\/png"}],"twitter_card":"summary_large_image","twitter_misc":{"Estimated reading time":"3 minutes"},"schema":{"@context":"https:\/\/schema.org","@graph":[{"@type":"WebPage","@id":"https:\/\/acgcyberacademy.fr\/pecb-university-signs-a-partnership-agreement-with-acg-cybersecurity\/","url":"https:\/\/acgcyberacademy.fr\/pecb-university-signs-a-partnership-agreement-with-acg-cybersecurity\/","name":"MBA Cybers\u00e9curit\u00e9 \u2013 PECB University & ACG Cybersecurity","isPartOf":{"@id":"https:\/\/acgcyberacademy.fr\/#website"},"datePublished":"2024-09-30T13:42:47+00:00","dateModified":"2025-11-03T17:10:50+00:00","description":"PECB University s\u2019associe \u00e0 ACG Cybersecurity pour des Executive MBA en cybers\u00e9curit\u00e9, continuit\u00e9 des activit\u00e9s et GRC en France.","breadcrumb":{"@id":"https:\/\/acgcyberacademy.fr\/pecb-university-signs-a-partnership-agreement-with-acg-cybersecurity\/#breadcrumb"},"inLanguage":"en-GB","potentialAction":[{"@type":"ReadAction","target":["https:\/\/acgcyberacademy.fr\/pecb-university-signs-a-partnership-agreement-with-acg-cybersecurity\/"]}]},{"@type":"BreadcrumbList","@id":"https:\/\/acgcyberacademy.fr\/pecb-university-signs-a-partnership-agreement-with-acg-cybersecurity\/#breadcrumb","itemListElement":[{"@type":"ListItem","position":1,"name":"Accueil","item":"https:\/\/acgcyberacademy.fr\/"},{"@type":"ListItem","position":2,"name":"PECB University signs a partnership agreement with ACG Cybersecurity"}]},{"@type":"WebSite","@id":"https:\/\/acgcyberacademy.fr\/#website","url":"https:\/\/acgcyberacademy.fr\/","name":"ACG Cyber Academy","description":"","publisher":{"@id":"https:\/\/acgcyberacademy.fr\/#organization"},"potentialAction":[{"@type":"SearchAction","target":{"@type":"EntryPoint","urlTemplate":"https:\/\/acgcyberacademy.fr\/?s={search_term_string}"},"query-input":{"@type":"PropertyValueSpecification","valueRequired":true,"valueName":"search_term_string"}}],"inLanguage":"en-GB"},{"@type":"Organization","@id":"https:\/\/acgcyberacademy.fr\/#organization","name":"ACG Cyber Academy","url":"https:\/\/acgcyberacademy.fr\/","logo":{"@type":"ImageObject","inLanguage":"en-GB","@id":"https:\/\/acgcyberacademy.fr\/#\/schema\/logo\/image\/","url":"https:\/\/acgcyberacademy.fr\/wp-content\/uploads\/2025\/10\/Untitled-15-2.png","contentUrl":"https:\/\/acgcyberacademy.fr\/wp-content\/uploads\/2025\/10\/Untitled-15-2.png","width":1080,"height":1080,"caption":"ACG Cyber Academy"},"image":{"@id":"https:\/\/acgcyberacademy.fr\/#\/schema\/logo\/image\/"},"sameAs":["https:\/\/fr.linkedin.com\/company\/acg-cybersecurity"]}]}},"_links":{"self":[{"href":"https:\/\/acgcyberacademy.fr\/en\/wp-json\/wp\/v2\/pages\/13686","targetHints":{"allow":["GET"]}}],"collection":[{"href":"https:\/\/acgcyberacademy.fr\/en\/wp-json\/wp\/v2\/pages"}],"about":[{"href":"https:\/\/acgcyberacademy.fr\/en\/wp-json\/wp\/v2\/types\/page"}],"author":[{"embeddable":true,"href":"https:\/\/acgcyberacademy.fr\/en\/wp-json\/wp\/v2\/users\/8"}],"replies":[{"embeddable":true,"href":"https:\/\/acgcyberacademy.fr\/en\/wp-json\/wp\/v2\/comments?post=13686"}],"version-history":[{"count":1,"href":"https:\/\/acgcyberacademy.fr\/en\/wp-json\/wp\/v2\/pages\/13686\/revisions"}],"predecessor-version":[{"id":21352,"href":"https:\/\/acgcyberacademy.fr\/en\/wp-json\/wp\/v2\/pages\/13686\/revisions\/21352"}],"wp:attachment":[{"href":"https:\/\/acgcyberacademy.fr\/en\/wp-json\/wp\/v2\/media?parent=13686"}],"curies":[{"name":"wp","href":"https:\/\/api.w.org\/{rel}","templated":true}]}}