{"id":13739,"date":"2024-09-30T16:21:56","date_gmt":"2024-09-30T14:21:56","guid":{"rendered":"https:\/\/acgcyberacademy.fr\/?page_id=13739"},"modified":"2025-10-30T15:54:20","modified_gmt":"2025-10-30T14:54:20","slug":"bigtech-africa-summit-2024","status":"publish","type":"page","link":"https:\/\/acgcyberacademy.fr\/en\/bigtech-africa-summit-2024\/","title":{"rendered":"BIGTECH AFRICA Summit 2024"},"content":{"rendered":"<div data-elementor-type=\"wp-page\" data-elementor-id=\"13739\" class=\"elementor elementor-13739\" data-elementor-post-type=\"page\">\n\t\t\t\t<div class=\"elementor-element elementor-element-51e8496 e-con-full e-flex e-con e-parent\" data-id=\"51e8496\" data-element_type=\"container\" data-e-type=\"container\">\n\t\t\t\t<div class=\"elementor-element elementor-element-24d21e0 elementor-widget elementor-widget-text-editor\" data-id=\"24d21e0\" data-element_type=\"widget\" data-e-type=\"widget\" data-widget_type=\"text-editor.default\">\n\t\t\t\t<div class=\"elementor-widget-container\">\n\t\t\t\t\t\t\t\t\t<h5><strong>ACG Cybersecurity at the BIGTECH AFRICA Summit 2024: A visionary speech by Bechir SEBAI on cybersecurity and AI<\/strong><\/h5><div>Date: 29\/06\/2024<\/div>\t\t\t\t\t\t\t\t<\/div>\n\t\t\t\t<\/div>\n\t\t\t\t<\/div>\n\t\t<div class=\"elementor-element elementor-element-8f28318 e-con-full e-flex e-con e-parent\" data-id=\"8f28318\" data-element_type=\"container\" data-e-type=\"container\" data-settings=\"{&quot;background_background&quot;:&quot;classic&quot;}\">\n\t\t<div class=\"elementor-element elementor-element-2eb9c23 e-con-full e-flex e-con e-child\" data-id=\"2eb9c23\" data-element_type=\"container\" data-e-type=\"container\" data-settings=\"{&quot;background_background&quot;:&quot;classic&quot;}\">\n\t\t\t\t<div class=\"elementor-element elementor-element-4b95be8 elementor-widget elementor-widget-image\" data-id=\"4b95be8\" data-element_type=\"widget\" data-e-type=\"widget\" data-widget_type=\"image.default\">\n\t\t\t\t<div class=\"elementor-widget-container\">\n\t\t\t\t\t\t\t\t\t\t\t\t\t\t\t<img fetchpriority=\"high\" decoding=\"async\" width=\"800\" height=\"455\" src=\"https:\/\/acgcyberacademy.fr\/wp-content\/uploads\/2024\/09\/1719315734956.jpg\" class=\"attachment-large size-large wp-image-13754\" alt=\"ACG Cybersecurity BIGTECH AFRICA Summit 2024 Tunisie Bechir SEBAI panel cybers\u00e9curit\u00e9 IA\" srcset=\"https:\/\/acgcyberacademy.fr\/wp-content\/uploads\/2024\/09\/1719315734956.jpg 800w, https:\/\/acgcyberacademy.fr\/wp-content\/uploads\/2024\/09\/1719315734956-300x171.jpg 300w, https:\/\/acgcyberacademy.fr\/wp-content\/uploads\/2024\/09\/1719315734956-768x437.jpg 768w\" sizes=\"(max-width: 800px) 100vw, 800px\" \/>\t\t\t\t\t\t\t\t\t\t\t\t\t\t\t<\/div>\n\t\t\t\t<\/div>\n\t\t\t\t<\/div>\n\t\t\t\t<\/div>\n\t\t<div class=\"elementor-element elementor-element-fafc249 e-flex e-con-boxed e-con e-parent\" data-id=\"fafc249\" data-element_type=\"container\" data-e-type=\"container\">\n\t\t\t\t\t<div class=\"e-con-inner\">\n\t\t<div class=\"elementor-element elementor-element-a38ee92 e-con-full e-flex e-con e-child\" data-id=\"a38ee92\" data-element_type=\"container\" data-e-type=\"container\">\n\t\t\t\t<div class=\"elementor-element elementor-element-f4105c9 elementor-widget elementor-widget-text-editor\" data-id=\"f4105c9\" data-element_type=\"widget\" data-e-type=\"widget\" data-widget_type=\"text-editor.default\">\n\t\t\t\t<div class=\"elementor-widget-container\">\n\t\t\t\t\t\t\t\t\t<p><b><span data-contrast=\"auto\">ACG Cybersecurity<\/span><\/b><span data-contrast=\"auto\"> is proud to have been represented by its CEO, Bechir SEBAI, at the prestigious <\/span><b><span data-contrast=\"auto\">BIGTECH AFRICA Summit 2024<\/span><\/b><span data-contrast=\"auto\">. This key event for tech and innovation in Africa brought together industry leaders to discuss the crucial issues of cybersecurity in an environment dominated by artificial intelligence (AI).<\/span><span data-ccp-props=\"{&quot;201341983&quot;:0,&quot;335551550&quot;:6,&quot;335551620&quot;:6,&quot;335559739&quot;:160,&quot;335559740&quot;:259}\">\u00a0<\/span><\/p><p><span data-contrast=\"auto\">The summit, held in <\/span><b><span data-contrast=\"auto\">Tunisia<\/span><\/b><span data-contrast=\"auto\">This year's event featured more than 150 high-profile speakers and around 30 conferences covering a wide range of topics, from tech and AI to investment strategies. <\/span><b><span data-contrast=\"auto\">The CEO of ACG Cybersecurity<\/span><\/b><span data-contrast=\"auto\"> had the pleasure of taking part in the panel entitled \"Cybersecurity in an AI-driven environment: issues and challenges for businesses\", providing innovative perspectives and practical solutions to the new digital threats.<\/span><span data-ccp-props=\"{&quot;201341983&quot;:0,&quot;335551550&quot;:6,&quot;335551620&quot;:6,&quot;335559739&quot;:160,&quot;335559740&quot;:259}\">\u00a0<\/span><\/p><p><span data-contrast=\"auto\">During his speech, <\/span><b><span data-contrast=\"auto\">The CEO of ACG Cybersecurity<\/span><\/b><span data-contrast=\"auto\"> highlighted the importance of cybersecurity in the AI era, emphasising the extent to which the integration of intelligent technologies requires robust security approaches to protect businesses and critical infrastructures.\u00a0<\/span><span data-ccp-props=\"{&quot;201341983&quot;:0,&quot;335551550&quot;:6,&quot;335551620&quot;:6,&quot;335559739&quot;:160,&quot;335559740&quot;:259}\">\u00a0<\/span><\/p><p><b><span data-contrast=\"auto\">Bechir SEBAI<\/span><\/b> <b><span data-contrast=\"auto\">CEO of ACG Cybersecurity<\/span><\/b><span data-contrast=\"auto\"> shared the stage with experts such as <\/span><b><span data-contrast=\"auto\">Ing Olaya Bahloul Ghenia E-MBA<\/span><\/b><span data-contrast=\"auto\">, <\/span><b><span data-contrast=\"auto\">Ryma Abassi<\/span><\/b><span data-contrast=\"auto\">and <\/span><b><span data-contrast=\"auto\">Donia ElKateb, Ph.D and Achraf Jday Head of Transformation through AI<\/span><\/b><span data-contrast=\"auto\"> and discussed with them their experiences of the current challenges facing the sector.<\/span><span data-ccp-props=\"{&quot;201341983&quot;:0,&quot;335551550&quot;:6,&quot;335551620&quot;:6,&quot;335559739&quot;:160,&quot;335559740&quot;:259}\">\u00a0<\/span><\/p>\t\t\t\t\t\t\t\t<\/div>\n\t\t\t\t<\/div>\n\t\t\t\t<\/div>\n\t\t<div class=\"elementor-element elementor-element-5fe1740 e-con-full e-flex e-con e-child\" data-id=\"5fe1740\" data-element_type=\"container\" data-e-type=\"container\">\n\t\t\t\t<div class=\"elementor-element elementor-element-5846eca elementor-widget elementor-widget-text-editor\" data-id=\"5846eca\" data-element_type=\"widget\" data-e-type=\"widget\" data-widget_type=\"text-editor.default\">\n\t\t\t\t<div class=\"elementor-widget-container\">\n\t\t\t\t\t\t\t\t\t<p><strong>An ongoing commitment to innovation in Tunisia and Africa<\/strong><\/p><p><span data-contrast=\"auto\">We would like to extend our warmest thanks to the organisers of the <\/span><b><span data-contrast=\"auto\">BIGTECH AFRICA Summit<\/span><\/b><span data-contrast=\"auto\"> for this enriching experience in a very pleasant setting. The event demonstrated once again that collaboration, knowledge sharing and the search for innovation are essential to the growth of the technology sector in Europe. <\/span><b><span data-contrast=\"auto\">Africa<\/span><\/b><span data-contrast=\"auto\">.<\/span><span data-ccp-props=\"{&quot;201341983&quot;:0,&quot;335551550&quot;:6,&quot;335551620&quot;:6,&quot;335559739&quot;:160,&quot;335559740&quot;:259}\">\u00a0<\/span><\/p><p><span data-contrast=\"auto\">. <\/span><b><span data-contrast=\"auto\">ACG Cybersecurity<\/span><\/b><span data-contrast=\"auto\">We remain more determined than ever to continue supporting and promoting initiatives that are shaping the future of cyber security in Europe. <\/span><b><span data-contrast=\"auto\">Tunisia<\/span><\/b><span data-contrast=\"auto\"> and on the African continent. Thanks to their passion and unwavering commitment, our team continues to push back the boundaries to build a safer, more innovative future.<\/span><span data-ccp-props=\"{&quot;201341983&quot;:0,&quot;335551550&quot;:6,&quot;335551620&quot;:6,&quot;335559739&quot;:160,&quot;335559740&quot;:259}\">\u00a0<\/span><\/p><p>\u00a0<\/p><p>\u00a0<\/p>\t\t\t\t\t\t\t\t<\/div>\n\t\t\t\t<\/div>\n\t\t\t\t<\/div>\n\t\t\t\t\t<\/div>\n\t\t\t\t<\/div>\n\t\t<div class=\"elementor-element elementor-element-966f9a8 e-con-full e-flex e-con e-parent\" data-id=\"966f9a8\" data-element_type=\"container\" data-e-type=\"container\" data-settings=\"{&quot;background_background&quot;:&quot;classic&quot;}\">\n\t\t<div class=\"elementor-element elementor-element-14aa26f e-con-full e-flex e-con e-child\" data-id=\"14aa26f\" data-element_type=\"container\" data-e-type=\"container\">\n\t\t\t\t<div class=\"elementor-element elementor-element-fb76a51 elementor-widget elementor-widget-image\" data-id=\"fb76a51\" data-element_type=\"widget\" data-e-type=\"widget\" data-widget_type=\"image.default\">\n\t\t\t\t<div class=\"elementor-widget-container\">\n\t\t\t\t\t\t\t\t\t\t\t\t\t\t\t<img decoding=\"async\" width=\"800\" height=\"600\" src=\"https:\/\/acgcyberacademy.fr\/wp-content\/uploads\/2024\/09\/1719490301715-1024x768.jpg\" class=\"attachment-large size-large wp-image-13751\" alt=\"Bechir SEBAI CEO ACG Cybersecurity panel cybers\u00e9curit\u00e9 intelligence artificielle BIGTECH AFRICA Summit 2024\" srcset=\"https:\/\/acgcyberacademy.fr\/wp-content\/uploads\/2024\/09\/1719490301715-1024x768.jpg 1024w, https:\/\/acgcyberacademy.fr\/wp-content\/uploads\/2024\/09\/1719490301715-300x225.jpg 300w, https:\/\/acgcyberacademy.fr\/wp-content\/uploads\/2024\/09\/1719490301715-768x576.jpg 768w, https:\/\/acgcyberacademy.fr\/wp-content\/uploads\/2024\/09\/1719490301715.jpg 1280w\" sizes=\"(max-width: 800px) 100vw, 800px\" \/>\t\t\t\t\t\t\t\t\t\t\t\t\t\t\t<\/div>\n\t\t\t\t<\/div>\n\t\t\t\t<\/div>\n\t\t<div class=\"elementor-element elementor-element-2342fd4 e-con-full e-flex e-con e-child\" data-id=\"2342fd4\" data-element_type=\"container\" data-e-type=\"container\">\n\t\t\t\t<div class=\"elementor-element elementor-element-a357498 elementor-widget elementor-widget-image\" data-id=\"a357498\" data-element_type=\"widget\" data-e-type=\"widget\" data-widget_type=\"image.default\">\n\t\t\t\t<div class=\"elementor-widget-container\">\n\t\t\t\t\t\t\t\t\t\t\t\t\t\t\t<img decoding=\"async\" width=\"800\" height=\"600\" src=\"https:\/\/acgcyberacademy.fr\/wp-content\/uploads\/2024\/09\/1719490304692-1024x768.jpg\" class=\"attachment-large size-large wp-image-13752\" alt=\"Bechir SEBAI CEO ACG Cybersecurity panel cybers\u00e9curit\u00e9 intelligence artificielle BIGTECH AFRICA Summit 2024\" srcset=\"https:\/\/acgcyberacademy.fr\/wp-content\/uploads\/2024\/09\/1719490304692-1024x768.jpg 1024w, https:\/\/acgcyberacademy.fr\/wp-content\/uploads\/2024\/09\/1719490304692-300x225.jpg 300w, https:\/\/acgcyberacademy.fr\/wp-content\/uploads\/2024\/09\/1719490304692-768x576.jpg 768w, https:\/\/acgcyberacademy.fr\/wp-content\/uploads\/2024\/09\/1719490304692-1536x1152.jpg 1536w, https:\/\/acgcyberacademy.fr\/wp-content\/uploads\/2024\/09\/1719490304692.jpg 1600w\" sizes=\"(max-width: 800px) 100vw, 800px\" \/>\t\t\t\t\t\t\t\t\t\t\t\t\t\t\t<\/div>\n\t\t\t\t<\/div>\n\t\t\t\t<\/div>\n\t\t\t\t<\/div>\n\t\t<div class=\"elementor-element elementor-element-94308fc e-flex e-con-boxed e-con e-parent\" data-id=\"94308fc\" data-element_type=\"container\" data-e-type=\"container\">\n\t\t\t\t\t<div class=\"e-con-inner\">\n\t\t\t\t<div class=\"elementor-element elementor-element-7c1fe54 elementor-align-right elementor-widget__width-initial elementor-widget elementor-widget-button\" data-id=\"7c1fe54\" data-element_type=\"widget\" data-e-type=\"widget\" data-widget_type=\"button.default\">\n\t\t\t\t<div class=\"elementor-widget-container\">\n\t\t\t\t\t\t\t\t\t<div class=\"elementor-button-wrapper\">\n\t\t\t\t\t<a class=\"elementor-button elementor-button-link elementor-size-sm\" href=\"https:\/\/acgcyberacademy.fr\/en\/nos-actualites-cybersecurite\/\">\n\t\t\t\t\t\t<span class=\"elementor-button-content-wrapper\">\n\t\t\t\t\t\t\t\t\t<span class=\"elementor-button-text\">Back to <\/span>\n\t\t\t\t\t<\/span>\n\t\t\t\t\t<\/a>\n\t\t\t\t<\/div>\n\t\t\t\t\t\t\t\t<\/div>\n\t\t\t\t<\/div>\n\t\t\t\t\t<\/div>\n\t\t\t\t<\/div>\n\t\t\t\t<\/div>","protected":false},"excerpt":{"rendered":"<p>ACG Cybersecurity au BIGTECH AFRICA Summit 2024 : Une intervention visionnaire de Bechir SEBAI sur la cybers\u00e9curit\u00e9 et l&rsquo;IA Date : 29\/06\/2024 ACG Cybersecurity est fi\u00e8re d\u2019avoir \u00e9t\u00e9 repr\u00e9sent\u00e9e par son CEO, Bechir SEBAI, lors du prestigieux BIGTECH AFRICA Summit 2024. Cet \u00e9v\u00e9nement incontournable de la Tech et de l\u2019innovation en Afrique a rassembl\u00e9 des [&hellip;]<\/p>\n","protected":false},"author":8,"featured_media":0,"parent":0,"menu_order":0,"comment_status":"closed","ping_status":"closed","template":"","meta":{"_acf_changed":false,"_glsr_average":0,"_glsr_ranking":0,"_glsr_reviews":0,"footnotes":""},"class_list":["post-13739","page","type-page","status-publish","hentry"],"acf":[],"yoast_head":"<!-- This site is optimized with the Yoast SEO plugin v27.4 - https:\/\/yoast.com\/product\/yoast-seo-wordpress\/ -->\n<title>BIGTECH AFRICA Summit 2024 | ACG Cybersecurity<\/title>\n<meta name=\"description\" content=\"ACG Cybersecurity BIGTECH AFRICA Summit 2024 Tunisie. Intervention Bechir SEBAI sur cybers\u00e9curit\u00e9 dans environnement IA. Panel experts.\" \/>\n<meta name=\"robots\" content=\"index, follow, max-snippet:-1, max-image-preview:large, max-video-preview:-1\" \/>\n<link rel=\"canonical\" href=\"https:\/\/acgcyberacademy.fr\/en\/bigtech-africa-summit-2024\/\" \/>\n<meta property=\"og:locale\" content=\"en_GB\" \/>\n<meta property=\"og:type\" content=\"article\" \/>\n<meta property=\"og:title\" content=\"BIGTECH AFRICA Summit 2024 | ACG Cybersecurity\" \/>\n<meta property=\"og:description\" content=\"ACG Cybersecurity BIGTECH AFRICA Summit 2024 Tunisie. Intervention Bechir SEBAI sur cybers\u00e9curit\u00e9 dans environnement IA. Panel experts.\" \/>\n<meta property=\"og:url\" content=\"https:\/\/acgcyberacademy.fr\/en\/bigtech-africa-summit-2024\/\" \/>\n<meta property=\"og:site_name\" content=\"ACG CyberAcademy\" \/>\n<meta property=\"article:modified_time\" content=\"2025-10-30T14:54:20+00:00\" \/>\n<meta property=\"og:image\" content=\"https:\/\/acgcyberacademy.fr\/wp-content\/uploads\/2024\/09\/1719315734956.jpg\" \/>\n<meta name=\"twitter:card\" content=\"summary_large_image\" \/>\n<meta name=\"twitter:label1\" content=\"Estimated reading time\" \/>\n\t<meta name=\"twitter:data1\" content=\"3 minutes\" \/>\n<script type=\"application\/ld+json\" class=\"yoast-schema-graph\">{\"@context\":\"https:\\\/\\\/schema.org\",\"@graph\":[{\"@type\":\"WebPage\",\"@id\":\"https:\\\/\\\/acgcyberacademy.fr\\\/bigtech-africa-summit-2024\\\/\",\"url\":\"https:\\\/\\\/acgcyberacademy.fr\\\/bigtech-africa-summit-2024\\\/\",\"name\":\"BIGTECH AFRICA Summit 2024 | ACG Cybersecurity\",\"isPartOf\":{\"@id\":\"https:\\\/\\\/acgcyberacademy.fr\\\/#website\"},\"primaryImageOfPage\":{\"@id\":\"https:\\\/\\\/acgcyberacademy.fr\\\/bigtech-africa-summit-2024\\\/#primaryimage\"},\"image\":{\"@id\":\"https:\\\/\\\/acgcyberacademy.fr\\\/bigtech-africa-summit-2024\\\/#primaryimage\"},\"thumbnailUrl\":\"https:\\\/\\\/acgcyberacademy.fr\\\/wp-content\\\/uploads\\\/2024\\\/09\\\/1719315734956.jpg\",\"datePublished\":\"2024-09-30T14:21:56+00:00\",\"dateModified\":\"2025-10-30T14:54:20+00:00\",\"description\":\"ACG Cybersecurity BIGTECH AFRICA Summit 2024 Tunisie. Intervention Bechir SEBAI sur cybers\u00e9curit\u00e9 dans environnement IA. Panel experts.\",\"breadcrumb\":{\"@id\":\"https:\\\/\\\/acgcyberacademy.fr\\\/bigtech-africa-summit-2024\\\/#breadcrumb\"},\"inLanguage\":\"en-GB\",\"potentialAction\":[{\"@type\":\"ReadAction\",\"target\":[\"https:\\\/\\\/acgcyberacademy.fr\\\/bigtech-africa-summit-2024\\\/\"]}]},{\"@type\":\"ImageObject\",\"inLanguage\":\"en-GB\",\"@id\":\"https:\\\/\\\/acgcyberacademy.fr\\\/bigtech-africa-summit-2024\\\/#primaryimage\",\"url\":\"https:\\\/\\\/acgcyberacademy.fr\\\/wp-content\\\/uploads\\\/2024\\\/09\\\/1719315734956.jpg\",\"contentUrl\":\"https:\\\/\\\/acgcyberacademy.fr\\\/wp-content\\\/uploads\\\/2024\\\/09\\\/1719315734956.jpg\"},{\"@type\":\"BreadcrumbList\",\"@id\":\"https:\\\/\\\/acgcyberacademy.fr\\\/bigtech-africa-summit-2024\\\/#breadcrumb\",\"itemListElement\":[{\"@type\":\"ListItem\",\"position\":1,\"name\":\"Accueil\",\"item\":\"https:\\\/\\\/acgcyberacademy.fr\\\/\"},{\"@type\":\"ListItem\",\"position\":2,\"name\":\"BIGTECH AFRICA Summit 2024\"}]},{\"@type\":\"WebSite\",\"@id\":\"https:\\\/\\\/acgcyberacademy.fr\\\/#website\",\"url\":\"https:\\\/\\\/acgcyberacademy.fr\\\/\",\"name\":\"ACG Cyber Academy\",\"description\":\"\",\"publisher\":{\"@id\":\"https:\\\/\\\/acgcyberacademy.fr\\\/#organization\"},\"potentialAction\":[{\"@type\":\"SearchAction\",\"target\":{\"@type\":\"EntryPoint\",\"urlTemplate\":\"https:\\\/\\\/acgcyberacademy.fr\\\/?s={search_term_string}\"},\"query-input\":{\"@type\":\"PropertyValueSpecification\",\"valueRequired\":true,\"valueName\":\"search_term_string\"}}],\"inLanguage\":\"en-GB\"},{\"@type\":\"Organization\",\"@id\":\"https:\\\/\\\/acgcyberacademy.fr\\\/#organization\",\"name\":\"ACG Cyber Academy\",\"url\":\"https:\\\/\\\/acgcyberacademy.fr\\\/\",\"logo\":{\"@type\":\"ImageObject\",\"inLanguage\":\"en-GB\",\"@id\":\"https:\\\/\\\/acgcyberacademy.fr\\\/#\\\/schema\\\/logo\\\/image\\\/\",\"url\":\"https:\\\/\\\/acgcyberacademy.fr\\\/wp-content\\\/uploads\\\/2025\\\/10\\\/Untitled-15-2.png\",\"contentUrl\":\"https:\\\/\\\/acgcyberacademy.fr\\\/wp-content\\\/uploads\\\/2025\\\/10\\\/Untitled-15-2.png\",\"width\":1080,\"height\":1080,\"caption\":\"ACG Cyber Academy\"},\"image\":{\"@id\":\"https:\\\/\\\/acgcyberacademy.fr\\\/#\\\/schema\\\/logo\\\/image\\\/\"},\"sameAs\":[\"https:\\\/\\\/fr.linkedin.com\\\/company\\\/acg-cybersecurity\"]}]}<\/script>\n<!-- \/ Yoast SEO plugin. -->","yoast_head_json":{"title":"BIGTECH AFRICA Summit 2024 | ACG Cybersecurity","description":"ACG Cybersecurity BIGTECH AFRICA Summit 2024 Tunisie. Intervention Bechir SEBAI sur cybers\u00e9curit\u00e9 dans environnement IA. Panel experts.","robots":{"index":"index","follow":"follow","max-snippet":"max-snippet:-1","max-image-preview":"max-image-preview:large","max-video-preview":"max-video-preview:-1"},"canonical":"https:\/\/acgcyberacademy.fr\/en\/bigtech-africa-summit-2024\/","og_locale":"en_GB","og_type":"article","og_title":"BIGTECH AFRICA Summit 2024 | ACG Cybersecurity","og_description":"ACG Cybersecurity BIGTECH AFRICA Summit 2024 Tunisie. Intervention Bechir SEBAI sur cybers\u00e9curit\u00e9 dans environnement IA. Panel experts.","og_url":"https:\/\/acgcyberacademy.fr\/en\/bigtech-africa-summit-2024\/","og_site_name":"ACG CyberAcademy","article_modified_time":"2025-10-30T14:54:20+00:00","og_image":[{"url":"https:\/\/acgcyberacademy.fr\/wp-content\/uploads\/2024\/09\/1719315734956.jpg","type":"","width":"","height":""}],"twitter_card":"summary_large_image","twitter_misc":{"Estimated reading time":"3 minutes"},"schema":{"@context":"https:\/\/schema.org","@graph":[{"@type":"WebPage","@id":"https:\/\/acgcyberacademy.fr\/bigtech-africa-summit-2024\/","url":"https:\/\/acgcyberacademy.fr\/bigtech-africa-summit-2024\/","name":"BIGTECH AFRICA Summit 2024 | ACG Cybersecurity","isPartOf":{"@id":"https:\/\/acgcyberacademy.fr\/#website"},"primaryImageOfPage":{"@id":"https:\/\/acgcyberacademy.fr\/bigtech-africa-summit-2024\/#primaryimage"},"image":{"@id":"https:\/\/acgcyberacademy.fr\/bigtech-africa-summit-2024\/#primaryimage"},"thumbnailUrl":"https:\/\/acgcyberacademy.fr\/wp-content\/uploads\/2024\/09\/1719315734956.jpg","datePublished":"2024-09-30T14:21:56+00:00","dateModified":"2025-10-30T14:54:20+00:00","description":"ACG Cybersecurity BIGTECH AFRICA Summit 2024 Tunisie. Intervention Bechir SEBAI sur cybers\u00e9curit\u00e9 dans environnement IA. Panel experts.","breadcrumb":{"@id":"https:\/\/acgcyberacademy.fr\/bigtech-africa-summit-2024\/#breadcrumb"},"inLanguage":"en-GB","potentialAction":[{"@type":"ReadAction","target":["https:\/\/acgcyberacademy.fr\/bigtech-africa-summit-2024\/"]}]},{"@type":"ImageObject","inLanguage":"en-GB","@id":"https:\/\/acgcyberacademy.fr\/bigtech-africa-summit-2024\/#primaryimage","url":"https:\/\/acgcyberacademy.fr\/wp-content\/uploads\/2024\/09\/1719315734956.jpg","contentUrl":"https:\/\/acgcyberacademy.fr\/wp-content\/uploads\/2024\/09\/1719315734956.jpg"},{"@type":"BreadcrumbList","@id":"https:\/\/acgcyberacademy.fr\/bigtech-africa-summit-2024\/#breadcrumb","itemListElement":[{"@type":"ListItem","position":1,"name":"Accueil","item":"https:\/\/acgcyberacademy.fr\/"},{"@type":"ListItem","position":2,"name":"BIGTECH AFRICA Summit 2024"}]},{"@type":"WebSite","@id":"https:\/\/acgcyberacademy.fr\/#website","url":"https:\/\/acgcyberacademy.fr\/","name":"ACG Cyber Academy","description":"","publisher":{"@id":"https:\/\/acgcyberacademy.fr\/#organization"},"potentialAction":[{"@type":"SearchAction","target":{"@type":"EntryPoint","urlTemplate":"https:\/\/acgcyberacademy.fr\/?s={search_term_string}"},"query-input":{"@type":"PropertyValueSpecification","valueRequired":true,"valueName":"search_term_string"}}],"inLanguage":"en-GB"},{"@type":"Organization","@id":"https:\/\/acgcyberacademy.fr\/#organization","name":"ACG Cyber Academy","url":"https:\/\/acgcyberacademy.fr\/","logo":{"@type":"ImageObject","inLanguage":"en-GB","@id":"https:\/\/acgcyberacademy.fr\/#\/schema\/logo\/image\/","url":"https:\/\/acgcyberacademy.fr\/wp-content\/uploads\/2025\/10\/Untitled-15-2.png","contentUrl":"https:\/\/acgcyberacademy.fr\/wp-content\/uploads\/2025\/10\/Untitled-15-2.png","width":1080,"height":1080,"caption":"ACG Cyber Academy"},"image":{"@id":"https:\/\/acgcyberacademy.fr\/#\/schema\/logo\/image\/"},"sameAs":["https:\/\/fr.linkedin.com\/company\/acg-cybersecurity"]}]}},"_links":{"self":[{"href":"https:\/\/acgcyberacademy.fr\/en\/wp-json\/wp\/v2\/pages\/13739","targetHints":{"allow":["GET"]}}],"collection":[{"href":"https:\/\/acgcyberacademy.fr\/en\/wp-json\/wp\/v2\/pages"}],"about":[{"href":"https:\/\/acgcyberacademy.fr\/en\/wp-json\/wp\/v2\/types\/page"}],"author":[{"embeddable":true,"href":"https:\/\/acgcyberacademy.fr\/en\/wp-json\/wp\/v2\/users\/8"}],"replies":[{"embeddable":true,"href":"https:\/\/acgcyberacademy.fr\/en\/wp-json\/wp\/v2\/comments?post=13739"}],"version-history":[{"count":5,"href":"https:\/\/acgcyberacademy.fr\/en\/wp-json\/wp\/v2\/pages\/13739\/revisions"}],"predecessor-version":[{"id":21097,"href":"https:\/\/acgcyberacademy.fr\/en\/wp-json\/wp\/v2\/pages\/13739\/revisions\/21097"}],"wp:attachment":[{"href":"https:\/\/acgcyberacademy.fr\/en\/wp-json\/wp\/v2\/media?parent=13739"}],"curies":[{"name":"wp","href":"https:\/\/api.w.org\/{rel}","templated":true}]}}