{"id":13780,"date":"2024-09-30T17:08:30","date_gmt":"2024-09-30T15:08:30","guid":{"rendered":"https:\/\/acgcyberacademy.fr\/?page_id=13780"},"modified":"2025-10-30T12:21:42","modified_gmt":"2025-10-30T11:21:42","slug":"acg-cybersecurity-au-coeur-du-forum-incyber-europe-fic-2024-trois-jours-dinnovations-et-de-partenariats-strategiques-a-lille","status":"publish","type":"page","link":"https:\/\/acgcyberacademy.fr\/en\/acg-cybersecurity-au-coeur-du-forum-incyber-europe-fic-2024-trois-jours-dinnovations-et-de-partenariats-strategiques-a-lille\/","title":{"rendered":"ACG Cybersecurity at the heart of the InCyber Europe Forum (FIC) 2024: three days of innovation and strategic partnerships in Lille"},"content":{"rendered":"<div data-elementor-type=\"wp-page\" data-elementor-id=\"13780\" class=\"elementor elementor-13780\" data-elementor-post-type=\"page\">\n\t\t\t\t<div class=\"elementor-element elementor-element-68d90f72 e-flex e-con-boxed e-con e-parent\" data-id=\"68d90f72\" data-element_type=\"container\" data-e-type=\"container\">\n\t\t\t\t\t<div class=\"e-con-inner\">\n\t\t\t\t<div class=\"elementor-element elementor-element-1307f0d1 elementor-widget elementor-widget-text-editor\" data-id=\"1307f0d1\" data-element_type=\"widget\" data-e-type=\"widget\" data-widget_type=\"text-editor.default\">\n\t\t\t\t<div class=\"elementor-widget-container\">\n\t\t\t\t\t\t\t\t\t<h5><strong>ACG Cybersecurity: A key player at the InCyber Europe Forum (FIC) 2024 in Lille<\/strong><\/h5><p>Date: 28\/03\/2024<\/p>\t\t\t\t\t\t\t\t<\/div>\n\t\t\t\t<\/div>\n\t\t\t\t\t<\/div>\n\t\t\t\t<\/div>\n\t\t<div class=\"elementor-element elementor-element-125d167 e-flex e-con-boxed e-con e-parent\" data-id=\"125d167\" data-element_type=\"container\" data-e-type=\"container\">\n\t\t\t\t\t<div class=\"e-con-inner\">\n\t\t\t\t<div class=\"elementor-element elementor-element-2812d6a elementor-widget elementor-widget-text-editor\" data-id=\"2812d6a\" data-element_type=\"widget\" data-e-type=\"widget\" data-widget_type=\"text-editor.default\">\n\t\t\t\t<div class=\"elementor-widget-container\">\n\t\t\t\t\t\t\t\t\t<p><span data-contrast=\"auto\">Lille, March 2024 - The ACG Cybersecurity team is proud to have taken part in this year's InCyber Europe Forum (FIC), held from 26 to 28 March. This event, which has become a benchmark for cybersecurity in Europe, offered an exceptional platform for intense exchanges and enriching encounters.<\/span><span data-ccp-props=\"{&quot;201341983&quot;:0,&quot;335551550&quot;:6,&quot;335551620&quot;:6,&quot;335559739&quot;:160,&quot;335559740&quot;:259}\">\u00a0<\/span><\/p><p><span data-contrast=\"auto\">Over the three days, we welcomed a wide range of visitors to our stand (D11-7), from enthusiasts to cybersecurity experts. Discussions covered a wide range of topical issues, including future regulations and the impact of artificial intelligence (AI) on digital security.<\/span><span data-ccp-props=\"{&quot;201341983&quot;:0,&quot;335551550&quot;:6,&quot;335551620&quot;:6,&quot;335559739&quot;:160,&quot;335559740&quot;:259}\">\u00a0<\/span><\/p><p><span data-contrast=\"auto\">This year's theme,<\/span><b><span data-contrast=\"auto\">\"Ready for AI?<\/span><\/b><span data-contrast=\"auto\">The conference focused on how AI can help build resilience to cyber threats, a critical issue for businesses of all sizes. Our experts actively contributed to these discussions, sharing our vision of the responsible and ethical use of AI to better secure systems.<\/span><span data-ccp-props=\"{&quot;201341983&quot;:0,&quot;335551550&quot;:6,&quot;335551620&quot;:6,&quot;335559739&quot;:160,&quot;335559740&quot;:259}\">\u00a0<\/span><\/p><p><span data-contrast=\"auto\">It was also an ideal opportunity to strengthen our collaborations. We are particularly pleased with the promising partnerships established with<\/span><b><span data-contrast=\"auto\">ISACA<\/span><\/b><span data-contrast=\"auto\">and<\/span><b><span data-contrast=\"auto\">Stormshield<\/span><\/b><span data-contrast=\"auto\">Both are major players in the sector, and share our ambition to develop ever more innovative solutions tailored to our customers' needs.<\/span><span data-ccp-props=\"{&quot;201341983&quot;:0,&quot;335551550&quot;:6,&quot;335551620&quot;:6,&quot;335559739&quot;:160,&quot;335559740&quot;:259}\">\u00a0<\/span><\/p><p><span data-contrast=\"auto\">We would like to extend our warmest thanks to all the participants, customers and partners alike, for their commitment and passion. Their feedback has confirmed the relevance of our training courses and the tailor-made services that set us apart in a context where the challenges associated with cyber security continue to grow.<\/span><span data-ccp-props=\"{&quot;201341983&quot;:0,&quot;335551550&quot;:6,&quot;335551620&quot;:6,&quot;335559739&quot;:160,&quot;335559740&quot;:259}\">\u00a0<\/span><\/p><p><b><span data-contrast=\"auto\">The future is already here, and together we are ready to secure it.<\/span><\/b><span data-ccp-props=\"{&quot;201341983&quot;:0,&quot;335551550&quot;:6,&quot;335551620&quot;:6,&quot;335559739&quot;:160,&quot;335559740&quot;:259}\">\u00a0<\/span><\/p><p><span data-contrast=\"auto\">See you soon for more meetings and fruitful collaborations!<\/span><span data-ccp-props=\"{&quot;201341983&quot;:0,&quot;335551550&quot;:6,&quot;335551620&quot;:6,&quot;335559739&quot;:160,&quot;335559740&quot;:259}\">\u00a0<\/span><\/p>\t\t\t\t\t\t\t\t<\/div>\n\t\t\t\t<\/div>\n\t\t\t\t\t<\/div>\n\t\t\t\t<\/div>\n\t\t<div class=\"elementor-element elementor-element-aa3381d e-flex e-con-boxed e-con e-parent\" data-id=\"aa3381d\" data-element_type=\"container\" data-e-type=\"container\" data-settings=\"{&quot;background_background&quot;:&quot;classic&quot;}\">\n\t\t\t\t\t<div class=\"e-con-inner\">\n\t\t\t\t<div class=\"elementor-element elementor-element-6a86b2d elementor-widget elementor-widget-video\" data-id=\"6a86b2d\" data-element_type=\"widget\" data-e-type=\"widget\" data-settings=\"{&quot;video_type&quot;:&quot;hosted&quot;,&quot;autoplay&quot;:&quot;yes&quot;,&quot;loop&quot;:&quot;yes&quot;,&quot;controls&quot;:&quot;yes&quot;}\" data-widget_type=\"video.default\">\n\t\t\t\t<div class=\"elementor-widget-container\">\n\t\t\t\t\t\t\t<div class=\"e-hosted-video elementor-wrapper elementor-open-inline\">\n\t\t\t\t\t<video class=\"elementor-video\" src=\"https:\/\/acgcyberacademy.fr\/wp-content\/uploads\/2024\/09\/acg-cybersecurity-on-linkedin-cybersecurity-gdpr-compliance-cybersecurity-grc-smsi\u2026-1.mp4\" autoplay=\"\" loop=\"\" controls=\"\" controlslist=\"nodownload\"><\/video>\n\t\t\t\t<\/div>\n\t\t\t\t\t\t<\/div>\n\t\t\t\t<\/div>\n\t\t\t\t\t<\/div>\n\t\t\t\t<\/div>\n\t\t<div class=\"elementor-element elementor-element-4df0d63 e-flex e-con-boxed e-con e-parent\" data-id=\"4df0d63\" data-element_type=\"container\" data-e-type=\"container\">\n\t\t\t\t\t<div class=\"e-con-inner\">\n\t\t\t\t<div class=\"elementor-element elementor-element-3232fc0 elementor-align-right elementor-widget__width-initial elementor-widget elementor-widget-button\" data-id=\"3232fc0\" data-element_type=\"widget\" data-e-type=\"widget\" data-widget_type=\"button.default\">\n\t\t\t\t<div class=\"elementor-widget-container\">\n\t\t\t\t\t\t\t\t\t<div class=\"elementor-button-wrapper\">\n\t\t\t\t\t<a class=\"elementor-button elementor-button-link elementor-size-sm\" href=\"https:\/\/acgcyberacademy.fr\/en\/nos-actualites-cybersecurite\/\">\n\t\t\t\t\t\t<span class=\"elementor-button-content-wrapper\">\n\t\t\t\t\t\t\t\t\t<span class=\"elementor-button-text\">Back to <\/span>\n\t\t\t\t\t<\/span>\n\t\t\t\t\t<\/a>\n\t\t\t\t<\/div>\n\t\t\t\t\t\t\t\t<\/div>\n\t\t\t\t<\/div>\n\t\t\t\t\t<\/div>\n\t\t\t\t<\/div>\n\t\t\t\t<\/div>","protected":false},"excerpt":{"rendered":"<p>ACG Cybersecurity : Un acteur cl\u00e9 au Forum InCyber Europe (FIC) 2024 \u00e0 Lille Date : 28\/03\/2024 Lille, mars 2024 \u2013 L\u2019\u00e9quipe d\u2019ACG Cybersecurity est fi\u00e8re d\u2019avoir pris part \u00e0 l\u2019incontournable Forum InCyber Europe (FIC) qui s\u2019est tenu cette ann\u00e9e du 26 au 28 mars. Cet \u00e9v\u00e9nement, devenu une r\u00e9f\u00e9rence en mati\u00e8re de cybers\u00e9curit\u00e9 en [&hellip;]<\/p>\n","protected":false},"author":8,"featured_media":0,"parent":0,"menu_order":0,"comment_status":"closed","ping_status":"closed","template":"","meta":{"_acf_changed":false,"_glsr_average":0,"_glsr_ranking":0,"_glsr_reviews":0,"footnotes":""},"class_list":["post-13780","page","type-page","status-publish","hentry"],"acf":[],"yoast_head":"<!-- This site is optimized with the Yoast SEO plugin v27.3 - https:\/\/yoast.com\/product\/yoast-seo-wordpress\/ -->\n<title>Forum InCyber FIC 2024 : ACG Cybersecurity \u00e0 Lille<\/title>\n<meta name=\"description\" content=\"ACG Cybersecurity au FIC 2024 Lille (26-28 mars). Stand D11-7. Partenariats ISACA et Stormshield. Th\u00e8me : Ready for AI?\" \/>\n<meta name=\"robots\" content=\"index, follow, max-snippet:-1, max-image-preview:large, max-video-preview:-1\" \/>\n<link rel=\"canonical\" href=\"https:\/\/acgcyberacademy.fr\/en\/acg-cybersecurity-au-coeur-du-forum-incyber-europe-fic-2024-trois-jours-dinnovations-et-de-partenariats-strategiques-a-lille\/\" \/>\n<meta property=\"og:locale\" content=\"en_GB\" \/>\n<meta property=\"og:type\" content=\"article\" \/>\n<meta property=\"og:title\" content=\"Forum InCyber FIC 2024 : ACG Cybersecurity \u00e0 Lille\" \/>\n<meta property=\"og:description\" content=\"ACG Cybersecurity au FIC 2024 Lille (26-28 mars). Stand D11-7. Partenariats ISACA et Stormshield. Th\u00e8me : Ready for AI?\" \/>\n<meta property=\"og:url\" content=\"https:\/\/acgcyberacademy.fr\/en\/acg-cybersecurity-au-coeur-du-forum-incyber-europe-fic-2024-trois-jours-dinnovations-et-de-partenariats-strategiques-a-lille\/\" \/>\n<meta property=\"og:site_name\" content=\"ACG CyberAcademy\" \/>\n<meta property=\"article:modified_time\" content=\"2025-10-30T11:21:42+00:00\" \/>\n<meta property=\"og:image\" content=\"https:\/\/acgcyberacademy.fr\/wp-content\/uploads\/2026\/03\/cropped-cropped-acg-cyber-academy-logo.png\" \/>\n\t<meta property=\"og:image:width\" content=\"200\" \/>\n\t<meta property=\"og:image:height\" content=\"100\" \/>\n\t<meta property=\"og:image:type\" content=\"image\/png\" \/>\n<meta name=\"twitter:card\" content=\"summary_large_image\" \/>\n<meta name=\"twitter:label1\" content=\"Estimated reading time\" \/>\n\t<meta name=\"twitter:data1\" content=\"2 minutes\" \/>\n<script type=\"application\/ld+json\" class=\"yoast-schema-graph\">{\"@context\":\"https:\\\/\\\/schema.org\",\"@graph\":[{\"@type\":\"WebPage\",\"@id\":\"https:\\\/\\\/acgcyberacademy.fr\\\/acg-cybersecurity-au-coeur-du-forum-incyber-europe-fic-2024-trois-jours-dinnovations-et-de-partenariats-strategiques-a-lille\\\/\",\"url\":\"https:\\\/\\\/acgcyberacademy.fr\\\/acg-cybersecurity-au-coeur-du-forum-incyber-europe-fic-2024-trois-jours-dinnovations-et-de-partenariats-strategiques-a-lille\\\/\",\"name\":\"Forum InCyber FIC 2024 : ACG Cybersecurity \u00e0 Lille\",\"isPartOf\":{\"@id\":\"https:\\\/\\\/acgcyberacademy.fr\\\/#website\"},\"datePublished\":\"2024-09-30T15:08:30+00:00\",\"dateModified\":\"2025-10-30T11:21:42+00:00\",\"description\":\"ACG Cybersecurity au FIC 2024 Lille (26-28 mars). Stand D11-7. Partenariats ISACA et Stormshield. Th\u00e8me : Ready for AI?\",\"breadcrumb\":{\"@id\":\"https:\\\/\\\/acgcyberacademy.fr\\\/acg-cybersecurity-au-coeur-du-forum-incyber-europe-fic-2024-trois-jours-dinnovations-et-de-partenariats-strategiques-a-lille\\\/#breadcrumb\"},\"inLanguage\":\"en-GB\",\"potentialAction\":[{\"@type\":\"ReadAction\",\"target\":[\"https:\\\/\\\/acgcyberacademy.fr\\\/acg-cybersecurity-au-coeur-du-forum-incyber-europe-fic-2024-trois-jours-dinnovations-et-de-partenariats-strategiques-a-lille\\\/\"]}]},{\"@type\":\"BreadcrumbList\",\"@id\":\"https:\\\/\\\/acgcyberacademy.fr\\\/acg-cybersecurity-au-coeur-du-forum-incyber-europe-fic-2024-trois-jours-dinnovations-et-de-partenariats-strategiques-a-lille\\\/#breadcrumb\",\"itemListElement\":[{\"@type\":\"ListItem\",\"position\":1,\"name\":\"Accueil\",\"item\":\"https:\\\/\\\/acgcyberacademy.fr\\\/\"},{\"@type\":\"ListItem\",\"position\":2,\"name\":\"ACG Cybersecurity au c\u0153ur du Forum InCyber Europe (FIC) 2024 : trois jours d&#8217;innovations et de partenariats strat\u00e9giques \u00e0 Lille\"}]},{\"@type\":\"WebSite\",\"@id\":\"https:\\\/\\\/acgcyberacademy.fr\\\/#website\",\"url\":\"https:\\\/\\\/acgcyberacademy.fr\\\/\",\"name\":\"ACG Cyber Academy\",\"description\":\"\",\"publisher\":{\"@id\":\"https:\\\/\\\/acgcyberacademy.fr\\\/#organization\"},\"potentialAction\":[{\"@type\":\"SearchAction\",\"target\":{\"@type\":\"EntryPoint\",\"urlTemplate\":\"https:\\\/\\\/acgcyberacademy.fr\\\/?s={search_term_string}\"},\"query-input\":{\"@type\":\"PropertyValueSpecification\",\"valueRequired\":true,\"valueName\":\"search_term_string\"}}],\"inLanguage\":\"en-GB\"},{\"@type\":\"Organization\",\"@id\":\"https:\\\/\\\/acgcyberacademy.fr\\\/#organization\",\"name\":\"ACG Cyber Academy\",\"url\":\"https:\\\/\\\/acgcyberacademy.fr\\\/\",\"logo\":{\"@type\":\"ImageObject\",\"inLanguage\":\"en-GB\",\"@id\":\"https:\\\/\\\/acgcyberacademy.fr\\\/#\\\/schema\\\/logo\\\/image\\\/\",\"url\":\"https:\\\/\\\/acgcyberacademy.fr\\\/wp-content\\\/uploads\\\/2025\\\/10\\\/Untitled-15-2.png\",\"contentUrl\":\"https:\\\/\\\/acgcyberacademy.fr\\\/wp-content\\\/uploads\\\/2025\\\/10\\\/Untitled-15-2.png\",\"width\":1080,\"height\":1080,\"caption\":\"ACG Cyber Academy\"},\"image\":{\"@id\":\"https:\\\/\\\/acgcyberacademy.fr\\\/#\\\/schema\\\/logo\\\/image\\\/\"},\"sameAs\":[\"https:\\\/\\\/fr.linkedin.com\\\/company\\\/acg-cybersecurity\"]}]}<\/script>\n<!-- \/ Yoast SEO plugin. -->","yoast_head_json":{"title":"Forum InCyber FIC 2024 : ACG Cybersecurity \u00e0 Lille","description":"ACG Cybersecurity au FIC 2024 Lille (26-28 mars). Stand D11-7. Partenariats ISACA et Stormshield. Th\u00e8me : Ready for AI?","robots":{"index":"index","follow":"follow","max-snippet":"max-snippet:-1","max-image-preview":"max-image-preview:large","max-video-preview":"max-video-preview:-1"},"canonical":"https:\/\/acgcyberacademy.fr\/en\/acg-cybersecurity-au-coeur-du-forum-incyber-europe-fic-2024-trois-jours-dinnovations-et-de-partenariats-strategiques-a-lille\/","og_locale":"en_GB","og_type":"article","og_title":"Forum InCyber FIC 2024 : ACG Cybersecurity \u00e0 Lille","og_description":"ACG Cybersecurity au FIC 2024 Lille (26-28 mars). Stand D11-7. Partenariats ISACA et Stormshield. Th\u00e8me : Ready for AI?","og_url":"https:\/\/acgcyberacademy.fr\/en\/acg-cybersecurity-au-coeur-du-forum-incyber-europe-fic-2024-trois-jours-dinnovations-et-de-partenariats-strategiques-a-lille\/","og_site_name":"ACG CyberAcademy","article_modified_time":"2025-10-30T11:21:42+00:00","og_image":[{"width":200,"height":100,"url":"https:\/\/acgcyberacademy.fr\/wp-content\/uploads\/2026\/03\/cropped-cropped-acg-cyber-academy-logo.png","type":"image\/png"}],"twitter_card":"summary_large_image","twitter_misc":{"Estimated reading time":"2 minutes"},"schema":{"@context":"https:\/\/schema.org","@graph":[{"@type":"WebPage","@id":"https:\/\/acgcyberacademy.fr\/acg-cybersecurity-au-coeur-du-forum-incyber-europe-fic-2024-trois-jours-dinnovations-et-de-partenariats-strategiques-a-lille\/","url":"https:\/\/acgcyberacademy.fr\/acg-cybersecurity-au-coeur-du-forum-incyber-europe-fic-2024-trois-jours-dinnovations-et-de-partenariats-strategiques-a-lille\/","name":"Forum InCyber FIC 2024 : ACG Cybersecurity \u00e0 Lille","isPartOf":{"@id":"https:\/\/acgcyberacademy.fr\/#website"},"datePublished":"2024-09-30T15:08:30+00:00","dateModified":"2025-10-30T11:21:42+00:00","description":"ACG Cybersecurity au FIC 2024 Lille (26-28 mars). Stand D11-7. Partenariats ISACA et Stormshield. Th\u00e8me : Ready for AI?","breadcrumb":{"@id":"https:\/\/acgcyberacademy.fr\/acg-cybersecurity-au-coeur-du-forum-incyber-europe-fic-2024-trois-jours-dinnovations-et-de-partenariats-strategiques-a-lille\/#breadcrumb"},"inLanguage":"en-GB","potentialAction":[{"@type":"ReadAction","target":["https:\/\/acgcyberacademy.fr\/acg-cybersecurity-au-coeur-du-forum-incyber-europe-fic-2024-trois-jours-dinnovations-et-de-partenariats-strategiques-a-lille\/"]}]},{"@type":"BreadcrumbList","@id":"https:\/\/acgcyberacademy.fr\/acg-cybersecurity-au-coeur-du-forum-incyber-europe-fic-2024-trois-jours-dinnovations-et-de-partenariats-strategiques-a-lille\/#breadcrumb","itemListElement":[{"@type":"ListItem","position":1,"name":"Accueil","item":"https:\/\/acgcyberacademy.fr\/"},{"@type":"ListItem","position":2,"name":"ACG Cybersecurity au c\u0153ur du Forum InCyber Europe (FIC) 2024 : trois jours d&#8217;innovations et de partenariats strat\u00e9giques \u00e0 Lille"}]},{"@type":"WebSite","@id":"https:\/\/acgcyberacademy.fr\/#website","url":"https:\/\/acgcyberacademy.fr\/","name":"ACG Cyber Academy","description":"","publisher":{"@id":"https:\/\/acgcyberacademy.fr\/#organization"},"potentialAction":[{"@type":"SearchAction","target":{"@type":"EntryPoint","urlTemplate":"https:\/\/acgcyberacademy.fr\/?s={search_term_string}"},"query-input":{"@type":"PropertyValueSpecification","valueRequired":true,"valueName":"search_term_string"}}],"inLanguage":"en-GB"},{"@type":"Organization","@id":"https:\/\/acgcyberacademy.fr\/#organization","name":"ACG Cyber Academy","url":"https:\/\/acgcyberacademy.fr\/","logo":{"@type":"ImageObject","inLanguage":"en-GB","@id":"https:\/\/acgcyberacademy.fr\/#\/schema\/logo\/image\/","url":"https:\/\/acgcyberacademy.fr\/wp-content\/uploads\/2025\/10\/Untitled-15-2.png","contentUrl":"https:\/\/acgcyberacademy.fr\/wp-content\/uploads\/2025\/10\/Untitled-15-2.png","width":1080,"height":1080,"caption":"ACG Cyber Academy"},"image":{"@id":"https:\/\/acgcyberacademy.fr\/#\/schema\/logo\/image\/"},"sameAs":["https:\/\/fr.linkedin.com\/company\/acg-cybersecurity"]}]}},"_links":{"self":[{"href":"https:\/\/acgcyberacademy.fr\/en\/wp-json\/wp\/v2\/pages\/13780","targetHints":{"allow":["GET"]}}],"collection":[{"href":"https:\/\/acgcyberacademy.fr\/en\/wp-json\/wp\/v2\/pages"}],"about":[{"href":"https:\/\/acgcyberacademy.fr\/en\/wp-json\/wp\/v2\/types\/page"}],"author":[{"embeddable":true,"href":"https:\/\/acgcyberacademy.fr\/en\/wp-json\/wp\/v2\/users\/8"}],"replies":[{"embeddable":true,"href":"https:\/\/acgcyberacademy.fr\/en\/wp-json\/wp\/v2\/comments?post=13780"}],"version-history":[{"count":4,"href":"https:\/\/acgcyberacademy.fr\/en\/wp-json\/wp\/v2\/pages\/13780\/revisions"}],"predecessor-version":[{"id":21060,"href":"https:\/\/acgcyberacademy.fr\/en\/wp-json\/wp\/v2\/pages\/13780\/revisions\/21060"}],"wp:attachment":[{"href":"https:\/\/acgcyberacademy.fr\/en\/wp-json\/wp\/v2\/media?parent=13780"}],"curies":[{"name":"wp","href":"https:\/\/api.w.org\/{rel}","templated":true}]}}