{"id":13804,"date":"2024-09-30T17:24:14","date_gmt":"2024-09-30T15:24:14","guid":{"rendered":"https:\/\/acgcyberacademy.fr\/?page_id=13804"},"modified":"2025-10-30T12:15:26","modified_gmt":"2025-10-30T11:15:26","slug":"acg-cybersecurity-annonce-son-partenariat-premium-avec-isaca-lors-du-forum-incyber-europe-fic-2024","status":"publish","type":"page","link":"https:\/\/acgcyberacademy.fr\/en\/acg-cybersecurity-annonce-son-partenariat-premium-avec-isaca-lors-du-forum-incyber-europe-fic-2024\/","title":{"rendered":"ACG Cybersecurity announces Premium Partnership with ISACA at InCyber Europe Forum (FIC) 2024"},"content":{"rendered":"\t\t<div data-elementor-type=\"wp-page\" data-elementor-id=\"13804\" class=\"elementor elementor-13804\" wpc-filter-elementor-widget=\"1\" data-elementor-post-type=\"page\">\n\t\t\t\t<div class=\"elementor-element elementor-element-2e9a373 e-flex e-con-boxed e-con e-parent\" data-id=\"2e9a373\" data-element_type=\"container\" data-e-type=\"container\">\n\t\t\t\t\t<div class=\"e-con-inner\">\n\t\t\t\t<div class=\"elementor-element elementor-element-b7c038c elementor-widget elementor-widget-text-editor\" data-id=\"b7c038c\" data-element_type=\"widget\" data-e-type=\"widget\" data-widget_type=\"text-editor.default\">\n\t\t\t\t<div class=\"elementor-widget-container\">\n\t\t\t\t\t\t\t\t\t<div class=\"flex max-w-full flex-col flex-grow\">\n<div class=\"min-h-8 text-message flex w-full flex-col items-end gap-2 whitespace-normal break-words [.text-message+&amp;]:mt-5\" dir=\"auto\" data-message-author-role=\"assistant\" data-message-id=\"9efc672a-02ca-4b40-87b8-d4c17625d135\">\n<div class=\"flex w-full flex-col gap-1 empty:hidden first:pt-[3px]\">\n<div class=\"markdown prose w-full break-words dark:prose-invert light\">\n<h5><strong>ACG Cybersecurity et ISACA : Un Partenariat Premium pour R\u00e9volutionner les Formations en Cybers\u00e9curit\u00e9 en France<\/strong><\/h5>\n<\/div>\n<\/div>\n<\/div>\n<\/div>\n<div class=\"mb-2 flex gap-3 empty:hidden -ml-2\">\n<div class=\"items-center justify-start rounded-xl p-1 flex\">\n<div class=\"flex items-center\">\n<div class=\"flex\">Date : 27\/03\/2024<\/div>\n<\/div>\n<\/div>\n<\/div>\t\t\t\t\t\t\t\t<\/div>\n\t\t\t\t<\/div>\n\t\t\t\t\t<\/div>\n\t\t\t\t<\/div>\n\t\t<div class=\"elementor-element elementor-element-a974319 e-flex e-con-boxed e-con e-parent\" data-id=\"a974319\" data-element_type=\"container\" data-e-type=\"container\">\n\t\t\t\t\t<div class=\"e-con-inner\">\n\t\t\t\t<div class=\"elementor-element elementor-element-e2f7d47 elementor-widget elementor-widget-text-editor\" data-id=\"e2f7d47\" data-element_type=\"widget\" data-e-type=\"widget\" data-widget_type=\"text-editor.default\">\n\t\t\t\t<div class=\"elementor-widget-container\">\n\t\t\t\t\t\t\t\t\t<p><span data-contrast=\"auto\">Lors du<\/span><b><span data-contrast=\"auto\"> Forum InCyber Europe (FIC) 2024<\/span><\/b><span data-contrast=\"auto\">, <\/span><b><span data-contrast=\"auto\">ACG Cybersecurity<\/span><\/b><span data-contrast=\"auto\"> a officialis\u00e9 un partenariat de premier plan avec <\/span><b><span data-contrast=\"auto\">ISACA<\/span><\/b><span data-contrast=\"auto\">, une organisation mondialement reconnue pour ses certifications en syst\u00e8mes d\u2019information et cybers\u00e9curit\u00e9. Ce partenariat strat\u00e9gique, annonc\u00e9 avec fiert\u00e9 par <\/span><b><span data-contrast=\"auto\">Bechir SEBAI, CEO d\u2019ACG Cybersecurity<\/span><\/b><span data-contrast=\"auto\">, marque un tournant d\u00e9cisif dans l\u2019offre de formation du groupe.<\/span><span data-ccp-props=\"{&quot;201341983&quot;:0,&quot;335551550&quot;:6,&quot;335551620&quot;:6,&quot;335559739&quot;:160,&quot;335559740&quot;:259}\">\u00a0<\/span><\/p><p><b><span data-contrast=\"auto\">ISACA<\/span><\/b><span data-contrast=\"auto\">, r\u00e9put\u00e9e pour ses certifications phares telles que <\/span><b><span data-contrast=\"auto\">CISA<\/span><\/b><span data-contrast=\"auto\"> (Certified Information Systems Auditor), <\/span><b><span data-contrast=\"auto\">CISM<\/span><\/b><span data-contrast=\"auto\"> (Certified Information Security Manager), et <\/span><b><span data-contrast=\"auto\">CRISC<\/span><\/b><span data-contrast=\"auto\"> (Certified in Risk and Information Systems Control), contribue \u00e0 \u00e9lever les standards de comp\u00e9tence des professionnels du secteur. Avec ce partenariat, <\/span><b><span data-contrast=\"auto\">ACG Cybersecurity<\/span><\/b><span data-contrast=\"auto\"> devient <\/span><b><span data-contrast=\"auto\">un partenaire Premium officiel d\u2019ISACA<\/span><\/b><span data-contrast=\"auto\">, offrant d\u00e9sormais ces formations en France.<\/span><span data-ccp-props=\"{&quot;201341983&quot;:0,&quot;335551550&quot;:6,&quot;335551620&quot;:6,&quot;335559739&quot;:160,&quot;335559740&quot;:259}\">\u00a0<\/span><\/p><p><b><span data-contrast=\"auto\">ACG Cybersecurity<\/span><\/b><span data-contrast=\"auto\">, en tant que pure player de la cybers\u00e9curit\u00e9, \u00e9largit ainsi son catalogue de formations au travers de sa filiale <\/span><b><span data-contrast=\"auto\">ACG CyberAcademy<\/span><\/b><span data-contrast=\"auto\">. Ces formations certifiantes, tr\u00e8s demand\u00e9es par les experts en cybers\u00e9curit\u00e9, dont certaines seront d\u00e9livr\u00e9es en fran\u00e7ais, r\u00e9pondront aux besoins croissants de formation des professionnels europ\u00e9ens.<\/span><span data-ccp-props=\"{&quot;201341983&quot;:0,&quot;335551550&quot;:6,&quot;335551620&quot;:6,&quot;335559739&quot;:160,&quot;335559740&quot;:259}\">\u00a0<\/span><\/p><p><span data-contrast=\"auto\">Ce partenariat repr\u00e9sente une avanc\u00e9e majeure pour <\/span><b><span data-contrast=\"auto\">ACG Cybersecurity<\/span><\/b><span data-contrast=\"auto\">, gr\u00e2ce \u00e0 l\u2019enrichissement de son offre avec des formations incontournables pour les experts du domaine. Il permet \u00e9galement de renforcer la position de l\u2019entreprise en tant que leader du secteur en France et en Europe.<\/span><span data-ccp-props=\"{&quot;201341983&quot;:0,&quot;335551550&quot;:6,&quot;335551620&quot;:6,&quot;335559739&quot;:160,&quot;335559740&quot;:259}\">\u00a0<\/span><\/p><p><span data-contrast=\"auto\">Un grand merci \u00e0 l\u2019\u00e9quipe impliqu\u00e9e dans la r\u00e9alisation de ce partenariat.<\/span><span data-ccp-props=\"{&quot;201341983&quot;:0,&quot;335551550&quot;:6,&quot;335551620&quot;:6,&quot;335559739&quot;:160,&quot;335559740&quot;:259}\">\u00a0<\/span><\/p>\t\t\t\t\t\t\t\t<\/div>\n\t\t\t\t<\/div>\n\t\t\t\t\t<\/div>\n\t\t\t\t<\/div>\n\t\t<div class=\"elementor-element elementor-element-d9b0cfd e-flex e-con-boxed e-con e-parent\" data-id=\"d9b0cfd\" data-element_type=\"container\" data-e-type=\"container\">\n\t\t\t\t\t<div class=\"e-con-inner\">\n\t\t<div class=\"elementor-element elementor-element-dd2c4b7 e-con-full e-flex e-con e-child\" data-id=\"dd2c4b7\" data-element_type=\"container\" data-e-type=\"container\" data-settings=\"{&quot;background_background&quot;:&quot;classic&quot;}\">\n\t\t\t\t<div class=\"elementor-element elementor-element-0a1318c elementor-widget__width-initial elementor-widget elementor-widget-video\" data-id=\"0a1318c\" data-element_type=\"widget\" data-e-type=\"widget\" data-settings=\"{&quot;video_type&quot;:&quot;hosted&quot;,&quot;autoplay&quot;:&quot;yes&quot;,&quot;loop&quot;:&quot;yes&quot;,&quot;controls&quot;:&quot;yes&quot;}\" data-widget_type=\"video.default\">\n\t\t\t\t<div class=\"elementor-widget-container\">\n\t\t\t\t\t\t\t<div class=\"e-hosted-video elementor-wrapper elementor-open-inline\">\n\t\t\t\t\t<video class=\"elementor-video\" src=\"https:\/\/acgcyberacademy.fr\/wp-content\/uploads\/2024\/09\/acg-cybersecurity-on-linkedin-cybersecurite-acgcyberacademy-cisa-cism-crisc-cybersecurity-gdpr\u2026.mp4\" autoplay=\"\" loop=\"\" controls=\"\" controlsList=\"nodownload\"><\/video>\n\t\t\t\t<\/div>\n\t\t\t\t\t\t<\/div>\n\t\t\t\t<\/div>\n\t\t\t\t<\/div>\n\t\t\t\t\t<\/div>\n\t\t\t\t<\/div>\n\t\t<div class=\"elementor-element elementor-element-eea4555 e-flex e-con-boxed e-con e-parent\" data-id=\"eea4555\" data-element_type=\"container\" data-e-type=\"container\">\n\t\t\t\t\t<div class=\"e-con-inner\">\n\t\t\t\t<div class=\"elementor-element elementor-element-5c7dcc5 elementor-align-right elementor-widget__width-initial elementor-widget elementor-widget-button\" data-id=\"5c7dcc5\" data-element_type=\"widget\" data-e-type=\"widget\" data-widget_type=\"button.default\">\n\t\t\t\t<div class=\"elementor-widget-container\">\n\t\t\t\t\t\t\t\t\t<div class=\"elementor-button-wrapper\">\n\t\t\t\t\t<a class=\"elementor-button elementor-button-link elementor-size-sm\" href=\"https:\/\/acgcyberacademy.fr\/nos-actualites-cybersecurite\/\">\n\t\t\t\t\t\t<span class=\"elementor-button-content-wrapper\">\n\t\t\t\t\t\t\t\t\t<span class=\"elementor-button-text\">Retour <\/span>\n\t\t\t\t\t<\/span>\n\t\t\t\t\t<\/a>\n\t\t\t\t<\/div>\n\t\t\t\t\t\t\t\t<\/div>\n\t\t\t\t<\/div>\n\t\t\t\t\t<\/div>\n\t\t\t\t<\/div>\n\t\t\t\t<\/div>\n\t\t","protected":false},"excerpt":{"rendered":"<p>ACG Cybersecurity et ISACA : Un Partenariat Premium pour R\u00e9volutionner les Formations en Cybers\u00e9curit\u00e9 en France Date : 27\/03\/2024 Lors du Forum InCyber Europe (FIC) 2024, ACG Cybersecurity a officialis\u00e9 un partenariat de premier plan avec ISACA, une organisation mondialement reconnue pour ses certifications en syst\u00e8mes d\u2019information et cybers\u00e9curit\u00e9. Ce partenariat strat\u00e9gique, annonc\u00e9 avec fiert\u00e9 [&hellip;]<\/p>\n","protected":false},"author":8,"featured_media":0,"parent":0,"menu_order":0,"comment_status":"closed","ping_status":"closed","template":"","meta":{"_acf_changed":false,"_glsr_average":0,"_glsr_ranking":0,"_glsr_reviews":0,"footnotes":""},"class_list":["post-13804","page","type-page","status-publish","hentry"],"acf":[],"yoast_head":"<!-- This site is optimized with the Yoast SEO plugin v27.3 - https:\/\/yoast.com\/product\/yoast-seo-wordpress\/ -->\n<title>Partenariat ISACA ACG Cybersecurity | Formations France<\/title>\n<meta name=\"description\" content=\"Partenariat ISACA et ACG Cybersecurity annonc\u00e9 au FIC 2024. Formations CISA, CISM, CRISC en fran\u00e7ais. Partenaire premium officiel.\" \/>\n<meta name=\"robots\" content=\"index, follow, max-snippet:-1, max-image-preview:large, max-video-preview:-1\" \/>\n<link rel=\"canonical\" href=\"https:\/\/acgcyberacademy.fr\/en\/acg-cybersecurity-annonce-son-partenariat-premium-avec-isaca-lors-du-forum-incyber-europe-fic-2024\/\" \/>\n<meta property=\"og:locale\" content=\"en_GB\" \/>\n<meta property=\"og:type\" content=\"article\" \/>\n<meta property=\"og:title\" content=\"Partenariat ISACA ACG Cybersecurity | Formations France\" \/>\n<meta property=\"og:description\" content=\"Partenariat ISACA et ACG Cybersecurity annonc\u00e9 au FIC 2024. Formations CISA, CISM, CRISC en fran\u00e7ais. Partenaire premium officiel.\" \/>\n<meta property=\"og:url\" content=\"https:\/\/acgcyberacademy.fr\/en\/acg-cybersecurity-annonce-son-partenariat-premium-avec-isaca-lors-du-forum-incyber-europe-fic-2024\/\" \/>\n<meta property=\"og:site_name\" content=\"ACG CyberAcademy\" \/>\n<meta property=\"article:modified_time\" content=\"2025-10-30T11:15:26+00:00\" \/>\n<meta property=\"og:image\" content=\"https:\/\/acgcyberacademy.fr\/wp-content\/uploads\/2026\/03\/cropped-cropped-acg-cyber-academy-logo.png\" \/>\n\t<meta property=\"og:image:width\" content=\"200\" \/>\n\t<meta property=\"og:image:height\" content=\"100\" \/>\n\t<meta property=\"og:image:type\" content=\"image\/png\" \/>\n<meta name=\"twitter:card\" content=\"summary_large_image\" \/>\n<meta name=\"twitter:label1\" content=\"Estimated reading time\" \/>\n\t<meta name=\"twitter:data1\" content=\"2 minutes\" \/>\n<script type=\"application\/ld+json\" class=\"yoast-schema-graph\">{\"@context\":\"https:\\\/\\\/schema.org\",\"@graph\":[{\"@type\":\"WebPage\",\"@id\":\"https:\\\/\\\/acgcyberacademy.fr\\\/acg-cybersecurity-annonce-son-partenariat-premium-avec-isaca-lors-du-forum-incyber-europe-fic-2024\\\/\",\"url\":\"https:\\\/\\\/acgcyberacademy.fr\\\/acg-cybersecurity-annonce-son-partenariat-premium-avec-isaca-lors-du-forum-incyber-europe-fic-2024\\\/\",\"name\":\"Partenariat ISACA ACG Cybersecurity | Formations France\",\"isPartOf\":{\"@id\":\"https:\\\/\\\/acgcyberacademy.fr\\\/#website\"},\"datePublished\":\"2024-09-30T15:24:14+00:00\",\"dateModified\":\"2025-10-30T11:15:26+00:00\",\"description\":\"Partenariat ISACA et ACG Cybersecurity annonc\u00e9 au FIC 2024. Formations CISA, CISM, CRISC en fran\u00e7ais. Partenaire premium officiel.\",\"breadcrumb\":{\"@id\":\"https:\\\/\\\/acgcyberacademy.fr\\\/acg-cybersecurity-annonce-son-partenariat-premium-avec-isaca-lors-du-forum-incyber-europe-fic-2024\\\/#breadcrumb\"},\"inLanguage\":\"en-GB\",\"potentialAction\":[{\"@type\":\"ReadAction\",\"target\":[\"https:\\\/\\\/acgcyberacademy.fr\\\/acg-cybersecurity-annonce-son-partenariat-premium-avec-isaca-lors-du-forum-incyber-europe-fic-2024\\\/\"]}]},{\"@type\":\"BreadcrumbList\",\"@id\":\"https:\\\/\\\/acgcyberacademy.fr\\\/acg-cybersecurity-annonce-son-partenariat-premium-avec-isaca-lors-du-forum-incyber-europe-fic-2024\\\/#breadcrumb\",\"itemListElement\":[{\"@type\":\"ListItem\",\"position\":1,\"name\":\"Accueil\",\"item\":\"https:\\\/\\\/acgcyberacademy.fr\\\/\"},{\"@type\":\"ListItem\",\"position\":2,\"name\":\"ACG Cybersecurity annonce son partenariat Premium avec ISACA lors du Forum InCyber Europe (FIC) 2024\"}]},{\"@type\":\"WebSite\",\"@id\":\"https:\\\/\\\/acgcyberacademy.fr\\\/#website\",\"url\":\"https:\\\/\\\/acgcyberacademy.fr\\\/\",\"name\":\"ACG Cyber Academy\",\"description\":\"\",\"publisher\":{\"@id\":\"https:\\\/\\\/acgcyberacademy.fr\\\/#organization\"},\"potentialAction\":[{\"@type\":\"SearchAction\",\"target\":{\"@type\":\"EntryPoint\",\"urlTemplate\":\"https:\\\/\\\/acgcyberacademy.fr\\\/?s={search_term_string}\"},\"query-input\":{\"@type\":\"PropertyValueSpecification\",\"valueRequired\":true,\"valueName\":\"search_term_string\"}}],\"inLanguage\":\"en-GB\"},{\"@type\":\"Organization\",\"@id\":\"https:\\\/\\\/acgcyberacademy.fr\\\/#organization\",\"name\":\"ACG Cyber Academy\",\"url\":\"https:\\\/\\\/acgcyberacademy.fr\\\/\",\"logo\":{\"@type\":\"ImageObject\",\"inLanguage\":\"en-GB\",\"@id\":\"https:\\\/\\\/acgcyberacademy.fr\\\/#\\\/schema\\\/logo\\\/image\\\/\",\"url\":\"https:\\\/\\\/acgcyberacademy.fr\\\/wp-content\\\/uploads\\\/2025\\\/10\\\/Untitled-15-2.png\",\"contentUrl\":\"https:\\\/\\\/acgcyberacademy.fr\\\/wp-content\\\/uploads\\\/2025\\\/10\\\/Untitled-15-2.png\",\"width\":1080,\"height\":1080,\"caption\":\"ACG Cyber Academy\"},\"image\":{\"@id\":\"https:\\\/\\\/acgcyberacademy.fr\\\/#\\\/schema\\\/logo\\\/image\\\/\"},\"sameAs\":[\"https:\\\/\\\/fr.linkedin.com\\\/company\\\/acg-cybersecurity\"]}]}<\/script>\n<!-- \/ Yoast SEO plugin. -->","yoast_head_json":{"title":"Partenariat ISACA ACG Cybersecurity | Formations France","description":"Partenariat ISACA et ACG Cybersecurity annonc\u00e9 au FIC 2024. Formations CISA, CISM, CRISC en fran\u00e7ais. Partenaire premium officiel.","robots":{"index":"index","follow":"follow","max-snippet":"max-snippet:-1","max-image-preview":"max-image-preview:large","max-video-preview":"max-video-preview:-1"},"canonical":"https:\/\/acgcyberacademy.fr\/en\/acg-cybersecurity-annonce-son-partenariat-premium-avec-isaca-lors-du-forum-incyber-europe-fic-2024\/","og_locale":"en_GB","og_type":"article","og_title":"Partenariat ISACA ACG Cybersecurity | Formations France","og_description":"Partenariat ISACA et ACG Cybersecurity annonc\u00e9 au FIC 2024. Formations CISA, CISM, CRISC en fran\u00e7ais. Partenaire premium officiel.","og_url":"https:\/\/acgcyberacademy.fr\/en\/acg-cybersecurity-annonce-son-partenariat-premium-avec-isaca-lors-du-forum-incyber-europe-fic-2024\/","og_site_name":"ACG CyberAcademy","article_modified_time":"2025-10-30T11:15:26+00:00","og_image":[{"width":200,"height":100,"url":"https:\/\/acgcyberacademy.fr\/wp-content\/uploads\/2026\/03\/cropped-cropped-acg-cyber-academy-logo.png","type":"image\/png"}],"twitter_card":"summary_large_image","twitter_misc":{"Estimated reading time":"2 minutes"},"schema":{"@context":"https:\/\/schema.org","@graph":[{"@type":"WebPage","@id":"https:\/\/acgcyberacademy.fr\/acg-cybersecurity-annonce-son-partenariat-premium-avec-isaca-lors-du-forum-incyber-europe-fic-2024\/","url":"https:\/\/acgcyberacademy.fr\/acg-cybersecurity-annonce-son-partenariat-premium-avec-isaca-lors-du-forum-incyber-europe-fic-2024\/","name":"Partenariat ISACA ACG Cybersecurity | Formations France","isPartOf":{"@id":"https:\/\/acgcyberacademy.fr\/#website"},"datePublished":"2024-09-30T15:24:14+00:00","dateModified":"2025-10-30T11:15:26+00:00","description":"Partenariat ISACA et ACG Cybersecurity annonc\u00e9 au FIC 2024. Formations CISA, CISM, CRISC en fran\u00e7ais. Partenaire premium officiel.","breadcrumb":{"@id":"https:\/\/acgcyberacademy.fr\/acg-cybersecurity-annonce-son-partenariat-premium-avec-isaca-lors-du-forum-incyber-europe-fic-2024\/#breadcrumb"},"inLanguage":"en-GB","potentialAction":[{"@type":"ReadAction","target":["https:\/\/acgcyberacademy.fr\/acg-cybersecurity-annonce-son-partenariat-premium-avec-isaca-lors-du-forum-incyber-europe-fic-2024\/"]}]},{"@type":"BreadcrumbList","@id":"https:\/\/acgcyberacademy.fr\/acg-cybersecurity-annonce-son-partenariat-premium-avec-isaca-lors-du-forum-incyber-europe-fic-2024\/#breadcrumb","itemListElement":[{"@type":"ListItem","position":1,"name":"Accueil","item":"https:\/\/acgcyberacademy.fr\/"},{"@type":"ListItem","position":2,"name":"ACG Cybersecurity annonce son partenariat Premium avec ISACA lors du Forum InCyber Europe (FIC) 2024"}]},{"@type":"WebSite","@id":"https:\/\/acgcyberacademy.fr\/#website","url":"https:\/\/acgcyberacademy.fr\/","name":"ACG Cyber Academy","description":"","publisher":{"@id":"https:\/\/acgcyberacademy.fr\/#organization"},"potentialAction":[{"@type":"SearchAction","target":{"@type":"EntryPoint","urlTemplate":"https:\/\/acgcyberacademy.fr\/?s={search_term_string}"},"query-input":{"@type":"PropertyValueSpecification","valueRequired":true,"valueName":"search_term_string"}}],"inLanguage":"en-GB"},{"@type":"Organization","@id":"https:\/\/acgcyberacademy.fr\/#organization","name":"ACG Cyber Academy","url":"https:\/\/acgcyberacademy.fr\/","logo":{"@type":"ImageObject","inLanguage":"en-GB","@id":"https:\/\/acgcyberacademy.fr\/#\/schema\/logo\/image\/","url":"https:\/\/acgcyberacademy.fr\/wp-content\/uploads\/2025\/10\/Untitled-15-2.png","contentUrl":"https:\/\/acgcyberacademy.fr\/wp-content\/uploads\/2025\/10\/Untitled-15-2.png","width":1080,"height":1080,"caption":"ACG Cyber Academy"},"image":{"@id":"https:\/\/acgcyberacademy.fr\/#\/schema\/logo\/image\/"},"sameAs":["https:\/\/fr.linkedin.com\/company\/acg-cybersecurity"]}]}},"_links":{"self":[{"href":"https:\/\/acgcyberacademy.fr\/en\/wp-json\/wp\/v2\/pages\/13804","targetHints":{"allow":["GET"]}}],"collection":[{"href":"https:\/\/acgcyberacademy.fr\/en\/wp-json\/wp\/v2\/pages"}],"about":[{"href":"https:\/\/acgcyberacademy.fr\/en\/wp-json\/wp\/v2\/types\/page"}],"author":[{"embeddable":true,"href":"https:\/\/acgcyberacademy.fr\/en\/wp-json\/wp\/v2\/users\/8"}],"replies":[{"embeddable":true,"href":"https:\/\/acgcyberacademy.fr\/en\/wp-json\/wp\/v2\/comments?post=13804"}],"version-history":[{"count":4,"href":"https:\/\/acgcyberacademy.fr\/en\/wp-json\/wp\/v2\/pages\/13804\/revisions"}],"predecessor-version":[{"id":21056,"href":"https:\/\/acgcyberacademy.fr\/en\/wp-json\/wp\/v2\/pages\/13804\/revisions\/21056"}],"wp:attachment":[{"href":"https:\/\/acgcyberacademy.fr\/en\/wp-json\/wp\/v2\/media?parent=13804"}],"curies":[{"name":"wp","href":"https:\/\/api.w.org\/{rel}","templated":true}]}}