{"id":13830,"date":"2024-09-30T17:38:35","date_gmt":"2024-09-30T15:38:35","guid":{"rendered":"https:\/\/acgcyberacademy.fr\/?page_id=13830"},"modified":"2025-11-03T18:05:31","modified_gmt":"2025-11-03T17:05:31","slug":"partenariat-acg-cybersecurity-et-stormshield-une-alliance-pour-elever-la-securite-numerique-des-entreprises","status":"publish","type":"page","link":"https:\/\/acgcyberacademy.fr\/en\/partenariat-acg-cybersecurity-et-stormshield-une-alliance-pour-elever-la-securite-numerique-des-entreprises\/","title":{"rendered":"ACG Cybersecurity and Stormshield Partnership: An Alliance to Elevate Enterprise Digital Security"},"content":{"rendered":"\t\t<div data-elementor-type=\"wp-page\" data-elementor-id=\"13830\" class=\"elementor elementor-13830\" data-elementor-post-type=\"page\">\n\t\t\t\t<div class=\"elementor-element elementor-element-85fc042 e-flex e-con-boxed e-con e-parent\" data-id=\"85fc042\" data-element_type=\"container\" data-e-type=\"container\">\n\t\t\t\t\t<div class=\"e-con-inner\">\n\t\t\t\t<div class=\"elementor-element elementor-element-55f365c elementor-widget elementor-widget-text-editor\" data-id=\"55f365c\" data-element_type=\"widget\" data-e-type=\"widget\" data-widget_type=\"text-editor.default\">\n\t\t\t\t<div class=\"elementor-widget-container\">\n\t\t\t\t\t\t\t\t\t<div class=\"flex max-w-full flex-col flex-grow\"><div class=\"min-h-8 text-message flex w-full flex-col items-end gap-2 whitespace-normal break-words [.text-message+&amp;]:mt-5\" dir=\"auto\" data-message-author-role=\"assistant\" data-message-id=\"1c9d4710-0aec-4134-bb54-1d7be08652a3\"><div class=\"flex w-full flex-col gap-1 empty:hidden first:pt-[3px]\"><div class=\"markdown prose w-full break-words dark:prose-invert light\"><h4><strong>Partenariat ACG Cybersecurity et Stormshield : Une Alliance pour \u00c9lever la S\u00e9curit\u00e9 Num\u00e9rique des Entreprises<\/strong><\/h4><p>Date: 28\/03\/2024<\/p><\/div><\/div><\/div><\/div>\t\t\t\t\t\t\t\t<\/div>\n\t\t\t\t<\/div>\n\t\t\t\t\t<\/div>\n\t\t\t\t<\/div>\n\t\t<div class=\"elementor-element elementor-element-f0bd658 e-flex e-con-boxed e-con e-parent\" data-id=\"f0bd658\" data-element_type=\"container\" data-e-type=\"container\">\n\t\t\t\t\t<div class=\"e-con-inner\">\n\t\t<div class=\"elementor-element elementor-element-5981303 e-con-full e-flex e-con e-child\" data-id=\"5981303\" data-element_type=\"container\" data-e-type=\"container\">\n\t\t\t\t<div class=\"elementor-element elementor-element-cfe8c29 elementor-widget elementor-widget-text-editor\" data-id=\"cfe8c29\" data-element_type=\"widget\" data-e-type=\"widget\" data-widget_type=\"text-editor.default\">\n\t\t\t\t<div class=\"elementor-widget-container\">\n\t\t\t\t\t\t\t\t\t<p><span data-contrast=\"auto\">Pour clore en beaut\u00e9 le Forum <\/span><b><span data-contrast=\"auto\">InCyber Europe (FIC) 2024<\/span><\/b><span data-contrast=\"auto\">, <\/span><b><span data-contrast=\"auto\">ACG Cybersecurity<\/span><\/b><span data-contrast=\"auto\"> a le plaisir d\u2019annoncer son nouveau partenariat avec <\/span><b><span data-contrast=\"auto\">Stormshield<\/span><\/b><span data-contrast=\"auto\">. Ensemble, nous visons \u00e0 am\u00e9liorer la protection des entreprises face aux risques num\u00e9riques croissants.<\/span><span data-ccp-props=\"{&quot;201341983&quot;:0,&quot;335551550&quot;:6,&quot;335551620&quot;:6,&quot;335559739&quot;:160,&quot;335559740&quot;:259}\">\u00a0<\/span><\/p><p><b><span data-contrast=\"auto\">Le Forum InCyber Europe<\/span><\/b><span data-contrast=\"auto\"> a \u00e9t\u00e9 une \u00e9dition dynamique et engageante, permettant des \u00e9changes enrichissants sur des sujets vari\u00e9s, allant des r\u00e9glementations futures \u00e0 l\u2019utilisation de l\u2019intelligence artificielle pour att\u00e9nuer les risques cybern\u00e9tiques, tout en mettant l\u2019accent sur la responsabilit\u00e9 et la r\u00e9silience.<\/span><span data-ccp-props=\"{&quot;201341983&quot;:0,&quot;335551550&quot;:6,&quot;335551620&quot;:6,&quot;335559739&quot;:160,&quot;335559740&quot;:259}\">\u00a0<\/span><\/p><p><span data-contrast=\"auto\">L\u2019\u00e9quipe d\u2019<\/span><b><span data-contrast=\"auto\">ACG Cybersecurity <\/span><\/b><span data-contrast=\"auto\">a \u00e9t\u00e9 ravie de participer \u00e0 cet \u00e9v\u00e9nement, d\u2019accueillir des clients passionn\u00e9s \u00e0 notre stand. Ce nouveau partenariat t\u00e9moigne de notre engagement \u00e0 offrir des solutions de cybers\u00e9curit\u00e9 de pointe.<\/span><span data-ccp-props=\"{&quot;201341983&quot;:0,&quot;335551550&quot;:6,&quot;335551620&quot;:6,&quot;335559739&quot;:160,&quot;335559740&quot;:259}\">\u00a0<\/span><\/p><p><span data-contrast=\"auto\">Nous tenons \u00e0 remercier tous les passionn\u00e9s de cybers\u00e9curit\u00e9 qui ont \u00e9chang\u00e9 avec nous leurs id\u00e9es et leurs perspectives lors de cet \u00e9v\u00e9nement. En guise de conclusion de ces trois jours \u00e0 Lille, nous partageons une vid\u00e9o sp\u00e9ciale mettant en avant un projet de sensibilisation destin\u00e9 aux coll\u00e9giens sur les dangers du num\u00e9rique. <\/span><b><span data-contrast=\"auto\">Bechir SEBAI, CEO d\u2019ACG Cybersecurity<\/span><\/b><span data-contrast=\"auto\">, y \u00e9voque la gen\u00e8se du projet et les bonnes pratiques \u00e0 adopter pour naviguer en toute s\u00e9curit\u00e9 dans le monde num\u00e9rique.<\/span><span data-ccp-props=\"{&quot;201341983&quot;:0,&quot;335551550&quot;:6,&quot;335551620&quot;:6,&quot;335559739&quot;:160,&quot;335559740&quot;:259}\">\u00a0<\/span><\/p><p><b><span data-contrast=\"auto\">Restons en contact et continuons \u00e0 avancer ensemble pour faire face aux d\u00e9fis de la cybers\u00e9curit\u00e9 !<\/span><\/b><span data-ccp-props=\"{&quot;201341983&quot;:0,&quot;335551550&quot;:6,&quot;335551620&quot;:6,&quot;335559739&quot;:160,&quot;335559740&quot;:259}\">\u00a0<\/span><\/p><p><span data-ccp-props=\"{&quot;201341983&quot;:0,&quot;335559739&quot;:160,&quot;335559740&quot;:259}\">\u00a0<\/span><\/p>\t\t\t\t\t\t\t\t<\/div>\n\t\t\t\t<\/div>\n\t\t\t\t<\/div>\n\t\t<div class=\"elementor-element elementor-element-5acbc5e e-con-full e-flex e-con e-child\" data-id=\"5acbc5e\" data-element_type=\"container\" data-e-type=\"container\">\n\t\t\t\t<div class=\"elementor-element elementor-element-9232d24 elementor-widget elementor-widget-video\" data-id=\"9232d24\" data-element_type=\"widget\" data-e-type=\"widget\" data-settings=\"{&quot;video_type&quot;:&quot;hosted&quot;,&quot;autoplay&quot;:&quot;yes&quot;,&quot;loop&quot;:&quot;yes&quot;,&quot;controls&quot;:&quot;yes&quot;}\" data-widget_type=\"video.default\">\n\t\t\t\t<div class=\"elementor-widget-container\">\n\t\t\t\t\t\t\t<div class=\"e-hosted-video elementor-wrapper elementor-open-inline\">\n\t\t\t\t\t<video class=\"elementor-video\" src=\"https:\/\/acgcyberacademy.fr\/wp-content\/uploads\/2024\/09\/nicolas-van-den-torren-on-linkedin-lille-sensibilisation-numerique-securiteinformatique-stormshield.mp4\" autoplay=\"\" loop=\"\" controls=\"\" controlsList=\"nodownload\"><\/video>\n\t\t\t\t<\/div>\n\t\t\t\t\t\t<\/div>\n\t\t\t\t<\/div>\n\t\t\t\t<\/div>\n\t\t\t\t\t<\/div>\n\t\t\t\t<\/div>\n\t\t<div class=\"elementor-element elementor-element-bb41509 e-flex e-con-boxed e-con e-parent\" data-id=\"bb41509\" data-element_type=\"container\" data-e-type=\"container\">\n\t\t\t\t\t<div class=\"e-con-inner\">\n\t\t<div class=\"elementor-element elementor-element-6955643 e-con-full e-flex e-con e-child\" data-id=\"6955643\" data-element_type=\"container\" data-e-type=\"container\">\n\t\t\t\t<div class=\"elementor-element elementor-element-e511289 elementor-widget elementor-widget-image\" data-id=\"e511289\" data-element_type=\"widget\" data-e-type=\"widget\" data-widget_type=\"image.default\">\n\t\t\t\t<div class=\"elementor-widget-container\">\n\t\t\t\t\t\t\t\t\t\t\t\t\t\t\t<img fetchpriority=\"high\" decoding=\"async\" width=\"737\" height=\"585\" src=\"https:\/\/acgcyberacademy.fr\/wp-content\/uploads\/2024\/09\/1711687691038.jpg\" class=\"attachment-large size-large wp-image-13845\" alt=\"\" srcset=\"https:\/\/acgcyberacademy.fr\/wp-content\/uploads\/2024\/09\/1711687691038.jpg 737w, https:\/\/acgcyberacademy.fr\/wp-content\/uploads\/2024\/09\/1711687691038-300x238.jpg 300w\" sizes=\"(max-width: 737px) 100vw, 737px\" \/>\t\t\t\t\t\t\t\t\t\t\t\t\t\t\t<\/div>\n\t\t\t\t<\/div>\n\t\t\t\t<\/div>\n\t\t<div class=\"elementor-element elementor-element-c0b0402 e-con-full e-flex e-con e-child\" data-id=\"c0b0402\" data-element_type=\"container\" data-e-type=\"container\">\n\t\t\t\t<div class=\"elementor-element elementor-element-c4dadf5 elementor-widget elementor-widget-text-editor\" data-id=\"c4dadf5\" data-element_type=\"widget\" data-e-type=\"widget\" data-widget_type=\"text-editor.default\">\n\t\t\t\t<div class=\"elementor-widget-container\">\n\t\t\t\t\t\t\t\t\t<p style=\"text-align: center;\"><strong>\u00ab\u00a0<span class=\"TextRun SCXW30611586 BCX8\" lang=\"FR-FR\" xml:lang=\"FR-FR\" data-contrast=\"auto\"><span class=\"NormalTextRun SCXW30611586 BCX8\">C\u2019est un v\u00e9ritable plaisir de collaborer avec Stormshield <\/span><span class=\"NormalTextRun SCXW30611586 BCX8\">autour <\/span><span class=\"NormalTextRun ContextualSpellingAndGrammarErrorV2Themed SCXW30611586 BCX8\">de<\/span><span class=\"NormalTextRun SCXW30611586 BCX8\">\u00a0ces th\u00e9matiques<\/span><\/span><span class=\"EOP SCXW30611586 BCX8\" data-ccp-props=\"{&quot;201341983&quot;:0,&quot;335551550&quot;:2,&quot;335551620&quot;:2,&quot;335559739&quot;:160,&quot;335559740&quot;:259}\"> .<\/span>\u00ab\u00a0<\/strong><\/p>\t\t\t\t\t\t\t\t<\/div>\n\t\t\t\t<\/div>\n\t\t\t\t<\/div>\n\t\t\t\t\t<\/div>\n\t\t\t\t<\/div>\n\t\t<div class=\"elementor-element elementor-element-73db0e3 e-flex e-con-boxed e-con e-parent\" data-id=\"73db0e3\" data-element_type=\"container\" data-e-type=\"container\">\n\t\t\t\t\t<div class=\"e-con-inner\">\n\t\t\t\t<div class=\"elementor-element elementor-element-129dbe5 elementor-align-right elementor-widget__width-initial elementor-widget elementor-widget-button\" data-id=\"129dbe5\" data-element_type=\"widget\" data-e-type=\"widget\" data-widget_type=\"button.default\">\n\t\t\t\t<div class=\"elementor-widget-container\">\n\t\t\t\t\t\t\t\t\t<div class=\"elementor-button-wrapper\">\n\t\t\t\t\t<a class=\"elementor-button elementor-button-link elementor-size-sm\" href=\"https:\/\/acgcyberacademy.fr\/nos-actualites-cybersecurite\/\">\n\t\t\t\t\t\t<span class=\"elementor-button-content-wrapper\">\n\t\t\t\t\t\t\t\t\t<span class=\"elementor-button-text\">Retour <\/span>\n\t\t\t\t\t<\/span>\n\t\t\t\t\t<\/a>\n\t\t\t\t<\/div>\n\t\t\t\t\t\t\t\t<\/div>\n\t\t\t\t<\/div>\n\t\t\t\t\t<\/div>\n\t\t\t\t<\/div>\n\t\t\t\t<\/div>\n\t\t","protected":false},"excerpt":{"rendered":"<p>Partenariat ACG Cybersecurity et Stormshield : Une Alliance pour \u00c9lever la S\u00e9curit\u00e9 Num\u00e9rique des Entreprises Date: 28\/03\/2024 Pour clore en beaut\u00e9 le Forum InCyber Europe (FIC) 2024, ACG Cybersecurity a le plaisir d\u2019annoncer son nouveau partenariat avec Stormshield. Ensemble, nous visons \u00e0 am\u00e9liorer la protection des entreprises face aux risques num\u00e9riques croissants.\u00a0 Le Forum InCyber [&hellip;]<\/p>\n","protected":false},"author":8,"featured_media":0,"parent":0,"menu_order":0,"comment_status":"closed","ping_status":"closed","template":"","meta":{"_acf_changed":false,"_glsr_average":0,"_glsr_ranking":0,"_glsr_reviews":0,"footnotes":""},"class_list":["post-13830","page","type-page","status-publish","hentry"],"acf":[],"yoast_head":"<!-- This site is optimized with the Yoast SEO plugin v27.3 - https:\/\/yoast.com\/product\/yoast-seo-wordpress\/ -->\n<title>ACG Cybersecurity &amp; Stormshield : renforcez votre cybers\u00e9curit\u00e9<\/title>\n<meta name=\"description\" content=\"ACG Cybersecurity s\u2019associe \u00e0 Stormshield pour prot\u00e9ger les entreprises contre les risques num\u00e9riques croissants\" \/>\n<meta name=\"robots\" content=\"index, follow, max-snippet:-1, max-image-preview:large, max-video-preview:-1\" \/>\n<link rel=\"canonical\" href=\"https:\/\/acgcyberacademy.fr\/en\/partenariat-acg-cybersecurity-et-stormshield-une-alliance-pour-elever-la-securite-numerique-des-entreprises\/\" \/>\n<meta property=\"og:locale\" content=\"en_GB\" \/>\n<meta property=\"og:type\" content=\"article\" \/>\n<meta property=\"og:title\" content=\"ACG Cybersecurity &amp; Stormshield : renforcez votre cybers\u00e9curit\u00e9\" \/>\n<meta property=\"og:description\" content=\"ACG Cybersecurity s\u2019associe \u00e0 Stormshield pour prot\u00e9ger les entreprises contre les risques num\u00e9riques croissants\" \/>\n<meta property=\"og:url\" content=\"https:\/\/acgcyberacademy.fr\/en\/partenariat-acg-cybersecurity-et-stormshield-une-alliance-pour-elever-la-securite-numerique-des-entreprises\/\" \/>\n<meta property=\"og:site_name\" content=\"ACG CyberAcademy\" \/>\n<meta property=\"article:modified_time\" content=\"2025-11-03T17:05:31+00:00\" \/>\n<meta property=\"og:image\" content=\"https:\/\/acgcyberacademy.fr\/wp-content\/uploads\/2024\/09\/1711687691038.jpg\" \/>\n<meta name=\"twitter:card\" content=\"summary_large_image\" \/>\n<meta name=\"twitter:label1\" content=\"Estimated reading time\" \/>\n\t<meta name=\"twitter:data1\" content=\"2 minutes\" \/>\n<script type=\"application\/ld+json\" class=\"yoast-schema-graph\">{\"@context\":\"https:\\\/\\\/schema.org\",\"@graph\":[{\"@type\":\"WebPage\",\"@id\":\"https:\\\/\\\/acgcyberacademy.fr\\\/partenariat-acg-cybersecurity-et-stormshield-une-alliance-pour-elever-la-securite-numerique-des-entreprises\\\/\",\"url\":\"https:\\\/\\\/acgcyberacademy.fr\\\/partenariat-acg-cybersecurity-et-stormshield-une-alliance-pour-elever-la-securite-numerique-des-entreprises\\\/\",\"name\":\"ACG Cybersecurity & Stormshield : renforcez votre cybers\u00e9curit\u00e9\",\"isPartOf\":{\"@id\":\"https:\\\/\\\/acgcyberacademy.fr\\\/#website\"},\"primaryImageOfPage\":{\"@id\":\"https:\\\/\\\/acgcyberacademy.fr\\\/partenariat-acg-cybersecurity-et-stormshield-une-alliance-pour-elever-la-securite-numerique-des-entreprises\\\/#primaryimage\"},\"image\":{\"@id\":\"https:\\\/\\\/acgcyberacademy.fr\\\/partenariat-acg-cybersecurity-et-stormshield-une-alliance-pour-elever-la-securite-numerique-des-entreprises\\\/#primaryimage\"},\"thumbnailUrl\":\"https:\\\/\\\/acgcyberacademy.fr\\\/wp-content\\\/uploads\\\/2024\\\/09\\\/1711687691038.jpg\",\"datePublished\":\"2024-09-30T15:38:35+00:00\",\"dateModified\":\"2025-11-03T17:05:31+00:00\",\"description\":\"ACG Cybersecurity s\u2019associe \u00e0 Stormshield pour prot\u00e9ger les entreprises contre les risques num\u00e9riques croissants\",\"breadcrumb\":{\"@id\":\"https:\\\/\\\/acgcyberacademy.fr\\\/partenariat-acg-cybersecurity-et-stormshield-une-alliance-pour-elever-la-securite-numerique-des-entreprises\\\/#breadcrumb\"},\"inLanguage\":\"en-GB\",\"potentialAction\":[{\"@type\":\"ReadAction\",\"target\":[\"https:\\\/\\\/acgcyberacademy.fr\\\/partenariat-acg-cybersecurity-et-stormshield-une-alliance-pour-elever-la-securite-numerique-des-entreprises\\\/\"]}]},{\"@type\":\"ImageObject\",\"inLanguage\":\"en-GB\",\"@id\":\"https:\\\/\\\/acgcyberacademy.fr\\\/partenariat-acg-cybersecurity-et-stormshield-une-alliance-pour-elever-la-securite-numerique-des-entreprises\\\/#primaryimage\",\"url\":\"https:\\\/\\\/acgcyberacademy.fr\\\/wp-content\\\/uploads\\\/2024\\\/09\\\/1711687691038.jpg\",\"contentUrl\":\"https:\\\/\\\/acgcyberacademy.fr\\\/wp-content\\\/uploads\\\/2024\\\/09\\\/1711687691038.jpg\"},{\"@type\":\"BreadcrumbList\",\"@id\":\"https:\\\/\\\/acgcyberacademy.fr\\\/partenariat-acg-cybersecurity-et-stormshield-une-alliance-pour-elever-la-securite-numerique-des-entreprises\\\/#breadcrumb\",\"itemListElement\":[{\"@type\":\"ListItem\",\"position\":1,\"name\":\"Accueil\",\"item\":\"https:\\\/\\\/acgcyberacademy.fr\\\/\"},{\"@type\":\"ListItem\",\"position\":2,\"name\":\"Partenariat ACG Cybersecurity et Stormshield : Une Alliance pour \u00c9lever la S\u00e9curit\u00e9 Num\u00e9rique des Entreprises\"}]},{\"@type\":\"WebSite\",\"@id\":\"https:\\\/\\\/acgcyberacademy.fr\\\/#website\",\"url\":\"https:\\\/\\\/acgcyberacademy.fr\\\/\",\"name\":\"ACG Cyber Academy\",\"description\":\"\",\"publisher\":{\"@id\":\"https:\\\/\\\/acgcyberacademy.fr\\\/#organization\"},\"potentialAction\":[{\"@type\":\"SearchAction\",\"target\":{\"@type\":\"EntryPoint\",\"urlTemplate\":\"https:\\\/\\\/acgcyberacademy.fr\\\/?s={search_term_string}\"},\"query-input\":{\"@type\":\"PropertyValueSpecification\",\"valueRequired\":true,\"valueName\":\"search_term_string\"}}],\"inLanguage\":\"en-GB\"},{\"@type\":\"Organization\",\"@id\":\"https:\\\/\\\/acgcyberacademy.fr\\\/#organization\",\"name\":\"ACG Cyber Academy\",\"url\":\"https:\\\/\\\/acgcyberacademy.fr\\\/\",\"logo\":{\"@type\":\"ImageObject\",\"inLanguage\":\"en-GB\",\"@id\":\"https:\\\/\\\/acgcyberacademy.fr\\\/#\\\/schema\\\/logo\\\/image\\\/\",\"url\":\"https:\\\/\\\/acgcyberacademy.fr\\\/wp-content\\\/uploads\\\/2025\\\/10\\\/Untitled-15-2.png\",\"contentUrl\":\"https:\\\/\\\/acgcyberacademy.fr\\\/wp-content\\\/uploads\\\/2025\\\/10\\\/Untitled-15-2.png\",\"width\":1080,\"height\":1080,\"caption\":\"ACG Cyber Academy\"},\"image\":{\"@id\":\"https:\\\/\\\/acgcyberacademy.fr\\\/#\\\/schema\\\/logo\\\/image\\\/\"},\"sameAs\":[\"https:\\\/\\\/fr.linkedin.com\\\/company\\\/acg-cybersecurity\"]}]}<\/script>\n<!-- \/ Yoast SEO plugin. -->","yoast_head_json":{"title":"ACG Cybersecurity & Stormshield : renforcez votre cybers\u00e9curit\u00e9","description":"ACG Cybersecurity s\u2019associe \u00e0 Stormshield pour prot\u00e9ger les entreprises contre les risques num\u00e9riques croissants","robots":{"index":"index","follow":"follow","max-snippet":"max-snippet:-1","max-image-preview":"max-image-preview:large","max-video-preview":"max-video-preview:-1"},"canonical":"https:\/\/acgcyberacademy.fr\/en\/partenariat-acg-cybersecurity-et-stormshield-une-alliance-pour-elever-la-securite-numerique-des-entreprises\/","og_locale":"en_GB","og_type":"article","og_title":"ACG Cybersecurity & Stormshield : renforcez votre cybers\u00e9curit\u00e9","og_description":"ACG Cybersecurity s\u2019associe \u00e0 Stormshield pour prot\u00e9ger les entreprises contre les risques num\u00e9riques croissants","og_url":"https:\/\/acgcyberacademy.fr\/en\/partenariat-acg-cybersecurity-et-stormshield-une-alliance-pour-elever-la-securite-numerique-des-entreprises\/","og_site_name":"ACG CyberAcademy","article_modified_time":"2025-11-03T17:05:31+00:00","og_image":[{"url":"https:\/\/acgcyberacademy.fr\/wp-content\/uploads\/2024\/09\/1711687691038.jpg","type":"","width":"","height":""}],"twitter_card":"summary_large_image","twitter_misc":{"Estimated reading time":"2 minutes"},"schema":{"@context":"https:\/\/schema.org","@graph":[{"@type":"WebPage","@id":"https:\/\/acgcyberacademy.fr\/partenariat-acg-cybersecurity-et-stormshield-une-alliance-pour-elever-la-securite-numerique-des-entreprises\/","url":"https:\/\/acgcyberacademy.fr\/partenariat-acg-cybersecurity-et-stormshield-une-alliance-pour-elever-la-securite-numerique-des-entreprises\/","name":"ACG Cybersecurity & Stormshield : renforcez votre cybers\u00e9curit\u00e9","isPartOf":{"@id":"https:\/\/acgcyberacademy.fr\/#website"},"primaryImageOfPage":{"@id":"https:\/\/acgcyberacademy.fr\/partenariat-acg-cybersecurity-et-stormshield-une-alliance-pour-elever-la-securite-numerique-des-entreprises\/#primaryimage"},"image":{"@id":"https:\/\/acgcyberacademy.fr\/partenariat-acg-cybersecurity-et-stormshield-une-alliance-pour-elever-la-securite-numerique-des-entreprises\/#primaryimage"},"thumbnailUrl":"https:\/\/acgcyberacademy.fr\/wp-content\/uploads\/2024\/09\/1711687691038.jpg","datePublished":"2024-09-30T15:38:35+00:00","dateModified":"2025-11-03T17:05:31+00:00","description":"ACG Cybersecurity s\u2019associe \u00e0 Stormshield pour prot\u00e9ger les entreprises contre les risques num\u00e9riques croissants","breadcrumb":{"@id":"https:\/\/acgcyberacademy.fr\/partenariat-acg-cybersecurity-et-stormshield-une-alliance-pour-elever-la-securite-numerique-des-entreprises\/#breadcrumb"},"inLanguage":"en-GB","potentialAction":[{"@type":"ReadAction","target":["https:\/\/acgcyberacademy.fr\/partenariat-acg-cybersecurity-et-stormshield-une-alliance-pour-elever-la-securite-numerique-des-entreprises\/"]}]},{"@type":"ImageObject","inLanguage":"en-GB","@id":"https:\/\/acgcyberacademy.fr\/partenariat-acg-cybersecurity-et-stormshield-une-alliance-pour-elever-la-securite-numerique-des-entreprises\/#primaryimage","url":"https:\/\/acgcyberacademy.fr\/wp-content\/uploads\/2024\/09\/1711687691038.jpg","contentUrl":"https:\/\/acgcyberacademy.fr\/wp-content\/uploads\/2024\/09\/1711687691038.jpg"},{"@type":"BreadcrumbList","@id":"https:\/\/acgcyberacademy.fr\/partenariat-acg-cybersecurity-et-stormshield-une-alliance-pour-elever-la-securite-numerique-des-entreprises\/#breadcrumb","itemListElement":[{"@type":"ListItem","position":1,"name":"Accueil","item":"https:\/\/acgcyberacademy.fr\/"},{"@type":"ListItem","position":2,"name":"Partenariat ACG Cybersecurity et Stormshield : Une Alliance pour \u00c9lever la S\u00e9curit\u00e9 Num\u00e9rique des Entreprises"}]},{"@type":"WebSite","@id":"https:\/\/acgcyberacademy.fr\/#website","url":"https:\/\/acgcyberacademy.fr\/","name":"ACG Cyber Academy","description":"","publisher":{"@id":"https:\/\/acgcyberacademy.fr\/#organization"},"potentialAction":[{"@type":"SearchAction","target":{"@type":"EntryPoint","urlTemplate":"https:\/\/acgcyberacademy.fr\/?s={search_term_string}"},"query-input":{"@type":"PropertyValueSpecification","valueRequired":true,"valueName":"search_term_string"}}],"inLanguage":"en-GB"},{"@type":"Organization","@id":"https:\/\/acgcyberacademy.fr\/#organization","name":"ACG Cyber Academy","url":"https:\/\/acgcyberacademy.fr\/","logo":{"@type":"ImageObject","inLanguage":"en-GB","@id":"https:\/\/acgcyberacademy.fr\/#\/schema\/logo\/image\/","url":"https:\/\/acgcyberacademy.fr\/wp-content\/uploads\/2025\/10\/Untitled-15-2.png","contentUrl":"https:\/\/acgcyberacademy.fr\/wp-content\/uploads\/2025\/10\/Untitled-15-2.png","width":1080,"height":1080,"caption":"ACG Cyber Academy"},"image":{"@id":"https:\/\/acgcyberacademy.fr\/#\/schema\/logo\/image\/"},"sameAs":["https:\/\/fr.linkedin.com\/company\/acg-cybersecurity"]}]}},"_links":{"self":[{"href":"https:\/\/acgcyberacademy.fr\/en\/wp-json\/wp\/v2\/pages\/13830","targetHints":{"allow":["GET"]}}],"collection":[{"href":"https:\/\/acgcyberacademy.fr\/en\/wp-json\/wp\/v2\/pages"}],"about":[{"href":"https:\/\/acgcyberacademy.fr\/en\/wp-json\/wp\/v2\/types\/page"}],"author":[{"embeddable":true,"href":"https:\/\/acgcyberacademy.fr\/en\/wp-json\/wp\/v2\/users\/8"}],"replies":[{"embeddable":true,"href":"https:\/\/acgcyberacademy.fr\/en\/wp-json\/wp\/v2\/comments?post=13830"}],"version-history":[{"count":1,"href":"https:\/\/acgcyberacademy.fr\/en\/wp-json\/wp\/v2\/pages\/13830\/revisions"}],"predecessor-version":[{"id":21351,"href":"https:\/\/acgcyberacademy.fr\/en\/wp-json\/wp\/v2\/pages\/13830\/revisions\/21351"}],"wp:attachment":[{"href":"https:\/\/acgcyberacademy.fr\/en\/wp-json\/wp\/v2\/media?parent=13830"}],"curies":[{"name":"wp","href":"https:\/\/api.w.org\/{rel}","templated":true}]}}