{"id":14523,"date":"2024-10-22T12:03:02","date_gmt":"2024-10-22T10:03:02","guid":{"rendered":"https:\/\/acgcyberacademy.fr\/?page_id=14523"},"modified":"2026-02-04T17:14:18","modified_gmt":"2026-02-04T16:14:18","slug":"nos-partenaires","status":"publish","type":"page","link":"https:\/\/acgcyberacademy.fr\/en\/nos-partenaires\/","title":{"rendered":"Our partners"},"content":{"rendered":"<div data-elementor-type=\"wp-page\" data-elementor-id=\"14523\" class=\"elementor elementor-14523\" data-elementor-post-type=\"page\">\n\t\t\t\t<div class=\"elementor-element elementor-element-f032c63 e-con-full e-flex e-con e-parent\" data-id=\"f032c63\" data-element_type=\"container\" data-e-type=\"container\">\n\t\t<div class=\"elementor-element elementor-element-a1f0b99 e-con-full e-flex e-con e-child\" data-id=\"a1f0b99\" data-element_type=\"container\" data-e-type=\"container\">\n\t\t<div class=\"elementor-element elementor-element-58d4e6c e-con-full e-flex e-con e-child\" data-id=\"58d4e6c\" data-element_type=\"container\" data-e-type=\"container\">\n\t\t\t\t<div class=\"elementor-element elementor-element-c93a026 elementor-widget elementor-widget-text-editor\" data-id=\"c93a026\" data-element_type=\"widget\" data-e-type=\"widget\" data-widget_type=\"text-editor.default\">\n\t\t\t\t<div class=\"elementor-widget-container\">\n\t\t\t\t\t\t\t\t\t<h4><strong>Our Strategic Partners<\/strong><\/h4>\t\t\t\t\t\t\t\t<\/div>\n\t\t\t\t<\/div>\n\t\t\t\t<\/div>\n\t\t<div class=\"elementor-element elementor-element-f83d8cd e-con-full e-flex e-con e-child\" data-id=\"f83d8cd\" data-element_type=\"container\" data-e-type=\"container\">\n\t\t\t\t<div class=\"elementor-element elementor-element-b259250 elementor-widget__width-initial elementor-widget elementor-widget-text-editor\" data-id=\"b259250\" data-element_type=\"widget\" data-e-type=\"widget\" data-widget_type=\"text-editor.default\">\n\t\t\t\t<div class=\"elementor-widget-container\">\n\t\t\t\t\t\t\t\t\t<p>Find out more about our partners who share our commitment to providing quality training in cybersecurity and promoting excellence in the field.<\/p>\t\t\t\t\t\t\t\t<\/div>\n\t\t\t\t<\/div>\n\t\t\t\t<\/div>\n\t\t\t\t<\/div>\n\t\t\t\t<\/div>\n\t\t<div class=\"elementor-element elementor-element-da97492 e-flex e-con-boxed e-con e-parent\" data-id=\"da97492\" data-element_type=\"container\" data-e-type=\"container\">\n\t\t\t\t\t<div class=\"e-con-inner\">\n\t\t<div class=\"elementor-element elementor-element-6abeda0 e-con-full e-flex e-con e-child\" data-id=\"6abeda0\" data-element_type=\"container\" data-e-type=\"container\">\n\t\t\t\t<div class=\"elementor-element elementor-element-b840a35 elementor-widget elementor-widget-image\" data-id=\"b840a35\" data-element_type=\"widget\" data-e-type=\"widget\" data-widget_type=\"image.default\">\n\t\t\t\t<div class=\"elementor-widget-container\">\n\t\t\t\t\t\t\t\t\t\t\t\t\t\t\t\t<a href=\"https:\/\/pecb.com\/fr\" target=\"_blank\">\n\t\t\t\t\t\t\t<img fetchpriority=\"high\" decoding=\"async\" width=\"500\" height=\"200\" src=\"https:\/\/acgcyberacademy.fr\/wp-content\/uploads\/2024\/03\/pecb.png\" class=\"attachment-large size-large wp-image-6392\" alt=\"\" srcset=\"https:\/\/acgcyberacademy.fr\/wp-content\/uploads\/2024\/03\/pecb.png 500w, https:\/\/acgcyberacademy.fr\/wp-content\/uploads\/2024\/03\/pecb-300x120.png 300w\" sizes=\"(max-width: 500px) 100vw, 500px\" \/>\t\t\t\t\t\t\t\t<\/a>\n\t\t\t\t\t\t\t\t\t\t\t\t\t\t\t<\/div>\n\t\t\t\t<\/div>\n\t\t\t\t<\/div>\n\t\t<div class=\"elementor-element elementor-element-205b5d2 e-con-full e-flex e-con e-child\" data-id=\"205b5d2\" data-element_type=\"container\" data-e-type=\"container\">\n\t\t\t\t<div class=\"elementor-element elementor-element-5e28f7f elementor-widget elementor-widget-image\" data-id=\"5e28f7f\" data-element_type=\"widget\" data-e-type=\"widget\" data-widget_type=\"image.default\">\n\t\t\t\t<div class=\"elementor-widget-container\">\n\t\t\t\t\t\t\t\t\t\t\t\t\t\t\t\t<a href=\"https:\/\/www.afai-isaca.fr\/fr.html\" target=\"_blank\">\n\t\t\t\t\t\t\t<img decoding=\"async\" width=\"600\" height=\"160\" src=\"https:\/\/acgcyberacademy.fr\/wp-content\/uploads\/2024\/09\/ISACA-Accreditd-Partner-removebg-preview.png\" class=\"attachment-large size-large wp-image-12495\" alt=\"\" srcset=\"https:\/\/acgcyberacademy.fr\/wp-content\/uploads\/2024\/09\/ISACA-Accreditd-Partner-removebg-preview.png 600w, https:\/\/acgcyberacademy.fr\/wp-content\/uploads\/2024\/09\/ISACA-Accreditd-Partner-removebg-preview-300x80.png 300w\" sizes=\"(max-width: 600px) 100vw, 600px\" \/>\t\t\t\t\t\t\t\t<\/a>\n\t\t\t\t\t\t\t\t\t\t\t\t\t\t\t<\/div>\n\t\t\t\t<\/div>\n\t\t\t\t<\/div>\n\t\t<div class=\"elementor-element elementor-element-533dca3 e-con-full e-flex e-con e-child\" data-id=\"533dca3\" data-element_type=\"container\" data-e-type=\"container\">\n\t\t\t\t<div class=\"elementor-element elementor-element-3374d33 elementor-widget elementor-widget-image\" data-id=\"3374d33\" data-element_type=\"widget\" data-e-type=\"widget\" data-widget_type=\"image.default\">\n\t\t\t\t<div class=\"elementor-widget-container\">\n\t\t\t\t\t\t\t\t\t\t\t\t\t\t\t\t<a href=\"https:\/\/mile2.com\/\" target=\"_blank\">\n\t\t\t\t\t\t\t<img decoding=\"async\" width=\"359\" height=\"169\" src=\"https:\/\/acgcyberacademy.fr\/wp-content\/uploads\/2024\/07\/Mile2-logo.jpg\" class=\"attachment-large size-large wp-image-11194\" alt=\"MILE2 ACG CyberAcademy Formation\" srcset=\"https:\/\/acgcyberacademy.fr\/wp-content\/uploads\/2024\/07\/Mile2-logo.jpg 359w, https:\/\/acgcyberacademy.fr\/wp-content\/uploads\/2024\/07\/Mile2-logo-300x141.jpg 300w\" sizes=\"(max-width: 359px) 100vw, 359px\" \/>\t\t\t\t\t\t\t\t<\/a>\n\t\t\t\t\t\t\t\t\t\t\t\t\t\t\t<\/div>\n\t\t\t\t<\/div>\n\t\t\t\t<\/div>\n\t\t<div class=\"elementor-element elementor-element-20ec84a e-con-full e-flex e-con e-child\" data-id=\"20ec84a\" data-element_type=\"container\" data-e-type=\"container\">\n\t\t\t\t<div class=\"elementor-element elementor-element-6045d4e elementor-widget elementor-widget-image\" data-id=\"6045d4e\" data-element_type=\"widget\" data-e-type=\"widget\" data-widget_type=\"image.default\">\n\t\t\t\t<div class=\"elementor-widget-container\">\n\t\t\t\t\t\t\t\t\t\t\t\t\t\t\t\t<a href=\"https:\/\/www.comptia.org\/\" target=\"_blank\">\n\t\t\t\t\t\t\t<img loading=\"lazy\" decoding=\"async\" width=\"800\" height=\"217\" src=\"https:\/\/acgcyberacademy.fr\/wp-content\/uploads\/2024\/09\/comptia_atlona-removebg-preview.png\" class=\"attachment-large size-large wp-image-12500\" alt=\"\" srcset=\"https:\/\/acgcyberacademy.fr\/wp-content\/uploads\/2024\/09\/comptia_atlona-removebg-preview.png 960w, https:\/\/acgcyberacademy.fr\/wp-content\/uploads\/2024\/09\/comptia_atlona-removebg-preview-300x81.png 300w, https:\/\/acgcyberacademy.fr\/wp-content\/uploads\/2024\/09\/comptia_atlona-removebg-preview-768x208.png 768w\" sizes=\"(max-width: 800px) 100vw, 800px\" \/>\t\t\t\t\t\t\t\t<\/a>\n\t\t\t\t\t\t\t\t\t\t\t\t\t\t\t<\/div>\n\t\t\t\t<\/div>\n\t\t\t\t<\/div>\n\t\t<div class=\"elementor-element elementor-element-3864b89 e-con-full e-flex e-con e-child\" data-id=\"3864b89\" data-element_type=\"container\" data-e-type=\"container\">\n\t\t\t\t<div class=\"elementor-element elementor-element-80fdf6a elementor-widget elementor-widget-image\" data-id=\"80fdf6a\" data-element_type=\"widget\" data-e-type=\"widget\" data-widget_type=\"image.default\">\n\t\t\t\t<div class=\"elementor-widget-container\">\n\t\t\t\t\t\t\t\t\t\t\t\t\t\t\t\t<a href=\"https:\/\/www.eccouncil.org\/\" target=\"_blank\">\n\t\t\t\t\t\t\t<img loading=\"lazy\" decoding=\"async\" width=\"793\" height=\"181\" src=\"https:\/\/acgcyberacademy.fr\/wp-content\/uploads\/2024\/09\/Ec_Council_Logo-removebg-preview.png\" class=\"attachment-large size-large wp-image-12501\" alt=\"EC-Council Certified Acg CyberAcademy\" srcset=\"https:\/\/acgcyberacademy.fr\/wp-content\/uploads\/2024\/09\/Ec_Council_Logo-removebg-preview.png 793w, https:\/\/acgcyberacademy.fr\/wp-content\/uploads\/2024\/09\/Ec_Council_Logo-removebg-preview-300x68.png 300w, https:\/\/acgcyberacademy.fr\/wp-content\/uploads\/2024\/09\/Ec_Council_Logo-removebg-preview-768x175.png 768w\" sizes=\"(max-width: 793px) 100vw, 793px\" \/>\t\t\t\t\t\t\t\t<\/a>\n\t\t\t\t\t\t\t\t\t\t\t\t\t\t\t<\/div>\n\t\t\t\t<\/div>\n\t\t\t\t<\/div>\n\t\t<div class=\"elementor-element elementor-element-fb4ba4e e-con-full e-flex e-con e-child\" data-id=\"fb4ba4e\" data-element_type=\"container\" data-e-type=\"container\">\n\t\t\t\t<div class=\"elementor-element elementor-element-df64096 elementor-widget__width-initial elementor-widget elementor-widget-image\" data-id=\"df64096\" data-element_type=\"widget\" data-e-type=\"widget\" data-widget_type=\"image.default\">\n\t\t\t\t<div class=\"elementor-widget-container\">\n\t\t\t\t\t\t\t\t\t\t\t\t\t\t\t\t<a href=\"https:\/\/www.isc2.org\/\" target=\"_blank\">\n\t\t\t\t\t\t\t<img loading=\"lazy\" decoding=\"async\" width=\"360\" height=\"360\" src=\"https:\/\/acgcyberacademy.fr\/wp-content\/uploads\/2024\/11\/logo_01-removebg-preview.png\" class=\"attachment-large size-large wp-image-14816\" alt=\"\" srcset=\"https:\/\/acgcyberacademy.fr\/wp-content\/uploads\/2024\/11\/logo_01-removebg-preview.png 360w, https:\/\/acgcyberacademy.fr\/wp-content\/uploads\/2024\/11\/logo_01-removebg-preview-300x300.png 300w, https:\/\/acgcyberacademy.fr\/wp-content\/uploads\/2024\/11\/logo_01-removebg-preview-150x150.png 150w\" sizes=\"(max-width: 360px) 100vw, 360px\" \/>\t\t\t\t\t\t\t\t<\/a>\n\t\t\t\t\t\t\t\t\t\t\t\t\t\t\t<\/div>\n\t\t\t\t<\/div>\n\t\t\t\t<\/div>\n\t\t\t\t\t<\/div>\n\t\t\t\t<\/div>\n\t\t\t\t<\/div>","protected":false},"excerpt":{"rendered":"<p>Nos Partenaires Strat\u00e9giques D\u00e9couvrez nos partenaires qui partagent notre engagement \u00e0 fournir des formations de qualit\u00e9 en cybers\u00e9curit\u00e9 et \u00e0 promouvoir l&rsquo;excellence dans le domaine.<\/p>","protected":false},"author":8,"featured_media":0,"parent":0,"menu_order":0,"comment_status":"closed","ping_status":"closed","template":"","meta":{"_acf_changed":false,"_glsr_average":0,"_glsr_ranking":0,"_glsr_reviews":0,"footnotes":""},"class_list":["post-14523","page","type-page","status-publish","hentry"],"acf":[],"yoast_head":"<!-- This site is optimized with the Yoast SEO plugin v27.4 - https:\/\/yoast.com\/product\/yoast-seo-wordpress\/ -->\n<title>Partenaires Formation Cybers\u00e9curit\u00e9 | ACG CyberAcademy<\/title>\n<meta name=\"description\" content=\"Nos partenaires strat\u00e9giques et ACG CyberAcademy d\u00e9veloppent des formations cybers\u00e9curit\u00e9 pour soutenir l\u2019excellence op\u00e9rationnelle.\" \/>\n<meta name=\"robots\" content=\"index, follow, max-snippet:-1, max-image-preview:large, max-video-preview:-1\" \/>\n<link rel=\"canonical\" href=\"https:\/\/acgcyberacademy.fr\/en\/nos-partenaires\/\" \/>\n<meta property=\"og:locale\" content=\"en_GB\" \/>\n<meta property=\"og:type\" content=\"article\" \/>\n<meta property=\"og:title\" content=\"Partenaires Formation Cybers\u00e9curit\u00e9 | ACG CyberAcademy\" \/>\n<meta property=\"og:description\" content=\"Nos partenaires strat\u00e9giques et ACG CyberAcademy d\u00e9veloppent des formations cybers\u00e9curit\u00e9 pour soutenir l\u2019excellence op\u00e9rationnelle.\" \/>\n<meta property=\"og:url\" content=\"https:\/\/acgcyberacademy.fr\/en\/nos-partenaires\/\" \/>\n<meta property=\"og:site_name\" content=\"ACG CyberAcademy\" \/>\n<meta property=\"article:modified_time\" content=\"2026-02-04T16:14:18+00:00\" \/>\n<meta property=\"og:image\" content=\"https:\/\/acgcyberacademy.fr\/wp-content\/uploads\/2024\/03\/pecb.png\" \/>\n\t<meta property=\"og:image:width\" content=\"500\" \/>\n\t<meta property=\"og:image:height\" content=\"200\" \/>\n\t<meta property=\"og:image:type\" content=\"image\/png\" \/>\n<meta name=\"twitter:card\" content=\"summary_large_image\" \/>\n<meta name=\"twitter:label1\" content=\"Estimated reading time\" \/>\n\t<meta name=\"twitter:data1\" content=\"2 minutes\" \/>\n<script type=\"application\/ld+json\" class=\"yoast-schema-graph\">{\"@context\":\"https:\\\/\\\/schema.org\",\"@graph\":[{\"@type\":\"WebPage\",\"@id\":\"https:\\\/\\\/acgcyberacademy.fr\\\/nos-partenaires\\\/\",\"url\":\"https:\\\/\\\/acgcyberacademy.fr\\\/nos-partenaires\\\/\",\"name\":\"Partenaires Formation Cybers\u00e9curit\u00e9 | ACG CyberAcademy\",\"isPartOf\":{\"@id\":\"https:\\\/\\\/acgcyberacademy.fr\\\/#website\"},\"primaryImageOfPage\":{\"@id\":\"https:\\\/\\\/acgcyberacademy.fr\\\/nos-partenaires\\\/#primaryimage\"},\"image\":{\"@id\":\"https:\\\/\\\/acgcyberacademy.fr\\\/nos-partenaires\\\/#primaryimage\"},\"thumbnailUrl\":\"https:\\\/\\\/acgcyberacademy.fr\\\/wp-content\\\/uploads\\\/2024\\\/03\\\/pecb.png\",\"datePublished\":\"2024-10-22T10:03:02+00:00\",\"dateModified\":\"2026-02-04T16:14:18+00:00\",\"description\":\"Nos partenaires strat\u00e9giques et ACG CyberAcademy d\u00e9veloppent des formations cybers\u00e9curit\u00e9 pour soutenir l\u2019excellence op\u00e9rationnelle.\",\"breadcrumb\":{\"@id\":\"https:\\\/\\\/acgcyberacademy.fr\\\/nos-partenaires\\\/#breadcrumb\"},\"inLanguage\":\"en-GB\",\"potentialAction\":[{\"@type\":\"ReadAction\",\"target\":[\"https:\\\/\\\/acgcyberacademy.fr\\\/nos-partenaires\\\/\"]}]},{\"@type\":\"ImageObject\",\"inLanguage\":\"en-GB\",\"@id\":\"https:\\\/\\\/acgcyberacademy.fr\\\/nos-partenaires\\\/#primaryimage\",\"url\":\"https:\\\/\\\/acgcyberacademy.fr\\\/wp-content\\\/uploads\\\/2024\\\/03\\\/pecb.png\",\"contentUrl\":\"https:\\\/\\\/acgcyberacademy.fr\\\/wp-content\\\/uploads\\\/2024\\\/03\\\/pecb.png\"},{\"@type\":\"BreadcrumbList\",\"@id\":\"https:\\\/\\\/acgcyberacademy.fr\\\/nos-partenaires\\\/#breadcrumb\",\"itemListElement\":[{\"@type\":\"ListItem\",\"position\":1,\"name\":\"Accueil\",\"item\":\"https:\\\/\\\/acgcyberacademy.fr\\\/\"},{\"@type\":\"ListItem\",\"position\":2,\"name\":\"Nos Partenaires\"}]},{\"@type\":\"WebSite\",\"@id\":\"https:\\\/\\\/acgcyberacademy.fr\\\/#website\",\"url\":\"https:\\\/\\\/acgcyberacademy.fr\\\/\",\"name\":\"ACG Cyber Academy\",\"description\":\"\",\"publisher\":{\"@id\":\"https:\\\/\\\/acgcyberacademy.fr\\\/#organization\"},\"potentialAction\":[{\"@type\":\"SearchAction\",\"target\":{\"@type\":\"EntryPoint\",\"urlTemplate\":\"https:\\\/\\\/acgcyberacademy.fr\\\/?s={search_term_string}\"},\"query-input\":{\"@type\":\"PropertyValueSpecification\",\"valueRequired\":true,\"valueName\":\"search_term_string\"}}],\"inLanguage\":\"en-GB\"},{\"@type\":\"Organization\",\"@id\":\"https:\\\/\\\/acgcyberacademy.fr\\\/#organization\",\"name\":\"ACG Cyber Academy\",\"url\":\"https:\\\/\\\/acgcyberacademy.fr\\\/\",\"logo\":{\"@type\":\"ImageObject\",\"inLanguage\":\"en-GB\",\"@id\":\"https:\\\/\\\/acgcyberacademy.fr\\\/#\\\/schema\\\/logo\\\/image\\\/\",\"url\":\"https:\\\/\\\/acgcyberacademy.fr\\\/wp-content\\\/uploads\\\/2025\\\/10\\\/Untitled-15-2.png\",\"contentUrl\":\"https:\\\/\\\/acgcyberacademy.fr\\\/wp-content\\\/uploads\\\/2025\\\/10\\\/Untitled-15-2.png\",\"width\":1080,\"height\":1080,\"caption\":\"ACG Cyber Academy\"},\"image\":{\"@id\":\"https:\\\/\\\/acgcyberacademy.fr\\\/#\\\/schema\\\/logo\\\/image\\\/\"},\"sameAs\":[\"https:\\\/\\\/fr.linkedin.com\\\/company\\\/acg-cybersecurity\"]}]}<\/script>\n<!-- \/ Yoast SEO plugin. -->","yoast_head_json":{"title":"Partenaires Formation Cybers\u00e9curit\u00e9 | ACG CyberAcademy","description":"Nos partenaires strat\u00e9giques et ACG CyberAcademy d\u00e9veloppent des formations cybers\u00e9curit\u00e9 pour soutenir l\u2019excellence op\u00e9rationnelle.","robots":{"index":"index","follow":"follow","max-snippet":"max-snippet:-1","max-image-preview":"max-image-preview:large","max-video-preview":"max-video-preview:-1"},"canonical":"https:\/\/acgcyberacademy.fr\/en\/nos-partenaires\/","og_locale":"en_GB","og_type":"article","og_title":"Partenaires Formation Cybers\u00e9curit\u00e9 | ACG CyberAcademy","og_description":"Nos partenaires strat\u00e9giques et ACG CyberAcademy d\u00e9veloppent des formations cybers\u00e9curit\u00e9 pour soutenir l\u2019excellence op\u00e9rationnelle.","og_url":"https:\/\/acgcyberacademy.fr\/en\/nos-partenaires\/","og_site_name":"ACG CyberAcademy","article_modified_time":"2026-02-04T16:14:18+00:00","og_image":[{"width":500,"height":200,"url":"https:\/\/acgcyberacademy.fr\/wp-content\/uploads\/2024\/03\/pecb.png","type":"image\/png"}],"twitter_card":"summary_large_image","twitter_misc":{"Estimated reading time":"2 minutes"},"schema":{"@context":"https:\/\/schema.org","@graph":[{"@type":"WebPage","@id":"https:\/\/acgcyberacademy.fr\/nos-partenaires\/","url":"https:\/\/acgcyberacademy.fr\/nos-partenaires\/","name":"Partenaires Formation Cybers\u00e9curit\u00e9 | ACG CyberAcademy","isPartOf":{"@id":"https:\/\/acgcyberacademy.fr\/#website"},"primaryImageOfPage":{"@id":"https:\/\/acgcyberacademy.fr\/nos-partenaires\/#primaryimage"},"image":{"@id":"https:\/\/acgcyberacademy.fr\/nos-partenaires\/#primaryimage"},"thumbnailUrl":"https:\/\/acgcyberacademy.fr\/wp-content\/uploads\/2024\/03\/pecb.png","datePublished":"2024-10-22T10:03:02+00:00","dateModified":"2026-02-04T16:14:18+00:00","description":"Nos partenaires strat\u00e9giques et ACG CyberAcademy d\u00e9veloppent des formations cybers\u00e9curit\u00e9 pour soutenir l\u2019excellence op\u00e9rationnelle.","breadcrumb":{"@id":"https:\/\/acgcyberacademy.fr\/nos-partenaires\/#breadcrumb"},"inLanguage":"en-GB","potentialAction":[{"@type":"ReadAction","target":["https:\/\/acgcyberacademy.fr\/nos-partenaires\/"]}]},{"@type":"ImageObject","inLanguage":"en-GB","@id":"https:\/\/acgcyberacademy.fr\/nos-partenaires\/#primaryimage","url":"https:\/\/acgcyberacademy.fr\/wp-content\/uploads\/2024\/03\/pecb.png","contentUrl":"https:\/\/acgcyberacademy.fr\/wp-content\/uploads\/2024\/03\/pecb.png"},{"@type":"BreadcrumbList","@id":"https:\/\/acgcyberacademy.fr\/nos-partenaires\/#breadcrumb","itemListElement":[{"@type":"ListItem","position":1,"name":"Accueil","item":"https:\/\/acgcyberacademy.fr\/"},{"@type":"ListItem","position":2,"name":"Nos Partenaires"}]},{"@type":"WebSite","@id":"https:\/\/acgcyberacademy.fr\/#website","url":"https:\/\/acgcyberacademy.fr\/","name":"ACG Cyber Academy","description":"","publisher":{"@id":"https:\/\/acgcyberacademy.fr\/#organization"},"potentialAction":[{"@type":"SearchAction","target":{"@type":"EntryPoint","urlTemplate":"https:\/\/acgcyberacademy.fr\/?s={search_term_string}"},"query-input":{"@type":"PropertyValueSpecification","valueRequired":true,"valueName":"search_term_string"}}],"inLanguage":"en-GB"},{"@type":"Organization","@id":"https:\/\/acgcyberacademy.fr\/#organization","name":"ACG Cyber Academy","url":"https:\/\/acgcyberacademy.fr\/","logo":{"@type":"ImageObject","inLanguage":"en-GB","@id":"https:\/\/acgcyberacademy.fr\/#\/schema\/logo\/image\/","url":"https:\/\/acgcyberacademy.fr\/wp-content\/uploads\/2025\/10\/Untitled-15-2.png","contentUrl":"https:\/\/acgcyberacademy.fr\/wp-content\/uploads\/2025\/10\/Untitled-15-2.png","width":1080,"height":1080,"caption":"ACG Cyber Academy"},"image":{"@id":"https:\/\/acgcyberacademy.fr\/#\/schema\/logo\/image\/"},"sameAs":["https:\/\/fr.linkedin.com\/company\/acg-cybersecurity"]}]}},"_links":{"self":[{"href":"https:\/\/acgcyberacademy.fr\/en\/wp-json\/wp\/v2\/pages\/14523","targetHints":{"allow":["GET"]}}],"collection":[{"href":"https:\/\/acgcyberacademy.fr\/en\/wp-json\/wp\/v2\/pages"}],"about":[{"href":"https:\/\/acgcyberacademy.fr\/en\/wp-json\/wp\/v2\/types\/page"}],"author":[{"embeddable":true,"href":"https:\/\/acgcyberacademy.fr\/en\/wp-json\/wp\/v2\/users\/8"}],"replies":[{"embeddable":true,"href":"https:\/\/acgcyberacademy.fr\/en\/wp-json\/wp\/v2\/comments?post=14523"}],"version-history":[{"count":9,"href":"https:\/\/acgcyberacademy.fr\/en\/wp-json\/wp\/v2\/pages\/14523\/revisions"}],"predecessor-version":[{"id":22387,"href":"https:\/\/acgcyberacademy.fr\/en\/wp-json\/wp\/v2\/pages\/14523\/revisions\/22387"}],"wp:attachment":[{"href":"https:\/\/acgcyberacademy.fr\/en\/wp-json\/wp\/v2\/media?parent=14523"}],"curies":[{"name":"wp","href":"https:\/\/api.w.org\/{rel}","templated":true}]}}