{"id":14551,"date":"2024-10-22T14:39:07","date_gmt":"2024-10-22T12:39:07","guid":{"rendered":"https:\/\/acgcyberacademy.fr\/?page_id=14551"},"modified":"2026-02-19T17:04:15","modified_gmt":"2026-02-19T16:04:15","slug":"acg-cybersecurity-et-mile2","status":"publish","type":"page","link":"https:\/\/acgcyberacademy.fr\/en\/acg-cybersecurity-et-mile2\/","title":{"rendered":"ACG Cybersecurity et Mile2"},"content":{"rendered":"<div data-elementor-type=\"wp-page\" data-elementor-id=\"14551\" class=\"elementor elementor-14551\" data-elementor-post-type=\"page\">\n\t\t\t\t<div class=\"elementor-element elementor-element-193447b e-flex e-con-boxed e-con e-parent\" data-id=\"193447b\" data-element_type=\"container\" data-e-type=\"container\">\n\t\t\t\t\t<div class=\"e-con-inner\">\n\t\t\t\t<div class=\"elementor-element elementor-element-13cb9eb elementor-widget elementor-widget-text-editor\" data-id=\"13cb9eb\" data-element_type=\"widget\" data-e-type=\"widget\" data-widget_type=\"text-editor.default\">\n\t\t\t\t<div class=\"elementor-widget-container\">\n\t\t\t\t\t\t\t\t\t<p style=\"text-align: justify;\"><b>ACG Cybersecurity and Mile2: A strategic partnership for quality certification courses<\/b><\/p><p>Nous sommes fiers de pr\u00e9senter l&rsquo;attestation officielle de notre partenariat avec <a href=\"https:\/\/mile2.com\">Mile2<\/a>, renfor\u00e7ant notre engagement \u00e0 offrir des formations certifiantes de qualit\u00e9.\u00a0Cliquez ci-dessous pour consulter\u00a0 le certificat.<\/p>\t\t\t\t\t\t\t\t<\/div>\n\t\t\t\t<\/div>\n\t\t\t\t\t<\/div>\n\t\t\t\t<\/div>\n\t\t<div class=\"elementor-element elementor-element-c6948ed e-flex e-con-boxed e-con e-parent\" data-id=\"c6948ed\" data-element_type=\"container\" data-e-type=\"container\">\n\t\t\t\t\t<div class=\"e-con-inner\">\n\t\t<div class=\"elementor-element elementor-element-8c1c78a e-con-full e-flex e-con e-child\" data-id=\"8c1c78a\" data-element_type=\"container\" data-e-type=\"container\">\n\t\t\t\t<div class=\"elementor-element elementor-element-abfe444 elementor-align-center elementor-widget elementor-widget-button\" data-id=\"abfe444\" data-element_type=\"widget\" data-e-type=\"widget\" data-widget_type=\"button.default\">\n\t\t\t\t<div class=\"elementor-widget-container\">\n\t\t\t\t\t\t\t\t\t<div class=\"elementor-button-wrapper\">\n\t\t\t\t\t<a class=\"elementor-button elementor-button-link elementor-size-sm\" href=\"https:\/\/acgcyberacademy.fr\/wp-content\/uploads\/2024\/10\/Bechir-Sebai-ATC-Mile2-Authorized-Training-Center-Mile2-ATC-Partner-Certificate-Mile2-Cybersecurity-Certifications-1-1-1.pdf\" target=\"_blank\">\n\t\t\t\t\t\t<span class=\"elementor-button-content-wrapper\">\n\t\t\t\t\t\t\t\t\t<span class=\"elementor-button-text\">See the Partnership Certificate<\/span>\n\t\t\t\t\t<\/span>\n\t\t\t\t\t<\/a>\n\t\t\t\t<\/div>\n\t\t\t\t\t\t\t\t<\/div>\n\t\t\t\t<\/div>\n\t\t\t\t<\/div>\n\t\t<div class=\"elementor-element elementor-element-afbc1fc e-con-full e-flex e-con e-child\" data-id=\"afbc1fc\" data-element_type=\"container\" data-e-type=\"container\">\n\t\t\t\t<div class=\"elementor-element elementor-element-b17c48e elementor-align-center elementor-widget elementor-widget-button\" data-id=\"b17c48e\" data-element_type=\"widget\" data-e-type=\"widget\" data-widget_type=\"button.default\">\n\t\t\t\t<div class=\"elementor-widget-container\">\n\t\t\t\t\t\t\t\t\t<div class=\"elementor-button-wrapper\">\n\t\t\t\t\t<a class=\"elementor-button elementor-button-link elementor-size-sm\" href=\"https:\/\/acgcyberacademy.fr\/wp-content\/uploads\/2026\/02\/Mile2-Certification-Roadmap-V2.pdf.pdf\" target=\"_blank\">\n\t\t\t\t\t\t<span class=\"elementor-button-content-wrapper\">\n\t\t\t\t\t\t\t\t\t<span class=\"elementor-button-text\">List of Mile2 training courses<\/span>\n\t\t\t\t\t<\/span>\n\t\t\t\t\t<\/a>\n\t\t\t\t<\/div>\n\t\t\t\t\t\t\t\t<\/div>\n\t\t\t\t<\/div>\n\t\t\t\t<\/div>\n\t\t\t\t\t<\/div>\n\t\t\t\t<\/div>\n\t\t<div class=\"elementor-element elementor-element-85047d0 e-con-full e-flex e-con e-parent\" data-id=\"85047d0\" data-element_type=\"container\" data-e-type=\"container\">\n\t\t\t\t<div class=\"elementor-element elementor-element-5e5962a elementor-widget elementor-widget-video\" data-id=\"5e5962a\" data-element_type=\"widget\" data-e-type=\"widget\" data-settings=\"{&quot;video_type&quot;:&quot;hosted&quot;,&quot;autoplay&quot;:&quot;yes&quot;,&quot;play_on_mobile&quot;:&quot;yes&quot;,&quot;mute&quot;:&quot;yes&quot;,&quot;loop&quot;:&quot;yes&quot;,&quot;controls&quot;:&quot;yes&quot;}\" data-widget_type=\"video.default\">\n\t\t\t\t<div class=\"elementor-widget-container\">\n\t\t\t\t\t\t\t<div class=\"e-hosted-video elementor-wrapper elementor-open-inline\">\n\t\t\t\t\t<video class=\"elementor-video\" src=\"https:\/\/acgcyberacademy.fr\/wp-content\/uploads\/2024\/11\/ACG-CYBERSECURITY-MILE-2-1.mp4\" autoplay=\"\" loop=\"\" controls=\"\" muted=\"muted\" playsinline=\"\" controlslist=\"nodownload\"><\/video>\n\t\t\t\t<\/div>\n\t\t\t\t\t\t<\/div>\n\t\t\t\t<\/div>\n\t\t\t\t<\/div>\n\t\t<div class=\"elementor-element elementor-element-375ad20 e-flex e-con-boxed e-con e-parent\" data-id=\"375ad20\" data-element_type=\"container\" data-e-type=\"container\">\n\t\t\t\t\t<div class=\"e-con-inner\">\n\t\t\t\t<div class=\"elementor-element elementor-element-a75df35 elementor-align-right elementor-widget elementor-widget-button\" data-id=\"a75df35\" data-element_type=\"widget\" data-e-type=\"widget\" data-widget_type=\"button.default\">\n\t\t\t\t<div class=\"elementor-widget-container\">\n\t\t\t\t\t\t\t\t\t<div class=\"elementor-button-wrapper\">\n\t\t\t\t\t<a class=\"elementor-button elementor-button-link elementor-size-sm\" href=\"https:\/\/acgcyberacademy.fr\/en\/nos-actualites-cybersecurite\/\">\n\t\t\t\t\t\t<span class=\"elementor-button-content-wrapper\">\n\t\t\t\t\t\t\t\t\t<span class=\"elementor-button-text\">Back to <\/span>\n\t\t\t\t\t<\/span>\n\t\t\t\t\t<\/a>\n\t\t\t\t<\/div>\n\t\t\t\t\t\t\t\t<\/div>\n\t\t\t\t<\/div>\n\t\t\t\t\t<\/div>\n\t\t\t\t<\/div>\n\t\t\t\t<\/div>","protected":false},"excerpt":{"rendered":"<p>ACG Cybersecurity et Mile2 : Un partenariat strat\u00e9gique pour des formations certifiantes de qualit\u00e9 Nous sommes fiers de pr\u00e9senter l&rsquo;attestation officielle de notre partenariat avec Mile2, renfor\u00e7ant notre engagement \u00e0 offrir des formations certifiantes de qualit\u00e9.\u00a0Cliquez ci-dessous pour consulter\u00a0 le certificat. Voir le Certificat de Partenariat Liste des formations Mile2 https:\/\/acgcyberacademy.fr\/wp-content\/uploads\/2024\/11\/ACG-CYBERSECURITY-MILE-2-1.mp4 Retour<\/p>","protected":false},"author":8,"featured_media":21072,"parent":0,"menu_order":0,"comment_status":"closed","ping_status":"closed","template":"","meta":{"_acf_changed":false,"_glsr_average":0,"_glsr_ranking":0,"_glsr_reviews":0,"footnotes":""},"class_list":["post-14551","page","type-page","status-publish","has-post-thumbnail","hentry"],"acf":[],"yoast_head":"<!-- This site is optimized with the Yoast SEO plugin v27.3 - https:\/\/yoast.com\/product\/yoast-seo-wordpress\/ -->\n<title>Formations Certifiantes Mile2 ACG CyberAcademy<\/title>\n<meta name=\"description\" content=\"Partenariat strat\u00e9gique Mile2 - ACG CyberAcademy. Formations certifiantes de qualit\u00e9 en cybers\u00e9curit\u00e9. Attestation officielle disponible.\" \/>\n<meta name=\"robots\" content=\"index, follow, max-snippet:-1, max-image-preview:large, max-video-preview:-1\" \/>\n<link rel=\"canonical\" href=\"https:\/\/acgcyberacademy.fr\/en\/acg-cybersecurity-et-mile2\/\" \/>\n<meta property=\"og:locale\" content=\"en_GB\" \/>\n<meta property=\"og:type\" content=\"article\" \/>\n<meta property=\"og:title\" content=\"Formations Certifiantes Mile2 ACG CyberAcademy\" \/>\n<meta property=\"og:description\" content=\"Partenariat strat\u00e9gique Mile2 - ACG CyberAcademy. Formations certifiantes de qualit\u00e9 en cybers\u00e9curit\u00e9. Attestation officielle disponible.\" \/>\n<meta property=\"og:url\" content=\"https:\/\/acgcyberacademy.fr\/en\/acg-cybersecurity-et-mile2\/\" \/>\n<meta property=\"og:site_name\" content=\"ACG CyberAcademy\" \/>\n<meta property=\"article:modified_time\" content=\"2026-02-19T16:04:15+00:00\" \/>\n<meta property=\"og:image\" content=\"https:\/\/acgcyberacademy.fr\/wp-content\/uploads\/2025\/10\/CompTia-Partnership-2.png\" \/>\n\t<meta property=\"og:image:width\" content=\"1080\" \/>\n\t<meta property=\"og:image:height\" content=\"1080\" \/>\n\t<meta property=\"og:image:type\" content=\"image\/png\" \/>\n<meta name=\"twitter:card\" content=\"summary_large_image\" \/>\n<meta name=\"twitter:label1\" content=\"Estimated reading time\" \/>\n\t<meta name=\"twitter:data1\" content=\"1 minute\" \/>\n<script type=\"application\/ld+json\" class=\"yoast-schema-graph\">{\"@context\":\"https:\\\/\\\/schema.org\",\"@graph\":[{\"@type\":\"WebPage\",\"@id\":\"https:\\\/\\\/acgcyberacademy.fr\\\/acg-cybersecurity-et-mile2\\\/\",\"url\":\"https:\\\/\\\/acgcyberacademy.fr\\\/acg-cybersecurity-et-mile2\\\/\",\"name\":\"Formations Certifiantes Mile2 ACG CyberAcademy\",\"isPartOf\":{\"@id\":\"https:\\\/\\\/acgcyberacademy.fr\\\/#website\"},\"primaryImageOfPage\":{\"@id\":\"https:\\\/\\\/acgcyberacademy.fr\\\/acg-cybersecurity-et-mile2\\\/#primaryimage\"},\"image\":{\"@id\":\"https:\\\/\\\/acgcyberacademy.fr\\\/acg-cybersecurity-et-mile2\\\/#primaryimage\"},\"thumbnailUrl\":\"https:\\\/\\\/acgcyberacademy.fr\\\/wp-content\\\/uploads\\\/2025\\\/10\\\/CompTia-Partnership-2.png\",\"datePublished\":\"2024-10-22T12:39:07+00:00\",\"dateModified\":\"2026-02-19T16:04:15+00:00\",\"description\":\"Partenariat strat\u00e9gique Mile2 - ACG CyberAcademy. Formations certifiantes de qualit\u00e9 en cybers\u00e9curit\u00e9. Attestation officielle disponible.\",\"breadcrumb\":{\"@id\":\"https:\\\/\\\/acgcyberacademy.fr\\\/acg-cybersecurity-et-mile2\\\/#breadcrumb\"},\"inLanguage\":\"en-GB\",\"potentialAction\":[{\"@type\":\"ReadAction\",\"target\":[\"https:\\\/\\\/acgcyberacademy.fr\\\/acg-cybersecurity-et-mile2\\\/\"]}]},{\"@type\":\"ImageObject\",\"inLanguage\":\"en-GB\",\"@id\":\"https:\\\/\\\/acgcyberacademy.fr\\\/acg-cybersecurity-et-mile2\\\/#primaryimage\",\"url\":\"https:\\\/\\\/acgcyberacademy.fr\\\/wp-content\\\/uploads\\\/2025\\\/10\\\/CompTia-Partnership-2.png\",\"contentUrl\":\"https:\\\/\\\/acgcyberacademy.fr\\\/wp-content\\\/uploads\\\/2025\\\/10\\\/CompTia-Partnership-2.png\",\"width\":1080,\"height\":1080,\"caption\":\"Partenariat strat\u00e9gique Mile2 ACG CyberAcademy formations certifiantes cybers\u00e9curit\u00e9\"},{\"@type\":\"BreadcrumbList\",\"@id\":\"https:\\\/\\\/acgcyberacademy.fr\\\/acg-cybersecurity-et-mile2\\\/#breadcrumb\",\"itemListElement\":[{\"@type\":\"ListItem\",\"position\":1,\"name\":\"Accueil\",\"item\":\"https:\\\/\\\/acgcyberacademy.fr\\\/\"},{\"@type\":\"ListItem\",\"position\":2,\"name\":\"ACG Cybersecurity et Mile2\"}]},{\"@type\":\"WebSite\",\"@id\":\"https:\\\/\\\/acgcyberacademy.fr\\\/#website\",\"url\":\"https:\\\/\\\/acgcyberacademy.fr\\\/\",\"name\":\"ACG Cyber Academy\",\"description\":\"\",\"publisher\":{\"@id\":\"https:\\\/\\\/acgcyberacademy.fr\\\/#organization\"},\"potentialAction\":[{\"@type\":\"SearchAction\",\"target\":{\"@type\":\"EntryPoint\",\"urlTemplate\":\"https:\\\/\\\/acgcyberacademy.fr\\\/?s={search_term_string}\"},\"query-input\":{\"@type\":\"PropertyValueSpecification\",\"valueRequired\":true,\"valueName\":\"search_term_string\"}}],\"inLanguage\":\"en-GB\"},{\"@type\":\"Organization\",\"@id\":\"https:\\\/\\\/acgcyberacademy.fr\\\/#organization\",\"name\":\"ACG Cyber Academy\",\"url\":\"https:\\\/\\\/acgcyberacademy.fr\\\/\",\"logo\":{\"@type\":\"ImageObject\",\"inLanguage\":\"en-GB\",\"@id\":\"https:\\\/\\\/acgcyberacademy.fr\\\/#\\\/schema\\\/logo\\\/image\\\/\",\"url\":\"https:\\\/\\\/acgcyberacademy.fr\\\/wp-content\\\/uploads\\\/2025\\\/10\\\/Untitled-15-2.png\",\"contentUrl\":\"https:\\\/\\\/acgcyberacademy.fr\\\/wp-content\\\/uploads\\\/2025\\\/10\\\/Untitled-15-2.png\",\"width\":1080,\"height\":1080,\"caption\":\"ACG Cyber Academy\"},\"image\":{\"@id\":\"https:\\\/\\\/acgcyberacademy.fr\\\/#\\\/schema\\\/logo\\\/image\\\/\"},\"sameAs\":[\"https:\\\/\\\/fr.linkedin.com\\\/company\\\/acg-cybersecurity\"]}]}<\/script>\n<!-- \/ Yoast SEO plugin. -->","yoast_head_json":{"title":"Formations Certifiantes Mile2 ACG CyberAcademy","description":"Partenariat strat\u00e9gique Mile2 - ACG CyberAcademy. Formations certifiantes de qualit\u00e9 en cybers\u00e9curit\u00e9. Attestation officielle disponible.","robots":{"index":"index","follow":"follow","max-snippet":"max-snippet:-1","max-image-preview":"max-image-preview:large","max-video-preview":"max-video-preview:-1"},"canonical":"https:\/\/acgcyberacademy.fr\/en\/acg-cybersecurity-et-mile2\/","og_locale":"en_GB","og_type":"article","og_title":"Formations Certifiantes Mile2 ACG CyberAcademy","og_description":"Partenariat strat\u00e9gique Mile2 - ACG CyberAcademy. Formations certifiantes de qualit\u00e9 en cybers\u00e9curit\u00e9. Attestation officielle disponible.","og_url":"https:\/\/acgcyberacademy.fr\/en\/acg-cybersecurity-et-mile2\/","og_site_name":"ACG CyberAcademy","article_modified_time":"2026-02-19T16:04:15+00:00","og_image":[{"width":1080,"height":1080,"url":"https:\/\/acgcyberacademy.fr\/wp-content\/uploads\/2025\/10\/CompTia-Partnership-2.png","type":"image\/png"}],"twitter_card":"summary_large_image","twitter_misc":{"Estimated reading time":"1 minute"},"schema":{"@context":"https:\/\/schema.org","@graph":[{"@type":"WebPage","@id":"https:\/\/acgcyberacademy.fr\/acg-cybersecurity-et-mile2\/","url":"https:\/\/acgcyberacademy.fr\/acg-cybersecurity-et-mile2\/","name":"Formations Certifiantes Mile2 ACG CyberAcademy","isPartOf":{"@id":"https:\/\/acgcyberacademy.fr\/#website"},"primaryImageOfPage":{"@id":"https:\/\/acgcyberacademy.fr\/acg-cybersecurity-et-mile2\/#primaryimage"},"image":{"@id":"https:\/\/acgcyberacademy.fr\/acg-cybersecurity-et-mile2\/#primaryimage"},"thumbnailUrl":"https:\/\/acgcyberacademy.fr\/wp-content\/uploads\/2025\/10\/CompTia-Partnership-2.png","datePublished":"2024-10-22T12:39:07+00:00","dateModified":"2026-02-19T16:04:15+00:00","description":"Partenariat strat\u00e9gique Mile2 - ACG CyberAcademy. Formations certifiantes de qualit\u00e9 en cybers\u00e9curit\u00e9. Attestation officielle disponible.","breadcrumb":{"@id":"https:\/\/acgcyberacademy.fr\/acg-cybersecurity-et-mile2\/#breadcrumb"},"inLanguage":"en-GB","potentialAction":[{"@type":"ReadAction","target":["https:\/\/acgcyberacademy.fr\/acg-cybersecurity-et-mile2\/"]}]},{"@type":"ImageObject","inLanguage":"en-GB","@id":"https:\/\/acgcyberacademy.fr\/acg-cybersecurity-et-mile2\/#primaryimage","url":"https:\/\/acgcyberacademy.fr\/wp-content\/uploads\/2025\/10\/CompTia-Partnership-2.png","contentUrl":"https:\/\/acgcyberacademy.fr\/wp-content\/uploads\/2025\/10\/CompTia-Partnership-2.png","width":1080,"height":1080,"caption":"Partenariat strat\u00e9gique Mile2 ACG CyberAcademy formations certifiantes cybers\u00e9curit\u00e9"},{"@type":"BreadcrumbList","@id":"https:\/\/acgcyberacademy.fr\/acg-cybersecurity-et-mile2\/#breadcrumb","itemListElement":[{"@type":"ListItem","position":1,"name":"Accueil","item":"https:\/\/acgcyberacademy.fr\/"},{"@type":"ListItem","position":2,"name":"ACG Cybersecurity et Mile2"}]},{"@type":"WebSite","@id":"https:\/\/acgcyberacademy.fr\/#website","url":"https:\/\/acgcyberacademy.fr\/","name":"ACG Cyber Academy","description":"","publisher":{"@id":"https:\/\/acgcyberacademy.fr\/#organization"},"potentialAction":[{"@type":"SearchAction","target":{"@type":"EntryPoint","urlTemplate":"https:\/\/acgcyberacademy.fr\/?s={search_term_string}"},"query-input":{"@type":"PropertyValueSpecification","valueRequired":true,"valueName":"search_term_string"}}],"inLanguage":"en-GB"},{"@type":"Organization","@id":"https:\/\/acgcyberacademy.fr\/#organization","name":"ACG Cyber Academy","url":"https:\/\/acgcyberacademy.fr\/","logo":{"@type":"ImageObject","inLanguage":"en-GB","@id":"https:\/\/acgcyberacademy.fr\/#\/schema\/logo\/image\/","url":"https:\/\/acgcyberacademy.fr\/wp-content\/uploads\/2025\/10\/Untitled-15-2.png","contentUrl":"https:\/\/acgcyberacademy.fr\/wp-content\/uploads\/2025\/10\/Untitled-15-2.png","width":1080,"height":1080,"caption":"ACG Cyber Academy"},"image":{"@id":"https:\/\/acgcyberacademy.fr\/#\/schema\/logo\/image\/"},"sameAs":["https:\/\/fr.linkedin.com\/company\/acg-cybersecurity"]}]}},"_links":{"self":[{"href":"https:\/\/acgcyberacademy.fr\/en\/wp-json\/wp\/v2\/pages\/14551","targetHints":{"allow":["GET"]}}],"collection":[{"href":"https:\/\/acgcyberacademy.fr\/en\/wp-json\/wp\/v2\/pages"}],"about":[{"href":"https:\/\/acgcyberacademy.fr\/en\/wp-json\/wp\/v2\/types\/page"}],"author":[{"embeddable":true,"href":"https:\/\/acgcyberacademy.fr\/en\/wp-json\/wp\/v2\/users\/8"}],"replies":[{"embeddable":true,"href":"https:\/\/acgcyberacademy.fr\/en\/wp-json\/wp\/v2\/comments?post=14551"}],"version-history":[{"count":17,"href":"https:\/\/acgcyberacademy.fr\/en\/wp-json\/wp\/v2\/pages\/14551\/revisions"}],"predecessor-version":[{"id":22490,"href":"https:\/\/acgcyberacademy.fr\/en\/wp-json\/wp\/v2\/pages\/14551\/revisions\/22490"}],"wp:featuredmedia":[{"embeddable":true,"href":"https:\/\/acgcyberacademy.fr\/en\/wp-json\/wp\/v2\/media\/21072"}],"wp:attachment":[{"href":"https:\/\/acgcyberacademy.fr\/en\/wp-json\/wp\/v2\/media?parent=14551"}],"curies":[{"name":"wp","href":"https:\/\/api.w.org\/{rel}","templated":true}]}}