{"id":14663,"date":"2024-10-25T15:04:57","date_gmt":"2024-10-25T13:04:57","guid":{"rendered":"https:\/\/acgcyberacademy.fr\/?page_id=14663"},"modified":"2025-11-06T12:03:00","modified_gmt":"2025-11-06T11:03:00","slug":"acg-cybersecurity-et-comptia","status":"publish","type":"page","link":"https:\/\/acgcyberacademy.fr\/en\/acg-cybersecurity-et-comptia\/","title":{"rendered":"ACG Cybersecurity et CompTIA"},"content":{"rendered":"<div data-elementor-type=\"wp-page\" data-elementor-id=\"14663\" class=\"elementor elementor-14663\" data-elementor-post-type=\"page\">\n\t\t\t\t<div class=\"elementor-element elementor-element-0a5a803 e-flex e-con-boxed e-con e-parent\" data-id=\"0a5a803\" data-element_type=\"container\" data-e-type=\"container\">\n\t\t\t\t\t<div class=\"e-con-inner\">\n\t\t\t\t<div class=\"elementor-element elementor-element-b089b6a elementor-widget elementor-widget-text-editor\" data-id=\"b089b6a\" data-element_type=\"widget\" data-e-type=\"widget\" data-widget_type=\"text-editor.default\">\n\t\t\t\t<div class=\"elementor-widget-container\">\n\t\t\t\t\t\t\t\t\t<p><strong>ACG Cybersecurity and CompTIA: A Partnership of Excellence for Cybersecurity Certification Courses<\/strong><\/p>\t\t\t\t\t\t\t\t<\/div>\n\t\t\t\t<\/div>\n\t\t\t\t<div class=\"elementor-element elementor-element-a82221d elementor-widget elementor-widget-text-editor\" data-id=\"a82221d\" data-element_type=\"widget\" data-e-type=\"widget\" data-widget_type=\"text-editor.default\">\n\t\t\t\t<div class=\"elementor-widget-container\">\n\t\t\t\t\t\t\t\t\t<p>ACG Cybersecurity is proud to announce its new partnership with CompTIA to offer cutting-edge certification training. This partnership is part of a commitment to excellence aimed at providing cybersecurity and IT professionals with recognised and sought-after skills. The courses include key certifications such as Network+, A+, Security+, Pentest+, CySA+, and CASP+, covering a broad spectrum of the skills needed to stand out in the dynamic cybersecurity sector.<\/p>\t\t\t\t\t\t\t\t<\/div>\n\t\t\t\t<\/div>\n\t\t\t\t\t<\/div>\n\t\t\t\t<\/div>\n\t\t<div class=\"elementor-element elementor-element-ff1298d e-flex e-con-boxed e-con e-parent\" data-id=\"ff1298d\" data-element_type=\"container\" data-e-type=\"container\">\n\t\t\t\t\t<div class=\"e-con-inner\">\n\t\t<div class=\"elementor-element elementor-element-d031207 e-con-full e-flex e-con e-child\" data-id=\"d031207\" data-element_type=\"container\" data-e-type=\"container\">\n\t\t\t\t<div class=\"elementor-element elementor-element-3ec882c elementor-align-center elementor-widget elementor-widget-button\" data-id=\"3ec882c\" data-element_type=\"widget\" data-e-type=\"widget\" data-widget_type=\"button.default\">\n\t\t\t\t<div class=\"elementor-widget-container\">\n\t\t\t\t\t\t\t\t\t<div class=\"elementor-button-wrapper\">\n\t\t\t\t\t<a class=\"elementor-button elementor-button-link elementor-size-sm\" href=\"https:\/\/acgcyberacademy.fr\/wp-content\/uploads\/2024\/10\/PartnerCertificate-1-1.jpg\" target=\"_blank\">\n\t\t\t\t\t\t<span class=\"elementor-button-content-wrapper\">\n\t\t\t\t\t\t\t\t\t<span class=\"elementor-button-text\">See the Partnership certificate <\/span>\n\t\t\t\t\t<\/span>\n\t\t\t\t\t<\/a>\n\t\t\t\t<\/div>\n\t\t\t\t\t\t\t\t<\/div>\n\t\t\t\t<\/div>\n\t\t\t\t<\/div>\n\t\t<div class=\"elementor-element elementor-element-f3159db e-con-full e-flex e-con e-child\" data-id=\"f3159db\" data-element_type=\"container\" data-e-type=\"container\">\n\t\t\t\t<div class=\"elementor-element elementor-element-1588cde elementor-align-center elementor-widget elementor-widget-button\" data-id=\"1588cde\" data-element_type=\"widget\" data-e-type=\"widget\" data-widget_type=\"button.default\">\n\t\t\t\t<div class=\"elementor-widget-container\">\n\t\t\t\t\t\t\t\t\t<div class=\"elementor-button-wrapper\">\n\t\t\t\t\t<a class=\"elementor-button elementor-button-link elementor-size-sm\" href=\"https:\/\/acgcyberacademy.fr\/wp-content\/uploads\/2024\/12\/roadmap-IT-Certification.pdf\" target=\"_blank\">\n\t\t\t\t\t\t<span class=\"elementor-button-content-wrapper\">\n\t\t\t\t\t\t\t\t\t<span class=\"elementor-button-text\">List of CompTIA training courses<\/span>\n\t\t\t\t\t<\/span>\n\t\t\t\t\t<\/a>\n\t\t\t\t<\/div>\n\t\t\t\t\t\t\t\t<\/div>\n\t\t\t\t<\/div>\n\t\t\t\t<\/div>\n\t\t\t\t\t<\/div>\n\t\t\t\t<\/div>\n\t\t<div class=\"elementor-element elementor-element-7d87a24 e-flex e-con-boxed e-con e-parent\" data-id=\"7d87a24\" data-element_type=\"container\" data-e-type=\"container\">\n\t\t\t\t\t<div class=\"e-con-inner\">\n\t\t\t\t<div class=\"elementor-element elementor-element-57038f1 elementor-widget elementor-widget-video\" data-id=\"57038f1\" data-element_type=\"widget\" data-e-type=\"widget\" data-settings=\"{&quot;video_type&quot;:&quot;hosted&quot;,&quot;autoplay&quot;:&quot;yes&quot;,&quot;play_on_mobile&quot;:&quot;yes&quot;,&quot;mute&quot;:&quot;yes&quot;,&quot;loop&quot;:&quot;yes&quot;,&quot;controls&quot;:&quot;yes&quot;}\" data-widget_type=\"video.default\">\n\t\t\t\t<div class=\"elementor-widget-container\">\n\t\t\t\t\t\t\t<div class=\"e-hosted-video elementor-wrapper elementor-open-inline\">\n\t\t\t\t\t<video class=\"elementor-video\" src=\"https:\/\/acgcyberacademy.fr\/wp-content\/uploads\/2024\/10\/ACG-Cybersecurity-CompTIA-2.mp4\" autoplay=\"\" loop=\"\" controls=\"\" muted=\"muted\" playsinline=\"\" controlslist=\"nodownload\"><\/video>\n\t\t\t\t<\/div>\n\t\t\t\t\t\t<\/div>\n\t\t\t\t<\/div>\n\t\t\t\t\t<\/div>\n\t\t\t\t<\/div>\n\t\t<div class=\"elementor-element elementor-element-262c7c8 e-con-full e-flex e-con e-parent\" data-id=\"262c7c8\" data-element_type=\"container\" data-e-type=\"container\">\n\t\t\t\t<div class=\"elementor-element elementor-element-3c45f72 elementor-align-right elementor-widget elementor-widget-button\" data-id=\"3c45f72\" data-element_type=\"widget\" data-e-type=\"widget\" data-widget_type=\"button.default\">\n\t\t\t\t<div class=\"elementor-widget-container\">\n\t\t\t\t\t\t\t\t\t<div class=\"elementor-button-wrapper\">\n\t\t\t\t\t<a class=\"elementor-button elementor-button-link elementor-size-sm\" href=\"https:\/\/acgcyberacademy.fr\/en\/nos-actualites-cybersecurite\/\">\n\t\t\t\t\t\t<span class=\"elementor-button-content-wrapper\">\n\t\t\t\t\t\t\t\t\t<span class=\"elementor-button-text\">Back to <\/span>\n\t\t\t\t\t<\/span>\n\t\t\t\t\t<\/a>\n\t\t\t\t<\/div>\n\t\t\t\t\t\t\t\t<\/div>\n\t\t\t\t<\/div>\n\t\t\t\t<\/div>\n\t\t\t\t<\/div>","protected":false},"excerpt":{"rendered":"<p>ACG Cybersecurity et CompTIA : Un Partenariat d\u2019Excellence pour des Formations Certifiantes en Cybers\u00e9curit\u00e9 ACG Cybersecurity est fier d\u2019annoncer son nouveau partenariat avec CompTIA pour proposer des formations certifiantes de pointe. Ce partenariat s\u2019inscrit dans une d\u00e9marche d\u2019excellence visant \u00e0 fournir aux professionnels de la cybers\u00e9curit\u00e9 et de l\u2019IT des comp\u00e9tences reconnues et recherch\u00e9es. Les [&hellip;]<\/p>\n","protected":false},"author":8,"featured_media":21068,"parent":0,"menu_order":0,"comment_status":"closed","ping_status":"closed","template":"","meta":{"_acf_changed":false,"_glsr_average":0,"_glsr_ranking":0,"_glsr_reviews":0,"footnotes":""},"class_list":["post-14663","page","type-page","status-publish","has-post-thumbnail","hentry"],"acf":[],"yoast_head":"<!-- This site is optimized with the Yoast SEO plugin v27.3 - https:\/\/yoast.com\/product\/yoast-seo-wordpress\/ -->\n<title>Partenariat CompTIA ACG CyberAcademy | Formations IT<\/title>\n<meta name=\"description\" content=\"Partenariat CompTIA - ACG CyberAcademy. Formations Security+, Pentest+, CySA+, CASP+, Network+, A+. Certifications IT d&#039;excellence.\" \/>\n<meta name=\"robots\" content=\"index, follow, max-snippet:-1, max-image-preview:large, max-video-preview:-1\" \/>\n<link rel=\"canonical\" href=\"https:\/\/acgcyberacademy.fr\/en\/acg-cybersecurity-et-comptia\/\" \/>\n<meta property=\"og:locale\" content=\"en_GB\" \/>\n<meta property=\"og:type\" content=\"article\" \/>\n<meta property=\"og:title\" content=\"Partenariat CompTIA ACG CyberAcademy | Formations IT\" \/>\n<meta property=\"og:description\" content=\"Partenariat CompTIA - ACG CyberAcademy. Formations Security+, Pentest+, CySA+, CASP+, Network+, A+. Certifications IT d&#039;excellence.\" \/>\n<meta property=\"og:url\" content=\"https:\/\/acgcyberacademy.fr\/en\/acg-cybersecurity-et-comptia\/\" \/>\n<meta property=\"og:site_name\" content=\"ACG CyberAcademy\" \/>\n<meta property=\"article:modified_time\" content=\"2025-11-06T11:03:00+00:00\" \/>\n<meta property=\"og:image\" content=\"https:\/\/acgcyberacademy.fr\/wp-content\/uploads\/2025\/10\/CompTia-Partnership-4-1.jpg\" \/>\n\t<meta property=\"og:image:width\" content=\"1080\" \/>\n\t<meta property=\"og:image:height\" content=\"1080\" \/>\n\t<meta property=\"og:image:type\" content=\"image\/jpeg\" \/>\n<meta name=\"twitter:card\" content=\"summary_large_image\" \/>\n<meta name=\"twitter:label1\" content=\"Estimated reading time\" \/>\n\t<meta name=\"twitter:data1\" content=\"1 minute\" \/>\n<script type=\"application\/ld+json\" class=\"yoast-schema-graph\">{\"@context\":\"https:\\\/\\\/schema.org\",\"@graph\":[{\"@type\":\"WebPage\",\"@id\":\"https:\\\/\\\/acgcyberacademy.fr\\\/acg-cybersecurity-et-comptia\\\/\",\"url\":\"https:\\\/\\\/acgcyberacademy.fr\\\/acg-cybersecurity-et-comptia\\\/\",\"name\":\"Partenariat CompTIA ACG CyberAcademy | Formations IT\",\"isPartOf\":{\"@id\":\"https:\\\/\\\/acgcyberacademy.fr\\\/#website\"},\"primaryImageOfPage\":{\"@id\":\"https:\\\/\\\/acgcyberacademy.fr\\\/acg-cybersecurity-et-comptia\\\/#primaryimage\"},\"image\":{\"@id\":\"https:\\\/\\\/acgcyberacademy.fr\\\/acg-cybersecurity-et-comptia\\\/#primaryimage\"},\"thumbnailUrl\":\"https:\\\/\\\/acgcyberacademy.fr\\\/wp-content\\\/uploads\\\/2025\\\/10\\\/CompTia-Partnership-4-1.jpg\",\"datePublished\":\"2024-10-25T13:04:57+00:00\",\"dateModified\":\"2025-11-06T11:03:00+00:00\",\"description\":\"Partenariat CompTIA - ACG CyberAcademy. Formations Security+, Pentest+, CySA+, CASP+, Network+, A+. Certifications IT d'excellence.\",\"breadcrumb\":{\"@id\":\"https:\\\/\\\/acgcyberacademy.fr\\\/acg-cybersecurity-et-comptia\\\/#breadcrumb\"},\"inLanguage\":\"en-GB\",\"potentialAction\":[{\"@type\":\"ReadAction\",\"target\":[\"https:\\\/\\\/acgcyberacademy.fr\\\/acg-cybersecurity-et-comptia\\\/\"]}]},{\"@type\":\"ImageObject\",\"inLanguage\":\"en-GB\",\"@id\":\"https:\\\/\\\/acgcyberacademy.fr\\\/acg-cybersecurity-et-comptia\\\/#primaryimage\",\"url\":\"https:\\\/\\\/acgcyberacademy.fr\\\/wp-content\\\/uploads\\\/2025\\\/10\\\/CompTia-Partnership-4-1.jpg\",\"contentUrl\":\"https:\\\/\\\/acgcyberacademy.fr\\\/wp-content\\\/uploads\\\/2025\\\/10\\\/CompTia-Partnership-4-1.jpg\",\"width\":1080,\"height\":1080,\"caption\":\"Partenariat CompTIA ACG CyberAcademy formations certifiantes IT\"},{\"@type\":\"BreadcrumbList\",\"@id\":\"https:\\\/\\\/acgcyberacademy.fr\\\/acg-cybersecurity-et-comptia\\\/#breadcrumb\",\"itemListElement\":[{\"@type\":\"ListItem\",\"position\":1,\"name\":\"Accueil\",\"item\":\"https:\\\/\\\/acgcyberacademy.fr\\\/\"},{\"@type\":\"ListItem\",\"position\":2,\"name\":\"ACG Cybersecurity et CompTIA\"}]},{\"@type\":\"WebSite\",\"@id\":\"https:\\\/\\\/acgcyberacademy.fr\\\/#website\",\"url\":\"https:\\\/\\\/acgcyberacademy.fr\\\/\",\"name\":\"ACG Cyber Academy\",\"description\":\"\",\"publisher\":{\"@id\":\"https:\\\/\\\/acgcyberacademy.fr\\\/#organization\"},\"potentialAction\":[{\"@type\":\"SearchAction\",\"target\":{\"@type\":\"EntryPoint\",\"urlTemplate\":\"https:\\\/\\\/acgcyberacademy.fr\\\/?s={search_term_string}\"},\"query-input\":{\"@type\":\"PropertyValueSpecification\",\"valueRequired\":true,\"valueName\":\"search_term_string\"}}],\"inLanguage\":\"en-GB\"},{\"@type\":\"Organization\",\"@id\":\"https:\\\/\\\/acgcyberacademy.fr\\\/#organization\",\"name\":\"ACG Cyber Academy\",\"url\":\"https:\\\/\\\/acgcyberacademy.fr\\\/\",\"logo\":{\"@type\":\"ImageObject\",\"inLanguage\":\"en-GB\",\"@id\":\"https:\\\/\\\/acgcyberacademy.fr\\\/#\\\/schema\\\/logo\\\/image\\\/\",\"url\":\"https:\\\/\\\/acgcyberacademy.fr\\\/wp-content\\\/uploads\\\/2025\\\/10\\\/Untitled-15-2.png\",\"contentUrl\":\"https:\\\/\\\/acgcyberacademy.fr\\\/wp-content\\\/uploads\\\/2025\\\/10\\\/Untitled-15-2.png\",\"width\":1080,\"height\":1080,\"caption\":\"ACG Cyber Academy\"},\"image\":{\"@id\":\"https:\\\/\\\/acgcyberacademy.fr\\\/#\\\/schema\\\/logo\\\/image\\\/\"},\"sameAs\":[\"https:\\\/\\\/fr.linkedin.com\\\/company\\\/acg-cybersecurity\"]}]}<\/script>\n<!-- \/ Yoast SEO plugin. -->","yoast_head_json":{"title":"Partenariat CompTIA ACG CyberAcademy | Formations IT","description":"Partenariat CompTIA - ACG CyberAcademy. Formations Security+, Pentest+, CySA+, CASP+, Network+, A+. Certifications IT d'excellence.","robots":{"index":"index","follow":"follow","max-snippet":"max-snippet:-1","max-image-preview":"max-image-preview:large","max-video-preview":"max-video-preview:-1"},"canonical":"https:\/\/acgcyberacademy.fr\/en\/acg-cybersecurity-et-comptia\/","og_locale":"en_GB","og_type":"article","og_title":"Partenariat CompTIA ACG CyberAcademy | Formations IT","og_description":"Partenariat CompTIA - ACG CyberAcademy. Formations Security+, Pentest+, CySA+, CASP+, Network+, A+. Certifications IT d'excellence.","og_url":"https:\/\/acgcyberacademy.fr\/en\/acg-cybersecurity-et-comptia\/","og_site_name":"ACG CyberAcademy","article_modified_time":"2025-11-06T11:03:00+00:00","og_image":[{"width":1080,"height":1080,"url":"https:\/\/acgcyberacademy.fr\/wp-content\/uploads\/2025\/10\/CompTia-Partnership-4-1.jpg","type":"image\/jpeg"}],"twitter_card":"summary_large_image","twitter_misc":{"Estimated reading time":"1 minute"},"schema":{"@context":"https:\/\/schema.org","@graph":[{"@type":"WebPage","@id":"https:\/\/acgcyberacademy.fr\/acg-cybersecurity-et-comptia\/","url":"https:\/\/acgcyberacademy.fr\/acg-cybersecurity-et-comptia\/","name":"Partenariat CompTIA ACG CyberAcademy | Formations IT","isPartOf":{"@id":"https:\/\/acgcyberacademy.fr\/#website"},"primaryImageOfPage":{"@id":"https:\/\/acgcyberacademy.fr\/acg-cybersecurity-et-comptia\/#primaryimage"},"image":{"@id":"https:\/\/acgcyberacademy.fr\/acg-cybersecurity-et-comptia\/#primaryimage"},"thumbnailUrl":"https:\/\/acgcyberacademy.fr\/wp-content\/uploads\/2025\/10\/CompTia-Partnership-4-1.jpg","datePublished":"2024-10-25T13:04:57+00:00","dateModified":"2025-11-06T11:03:00+00:00","description":"Partenariat CompTIA - ACG CyberAcademy. Formations Security+, Pentest+, CySA+, CASP+, Network+, A+. Certifications IT d'excellence.","breadcrumb":{"@id":"https:\/\/acgcyberacademy.fr\/acg-cybersecurity-et-comptia\/#breadcrumb"},"inLanguage":"en-GB","potentialAction":[{"@type":"ReadAction","target":["https:\/\/acgcyberacademy.fr\/acg-cybersecurity-et-comptia\/"]}]},{"@type":"ImageObject","inLanguage":"en-GB","@id":"https:\/\/acgcyberacademy.fr\/acg-cybersecurity-et-comptia\/#primaryimage","url":"https:\/\/acgcyberacademy.fr\/wp-content\/uploads\/2025\/10\/CompTia-Partnership-4-1.jpg","contentUrl":"https:\/\/acgcyberacademy.fr\/wp-content\/uploads\/2025\/10\/CompTia-Partnership-4-1.jpg","width":1080,"height":1080,"caption":"Partenariat CompTIA ACG CyberAcademy formations certifiantes IT"},{"@type":"BreadcrumbList","@id":"https:\/\/acgcyberacademy.fr\/acg-cybersecurity-et-comptia\/#breadcrumb","itemListElement":[{"@type":"ListItem","position":1,"name":"Accueil","item":"https:\/\/acgcyberacademy.fr\/"},{"@type":"ListItem","position":2,"name":"ACG Cybersecurity et CompTIA"}]},{"@type":"WebSite","@id":"https:\/\/acgcyberacademy.fr\/#website","url":"https:\/\/acgcyberacademy.fr\/","name":"ACG Cyber Academy","description":"","publisher":{"@id":"https:\/\/acgcyberacademy.fr\/#organization"},"potentialAction":[{"@type":"SearchAction","target":{"@type":"EntryPoint","urlTemplate":"https:\/\/acgcyberacademy.fr\/?s={search_term_string}"},"query-input":{"@type":"PropertyValueSpecification","valueRequired":true,"valueName":"search_term_string"}}],"inLanguage":"en-GB"},{"@type":"Organization","@id":"https:\/\/acgcyberacademy.fr\/#organization","name":"ACG Cyber Academy","url":"https:\/\/acgcyberacademy.fr\/","logo":{"@type":"ImageObject","inLanguage":"en-GB","@id":"https:\/\/acgcyberacademy.fr\/#\/schema\/logo\/image\/","url":"https:\/\/acgcyberacademy.fr\/wp-content\/uploads\/2025\/10\/Untitled-15-2.png","contentUrl":"https:\/\/acgcyberacademy.fr\/wp-content\/uploads\/2025\/10\/Untitled-15-2.png","width":1080,"height":1080,"caption":"ACG Cyber Academy"},"image":{"@id":"https:\/\/acgcyberacademy.fr\/#\/schema\/logo\/image\/"},"sameAs":["https:\/\/fr.linkedin.com\/company\/acg-cybersecurity"]}]}},"_links":{"self":[{"href":"https:\/\/acgcyberacademy.fr\/en\/wp-json\/wp\/v2\/pages\/14663","targetHints":{"allow":["GET"]}}],"collection":[{"href":"https:\/\/acgcyberacademy.fr\/en\/wp-json\/wp\/v2\/pages"}],"about":[{"href":"https:\/\/acgcyberacademy.fr\/en\/wp-json\/wp\/v2\/types\/page"}],"author":[{"embeddable":true,"href":"https:\/\/acgcyberacademy.fr\/en\/wp-json\/wp\/v2\/users\/8"}],"replies":[{"embeddable":true,"href":"https:\/\/acgcyberacademy.fr\/en\/wp-json\/wp\/v2\/comments?post=14663"}],"version-history":[{"count":9,"href":"https:\/\/acgcyberacademy.fr\/en\/wp-json\/wp\/v2\/pages\/14663\/revisions"}],"predecessor-version":[{"id":21485,"href":"https:\/\/acgcyberacademy.fr\/en\/wp-json\/wp\/v2\/pages\/14663\/revisions\/21485"}],"wp:featuredmedia":[{"embeddable":true,"href":"https:\/\/acgcyberacademy.fr\/en\/wp-json\/wp\/v2\/media\/21068"}],"wp:attachment":[{"href":"https:\/\/acgcyberacademy.fr\/en\/wp-json\/wp\/v2\/media?parent=14663"}],"curies":[{"name":"wp","href":"https:\/\/api.w.org\/{rel}","templated":true}]}}