{"id":15327,"date":"2025-01-02T11:17:41","date_gmt":"2025-01-02T10:17:41","guid":{"rendered":"https:\/\/acgcyberacademy.fr\/?page_id=15327"},"modified":"2025-11-06T16:22:25","modified_gmt":"2025-11-06T15:22:25","slug":"webinaire-en-replay-les-essentiels-de-la-conformite-nis2-et-iso-iec-27001","status":"publish","type":"page","link":"https:\/\/acgcyberacademy.fr\/en\/webinaire-en-replay-les-essentiels-de-la-conformite-nis2-et-iso-iec-27001\/","title":{"rendered":"Webinaire en replay : Les essentiels de la conformit\u00e9 NIS2 et ISO\/IEC 27001"},"content":{"rendered":"<div data-elementor-type=\"wp-page\" data-elementor-id=\"15327\" class=\"elementor elementor-15327\" data-elementor-post-type=\"page\">\n\t\t\t\t<div class=\"elementor-element elementor-element-f37c40c e-flex e-con-boxed e-con e-parent\" data-id=\"f37c40c\" data-element_type=\"container\" data-e-type=\"container\">\n\t\t\t\t\t<div class=\"e-con-inner\">\n\t\t\t\t<div class=\"elementor-element elementor-element-5cd5519 elementor-widget elementor-widget-text-editor\" data-id=\"5cd5519\" data-element_type=\"widget\" data-e-type=\"widget\" data-widget_type=\"text-editor.default\">\n\t\t\t\t<div class=\"elementor-widget-container\">\n\t\t\t\t\t\t\t\t\t<h5><strong>Webinar replay: The essentials of NIS2 and ISO\/IEC 27001 compliance.<\/strong><\/h5><p>Date: 12\/12\/2024<\/p>\t\t\t\t\t\t\t\t<\/div>\n\t\t\t\t<\/div>\n\t\t\t\t\t<\/div>\n\t\t\t\t<\/div>\n\t\t<div class=\"elementor-element elementor-element-d8d5dee e-flex e-con-boxed e-con e-parent\" data-id=\"d8d5dee\" data-element_type=\"container\" data-e-type=\"container\">\n\t\t\t\t\t<div class=\"e-con-inner\">\n\t\t\t\t<div class=\"elementor-element elementor-element-407a3ff elementor-widget elementor-widget-text-editor\" data-id=\"407a3ff\" data-element_type=\"widget\" data-e-type=\"widget\" data-widget_type=\"text-editor.default\">\n\t\t\t\t<div class=\"elementor-widget-container\">\n\t\t\t\t\t\t\t\t\t<p>We are pleased to share with you the recording of our webinar. Discover the key points for achieving NIS2 compliance and aligning with ISO\/IEC 27001, with expert advice from Bechir SEBAI.<\/p><p>\ud83c\udfa5 <strong>Watch the full session below:<\/strong><\/p>\t\t\t\t\t\t\t\t<\/div>\n\t\t\t\t<\/div>\n\t\t\t\t\t<\/div>\n\t\t\t\t<\/div>\n\t\t<div class=\"elementor-element elementor-element-024cbc4 e-con-full e-flex e-con e-parent\" data-id=\"024cbc4\" data-element_type=\"container\" data-e-type=\"container\">\n\t\t\t\t<div class=\"elementor-element elementor-element-8fc629f elementor-widget elementor-widget-video\" data-id=\"8fc629f\" data-element_type=\"widget\" data-e-type=\"widget\" data-settings=\"{&quot;youtube_url&quot;:&quot;https:\\\/\\\/www.youtube.com\\\/watch?v=XBADB7VkO-g&quot;,&quot;loop&quot;:&quot;yes&quot;,&quot;video_type&quot;:&quot;youtube&quot;,&quot;controls&quot;:&quot;yes&quot;}\" data-widget_type=\"video.default\">\n\t\t\t\t<div class=\"elementor-widget-container\">\n\t\t\t\t\t\t\t<div class=\"elementor-wrapper elementor-open-inline\">\n\t\t\t<div class=\"elementor-video\"><\/div>\t\t<\/div>\n\t\t\t\t\t\t<\/div>\n\t\t\t\t<\/div>\n\t\t\t\t<\/div>\n\t\t<div class=\"elementor-element elementor-element-6927c52 e-flex e-con-boxed e-con e-parent\" data-id=\"6927c52\" data-element_type=\"container\" data-e-type=\"container\">\n\t\t\t\t\t<div class=\"e-con-inner\">\n\t\t<div class=\"elementor-element elementor-element-79e1da5 e-con-full e-flex e-con e-child\" data-id=\"79e1da5\" data-element_type=\"container\" data-e-type=\"container\">\n\t\t\t\t<div class=\"elementor-element elementor-element-3f05c26 elementor-widget elementor-widget-text-editor\" data-id=\"3f05c26\" data-element_type=\"widget\" data-e-type=\"widget\" data-widget_type=\"text-editor.default\">\n\t\t\t\t<div class=\"elementor-widget-container\">\n\t\t\t\t\t\t\t\t\t<p><strong>To be continued :<\/strong> Stay tuned, we'll be sharing more exciting webinars soon!<\/p>\t\t\t\t\t\t\t\t<\/div>\n\t\t\t\t<\/div>\n\t\t\t\t<\/div>\n\t\t<div class=\"elementor-element elementor-element-0938503 e-con-full e-flex e-con e-child\" data-id=\"0938503\" data-element_type=\"container\" data-e-type=\"container\">\n\t\t\t\t<div class=\"elementor-element elementor-element-99426ba elementor-align-right elementor-widget__width-initial elementor-widget elementor-widget-button\" data-id=\"99426ba\" data-element_type=\"widget\" data-e-type=\"widget\" data-widget_type=\"button.default\">\n\t\t\t\t<div class=\"elementor-widget-container\">\n\t\t\t\t\t\t\t\t\t<div class=\"elementor-button-wrapper\">\n\t\t\t\t\t<a class=\"elementor-button elementor-button-link elementor-size-sm\" href=\"https:\/\/acgcyberacademy.fr\/en\/nos-actualites-cybersecurite\/\">\n\t\t\t\t\t\t<span class=\"elementor-button-content-wrapper\">\n\t\t\t\t\t\t\t\t\t<span class=\"elementor-button-text\">Back to <\/span>\n\t\t\t\t\t<\/span>\n\t\t\t\t\t<\/a>\n\t\t\t\t<\/div>\n\t\t\t\t\t\t\t\t<\/div>\n\t\t\t\t<\/div>\n\t\t\t\t<\/div>\n\t\t\t\t\t<\/div>\n\t\t\t\t<\/div>\n\t\t\t\t<\/div>","protected":false},"excerpt":{"rendered":"<p>Webinaire en replay : Les essentiels de la conformit\u00e9 NIS2 et ISO\/IEC 27001. Date : 12\/12\/2024 Nous avons le plaisir de partager avec vous l&rsquo;enregistrement de notre webinaire. D\u00e9couvrez les points cl\u00e9s pour atteindre la conformit\u00e9 NIS2 et vous aligner avec la norme ISO\/IEC 27001, avec les conseils avis\u00e9s de Bechir SEBAI. \ud83c\udfa5 Regardez la [&hellip;]<\/p>\n","protected":false},"author":8,"featured_media":0,"parent":0,"menu_order":0,"comment_status":"closed","ping_status":"closed","template":"","meta":{"_acf_changed":false,"_glsr_average":0,"_glsr_ranking":0,"_glsr_reviews":0,"footnotes":""},"class_list":["post-15327","page","type-page","status-publish","hentry"],"acf":[],"yoast_head":"<!-- This site is optimized with the Yoast SEO plugin v27.4 - https:\/\/yoast.com\/product\/yoast-seo-wordpress\/ -->\n<title>Webinaire NIS2 &amp; ISO 27001 \u2013 ACG CyberAcademy<\/title>\n<meta name=\"description\" content=\"Regardez le replay du webinaire ACG CyberAcademy sur la conformit\u00e9 NIS2 et ISO 27001, anim\u00e9 par Bechir SEBAI.\" \/>\n<meta name=\"robots\" content=\"index, follow, max-snippet:-1, max-image-preview:large, max-video-preview:-1\" \/>\n<link rel=\"canonical\" href=\"https:\/\/acgcyberacademy.fr\/en\/webinaire-en-replay-les-essentiels-de-la-conformite-nis2-et-iso-iec-27001\/\" \/>\n<meta property=\"og:locale\" content=\"en_GB\" \/>\n<meta property=\"og:type\" content=\"article\" \/>\n<meta property=\"og:title\" content=\"Webinaire NIS2 &amp; ISO 27001 \u2013 ACG CyberAcademy\" \/>\n<meta property=\"og:description\" content=\"Regardez le replay du webinaire ACG CyberAcademy sur la conformit\u00e9 NIS2 et ISO 27001, anim\u00e9 par Bechir SEBAI.\" \/>\n<meta property=\"og:url\" content=\"https:\/\/acgcyberacademy.fr\/en\/webinaire-en-replay-les-essentiels-de-la-conformite-nis2-et-iso-iec-27001\/\" \/>\n<meta property=\"og:site_name\" content=\"ACG CyberAcademy\" \/>\n<meta property=\"article:modified_time\" content=\"2025-11-06T15:22:25+00:00\" \/>\n<meta property=\"og:image\" content=\"https:\/\/acgcyberacademy.fr\/wp-content\/uploads\/2026\/03\/cropped-cropped-acg-cyber-academy-logo.png\" \/>\n\t<meta property=\"og:image:width\" content=\"200\" \/>\n\t<meta property=\"og:image:height\" content=\"100\" \/>\n\t<meta property=\"og:image:type\" content=\"image\/png\" \/>\n<meta name=\"twitter:card\" content=\"summary_large_image\" \/>\n<meta name=\"twitter:label1\" content=\"Estimated reading time\" \/>\n\t<meta name=\"twitter:data1\" content=\"1 minute\" \/>\n<script type=\"application\/ld+json\" class=\"yoast-schema-graph\">{\"@context\":\"https:\\\/\\\/schema.org\",\"@graph\":[{\"@type\":\"WebPage\",\"@id\":\"https:\\\/\\\/acgcyberacademy.fr\\\/webinaire-en-replay-les-essentiels-de-la-conformite-nis2-et-iso-iec-27001\\\/\",\"url\":\"https:\\\/\\\/acgcyberacademy.fr\\\/webinaire-en-replay-les-essentiels-de-la-conformite-nis2-et-iso-iec-27001\\\/\",\"name\":\"Webinaire NIS2 & ISO 27001 \u2013 ACG CyberAcademy\",\"isPartOf\":{\"@id\":\"https:\\\/\\\/acgcyberacademy.fr\\\/#website\"},\"datePublished\":\"2025-01-02T10:17:41+00:00\",\"dateModified\":\"2025-11-06T15:22:25+00:00\",\"description\":\"Regardez le replay du webinaire ACG CyberAcademy sur la conformit\u00e9 NIS2 et ISO 27001, anim\u00e9 par Bechir SEBAI.\",\"breadcrumb\":{\"@id\":\"https:\\\/\\\/acgcyberacademy.fr\\\/webinaire-en-replay-les-essentiels-de-la-conformite-nis2-et-iso-iec-27001\\\/#breadcrumb\"},\"inLanguage\":\"en-GB\",\"potentialAction\":[{\"@type\":\"ReadAction\",\"target\":[\"https:\\\/\\\/acgcyberacademy.fr\\\/webinaire-en-replay-les-essentiels-de-la-conformite-nis2-et-iso-iec-27001\\\/\"]}]},{\"@type\":\"BreadcrumbList\",\"@id\":\"https:\\\/\\\/acgcyberacademy.fr\\\/webinaire-en-replay-les-essentiels-de-la-conformite-nis2-et-iso-iec-27001\\\/#breadcrumb\",\"itemListElement\":[{\"@type\":\"ListItem\",\"position\":1,\"name\":\"Accueil\",\"item\":\"https:\\\/\\\/acgcyberacademy.fr\\\/\"},{\"@type\":\"ListItem\",\"position\":2,\"name\":\"Webinaire en replay : Les essentiels de la conformit\u00e9 NIS2 et ISO\\\/IEC 27001\"}]},{\"@type\":\"WebSite\",\"@id\":\"https:\\\/\\\/acgcyberacademy.fr\\\/#website\",\"url\":\"https:\\\/\\\/acgcyberacademy.fr\\\/\",\"name\":\"ACG Cyber Academy\",\"description\":\"\",\"publisher\":{\"@id\":\"https:\\\/\\\/acgcyberacademy.fr\\\/#organization\"},\"potentialAction\":[{\"@type\":\"SearchAction\",\"target\":{\"@type\":\"EntryPoint\",\"urlTemplate\":\"https:\\\/\\\/acgcyberacademy.fr\\\/?s={search_term_string}\"},\"query-input\":{\"@type\":\"PropertyValueSpecification\",\"valueRequired\":true,\"valueName\":\"search_term_string\"}}],\"inLanguage\":\"en-GB\"},{\"@type\":\"Organization\",\"@id\":\"https:\\\/\\\/acgcyberacademy.fr\\\/#organization\",\"name\":\"ACG Cyber Academy\",\"url\":\"https:\\\/\\\/acgcyberacademy.fr\\\/\",\"logo\":{\"@type\":\"ImageObject\",\"inLanguage\":\"en-GB\",\"@id\":\"https:\\\/\\\/acgcyberacademy.fr\\\/#\\\/schema\\\/logo\\\/image\\\/\",\"url\":\"https:\\\/\\\/acgcyberacademy.fr\\\/wp-content\\\/uploads\\\/2025\\\/10\\\/Untitled-15-2.png\",\"contentUrl\":\"https:\\\/\\\/acgcyberacademy.fr\\\/wp-content\\\/uploads\\\/2025\\\/10\\\/Untitled-15-2.png\",\"width\":1080,\"height\":1080,\"caption\":\"ACG Cyber Academy\"},\"image\":{\"@id\":\"https:\\\/\\\/acgcyberacademy.fr\\\/#\\\/schema\\\/logo\\\/image\\\/\"},\"sameAs\":[\"https:\\\/\\\/fr.linkedin.com\\\/company\\\/acg-cybersecurity\"]}]}<\/script>\n<!-- \/ Yoast SEO plugin. -->","yoast_head_json":{"title":"Webinaire NIS2 & ISO 27001 \u2013 ACG CyberAcademy","description":"Regardez le replay du webinaire ACG CyberAcademy sur la conformit\u00e9 NIS2 et ISO 27001, anim\u00e9 par Bechir SEBAI.","robots":{"index":"index","follow":"follow","max-snippet":"max-snippet:-1","max-image-preview":"max-image-preview:large","max-video-preview":"max-video-preview:-1"},"canonical":"https:\/\/acgcyberacademy.fr\/en\/webinaire-en-replay-les-essentiels-de-la-conformite-nis2-et-iso-iec-27001\/","og_locale":"en_GB","og_type":"article","og_title":"Webinaire NIS2 & ISO 27001 \u2013 ACG CyberAcademy","og_description":"Regardez le replay du webinaire ACG CyberAcademy sur la conformit\u00e9 NIS2 et ISO 27001, anim\u00e9 par Bechir SEBAI.","og_url":"https:\/\/acgcyberacademy.fr\/en\/webinaire-en-replay-les-essentiels-de-la-conformite-nis2-et-iso-iec-27001\/","og_site_name":"ACG CyberAcademy","article_modified_time":"2025-11-06T15:22:25+00:00","og_image":[{"width":200,"height":100,"url":"https:\/\/acgcyberacademy.fr\/wp-content\/uploads\/2026\/03\/cropped-cropped-acg-cyber-academy-logo.png","type":"image\/png"}],"twitter_card":"summary_large_image","twitter_misc":{"Estimated reading time":"1 minute"},"schema":{"@context":"https:\/\/schema.org","@graph":[{"@type":"WebPage","@id":"https:\/\/acgcyberacademy.fr\/webinaire-en-replay-les-essentiels-de-la-conformite-nis2-et-iso-iec-27001\/","url":"https:\/\/acgcyberacademy.fr\/webinaire-en-replay-les-essentiels-de-la-conformite-nis2-et-iso-iec-27001\/","name":"Webinaire NIS2 & ISO 27001 \u2013 ACG CyberAcademy","isPartOf":{"@id":"https:\/\/acgcyberacademy.fr\/#website"},"datePublished":"2025-01-02T10:17:41+00:00","dateModified":"2025-11-06T15:22:25+00:00","description":"Regardez le replay du webinaire ACG CyberAcademy sur la conformit\u00e9 NIS2 et ISO 27001, anim\u00e9 par Bechir SEBAI.","breadcrumb":{"@id":"https:\/\/acgcyberacademy.fr\/webinaire-en-replay-les-essentiels-de-la-conformite-nis2-et-iso-iec-27001\/#breadcrumb"},"inLanguage":"en-GB","potentialAction":[{"@type":"ReadAction","target":["https:\/\/acgcyberacademy.fr\/webinaire-en-replay-les-essentiels-de-la-conformite-nis2-et-iso-iec-27001\/"]}]},{"@type":"BreadcrumbList","@id":"https:\/\/acgcyberacademy.fr\/webinaire-en-replay-les-essentiels-de-la-conformite-nis2-et-iso-iec-27001\/#breadcrumb","itemListElement":[{"@type":"ListItem","position":1,"name":"Accueil","item":"https:\/\/acgcyberacademy.fr\/"},{"@type":"ListItem","position":2,"name":"Webinaire en replay : Les essentiels de la conformit\u00e9 NIS2 et ISO\/IEC 27001"}]},{"@type":"WebSite","@id":"https:\/\/acgcyberacademy.fr\/#website","url":"https:\/\/acgcyberacademy.fr\/","name":"ACG Cyber Academy","description":"","publisher":{"@id":"https:\/\/acgcyberacademy.fr\/#organization"},"potentialAction":[{"@type":"SearchAction","target":{"@type":"EntryPoint","urlTemplate":"https:\/\/acgcyberacademy.fr\/?s={search_term_string}"},"query-input":{"@type":"PropertyValueSpecification","valueRequired":true,"valueName":"search_term_string"}}],"inLanguage":"en-GB"},{"@type":"Organization","@id":"https:\/\/acgcyberacademy.fr\/#organization","name":"ACG Cyber Academy","url":"https:\/\/acgcyberacademy.fr\/","logo":{"@type":"ImageObject","inLanguage":"en-GB","@id":"https:\/\/acgcyberacademy.fr\/#\/schema\/logo\/image\/","url":"https:\/\/acgcyberacademy.fr\/wp-content\/uploads\/2025\/10\/Untitled-15-2.png","contentUrl":"https:\/\/acgcyberacademy.fr\/wp-content\/uploads\/2025\/10\/Untitled-15-2.png","width":1080,"height":1080,"caption":"ACG Cyber Academy"},"image":{"@id":"https:\/\/acgcyberacademy.fr\/#\/schema\/logo\/image\/"},"sameAs":["https:\/\/fr.linkedin.com\/company\/acg-cybersecurity"]}]}},"_links":{"self":[{"href":"https:\/\/acgcyberacademy.fr\/en\/wp-json\/wp\/v2\/pages\/15327","targetHints":{"allow":["GET"]}}],"collection":[{"href":"https:\/\/acgcyberacademy.fr\/en\/wp-json\/wp\/v2\/pages"}],"about":[{"href":"https:\/\/acgcyberacademy.fr\/en\/wp-json\/wp\/v2\/types\/page"}],"author":[{"embeddable":true,"href":"https:\/\/acgcyberacademy.fr\/en\/wp-json\/wp\/v2\/users\/8"}],"replies":[{"embeddable":true,"href":"https:\/\/acgcyberacademy.fr\/en\/wp-json\/wp\/v2\/comments?post=15327"}],"version-history":[{"count":12,"href":"https:\/\/acgcyberacademy.fr\/en\/wp-json\/wp\/v2\/pages\/15327\/revisions"}],"predecessor-version":[{"id":21525,"href":"https:\/\/acgcyberacademy.fr\/en\/wp-json\/wp\/v2\/pages\/15327\/revisions\/21525"}],"wp:attachment":[{"href":"https:\/\/acgcyberacademy.fr\/en\/wp-json\/wp\/v2\/media?parent=15327"}],"curies":[{"name":"wp","href":"https:\/\/api.w.org\/{rel}","templated":true}]}}