{"id":21280,"date":"2025-11-03T15:10:00","date_gmt":"2025-11-03T14:10:00","guid":{"rendered":"https:\/\/acgcyberacademy.fr\/?page_id=21280"},"modified":"2026-01-21T15:58:46","modified_gmt":"2026-01-21T14:58:46","slug":"cyber-perspectives-2025-ensemble-nous-faisons-grandir-les-talents-de-la-cybersecurite","status":"publish","type":"page","link":"https:\/\/acgcyberacademy.fr\/en\/cyber-perspectives-2025-ensemble-nous-faisons-grandir-les-talents-de-la-cybersecurite\/","title":{"rendered":"Cyber Perspectives 2025 : Ensemble, nous faisons grandir les talents de la cybers\u00e9curit\u00e9"},"content":{"rendered":"<div data-elementor-type=\"wp-page\" data-elementor-id=\"21280\" class=\"elementor elementor-21280\" data-elementor-post-type=\"page\">\n\t\t\t\t<div class=\"elementor-element elementor-element-aea145c e-flex e-con-boxed e-con e-parent\" data-id=\"aea145c\" data-element_type=\"container\" data-e-type=\"container\" data-settings=\"{&quot;background_background&quot;:&quot;classic&quot;}\">\n\t\t\t\t\t<div class=\"e-con-inner\">\n\t\t\t\t<div class=\"elementor-element elementor-element-0b34100 elementor-widget__width-initial elementor-widget elementor-widget-image\" data-id=\"0b34100\" data-element_type=\"widget\" data-e-type=\"widget\" data-widget_type=\"image.default\">\n\t\t\t\t<div class=\"elementor-widget-container\">\n\t\t\t\t\t\t\t\t\t\t\t\t\t\t\t<img fetchpriority=\"high\" decoding=\"async\" width=\"768\" height=\"286\" src=\"https:\/\/acgcyberacademy.fr\/wp-content\/uploads\/2025\/11\/Logo-fond-clair-768x286.png\" class=\"attachment-medium_large size-medium_large wp-image-21292\" alt=\"\" srcset=\"https:\/\/acgcyberacademy.fr\/wp-content\/uploads\/2025\/11\/Logo-fond-clair-768x286.png 768w, https:\/\/acgcyberacademy.fr\/wp-content\/uploads\/2025\/11\/Logo-fond-clair-300x112.png 300w, https:\/\/acgcyberacademy.fr\/wp-content\/uploads\/2025\/11\/Logo-fond-clair-1024x381.png 1024w, https:\/\/acgcyberacademy.fr\/wp-content\/uploads\/2025\/11\/Logo-fond-clair-18x7.png 18w, https:\/\/acgcyberacademy.fr\/wp-content\/uploads\/2025\/11\/Logo-fond-clair.png 1080w\" sizes=\"(max-width: 768px) 100vw, 768px\" \/>\t\t\t\t\t\t\t\t\t\t\t\t\t\t\t<\/div>\n\t\t\t\t<\/div>\n\t\t\t\t\t<\/div>\n\t\t\t\t<\/div>\n\t\t<div class=\"elementor-element elementor-element-ad9cc62 e-con-full e-flex e-con e-parent\" data-id=\"ad9cc62\" data-element_type=\"container\" data-e-type=\"container\" data-settings=\"{&quot;background_background&quot;:&quot;classic&quot;}\">\n\t\t\t\t<div class=\"elementor-element elementor-element-e4ad935 elementor-widget__width-initial elementor-widget elementor-widget-video\" data-id=\"e4ad935\" data-element_type=\"widget\" data-e-type=\"widget\" data-settings=\"{&quot;video_type&quot;:&quot;hosted&quot;,&quot;autoplay&quot;:&quot;yes&quot;,&quot;play_on_mobile&quot;:&quot;yes&quot;,&quot;loop&quot;:&quot;yes&quot;}\" data-widget_type=\"video.default\">\n\t\t\t\t<div class=\"elementor-widget-container\">\n\t\t\t\t\t\t\t<div class=\"e-hosted-video elementor-wrapper elementor-open-inline\">\n\t\t\t\t\t<video class=\"elementor-video\" src=\"https:\/\/acgcyberacademy.fr\/wp-content\/uploads\/2025\/11\/Cyber-Perspective-8.mp4\" autoplay=\"\" loop=\"\" playsinline=\"\" controlslist=\"nodownload\"><\/video>\n\t\t\t\t<\/div>\n\t\t\t\t\t\t<\/div>\n\t\t\t\t<\/div>\n\t\t\t\t<\/div>\n\t\t<div class=\"elementor-element elementor-element-ed6b5e3 e-flex e-con-boxed e-con e-parent\" data-id=\"ed6b5e3\" data-element_type=\"container\" data-e-type=\"container\">\n\t\t\t\t\t<div class=\"e-con-inner\">\n\t\t\t\t<div class=\"elementor-element elementor-element-8222723 elementor-widget elementor-widget-heading\" data-id=\"8222723\" data-element_type=\"widget\" data-e-type=\"widget\" data-widget_type=\"heading.default\">\n\t\t\t\t<div class=\"elementor-widget-container\">\n\t\t\t\t\t<h2 class=\"elementor-heading-title elementor-size-default\"><p data-start=\"204\" data-end=\"274\"><strong data-start=\"204\" data-end=\"274\">Cyber Perspectives : Au-del\u00e0 de l\u2019\u00e9v\u00e9nement, une dynamique commune<\/strong><\/p><\/h2>\t\t\t\t<\/div>\n\t\t\t\t<\/div>\n\t\t\t\t<div class=\"elementor-element elementor-element-1a8fd93 elementor-invisible elementor-widget elementor-widget-text-editor\" data-id=\"1a8fd93\" data-element_type=\"widget\" data-e-type=\"widget\" data-settings=\"{&quot;_animation&quot;:&quot;fadeInDown&quot;}\" data-widget_type=\"text-editor.default\">\n\t\t\t\t<div class=\"elementor-widget-container\">\n\t\t\t\t\t\t\t\t\t<p>La cybers\u00e9curit\u00e9 n\u2019est pas seulement une question de technologie, mais avant tout une aventure humaine et collective<\/p>\t\t\t\t\t\t\t\t<\/div>\n\t\t\t\t<\/div>\n\t\t\t\t\t<\/div>\n\t\t\t\t<\/div>\n\t\t<div class=\"elementor-element elementor-element-75a2bcd e-con-full e-flex e-con e-parent\" data-id=\"75a2bcd\" data-element_type=\"container\" data-e-type=\"container\">\n\t\t<div class=\"elementor-element elementor-element-4970ef8 e-con-full e-flex e-con e-child\" data-id=\"4970ef8\" data-element_type=\"container\" data-e-type=\"container\">\n\t\t\t\t<div class=\"elementor-element elementor-element-fd3be5c elementor-widget elementor-widget-text-editor\" data-id=\"fd3be5c\" data-element_type=\"widget\" data-e-type=\"widget\" data-widget_type=\"text-editor.default\">\n\t\t\t\t<div class=\"elementor-widget-container\">\n\t\t\t\t\t\t\t\t\t<p data-start=\"366\" data-end=\"795\">Il y a quinze jours, le <span data-start=\"390\" data-end=\"406\">.<\/span> a accueilli un moment fort pour l\u2019\u00e9cosyst\u00e8me de la cybers\u00e9curit\u00e9. Coorganis\u00e9 par <span data-start=\"488\" data-end=\"509\">ACG Cybersecurity<\/span> and <span data-start=\"513\" data-end=\"545\">Global Knowledge | Skillsoft<\/span>, cet \u00e9v\u00e9nement a rassembl\u00e9 des acteurs publics, priv\u00e9s et associatifs autour d\u2019un m\u00eame objectif : comprendre les <span data-start=\"659\" data-end=\"697\">enjeux actuels de la cybers\u00e9curit\u00e9<\/span> et identifier les <span data-start=\"716\" data-end=\"736\">comp\u00e9tences cl\u00e9s<\/span> n\u00e9cessaires pour r\u00e9pondre aux nouveaux d\u00e9fis du terrain.<\/p><p data-start=\"797\" data-end=\"1166\">Au-del\u00e0 des discussions, cette rencontre a permis de poser les bases d\u2019une <span data-start=\"872\" data-end=\"893\">dynamique commune<\/span>. Les \u00e9changes riches et constructifs ont mis en lumi\u00e8re la n\u00e9cessit\u00e9 d\u2019une collaboration renforc\u00e9e entre les diff\u00e9rents acteurs du secteur, afin de faire \u00e9voluer les pratiques et d\u2019accompagner la mont\u00e9e en comp\u00e9tences de tous ceux qui \u0153uvrent pour la s\u00e9curit\u00e9 num\u00e9rique.<\/p><p data-start=\"1168\" data-end=\"1595\">C\u2019est dans cet esprit qu\u2019ont \u00e9t\u00e9 con\u00e7us deux <span data-start=\"1213\" data-end=\"1235\">parcours immersifs<\/span> : <a href=\"https:\/\/acgcyberacademy.fr\/en\/parcours-certifiant-piloter-et-animer-la-securite-informatique\/\"><span data-start=\"1238\" data-end=\"1247\"><b>PASI<\/b><\/span> <\/a>and <span data-start=\"1251\" data-end=\"1261\"><a href=\"https:\/\/acgcyberacademy.fr\/en\/parcours-certifiant-detecter-et-traiter-des-incidents-de-securiteinformatiquedents-de-securite\/\"><b>DTISI<\/b><\/a><\/span>. Ces programmes offrent une approche concr\u00e8te et progressive de la formation en cybers\u00e9curit\u00e9, permettant aux participants de se confronter \u00e0 des cas r\u00e9els et de d\u00e9velopper des r\u00e9flexes op\u00e9rationnels. Les <span data-start=\"1467\" data-end=\"1505\">premi\u00e8res sessions ont d\u00e9j\u00e0 d\u00e9but\u00e9<\/span>, marquant le d\u00e9marrage d\u2019une aventure collective tourn\u00e9e vers l\u2019action et l\u2019excellence.<\/p>\t\t\t\t\t\t\t\t<\/div>\n\t\t\t\t<\/div>\n\t\t\t\t<\/div>\n\t\t<div class=\"elementor-element elementor-element-0af3a26 e-con-full e-flex e-con e-child\" data-id=\"0af3a26\" data-element_type=\"container\" data-e-type=\"container\">\n\t\t\t\t<div class=\"elementor-element elementor-element-f178d14 elementor-widget elementor-widget-text-editor\" data-id=\"f178d14\" data-element_type=\"widget\" data-e-type=\"widget\" data-widget_type=\"text-editor.default\">\n\t\t\t\t<div class=\"elementor-widget-container\">\n\t\t\t\t\t\t\t\t\t<p data-start=\"366\" data-end=\"795\">Mais ce rendez-vous a aussi \u00e9t\u00e9 l\u2019occasion de franchir une nouvelle \u00e9tape. L\u2019\u00e9v\u00e9nement a officialis\u00e9 le <span style=\"color: inherit; font-family: inherit; font-size: inherit; letter-spacing: inherit; text-transform: inherit;\" data-start=\"1701\" data-end=\"1788\">lancement d\u2019une alliance op\u00e9rationnelle entre ACG Cybersecurity et Global Knowledge<\/span>, un partenariat strat\u00e9gique visant \u00e0 renforcer l\u2019offre de formation, mutualiser les expertises et acc\u00e9l\u00e9rer la transformation des comp\u00e9tences dans le domaine de la cybers\u00e9curit\u00e9.<\/p>\n<p data-start=\"1971\" data-end=\"2209\">Cet \u00e9lan ne s\u2019arr\u00eate pas \u00e0 l\u2019\u00e9v\u00e9nement : il s\u2019inscrit dans une d\u00e9marche durable, port\u00e9e par une conviction partag\u00e9e \u2014 celle que la cybers\u00e9curit\u00e9 se construit ensemble, \u00e0 travers la coop\u00e9ration, l\u2019innovation et la transmission du savoir.<\/p>\n<p data-start=\"2211\" data-end=\"2370\"><span data-start=\"2215\" data-end=\"2270\">Revivez en vid\u00e9o les temps forts de cette rencontre<\/span>, et d\u00e9couvrez la dynamique qui s\u2019est enclench\u00e9e pour faire bouger les lignes de la cybers\u00e9curit\u00e9.<\/p>\n<p data-start=\"2372\" data-end=\"2477\"><span data-start=\"2375\" data-end=\"2422\" style=\"\"><br><\/span><\/p>\n<p data-start=\"2372\" data-end=\"2477\"><span data-start=\"2375\" data-end=\"2422\" style=\"\"><b>Voir le programme complet de nos parcours :<a href=\"https:\/\/acgcyberacademy.fr\/en\/cyber-expertise-entreprise-avec-acg-cyberacademy\/\"> Consultez nos parcours&nbsp;<\/a>&nbsp;<\/b><\/span><\/p>\t\t\t\t\t\t\t\t<\/div>\n\t\t\t\t<\/div>\n\t\t\t\t<\/div>\n\t\t\t\t<\/div>\n\t\t<div class=\"elementor-element elementor-element-b6a669c e-con-full e-flex e-con e-parent\" data-id=\"b6a669c\" data-element_type=\"container\" data-e-type=\"container\">\n\t\t\t\t<div class=\"elementor-element elementor-element-60dd598 elementor-align-right elementor-widget elementor-widget-button\" data-id=\"60dd598\" data-element_type=\"widget\" data-e-type=\"widget\" data-widget_type=\"button.default\">\n\t\t\t\t<div class=\"elementor-widget-container\">\n\t\t\t\t\t\t\t\t\t<div class=\"elementor-button-wrapper\">\n\t\t\t\t\t<a class=\"elementor-button elementor-button-link elementor-size-sm\" href=\"https:\/\/acgcyberacademy.fr\/en\/nos-actualites-cybersecurite\/\">\n\t\t\t\t\t\t<span class=\"elementor-button-content-wrapper\">\n\t\t\t\t\t\t\t\t\t<span class=\"elementor-button-text\">Back to <\/span>\n\t\t\t\t\t<\/span>\n\t\t\t\t\t<\/a>\n\t\t\t\t<\/div>\n\t\t\t\t\t\t\t\t<\/div>\n\t\t\t\t<\/div>\n\t\t\t\t<\/div>\n\t\t\t\t<\/div>","protected":false},"excerpt":{"rendered":"<p>https:\/\/acgcyberacademy.fr\/wp-content\/uploads\/2025\/11\/Cyber-Perspective-8.mp4 Cyber Perspectives : Au-del\u00e0 de l\u2019\u00e9v\u00e9nement, une dynamique commune La cybers\u00e9curit\u00e9 n\u2019est pas seulement une question de technologie, mais avant tout une aventure humaine et collective Il y a quinze jours, le Campus Cyber a accueilli un moment fort pour l\u2019\u00e9cosyst\u00e8me de la cybers\u00e9curit\u00e9. Coorganis\u00e9 par ACG Cybersecurity et Global Knowledge | Skillsoft, cet [&hellip;]<\/p>\n","protected":false},"author":5,"featured_media":21284,"parent":0,"menu_order":0,"comment_status":"closed","ping_status":"closed","template":"","meta":{"_acf_changed":false,"_glsr_average":0,"_glsr_ranking":0,"_glsr_reviews":0,"footnotes":""},"class_list":["post-21280","page","type-page","status-publish","has-post-thumbnail","hentry"],"acf":[],"yoast_head":"<!-- This site is optimized with the Yoast SEO plugin v27.4 - https:\/\/yoast.com\/product\/yoast-seo-wordpress\/ -->\n<title>Cyber Perspectives 2025 : Ensemble, nous faisons grandir les talents de la cybers\u00e9curit\u00e9 -<\/title>\n<meta name=\"description\" content=\"Cyber Perspectives 2025 : au-del\u00e0 de l\u2019\u00e9v\u00e9nement, une dynamique commune. Deux parcours immersifs construit (#PASI &amp; #DTISI), et les premi\u00e8res sessions ont d\u00e9j\u00e0 d\u00e9marr\u00e9 !\" \/>\n<meta name=\"robots\" content=\"index, follow, max-snippet:-1, max-image-preview:large, max-video-preview:-1\" \/>\n<link rel=\"canonical\" href=\"https:\/\/acgcyberacademy.fr\/en\/cyber-perspectives-2025-ensemble-nous-faisons-grandir-les-talents-de-la-cybersecurite\/\" \/>\n<meta property=\"og:locale\" content=\"en_GB\" \/>\n<meta property=\"og:type\" content=\"article\" \/>\n<meta property=\"og:title\" content=\"Cyber Perspectives 2025 : Ensemble, nous faisons grandir les talents de la cybers\u00e9curit\u00e9 -\" \/>\n<meta property=\"og:description\" content=\"Cyber Perspectives 2025 : au-del\u00e0 de l\u2019\u00e9v\u00e9nement, une dynamique commune. Deux parcours immersifs construit (#PASI &amp; #DTISI), et les premi\u00e8res sessions ont d\u00e9j\u00e0 d\u00e9marr\u00e9 !\" \/>\n<meta property=\"og:url\" content=\"https:\/\/acgcyberacademy.fr\/en\/cyber-perspectives-2025-ensemble-nous-faisons-grandir-les-talents-de-la-cybersecurite\/\" \/>\n<meta property=\"og:site_name\" content=\"ACG CyberAcademy\" \/>\n<meta property=\"article:modified_time\" content=\"2026-01-21T14:58:46+00:00\" \/>\n<meta property=\"og:image\" content=\"https:\/\/acgcyberacademy.fr\/wp-content\/uploads\/2025\/11\/ACGxGlobal-Knowladge-webinar-8-1.jpg\" \/>\n\t<meta property=\"og:image:width\" content=\"1600\" \/>\n\t<meta property=\"og:image:height\" content=\"900\" \/>\n\t<meta property=\"og:image:type\" content=\"image\/jpeg\" \/>\n<meta name=\"twitter:card\" content=\"summary_large_image\" \/>\n<meta name=\"twitter:label1\" content=\"Estimated reading time\" \/>\n\t<meta name=\"twitter:data1\" content=\"2 minutes\" \/>\n<script type=\"application\/ld+json\" class=\"yoast-schema-graph\">{\"@context\":\"https:\\\/\\\/schema.org\",\"@graph\":[{\"@type\":\"WebPage\",\"@id\":\"https:\\\/\\\/acgcyberacademy.fr\\\/cyber-perspectives-2025-ensemble-nous-faisons-grandir-les-talents-de-la-cybersecurite\\\/\",\"url\":\"https:\\\/\\\/acgcyberacademy.fr\\\/cyber-perspectives-2025-ensemble-nous-faisons-grandir-les-talents-de-la-cybersecurite\\\/\",\"name\":\"Cyber Perspectives 2025 : Ensemble, nous faisons grandir les talents de la cybers\u00e9curit\u00e9 -\",\"isPartOf\":{\"@id\":\"https:\\\/\\\/acgcyberacademy.fr\\\/#website\"},\"primaryImageOfPage\":{\"@id\":\"https:\\\/\\\/acgcyberacademy.fr\\\/cyber-perspectives-2025-ensemble-nous-faisons-grandir-les-talents-de-la-cybersecurite\\\/#primaryimage\"},\"image\":{\"@id\":\"https:\\\/\\\/acgcyberacademy.fr\\\/cyber-perspectives-2025-ensemble-nous-faisons-grandir-les-talents-de-la-cybersecurite\\\/#primaryimage\"},\"thumbnailUrl\":\"https:\\\/\\\/acgcyberacademy.fr\\\/wp-content\\\/uploads\\\/2025\\\/11\\\/ACGxGlobal-Knowladge-webinar-8-1.jpg\",\"datePublished\":\"2025-11-03T14:10:00+00:00\",\"dateModified\":\"2026-01-21T14:58:46+00:00\",\"description\":\"Cyber Perspectives 2025 : au-del\u00e0 de l\u2019\u00e9v\u00e9nement, une dynamique commune. Deux parcours immersifs construit (#PASI & #DTISI), et les premi\u00e8res sessions ont d\u00e9j\u00e0 d\u00e9marr\u00e9 !\",\"breadcrumb\":{\"@id\":\"https:\\\/\\\/acgcyberacademy.fr\\\/cyber-perspectives-2025-ensemble-nous-faisons-grandir-les-talents-de-la-cybersecurite\\\/#breadcrumb\"},\"inLanguage\":\"en-GB\",\"potentialAction\":[{\"@type\":\"ReadAction\",\"target\":[\"https:\\\/\\\/acgcyberacademy.fr\\\/cyber-perspectives-2025-ensemble-nous-faisons-grandir-les-talents-de-la-cybersecurite\\\/\"]}]},{\"@type\":\"ImageObject\",\"inLanguage\":\"en-GB\",\"@id\":\"https:\\\/\\\/acgcyberacademy.fr\\\/cyber-perspectives-2025-ensemble-nous-faisons-grandir-les-talents-de-la-cybersecurite\\\/#primaryimage\",\"url\":\"https:\\\/\\\/acgcyberacademy.fr\\\/wp-content\\\/uploads\\\/2025\\\/11\\\/ACGxGlobal-Knowladge-webinar-8-1.jpg\",\"contentUrl\":\"https:\\\/\\\/acgcyberacademy.fr\\\/wp-content\\\/uploads\\\/2025\\\/11\\\/ACGxGlobal-Knowladge-webinar-8-1.jpg\",\"width\":1600,\"height\":900},{\"@type\":\"BreadcrumbList\",\"@id\":\"https:\\\/\\\/acgcyberacademy.fr\\\/cyber-perspectives-2025-ensemble-nous-faisons-grandir-les-talents-de-la-cybersecurite\\\/#breadcrumb\",\"itemListElement\":[{\"@type\":\"ListItem\",\"position\":1,\"name\":\"Accueil\",\"item\":\"https:\\\/\\\/acgcyberacademy.fr\\\/\"},{\"@type\":\"ListItem\",\"position\":2,\"name\":\"Cyber Perspectives 2025 : Ensemble, nous faisons grandir les talents de la cybers\u00e9curit\u00e9\"}]},{\"@type\":\"WebSite\",\"@id\":\"https:\\\/\\\/acgcyberacademy.fr\\\/#website\",\"url\":\"https:\\\/\\\/acgcyberacademy.fr\\\/\",\"name\":\"ACG Cyber Academy\",\"description\":\"\",\"publisher\":{\"@id\":\"https:\\\/\\\/acgcyberacademy.fr\\\/#organization\"},\"potentialAction\":[{\"@type\":\"SearchAction\",\"target\":{\"@type\":\"EntryPoint\",\"urlTemplate\":\"https:\\\/\\\/acgcyberacademy.fr\\\/?s={search_term_string}\"},\"query-input\":{\"@type\":\"PropertyValueSpecification\",\"valueRequired\":true,\"valueName\":\"search_term_string\"}}],\"inLanguage\":\"en-GB\"},{\"@type\":\"Organization\",\"@id\":\"https:\\\/\\\/acgcyberacademy.fr\\\/#organization\",\"name\":\"ACG Cyber Academy\",\"url\":\"https:\\\/\\\/acgcyberacademy.fr\\\/\",\"logo\":{\"@type\":\"ImageObject\",\"inLanguage\":\"en-GB\",\"@id\":\"https:\\\/\\\/acgcyberacademy.fr\\\/#\\\/schema\\\/logo\\\/image\\\/\",\"url\":\"https:\\\/\\\/acgcyberacademy.fr\\\/wp-content\\\/uploads\\\/2025\\\/10\\\/Untitled-15-2.png\",\"contentUrl\":\"https:\\\/\\\/acgcyberacademy.fr\\\/wp-content\\\/uploads\\\/2025\\\/10\\\/Untitled-15-2.png\",\"width\":1080,\"height\":1080,\"caption\":\"ACG Cyber Academy\"},\"image\":{\"@id\":\"https:\\\/\\\/acgcyberacademy.fr\\\/#\\\/schema\\\/logo\\\/image\\\/\"},\"sameAs\":[\"https:\\\/\\\/fr.linkedin.com\\\/company\\\/acg-cybersecurity\"]}]}<\/script>\n<!-- \/ Yoast SEO plugin. -->","yoast_head_json":{"title":"Cyber Perspectives 2025 : Ensemble, nous faisons grandir les talents de la cybers\u00e9curit\u00e9 -","description":"Cyber Perspectives 2025 : au-del\u00e0 de l\u2019\u00e9v\u00e9nement, une dynamique commune. Deux parcours immersifs construit (#PASI & #DTISI), et les premi\u00e8res sessions ont d\u00e9j\u00e0 d\u00e9marr\u00e9 !","robots":{"index":"index","follow":"follow","max-snippet":"max-snippet:-1","max-image-preview":"max-image-preview:large","max-video-preview":"max-video-preview:-1"},"canonical":"https:\/\/acgcyberacademy.fr\/en\/cyber-perspectives-2025-ensemble-nous-faisons-grandir-les-talents-de-la-cybersecurite\/","og_locale":"en_GB","og_type":"article","og_title":"Cyber Perspectives 2025 : Ensemble, nous faisons grandir les talents de la cybers\u00e9curit\u00e9 -","og_description":"Cyber Perspectives 2025 : au-del\u00e0 de l\u2019\u00e9v\u00e9nement, une dynamique commune. Deux parcours immersifs construit (#PASI & #DTISI), et les premi\u00e8res sessions ont d\u00e9j\u00e0 d\u00e9marr\u00e9 !","og_url":"https:\/\/acgcyberacademy.fr\/en\/cyber-perspectives-2025-ensemble-nous-faisons-grandir-les-talents-de-la-cybersecurite\/","og_site_name":"ACG CyberAcademy","article_modified_time":"2026-01-21T14:58:46+00:00","og_image":[{"width":1600,"height":900,"url":"https:\/\/acgcyberacademy.fr\/wp-content\/uploads\/2025\/11\/ACGxGlobal-Knowladge-webinar-8-1.jpg","type":"image\/jpeg"}],"twitter_card":"summary_large_image","twitter_misc":{"Estimated reading time":"2 minutes"},"schema":{"@context":"https:\/\/schema.org","@graph":[{"@type":"WebPage","@id":"https:\/\/acgcyberacademy.fr\/cyber-perspectives-2025-ensemble-nous-faisons-grandir-les-talents-de-la-cybersecurite\/","url":"https:\/\/acgcyberacademy.fr\/cyber-perspectives-2025-ensemble-nous-faisons-grandir-les-talents-de-la-cybersecurite\/","name":"Cyber Perspectives 2025 : Ensemble, nous faisons grandir les talents de la cybers\u00e9curit\u00e9 -","isPartOf":{"@id":"https:\/\/acgcyberacademy.fr\/#website"},"primaryImageOfPage":{"@id":"https:\/\/acgcyberacademy.fr\/cyber-perspectives-2025-ensemble-nous-faisons-grandir-les-talents-de-la-cybersecurite\/#primaryimage"},"image":{"@id":"https:\/\/acgcyberacademy.fr\/cyber-perspectives-2025-ensemble-nous-faisons-grandir-les-talents-de-la-cybersecurite\/#primaryimage"},"thumbnailUrl":"https:\/\/acgcyberacademy.fr\/wp-content\/uploads\/2025\/11\/ACGxGlobal-Knowladge-webinar-8-1.jpg","datePublished":"2025-11-03T14:10:00+00:00","dateModified":"2026-01-21T14:58:46+00:00","description":"Cyber Perspectives 2025 : au-del\u00e0 de l\u2019\u00e9v\u00e9nement, une dynamique commune. Deux parcours immersifs construit (#PASI & #DTISI), et les premi\u00e8res sessions ont d\u00e9j\u00e0 d\u00e9marr\u00e9 !","breadcrumb":{"@id":"https:\/\/acgcyberacademy.fr\/cyber-perspectives-2025-ensemble-nous-faisons-grandir-les-talents-de-la-cybersecurite\/#breadcrumb"},"inLanguage":"en-GB","potentialAction":[{"@type":"ReadAction","target":["https:\/\/acgcyberacademy.fr\/cyber-perspectives-2025-ensemble-nous-faisons-grandir-les-talents-de-la-cybersecurite\/"]}]},{"@type":"ImageObject","inLanguage":"en-GB","@id":"https:\/\/acgcyberacademy.fr\/cyber-perspectives-2025-ensemble-nous-faisons-grandir-les-talents-de-la-cybersecurite\/#primaryimage","url":"https:\/\/acgcyberacademy.fr\/wp-content\/uploads\/2025\/11\/ACGxGlobal-Knowladge-webinar-8-1.jpg","contentUrl":"https:\/\/acgcyberacademy.fr\/wp-content\/uploads\/2025\/11\/ACGxGlobal-Knowladge-webinar-8-1.jpg","width":1600,"height":900},{"@type":"BreadcrumbList","@id":"https:\/\/acgcyberacademy.fr\/cyber-perspectives-2025-ensemble-nous-faisons-grandir-les-talents-de-la-cybersecurite\/#breadcrumb","itemListElement":[{"@type":"ListItem","position":1,"name":"Accueil","item":"https:\/\/acgcyberacademy.fr\/"},{"@type":"ListItem","position":2,"name":"Cyber Perspectives 2025 : Ensemble, nous faisons grandir les talents de la cybers\u00e9curit\u00e9"}]},{"@type":"WebSite","@id":"https:\/\/acgcyberacademy.fr\/#website","url":"https:\/\/acgcyberacademy.fr\/","name":"ACG Cyber Academy","description":"","publisher":{"@id":"https:\/\/acgcyberacademy.fr\/#organization"},"potentialAction":[{"@type":"SearchAction","target":{"@type":"EntryPoint","urlTemplate":"https:\/\/acgcyberacademy.fr\/?s={search_term_string}"},"query-input":{"@type":"PropertyValueSpecification","valueRequired":true,"valueName":"search_term_string"}}],"inLanguage":"en-GB"},{"@type":"Organization","@id":"https:\/\/acgcyberacademy.fr\/#organization","name":"ACG Cyber Academy","url":"https:\/\/acgcyberacademy.fr\/","logo":{"@type":"ImageObject","inLanguage":"en-GB","@id":"https:\/\/acgcyberacademy.fr\/#\/schema\/logo\/image\/","url":"https:\/\/acgcyberacademy.fr\/wp-content\/uploads\/2025\/10\/Untitled-15-2.png","contentUrl":"https:\/\/acgcyberacademy.fr\/wp-content\/uploads\/2025\/10\/Untitled-15-2.png","width":1080,"height":1080,"caption":"ACG Cyber Academy"},"image":{"@id":"https:\/\/acgcyberacademy.fr\/#\/schema\/logo\/image\/"},"sameAs":["https:\/\/fr.linkedin.com\/company\/acg-cybersecurity"]}]}},"_links":{"self":[{"href":"https:\/\/acgcyberacademy.fr\/en\/wp-json\/wp\/v2\/pages\/21280","targetHints":{"allow":["GET"]}}],"collection":[{"href":"https:\/\/acgcyberacademy.fr\/en\/wp-json\/wp\/v2\/pages"}],"about":[{"href":"https:\/\/acgcyberacademy.fr\/en\/wp-json\/wp\/v2\/types\/page"}],"author":[{"embeddable":true,"href":"https:\/\/acgcyberacademy.fr\/en\/wp-json\/wp\/v2\/users\/5"}],"replies":[{"embeddable":true,"href":"https:\/\/acgcyberacademy.fr\/en\/wp-json\/wp\/v2\/comments?post=21280"}],"version-history":[{"count":41,"href":"https:\/\/acgcyberacademy.fr\/en\/wp-json\/wp\/v2\/pages\/21280\/revisions"}],"predecessor-version":[{"id":22285,"href":"https:\/\/acgcyberacademy.fr\/en\/wp-json\/wp\/v2\/pages\/21280\/revisions\/22285"}],"wp:featuredmedia":[{"embeddable":true,"href":"https:\/\/acgcyberacademy.fr\/en\/wp-json\/wp\/v2\/media\/21284"}],"wp:attachment":[{"href":"https:\/\/acgcyberacademy.fr\/en\/wp-json\/wp\/v2\/media?parent=21280"}],"curies":[{"name":"wp","href":"https:\/\/api.w.org\/{rel}","templated":true}]}}