{"id":23085,"date":"2026-04-09T12:28:19","date_gmt":"2026-04-09T10:28:19","guid":{"rendered":"https:\/\/acgcyberacademy.fr\/?page_id=23085"},"modified":"2026-04-09T15:42:20","modified_gmt":"2026-04-09T13:42:20","slug":"self-study","status":"publish","type":"page","link":"https:\/\/acgcyberacademy.fr\/en\/self-study\/","title":{"rendered":"Self study"},"content":{"rendered":"\t\t<div data-elementor-type=\"wp-page\" data-elementor-id=\"23085\" class=\"elementor elementor-23085\" data-elementor-post-type=\"page\">\n\t\t\t\t<div class=\"elementor-element elementor-element-7b94de0 e-flex e-con-boxed e-con e-parent\" data-id=\"7b94de0\" data-element_type=\"container\" data-e-type=\"container\" data-settings=\"{&quot;background_background&quot;:&quot;classic&quot;}\">\n\t\t\t\t\t<div class=\"e-con-inner\">\n\t\t\t\t<div class=\"elementor-element elementor-element-db6a743 elementor-widget elementor-widget-heading\" data-id=\"db6a743\" data-element_type=\"widget\" data-e-type=\"widget\" data-widget_type=\"heading.default\">\n\t\t\t\t<div class=\"elementor-widget-container\">\n\t\t\t\t\t<h2 class=\"elementor-heading-title elementor-size-default\">Apprenez en autonomie avec ACG CyberReady<\/h2>\t\t\t\t<\/div>\n\t\t\t\t<\/div>\n\t\t\t\t\t\t\t\t<p class=\"e-727d672-0a7d55a e-paragraph-base\" data-interaction-id=\"727d672\"  data-e-type=\"widget\" data-id=\"727d672\">\n\t\t\t\t\t\t\t\tVous accompagner vers l\u2019excellence en cybers\u00e9curit\u00e9\n\t\t\t\t\t<\/p>\n\t\t\t\t\t<\/div>\n\t\t\t\t<\/div>\n\t\t<div class=\"elementor-element elementor-element-4d13a29 e-con-full e-flex elementor-invisible e-con e-parent\" data-id=\"4d13a29\" data-element_type=\"container\" data-e-type=\"container\" data-settings=\"{&quot;background_background&quot;:&quot;classic&quot;,&quot;animation&quot;:&quot;fadeIn&quot;}\">\n\t\t<div class=\"elementor-element elementor-element-59673c8 e-con-full e-flex elementor-invisible e-con e-child\" data-id=\"59673c8\" data-element_type=\"container\" data-e-type=\"container\" data-settings=\"{&quot;animation&quot;:&quot;fadeIn&quot;}\">\n\t\t\t\t<div class=\"elementor-element elementor-element-a747a3f elementor-view-default elementor-widget elementor-widget-icon\" data-id=\"a747a3f\" data-element_type=\"widget\" data-e-type=\"widget\" data-widget_type=\"icon.default\">\n\t\t\t\t<div class=\"elementor-widget-container\">\n\t\t\t\t\t\t\t<div class=\"elementor-icon-wrapper\">\n\t\t\t<div class=\"elementor-icon\">\n\t\t\t<i aria-hidden=\"true\" class=\"fas fa-list-ul\"><\/i>\t\t\t<\/div>\n\t\t<\/div>\n\t\t\t\t\t\t<\/div>\n\t\t\t\t<\/div>\n\t\t\t\t\t\t\t\t<p class=\"e-38e689b-3065f12 e-paragraph-base\" data-interaction-id=\"38e689b\"  data-e-type=\"widget\" data-id=\"38e689b\">\n\t\t\t\t\t\t\t\t<strong id=\"e-mnri0jxr-5zzxf5x\">Choisissez une formation adapt\u00e9e \u00e0 vos objectifs<\/strong>\n\t\t\t\t\t<\/p>\n\t\t\t\t<\/div>\n\t\t<div class=\"elementor-element elementor-element-88b6157 e-con-full e-flex elementor-invisible e-con e-child\" data-id=\"88b6157\" data-element_type=\"container\" data-e-type=\"container\" data-settings=\"{&quot;animation&quot;:&quot;fadeIn&quot;,&quot;animation_delay&quot;:100}\">\n\t\t\t\t<div class=\"elementor-element elementor-element-e8c7164 elementor-view-default elementor-widget elementor-widget-icon\" data-id=\"e8c7164\" data-element_type=\"widget\" data-e-type=\"widget\" data-widget_type=\"icon.default\">\n\t\t\t\t<div class=\"elementor-widget-container\">\n\t\t\t\t\t\t\t<div class=\"elementor-icon-wrapper\">\n\t\t\t<div class=\"elementor-icon\">\n\t\t\t<i aria-hidden=\"true\" class=\"fas fa-location-arrow\"><\/i>\t\t\t<\/div>\n\t\t<\/div>\n\t\t\t\t\t\t<\/div>\n\t\t\t\t<\/div>\n\t\t\t\t\t\t\t\t<p class=\"e-c4f41e2-a347f77 e-paragraph-base\" data-interaction-id=\"c4f41e2\"  data-e-type=\"widget\" data-id=\"c4f41e2\">\n\t\t\t\t\t\t\t\t<strong id=\"e-mnri1k7b-tsz2lfh\">Acc\u00e9dez \u00e0 votre formation et \u00e9tudiez o\u00f9 vous voulez<\/strong>\n\t\t\t\t\t<\/p>\n\t\t\t\t<\/div>\n\t\t<div class=\"elementor-element elementor-element-15a5652 e-con-full e-flex e-con e-child\" data-id=\"15a5652\" data-element_type=\"container\" data-e-type=\"container\">\n\t\t\t\t<div class=\"elementor-element elementor-element-ce5d4df elementor-view-default elementor-widget elementor-widget-icon\" data-id=\"ce5d4df\" data-element_type=\"widget\" data-e-type=\"widget\" data-widget_type=\"icon.default\">\n\t\t\t\t<div class=\"elementor-widget-container\">\n\t\t\t\t\t\t\t<div class=\"elementor-icon-wrapper\">\n\t\t\t<div class=\"elementor-icon\">\n\t\t\t<i aria-hidden=\"true\" class=\"far fa-calendar-check\"><\/i>\t\t\t<\/div>\n\t\t<\/div>\n\t\t\t\t\t\t<\/div>\n\t\t\t\t<\/div>\n\t\t\t\t\t\t\t\t<p class=\"e-8cc0b51-421d0ca e-paragraph-base\" data-interaction-id=\"8cc0b51\"  data-e-type=\"widget\" data-id=\"8cc0b51\">\n\t\t\t\t\t\t\t\t<strong id=\"e-mnri2t4f-ge4ftvi\">Pr\u00e9parez-vous et entra\u00eenez-vous efficacement<\/strong>\n\t\t\t\t\t<\/p>\n\t\t\t\t<\/div>\n\t\t<div class=\"elementor-element elementor-element-946e197 e-con-full e-flex e-con e-child\" data-id=\"946e197\" data-element_type=\"container\" data-e-type=\"container\">\n\t\t\t\t<div class=\"elementor-element elementor-element-3b777fe elementor-view-default elementor-widget elementor-widget-icon\" data-id=\"3b777fe\" data-element_type=\"widget\" data-e-type=\"widget\" data-widget_type=\"icon.default\">\n\t\t\t\t<div class=\"elementor-widget-container\">\n\t\t\t\t\t\t\t<div class=\"elementor-icon-wrapper\">\n\t\t\t<div class=\"elementor-icon\">\n\t\t\t<i aria-hidden=\"true\" class=\"fas fa-laptop\"><\/i>\t\t\t<\/div>\n\t\t<\/div>\n\t\t\t\t\t\t<\/div>\n\t\t\t\t<\/div>\n\t\t\t\t\t\t\t\t<p class=\"e-51d665d-eb88997 e-paragraph-base\" data-interaction-id=\"51d665d\"  data-e-type=\"widget\" data-id=\"51d665d\">\n\t\t\t\t\t\t\t\t<strong>Passez votre examen en toute confiance<\/strong><br>\n\t\t\t\t\t<\/p>\n\t\t\t\t<\/div>\n\t\t<div class=\"elementor-element elementor-element-41b4851 e-con-full e-flex e-con e-child\" data-id=\"41b4851\" data-element_type=\"container\" data-e-type=\"container\">\n\t\t\t\t<div class=\"elementor-element elementor-element-339e82a elementor-view-default elementor-widget elementor-widget-icon\" data-id=\"339e82a\" data-element_type=\"widget\" data-e-type=\"widget\" data-widget_type=\"icon.default\">\n\t\t\t\t<div class=\"elementor-widget-container\">\n\t\t\t\t\t\t\t<div class=\"elementor-icon-wrapper\">\n\t\t\t<div class=\"elementor-icon\">\n\t\t\t<i aria-hidden=\"true\" class=\"fas fa-graduation-cap\"><\/i>\t\t\t<\/div>\n\t\t<\/div>\n\t\t\t\t\t\t<\/div>\n\t\t\t\t<\/div>\n\t\t\t\t\t\t\t\t<p class=\"e-7c0b3e2-205eb69 e-paragraph-base\" data-interaction-id=\"7c0b3e2\"  data-e-type=\"widget\" data-id=\"7c0b3e2\">\n\t\t\t\t\t\t\t\t<strong id=\"e-mnri5vk3-mfc1sbz\">Devenez certifi\u00e9 en cybers\u00e9curit\u00e9<\/strong>\n\t\t\t\t\t<\/p>\n\t\t\t\t<\/div>\n\t\t\t\t<\/div>\n\t\t<div class=\"elementor-element elementor-element-ad722fa e-con-full e-flex e-con e-parent\" data-id=\"ad722fa\" data-element_type=\"container\" data-e-type=\"container\">\n\t\t\t\t<div class=\"elementor-element elementor-element-f1a7c82 elementor-widget elementor-widget-spacer\" data-id=\"f1a7c82\" data-element_type=\"widget\" data-e-type=\"widget\" data-widget_type=\"spacer.default\">\n\t\t\t\t<div class=\"elementor-widget-container\">\n\t\t\t\t\t\t\t<div class=\"elementor-spacer\">\n\t\t\t<div class=\"elementor-spacer-inner\"><\/div>\n\t\t<\/div>\n\t\t\t\t\t\t<\/div>\n\t\t\t\t<\/div>\n\t\t\t\t<div class=\"elementor-element elementor-element-df3adbd elementor-invisible elementor-widget elementor-widget-heading\" data-id=\"df3adbd\" data-element_type=\"widget\" data-e-type=\"widget\" data-settings=\"{&quot;_animation&quot;:&quot;fadeInUp&quot;}\" data-widget_type=\"heading.default\">\n\t\t\t\t<div class=\"elementor-widget-container\">\n\t\t\t\t\t<h2 class=\"elementor-heading-title elementor-size-default\">Formez-vous \u00e0 votre rythme, o\u00f9 que vous soyez, en toute autonomie ...<\/h2>\t\t\t\t<\/div>\n\t\t\t\t<\/div>\n\t\t\t\t<\/div>\n\t\t<div class=\"elementor-element elementor-element-abdce58 e-con-full e-flex e-con e-parent\" data-id=\"abdce58\" data-element_type=\"container\" data-e-type=\"container\">\n\t\t<div class=\"elementor-element elementor-element-a29104f e-con-full e-flex e-con e-child\" data-id=\"a29104f\" data-element_type=\"container\" data-e-type=\"container\">\n\t\t\t\t<div class=\"elementor-element elementor-element-3106c7c elementor-grid-3 elementor-grid-tablet-2 elementor-grid-mobile-1 elementor-widget elementor-widget-loop-grid\" data-id=\"3106c7c\" data-element_type=\"widget\" data-e-type=\"widget\" data-settings=\"{&quot;template_id&quot;:23142,&quot;_skin&quot;:&quot;post&quot;,&quot;columns&quot;:&quot;3&quot;,&quot;columns_tablet&quot;:&quot;2&quot;,&quot;columns_mobile&quot;:&quot;1&quot;,&quot;edit_handle_selector&quot;:&quot;[data-elementor-type=\\&quot;loop-item\\&quot;]&quot;,&quot;row_gap&quot;:{&quot;unit&quot;:&quot;px&quot;,&quot;size&quot;:&quot;&quot;,&quot;sizes&quot;:[]},&quot;row_gap_tablet&quot;:{&quot;unit&quot;:&quot;px&quot;,&quot;size&quot;:&quot;&quot;,&quot;sizes&quot;:[]},&quot;row_gap_mobile&quot;:{&quot;unit&quot;:&quot;px&quot;,&quot;size&quot;:&quot;&quot;,&quot;sizes&quot;:[]}}\" data-widget_type=\"loop-grid.post\">\n\t\t\t\t<div class=\"elementor-widget-container\">\n\t\t\t\t\t\t\t<div class=\"e-loop-nothing-found-message\">\n\t\t<\/div>\n\t\t\t\t\t\t<\/div>\n\t\t\t\t<\/div>\n\t\t\t\t<\/div>\n\t\t<div class=\"elementor-element elementor-element-9ea8cd3 e-con-full e-flex e-con e-child\" data-id=\"9ea8cd3\" data-element_type=\"container\" data-e-type=\"container\">\n\t\t\t\t<\/div>\n\t\t\t\t<\/div>\n\t\t\t\t<\/div>\n\t\t","protected":false},"excerpt":{"rendered":"<p>Apprenez en autonomie avec ACG CyberReady Vous accompagner vers l\u2019excellence en cybers\u00e9curit\u00e9 Choisissez une formation adapt\u00e9e \u00e0 vos objectifs Acc\u00e9dez \u00e0 votre formation et \u00e9tudiez o\u00f9 vous voulez Pr\u00e9parez-vous et entra\u00eenez-vous efficacement Passez votre examen en toute confiance Devenez certifi\u00e9 en cybers\u00e9curit\u00e9 Formez-vous \u00e0 votre rythme, o\u00f9 que vous soyez, en toute autonomie &#8230;<\/p>","protected":false},"author":5,"featured_media":23089,"parent":0,"menu_order":0,"comment_status":"closed","ping_status":"closed","template":"","meta":{"_acf_changed":false,"_glsr_average":0,"_glsr_ranking":0,"_glsr_reviews":0,"footnotes":""},"class_list":["post-23085","page","type-page","status-publish","has-post-thumbnail","hentry"],"acf":[],"yoast_head":"<!-- This site is optimized with the Yoast SEO plugin v27.3 - https:\/\/yoast.com\/product\/yoast-seo-wordpress\/ -->\n<title>Self study -<\/title>\n<meta name=\"description\" content=\"Apprenez \u00e0 votre rythme avec nos modules Self Study. Acc\u00e9dez \u00e0 des contenus de cybers\u00e9curit\u00e9 de qualit\u00e9, con\u00e7us par des experts, et d\u00e9veloppez vos comp\u00e9tences gr\u00e2ce \u00e0 des exercices pratiques, des guides d\u00e9taill\u00e9s et des ressources interactives. Une exp\u00e9rience autonome, flexible et efficace pour progresser selon votre emploi du temps\" \/>\n<meta name=\"robots\" content=\"index, follow, max-snippet:-1, max-image-preview:large, max-video-preview:-1\" \/>\n<link rel=\"canonical\" href=\"https:\/\/acgcyberacademy.fr\/en\/self-study\/\" \/>\n<meta property=\"og:locale\" content=\"en_GB\" \/>\n<meta property=\"og:type\" content=\"article\" \/>\n<meta property=\"og:title\" content=\"Self study -\" \/>\n<meta property=\"og:description\" content=\"Apprenez \u00e0 votre rythme avec nos modules Self Study. Acc\u00e9dez \u00e0 des contenus de cybers\u00e9curit\u00e9 de qualit\u00e9, con\u00e7us par des experts, et d\u00e9veloppez vos comp\u00e9tences gr\u00e2ce \u00e0 des exercices pratiques, des guides d\u00e9taill\u00e9s et des ressources interactives. Une exp\u00e9rience autonome, flexible et efficace pour progresser selon votre emploi du temps\" \/>\n<meta property=\"og:url\" content=\"https:\/\/acgcyberacademy.fr\/en\/self-study\/\" \/>\n<meta property=\"og:site_name\" content=\"ACG CyberAcademy\" \/>\n<meta property=\"article:modified_time\" content=\"2026-04-09T13:42:20+00:00\" \/>\n<meta property=\"og:image\" content=\"https:\/\/acgcyberacademy.fr\/wp-content\/uploads\/2026\/04\/smart-man-studying-at-night-P3DMWXV-1024x622-1.webp\" \/>\n\t<meta property=\"og:image:width\" content=\"1024\" \/>\n\t<meta property=\"og:image:height\" content=\"622\" \/>\n\t<meta property=\"og:image:type\" content=\"image\/webp\" \/>\n<meta name=\"twitter:card\" content=\"summary_large_image\" \/>\n<meta name=\"twitter:label1\" content=\"Estimated reading time\" \/>\n\t<meta name=\"twitter:data1\" content=\"1 minute\" \/>\n<script type=\"application\/ld+json\" class=\"yoast-schema-graph\">{\"@context\":\"https:\\\/\\\/schema.org\",\"@graph\":[{\"@type\":\"WebPage\",\"@id\":\"https:\\\/\\\/acgcyberacademy.fr\\\/self-study\\\/\",\"url\":\"https:\\\/\\\/acgcyberacademy.fr\\\/self-study\\\/\",\"name\":\"Self study -\",\"isPartOf\":{\"@id\":\"https:\\\/\\\/acgcyberacademy.fr\\\/#website\"},\"primaryImageOfPage\":{\"@id\":\"https:\\\/\\\/acgcyberacademy.fr\\\/self-study\\\/#primaryimage\"},\"image\":{\"@id\":\"https:\\\/\\\/acgcyberacademy.fr\\\/self-study\\\/#primaryimage\"},\"thumbnailUrl\":\"https:\\\/\\\/acgcyberacademy.fr\\\/wp-content\\\/uploads\\\/2026\\\/04\\\/smart-man-studying-at-night-P3DMWXV-1024x622-1.webp\",\"datePublished\":\"2026-04-09T10:28:19+00:00\",\"dateModified\":\"2026-04-09T13:42:20+00:00\",\"description\":\"Apprenez \u00e0 votre rythme avec nos modules Self Study. Acc\u00e9dez \u00e0 des contenus de cybers\u00e9curit\u00e9 de qualit\u00e9, con\u00e7us par des experts, et d\u00e9veloppez vos comp\u00e9tences gr\u00e2ce \u00e0 des exercices pratiques, des guides d\u00e9taill\u00e9s et des ressources interactives. Une exp\u00e9rience autonome, flexible et efficace pour progresser selon votre emploi du temps\",\"breadcrumb\":{\"@id\":\"https:\\\/\\\/acgcyberacademy.fr\\\/self-study\\\/#breadcrumb\"},\"inLanguage\":\"en-GB\",\"potentialAction\":[{\"@type\":\"ReadAction\",\"target\":[\"https:\\\/\\\/acgcyberacademy.fr\\\/self-study\\\/\"]}]},{\"@type\":\"ImageObject\",\"inLanguage\":\"en-GB\",\"@id\":\"https:\\\/\\\/acgcyberacademy.fr\\\/self-study\\\/#primaryimage\",\"url\":\"https:\\\/\\\/acgcyberacademy.fr\\\/wp-content\\\/uploads\\\/2026\\\/04\\\/smart-man-studying-at-night-P3DMWXV-1024x622-1.webp\",\"contentUrl\":\"https:\\\/\\\/acgcyberacademy.fr\\\/wp-content\\\/uploads\\\/2026\\\/04\\\/smart-man-studying-at-night-P3DMWXV-1024x622-1.webp\",\"width\":1024,\"height\":622},{\"@type\":\"BreadcrumbList\",\"@id\":\"https:\\\/\\\/acgcyberacademy.fr\\\/self-study\\\/#breadcrumb\",\"itemListElement\":[{\"@type\":\"ListItem\",\"position\":1,\"name\":\"Accueil\",\"item\":\"https:\\\/\\\/acgcyberacademy.fr\\\/\"},{\"@type\":\"ListItem\",\"position\":2,\"name\":\"Self study\"}]},{\"@type\":\"WebSite\",\"@id\":\"https:\\\/\\\/acgcyberacademy.fr\\\/#website\",\"url\":\"https:\\\/\\\/acgcyberacademy.fr\\\/\",\"name\":\"ACG Cyber Academy\",\"description\":\"\",\"publisher\":{\"@id\":\"https:\\\/\\\/acgcyberacademy.fr\\\/#organization\"},\"potentialAction\":[{\"@type\":\"SearchAction\",\"target\":{\"@type\":\"EntryPoint\",\"urlTemplate\":\"https:\\\/\\\/acgcyberacademy.fr\\\/?s={search_term_string}\"},\"query-input\":{\"@type\":\"PropertyValueSpecification\",\"valueRequired\":true,\"valueName\":\"search_term_string\"}}],\"inLanguage\":\"en-GB\"},{\"@type\":\"Organization\",\"@id\":\"https:\\\/\\\/acgcyberacademy.fr\\\/#organization\",\"name\":\"ACG Cyber Academy\",\"url\":\"https:\\\/\\\/acgcyberacademy.fr\\\/\",\"logo\":{\"@type\":\"ImageObject\",\"inLanguage\":\"en-GB\",\"@id\":\"https:\\\/\\\/acgcyberacademy.fr\\\/#\\\/schema\\\/logo\\\/image\\\/\",\"url\":\"https:\\\/\\\/acgcyberacademy.fr\\\/wp-content\\\/uploads\\\/2025\\\/10\\\/Untitled-15-2.png\",\"contentUrl\":\"https:\\\/\\\/acgcyberacademy.fr\\\/wp-content\\\/uploads\\\/2025\\\/10\\\/Untitled-15-2.png\",\"width\":1080,\"height\":1080,\"caption\":\"ACG Cyber Academy\"},\"image\":{\"@id\":\"https:\\\/\\\/acgcyberacademy.fr\\\/#\\\/schema\\\/logo\\\/image\\\/\"},\"sameAs\":[\"https:\\\/\\\/fr.linkedin.com\\\/company\\\/acg-cybersecurity\"]}]}<\/script>\n<!-- \/ Yoast SEO plugin. -->","yoast_head_json":{"title":"Self study -","description":"Apprenez \u00e0 votre rythme avec nos modules Self Study. Acc\u00e9dez \u00e0 des contenus de cybers\u00e9curit\u00e9 de qualit\u00e9, con\u00e7us par des experts, et d\u00e9veloppez vos comp\u00e9tences gr\u00e2ce \u00e0 des exercices pratiques, des guides d\u00e9taill\u00e9s et des ressources interactives. Une exp\u00e9rience autonome, flexible et efficace pour progresser selon votre emploi du temps","robots":{"index":"index","follow":"follow","max-snippet":"max-snippet:-1","max-image-preview":"max-image-preview:large","max-video-preview":"max-video-preview:-1"},"canonical":"https:\/\/acgcyberacademy.fr\/en\/self-study\/","og_locale":"en_GB","og_type":"article","og_title":"Self study -","og_description":"Apprenez \u00e0 votre rythme avec nos modules Self Study. Acc\u00e9dez \u00e0 des contenus de cybers\u00e9curit\u00e9 de qualit\u00e9, con\u00e7us par des experts, et d\u00e9veloppez vos comp\u00e9tences gr\u00e2ce \u00e0 des exercices pratiques, des guides d\u00e9taill\u00e9s et des ressources interactives. Une exp\u00e9rience autonome, flexible et efficace pour progresser selon votre emploi du temps","og_url":"https:\/\/acgcyberacademy.fr\/en\/self-study\/","og_site_name":"ACG CyberAcademy","article_modified_time":"2026-04-09T13:42:20+00:00","og_image":[{"width":1024,"height":622,"url":"https:\/\/acgcyberacademy.fr\/wp-content\/uploads\/2026\/04\/smart-man-studying-at-night-P3DMWXV-1024x622-1.webp","type":"image\/webp"}],"twitter_card":"summary_large_image","twitter_misc":{"Estimated reading time":"1 minute"},"schema":{"@context":"https:\/\/schema.org","@graph":[{"@type":"WebPage","@id":"https:\/\/acgcyberacademy.fr\/self-study\/","url":"https:\/\/acgcyberacademy.fr\/self-study\/","name":"Self study -","isPartOf":{"@id":"https:\/\/acgcyberacademy.fr\/#website"},"primaryImageOfPage":{"@id":"https:\/\/acgcyberacademy.fr\/self-study\/#primaryimage"},"image":{"@id":"https:\/\/acgcyberacademy.fr\/self-study\/#primaryimage"},"thumbnailUrl":"https:\/\/acgcyberacademy.fr\/wp-content\/uploads\/2026\/04\/smart-man-studying-at-night-P3DMWXV-1024x622-1.webp","datePublished":"2026-04-09T10:28:19+00:00","dateModified":"2026-04-09T13:42:20+00:00","description":"Apprenez \u00e0 votre rythme avec nos modules Self Study. Acc\u00e9dez \u00e0 des contenus de cybers\u00e9curit\u00e9 de qualit\u00e9, con\u00e7us par des experts, et d\u00e9veloppez vos comp\u00e9tences gr\u00e2ce \u00e0 des exercices pratiques, des guides d\u00e9taill\u00e9s et des ressources interactives. Une exp\u00e9rience autonome, flexible et efficace pour progresser selon votre emploi du temps","breadcrumb":{"@id":"https:\/\/acgcyberacademy.fr\/self-study\/#breadcrumb"},"inLanguage":"en-GB","potentialAction":[{"@type":"ReadAction","target":["https:\/\/acgcyberacademy.fr\/self-study\/"]}]},{"@type":"ImageObject","inLanguage":"en-GB","@id":"https:\/\/acgcyberacademy.fr\/self-study\/#primaryimage","url":"https:\/\/acgcyberacademy.fr\/wp-content\/uploads\/2026\/04\/smart-man-studying-at-night-P3DMWXV-1024x622-1.webp","contentUrl":"https:\/\/acgcyberacademy.fr\/wp-content\/uploads\/2026\/04\/smart-man-studying-at-night-P3DMWXV-1024x622-1.webp","width":1024,"height":622},{"@type":"BreadcrumbList","@id":"https:\/\/acgcyberacademy.fr\/self-study\/#breadcrumb","itemListElement":[{"@type":"ListItem","position":1,"name":"Accueil","item":"https:\/\/acgcyberacademy.fr\/"},{"@type":"ListItem","position":2,"name":"Self study"}]},{"@type":"WebSite","@id":"https:\/\/acgcyberacademy.fr\/#website","url":"https:\/\/acgcyberacademy.fr\/","name":"ACG Cyber Academy","description":"","publisher":{"@id":"https:\/\/acgcyberacademy.fr\/#organization"},"potentialAction":[{"@type":"SearchAction","target":{"@type":"EntryPoint","urlTemplate":"https:\/\/acgcyberacademy.fr\/?s={search_term_string}"},"query-input":{"@type":"PropertyValueSpecification","valueRequired":true,"valueName":"search_term_string"}}],"inLanguage":"en-GB"},{"@type":"Organization","@id":"https:\/\/acgcyberacademy.fr\/#organization","name":"ACG Cyber Academy","url":"https:\/\/acgcyberacademy.fr\/","logo":{"@type":"ImageObject","inLanguage":"en-GB","@id":"https:\/\/acgcyberacademy.fr\/#\/schema\/logo\/image\/","url":"https:\/\/acgcyberacademy.fr\/wp-content\/uploads\/2025\/10\/Untitled-15-2.png","contentUrl":"https:\/\/acgcyberacademy.fr\/wp-content\/uploads\/2025\/10\/Untitled-15-2.png","width":1080,"height":1080,"caption":"ACG Cyber Academy"},"image":{"@id":"https:\/\/acgcyberacademy.fr\/#\/schema\/logo\/image\/"},"sameAs":["https:\/\/fr.linkedin.com\/company\/acg-cybersecurity"]}]}},"_links":{"self":[{"href":"https:\/\/acgcyberacademy.fr\/en\/wp-json\/wp\/v2\/pages\/23085","targetHints":{"allow":["GET"]}}],"collection":[{"href":"https:\/\/acgcyberacademy.fr\/en\/wp-json\/wp\/v2\/pages"}],"about":[{"href":"https:\/\/acgcyberacademy.fr\/en\/wp-json\/wp\/v2\/types\/page"}],"author":[{"embeddable":true,"href":"https:\/\/acgcyberacademy.fr\/en\/wp-json\/wp\/v2\/users\/5"}],"replies":[{"embeddable":true,"href":"https:\/\/acgcyberacademy.fr\/en\/wp-json\/wp\/v2\/comments?post=23085"}],"version-history":[{"count":11,"href":"https:\/\/acgcyberacademy.fr\/en\/wp-json\/wp\/v2\/pages\/23085\/revisions"}],"predecessor-version":[{"id":23166,"href":"https:\/\/acgcyberacademy.fr\/en\/wp-json\/wp\/v2\/pages\/23085\/revisions\/23166"}],"wp:featuredmedia":[{"embeddable":true,"href":"https:\/\/acgcyberacademy.fr\/en\/wp-json\/wp\/v2\/media\/23089"}],"wp:attachment":[{"href":"https:\/\/acgcyberacademy.fr\/en\/wp-json\/wp\/v2\/media?parent=23085"}],"curies":[{"name":"wp","href":"https:\/\/api.w.org\/{rel}","templated":true}]}}